{"id":40720,"date":"2021-01-21T15:50:12","date_gmt":"2021-01-21T14:50:12","guid":{"rendered":"http:\/\/le-grenier.org\/?post_type=product&#038;p=40720"},"modified":"2022-01-13T14:10:36","modified_gmt":"2022-01-13T13:10:36","slug":"fauteuil-bordeaux","status":"publish","type":"product","link":"https:\/\/le-grenier.org\/index.php\/produit\/fauteuil-bordeaux\/","title":{"rendered":"Fauteuil bordeaux"},"content":{"rendered":"","protected":false},"excerpt":{"rendered":"<p>Similicuir bordeaux<br \/>\nClous de tapissiers effet vieilli<br \/>\nDeux accoudoirs pour un meilleur confort<br \/>\nStructure en m\u00e9tal chrom\u00e9 pr\u00e9sentant quelques points de rouille l\u00e9g\u00e8re<br \/>\nPatins neufs<\/p>\n<p>Retrait en boutique gratuit<br \/>\nLivraison 0,55\u20ac du km au d\u00e9part d\u2019Amiens<\/p>\n","protected":false},"featured_media":40783,"template":"","meta":{"ngg_post_thumbnail":0},"product_cat":[24],"product_tag":[],"yoast_head":"<!-- This site is optimized with the Yoast SEO plugin v17.9 - https:\/\/yoast.com\/wordpress\/plugins\/seo\/ -->\n<title>Fauteuil bordeaux - Le Grenier - brocante et am\u00e9nagement<\/title>\n<meta name=\"robots\" content=\"index, follow, max-snippet:-1, max-image-preview:large, max-video-preview:-1\" \/>\n<link rel=\"canonical\" href=\"https:\/\/le-grenier.org\/index.php\/produit\/fauteuil-bordeaux\/\" \/>\n<meta property=\"og:locale\" content=\"fr_FR\" \/>\n<meta property=\"og:type\" content=\"article\" \/>\n<meta property=\"og:title\" content=\"Fauteuil bordeaux - Le Grenier - brocante et am\u00e9nagement\" \/>\n<meta property=\"og:description\" content=\"Similicuir bordeaux Clous de tapissiers effet vieilli Deux accoudoirs pour un meilleur confort Structure en m\u00e9tal chrom\u00e9 pr\u00e9sentant quelques points de rouille l\u00e9g\u00e8re Patins neufs  Retrait en boutique gratuit Livraison 0,55\u20ac du km au d\u00e9part d\u2019Amiens\" \/>\n<meta property=\"og:url\" content=\"https:\/\/le-grenier.org\/index.php\/produit\/fauteuil-bordeaux\/\" \/>\n<meta property=\"og:site_name\" content=\"Le Grenier - brocante et am\u00e9nagement\" \/>\n<meta property=\"article:modified_time\" content=\"2022-01-13T13:10:36+00:00\" \/>\n<meta property=\"og:image\" content=\"http:\/\/le-grenier.org\/wp-content\/uploads\/2021\/01\/5C70D8E3-3DBA-428D-A8DB-32FC4476C86F.jpeg\" \/>\n\t<meta property=\"og:image:width\" content=\"1334\" \/>\n\t<meta property=\"og:image:height\" content=\"1410\" \/>\n\t<meta property=\"og:image:type\" content=\"image\/jpeg\" \/>\n<meta name=\"twitter:card\" content=\"summary_large_image\" \/>\n<script type=\"application\/ld+json\" class=\"yoast-schema-graph\">{\"@context\":\"https:\/\/schema.org\",\"@graph\":[{\"@type\":\"WebSite\",\"@id\":\"https:\/\/le-grenier.org\/#website\",\"url\":\"https:\/\/le-grenier.org\/\",\"name\":\"Le Grenier - brocante et am\\u00e9nagement\",\"description\":\"\",\"potentialAction\":[{\"@type\":\"SearchAction\",\"target\":{\"@type\":\"EntryPoint\",\"urlTemplate\":\"https:\/\/le-grenier.org\/?s={search_term_string}\"},\"query-input\":\"required name=search_term_string\"}],\"inLanguage\":\"fr-FR\"},{\"@type\":\"ImageObject\",\"@id\":\"https:\/\/le-grenier.org\/index.php\/produit\/fauteuil-bordeaux\/#primaryimage\",\"inLanguage\":\"fr-FR\",\"url\":\"https:\/\/le-grenier.org\/wp-content\/uploads\/2021\/01\/5C70D8E3-3DBA-428D-A8DB-32FC4476C86F.jpeg\",\"contentUrl\":\"https:\/\/le-grenier.org\/wp-content\/uploads\/2021\/01\/5C70D8E3-3DBA-428D-A8DB-32FC4476C86F.jpeg\",\"width\":1334,\"height\":1410},{\"@type\":\"WebPage\",\"@id\":\"https:\/\/le-grenier.org\/index.php\/produit\/fauteuil-bordeaux\/#webpage\",\"url\":\"https:\/\/le-grenier.org\/index.php\/produit\/fauteuil-bordeaux\/\",\"name\":\"Fauteuil bordeaux - Le Grenier - brocante et am\\u00e9nagement\",\"isPartOf\":{\"@id\":\"https:\/\/le-grenier.org\/#website\"},\"primaryImageOfPage\":{\"@id\":\"https:\/\/le-grenier.org\/index.php\/produit\/fauteuil-bordeaux\/#primaryimage\"},\"datePublished\":\"2021-01-21T14:50:12+00:00\",\"dateModified\":\"2022-01-13T13:10:36+00:00\",\"breadcrumb\":{\"@id\":\"https:\/\/le-grenier.org\/index.php\/produit\/fauteuil-bordeaux\/#breadcrumb\"},\"inLanguage\":\"fr-FR\",\"potentialAction\":[{\"@type\":\"ReadAction\",\"target\":[\"https:\/\/le-grenier.org\/index.php\/produit\/fauteuil-bordeaux\/\"]}]},{\"@type\":\"BreadcrumbList\",\"@id\":\"https:\/\/le-grenier.org\/index.php\/produit\/fauteuil-bordeaux\/#breadcrumb\",\"itemListElement\":[{\"@type\":\"ListItem\",\"position\":1,\"name\":\"Accueil\",\"item\":\"https:\/\/le-grenier.org\/\"},{\"@type\":\"ListItem\",\"position\":2,\"name\":\"Boutique en ligne\",\"item\":\"https:\/\/le-grenier.org\/\"},{\"@type\":\"ListItem\",\"position\":3,\"name\":\"Fauteuil bordeaux\"}]}]}<\/script>\n<!-- \/ Yoast SEO plugin. -->","yoast_head_json":{"title":"Fauteuil bordeaux - Le Grenier - brocante et am\u00e9nagement","robots":{"index":"index","follow":"follow","max-snippet":"max-snippet:-1","max-image-preview":"max-image-preview:large","max-video-preview":"max-video-preview:-1"},"canonical":"https:\/\/le-grenier.org\/index.php\/produit\/fauteuil-bordeaux\/","og_locale":"fr_FR","og_type":"article","og_title":"Fauteuil bordeaux - Le Grenier - brocante et am\u00e9nagement","og_description":"Similicuir bordeaux Clous de tapissiers effet vieilli Deux accoudoirs pour un meilleur confort Structure en m\u00e9tal chrom\u00e9 pr\u00e9sentant quelques points de rouille l\u00e9g\u00e8re Patins neufs  Retrait en boutique gratuit Livraison 0,55\u20ac du km au d\u00e9part d\u2019Amiens","og_url":"https:\/\/le-grenier.org\/index.php\/produit\/fauteuil-bordeaux\/","og_site_name":"Le Grenier - brocante et am\u00e9nagement","article_modified_time":"2022-01-13T13:10:36+00:00","og_image":[{"width":1334,"height":1410,"url":"http:\/\/le-grenier.org\/wp-content\/uploads\/2021\/01\/5C70D8E3-3DBA-428D-A8DB-32FC4476C86F.jpeg","type":"image\/jpeg"}],"twitter_card":"summary_large_image","schema":{"@context":"https:\/\/schema.org","@graph":[{"@type":"WebSite","@id":"https:\/\/le-grenier.org\/#website","url":"https:\/\/le-grenier.org\/","name":"Le Grenier - brocante et am\u00e9nagement","description":"","potentialAction":[{"@type":"SearchAction","target":{"@type":"EntryPoint","urlTemplate":"https:\/\/le-grenier.org\/?s={search_term_string}"},"query-input":"required name=search_term_string"}],"inLanguage":"fr-FR"},{"@type":"ImageObject","@id":"https:\/\/le-grenier.org\/index.php\/produit\/fauteuil-bordeaux\/#primaryimage","inLanguage":"fr-FR","url":"https:\/\/le-grenier.org\/wp-content\/uploads\/2021\/01\/5C70D8E3-3DBA-428D-A8DB-32FC4476C86F.jpeg","contentUrl":"https:\/\/le-grenier.org\/wp-content\/uploads\/2021\/01\/5C70D8E3-3DBA-428D-A8DB-32FC4476C86F.jpeg","width":1334,"height":1410},{"@type":"WebPage","@id":"https:\/\/le-grenier.org\/index.php\/produit\/fauteuil-bordeaux\/#webpage","url":"https:\/\/le-grenier.org\/index.php\/produit\/fauteuil-bordeaux\/","name":"Fauteuil bordeaux - Le Grenier - brocante et am\u00e9nagement","isPartOf":{"@id":"https:\/\/le-grenier.org\/#website"},"primaryImageOfPage":{"@id":"https:\/\/le-grenier.org\/index.php\/produit\/fauteuil-bordeaux\/#primaryimage"},"datePublished":"2021-01-21T14:50:12+00:00","dateModified":"2022-01-13T13:10:36+00:00","breadcrumb":{"@id":"https:\/\/le-grenier.org\/index.php\/produit\/fauteuil-bordeaux\/#breadcrumb"},"inLanguage":"fr-FR","potentialAction":[{"@type":"ReadAction","target":["https:\/\/le-grenier.org\/index.php\/produit\/fauteuil-bordeaux\/"]}]},{"@type":"BreadcrumbList","@id":"https:\/\/le-grenier.org\/index.php\/produit\/fauteuil-bordeaux\/#breadcrumb","itemListElement":[{"@type":"ListItem","position":1,"name":"Accueil","item":"https:\/\/le-grenier.org\/"},{"@type":"ListItem","position":2,"name":"Boutique en ligne","item":"https:\/\/le-grenier.org\/"},{"@type":"ListItem","position":3,"name":"Fauteuil bordeaux"}]}]}},"_links":{"self":[{"href":"https:\/\/le-grenier.org\/index.php\/wp-json\/wp\/v2\/product\/40720"}],"collection":[{"href":"https:\/\/le-grenier.org\/index.php\/wp-json\/wp\/v2\/product"}],"about":[{"href":"https:\/\/le-grenier.org\/index.php\/wp-json\/wp\/v2\/types\/product"}],"wp:featuredmedia":[{"embeddable":true,"href":"https:\/\/le-grenier.org\/index.php\/wp-json\/wp\/v2\/media\/40783"}],"wp:attachment":[{"href":"https:\/\/le-grenier.org\/index.php\/wp-json\/wp\/v2\/media?parent=40720"}],"wp:term":[{"taxonomy":"product_cat","embeddable":true,"href":"https:\/\/le-grenier.org\/index.php\/wp-json\/wp\/v2\/product_cat?post=40720"},{"taxonomy":"product_tag","embeddable":true,"href":"https:\/\/le-grenier.org\/index.php\/wp-json\/wp\/v2\/product_tag?post=40720"}],"curies":[{"name":"wp","href":"https:\/\/api.w.org\/{rel}","templated":true}]}}