{"id":42465,"date":"2021-03-17T12:06:01","date_gmt":"2021-03-17T11:06:01","guid":{"rendered":"http:\/\/le-grenier.org\/?post_type=product&#038;p=42465"},"modified":"2025-11-28T17:41:53","modified_gmt":"2025-11-28T16:41:53","slug":"service-a-liqueur","status":"publish","type":"product","link":"https:\/\/le-grenier.org\/index.php\/produit\/service-a-liqueur\/","title":{"rendered":"Service \u00e0 liqueur"},"content":{"rendered":"","protected":false},"excerpt":{"rendered":"<p>Sublime service \u00e0 liqueur des ann\u00e9es 50\/60 en excellent \u00e9tat.<br \/>\n???? Un beau cadeau non ?<\/p>\n<p>En verre souffl\u00e9 peint \u00e0 la main.<br \/>\nMarqu\u00e9 4 au dessous.<br \/>\nQuelques bulles dans le verre qui marquent son authenticit\u00e9<br \/>\n\u2014-<br \/>\nCarafe avec bouchon + 8 verres \u00e0 liqueur assortis<br \/>\nmotifs g\u00e9om\u00e9triques blancs, bleu, jaune, vert et rouge.<\/p>\n<p>Dimensions de la carafe : hauteur totale avec bouchon 18 cm ; diam\u00e8tre du fond 6 cm.<\/p>\n<p>Verres : hauteur 5 cm ; diam\u00e8tre du col 4 cm.<\/p>\n<p>\u2014-<\/p>\n<p>???? Exp\u00e9dition rapide et soign\u00e9e<br \/>\nColissimo ou Mondial Relay<br \/>\n???? Retrait gratuit en boutique (Amiens)<\/p>\n","protected":false},"featured_media":42514,"template":"","meta":{"ngg_post_thumbnail":0},"product_cat":[38,46],"product_tag":[],"yoast_head":"<!-- This site is optimized with the Yoast SEO plugin v17.9 - https:\/\/yoast.com\/wordpress\/plugins\/seo\/ -->\n<title>Service \u00e0 liqueur - Le Grenier - brocante et am\u00e9nagement<\/title>\n<meta name=\"robots\" content=\"index, follow, max-snippet:-1, max-image-preview:large, max-video-preview:-1\" \/>\n<link rel=\"canonical\" href=\"https:\/\/le-grenier.org\/index.php\/produit\/service-a-liqueur\/\" \/>\n<meta property=\"og:locale\" content=\"fr_FR\" \/>\n<meta property=\"og:type\" content=\"article\" \/>\n<meta property=\"og:title\" content=\"Service \u00e0 liqueur - Le Grenier - brocante et am\u00e9nagement\" \/>\n<meta property=\"og:description\" content=\"Sublime service \u00e0 liqueur des ann\u00e9es 50\/60 en excellent \u00e9tat. ???? Un beau cadeau non ?  En verre souffl\u00e9 peint \u00e0 la main. Marqu\u00e9 4 au dessous. Quelques bulles dans le verre qui marquent son authenticit\u00e9 \u2014- Carafe avec bouchon + 8 verres \u00e0 liqueur assortis motifs g\u00e9om\u00e9triques blancs, bleu, jaune, vert et rouge.  Dimensions de la carafe : hauteur totale avec bouchon 18 cm ; diam\u00e8tre du fond 6 cm.  Verres : hauteur 5 cm ; diam\u00e8tre du col 4 cm.  \u2014-  ???? Exp\u00e9dition rapide et soign\u00e9e Colissimo ou Mondial Relay ???? Retrait gratuit en boutique (Amiens)\" \/>\n<meta property=\"og:url\" content=\"https:\/\/le-grenier.org\/index.php\/produit\/service-a-liqueur\/\" \/>\n<meta property=\"og:site_name\" content=\"Le Grenier - brocante et am\u00e9nagement\" \/>\n<meta property=\"article:modified_time\" content=\"2025-11-28T16:41:53+00:00\" \/>\n<meta property=\"og:image\" content=\"http:\/\/le-grenier.org\/wp-content\/uploads\/2021\/03\/14AAAF7C-4131-43FC-9765-A77F5CBA0B12.jpeg\" \/>\n\t<meta property=\"og:image:width\" content=\"1408\" \/>\n\t<meta property=\"og:image:height\" content=\"1415\" \/>\n\t<meta property=\"og:image:type\" content=\"image\/jpeg\" \/>\n<meta name=\"twitter:card\" content=\"summary_large_image\" \/>\n<script type=\"application\/ld+json\" class=\"yoast-schema-graph\">{\"@context\":\"https:\/\/schema.org\",\"@graph\":[{\"@type\":\"WebSite\",\"@id\":\"https:\/\/le-grenier.org\/#website\",\"url\":\"https:\/\/le-grenier.org\/\",\"name\":\"Le Grenier - brocante et am\\u00e9nagement\",\"description\":\"\",\"potentialAction\":[{\"@type\":\"SearchAction\",\"target\":{\"@type\":\"EntryPoint\",\"urlTemplate\":\"https:\/\/le-grenier.org\/?s={search_term_string}\"},\"query-input\":\"required name=search_term_string\"}],\"inLanguage\":\"fr-FR\"},{\"@type\":\"ImageObject\",\"@id\":\"https:\/\/le-grenier.org\/index.php\/produit\/service-a-liqueur\/#primaryimage\",\"inLanguage\":\"fr-FR\",\"url\":\"https:\/\/le-grenier.org\/wp-content\/uploads\/2021\/03\/14AAAF7C-4131-43FC-9765-A77F5CBA0B12.jpeg\",\"contentUrl\":\"https:\/\/le-grenier.org\/wp-content\/uploads\/2021\/03\/14AAAF7C-4131-43FC-9765-A77F5CBA0B12.jpeg\",\"width\":1408,\"height\":1415},{\"@type\":\"WebPage\",\"@id\":\"https:\/\/le-grenier.org\/index.php\/produit\/service-a-liqueur\/#webpage\",\"url\":\"https:\/\/le-grenier.org\/index.php\/produit\/service-a-liqueur\/\",\"name\":\"Service \\u00e0 liqueur - Le Grenier - brocante et am\\u00e9nagement\",\"isPartOf\":{\"@id\":\"https:\/\/le-grenier.org\/#website\"},\"primaryImageOfPage\":{\"@id\":\"https:\/\/le-grenier.org\/index.php\/produit\/service-a-liqueur\/#primaryimage\"},\"datePublished\":\"2021-03-17T11:06:01+00:00\",\"dateModified\":\"2025-11-28T16:41:53+00:00\",\"breadcrumb\":{\"@id\":\"https:\/\/le-grenier.org\/index.php\/produit\/service-a-liqueur\/#breadcrumb\"},\"inLanguage\":\"fr-FR\",\"potentialAction\":[{\"@type\":\"ReadAction\",\"target\":[\"https:\/\/le-grenier.org\/index.php\/produit\/service-a-liqueur\/\"]}]},{\"@type\":\"BreadcrumbList\",\"@id\":\"https:\/\/le-grenier.org\/index.php\/produit\/service-a-liqueur\/#breadcrumb\",\"itemListElement\":[{\"@type\":\"ListItem\",\"position\":1,\"name\":\"Accueil\",\"item\":\"https:\/\/le-grenier.org\/\"},{\"@type\":\"ListItem\",\"position\":2,\"name\":\"Boutique en ligne\",\"item\":\"https:\/\/le-grenier.org\/\"},{\"@type\":\"ListItem\",\"position\":3,\"name\":\"Service \\u00e0 liqueur\"}]}]}<\/script>\n<!-- \/ Yoast SEO plugin. -->","yoast_head_json":{"title":"Service \u00e0 liqueur - Le Grenier - brocante et am\u00e9nagement","robots":{"index":"index","follow":"follow","max-snippet":"max-snippet:-1","max-image-preview":"max-image-preview:large","max-video-preview":"max-video-preview:-1"},"canonical":"https:\/\/le-grenier.org\/index.php\/produit\/service-a-liqueur\/","og_locale":"fr_FR","og_type":"article","og_title":"Service \u00e0 liqueur - Le Grenier - brocante et am\u00e9nagement","og_description":"Sublime service \u00e0 liqueur des ann\u00e9es 50\/60 en excellent \u00e9tat. ???? Un beau cadeau non ?  En verre souffl\u00e9 peint \u00e0 la main. Marqu\u00e9 4 au dessous. Quelques bulles dans le verre qui marquent son authenticit\u00e9 \u2014- Carafe avec bouchon + 8 verres \u00e0 liqueur assortis motifs g\u00e9om\u00e9triques blancs, bleu, jaune, vert et rouge.  Dimensions de la carafe : hauteur totale avec bouchon 18 cm ; diam\u00e8tre du fond 6 cm.  Verres : hauteur 5 cm ; diam\u00e8tre du col 4 cm.  \u2014-  ???? Exp\u00e9dition rapide et soign\u00e9e Colissimo ou Mondial Relay ???? Retrait gratuit en boutique (Amiens)","og_url":"https:\/\/le-grenier.org\/index.php\/produit\/service-a-liqueur\/","og_site_name":"Le Grenier - brocante et am\u00e9nagement","article_modified_time":"2025-11-28T16:41:53+00:00","og_image":[{"width":1408,"height":1415,"url":"http:\/\/le-grenier.org\/wp-content\/uploads\/2021\/03\/14AAAF7C-4131-43FC-9765-A77F5CBA0B12.jpeg","type":"image\/jpeg"}],"twitter_card":"summary_large_image","schema":{"@context":"https:\/\/schema.org","@graph":[{"@type":"WebSite","@id":"https:\/\/le-grenier.org\/#website","url":"https:\/\/le-grenier.org\/","name":"Le Grenier - brocante et am\u00e9nagement","description":"","potentialAction":[{"@type":"SearchAction","target":{"@type":"EntryPoint","urlTemplate":"https:\/\/le-grenier.org\/?s={search_term_string}"},"query-input":"required name=search_term_string"}],"inLanguage":"fr-FR"},{"@type":"ImageObject","@id":"https:\/\/le-grenier.org\/index.php\/produit\/service-a-liqueur\/#primaryimage","inLanguage":"fr-FR","url":"https:\/\/le-grenier.org\/wp-content\/uploads\/2021\/03\/14AAAF7C-4131-43FC-9765-A77F5CBA0B12.jpeg","contentUrl":"https:\/\/le-grenier.org\/wp-content\/uploads\/2021\/03\/14AAAF7C-4131-43FC-9765-A77F5CBA0B12.jpeg","width":1408,"height":1415},{"@type":"WebPage","@id":"https:\/\/le-grenier.org\/index.php\/produit\/service-a-liqueur\/#webpage","url":"https:\/\/le-grenier.org\/index.php\/produit\/service-a-liqueur\/","name":"Service \u00e0 liqueur - Le Grenier - brocante et am\u00e9nagement","isPartOf":{"@id":"https:\/\/le-grenier.org\/#website"},"primaryImageOfPage":{"@id":"https:\/\/le-grenier.org\/index.php\/produit\/service-a-liqueur\/#primaryimage"},"datePublished":"2021-03-17T11:06:01+00:00","dateModified":"2025-11-28T16:41:53+00:00","breadcrumb":{"@id":"https:\/\/le-grenier.org\/index.php\/produit\/service-a-liqueur\/#breadcrumb"},"inLanguage":"fr-FR","potentialAction":[{"@type":"ReadAction","target":["https:\/\/le-grenier.org\/index.php\/produit\/service-a-liqueur\/"]}]},{"@type":"BreadcrumbList","@id":"https:\/\/le-grenier.org\/index.php\/produit\/service-a-liqueur\/#breadcrumb","itemListElement":[{"@type":"ListItem","position":1,"name":"Accueil","item":"https:\/\/le-grenier.org\/"},{"@type":"ListItem","position":2,"name":"Boutique en ligne","item":"https:\/\/le-grenier.org\/"},{"@type":"ListItem","position":3,"name":"Service \u00e0 liqueur"}]}]}},"_links":{"self":[{"href":"https:\/\/le-grenier.org\/index.php\/wp-json\/wp\/v2\/product\/42465"}],"collection":[{"href":"https:\/\/le-grenier.org\/index.php\/wp-json\/wp\/v2\/product"}],"about":[{"href":"https:\/\/le-grenier.org\/index.php\/wp-json\/wp\/v2\/types\/product"}],"wp:featuredmedia":[{"embeddable":true,"href":"https:\/\/le-grenier.org\/index.php\/wp-json\/wp\/v2\/media\/42514"}],"wp:attachment":[{"href":"https:\/\/le-grenier.org\/index.php\/wp-json\/wp\/v2\/media?parent=42465"}],"wp:term":[{"taxonomy":"product_cat","embeddable":true,"href":"https:\/\/le-grenier.org\/index.php\/wp-json\/wp\/v2\/product_cat?post=42465"},{"taxonomy":"product_tag","embeddable":true,"href":"https:\/\/le-grenier.org\/index.php\/wp-json\/wp\/v2\/product_tag?post=42465"}],"curies":[{"name":"wp","href":"https:\/\/api.w.org\/{rel}","templated":true}]}}