{"id":46722,"date":"2021-09-08T19:28:42","date_gmt":"2021-09-08T17:28:42","guid":{"rendered":"https:\/\/le-grenier.org\/?post_type=product&#038;p=46722"},"modified":"2023-01-14T21:19:29","modified_gmt":"2023-01-14T20:19:29","slug":"caisses-munitions","status":"publish","type":"product","link":"https:\/\/le-grenier.org\/index.php\/produit\/caisses-munitions\/","title":{"rendered":"Caisses munitions"},"content":{"rendered":"","protected":false},"excerpt":{"rendered":"<p>Lot de deux caisses de munitions en bois<br \/>\nAmorces \u00e9lectriques de 1967<\/p>\n<p>53x40cm<br \/>\nHauteur 28cm<\/p>\n<p>En tables de chevet ou au salon pour ranger les plaids, elles apporteront une touche industrielle \u00e0 votre int\u00e9rieur tout en gardant leur fonction utilitaire<\/p>\n<p>Les deux caisses pr\u00e9sentent de nombreux anciens trous de vrillettes qui ont \u00e9t\u00e9 trait\u00e9s soigneusement au xylophene<\/p>\n<p>&nbsp;<\/p>\n","protected":false},"featured_media":46771,"template":"","meta":{"ngg_post_thumbnail":0},"product_cat":[39,35,23],"product_tag":[],"yoast_head":"<!-- This site is optimized with the Yoast SEO plugin v17.9 - https:\/\/yoast.com\/wordpress\/plugins\/seo\/ -->\n<title>Caisses munitions - Le Grenier - brocante et am\u00e9nagement<\/title>\n<meta name=\"robots\" content=\"index, follow, max-snippet:-1, max-image-preview:large, max-video-preview:-1\" \/>\n<link rel=\"canonical\" href=\"https:\/\/le-grenier.org\/index.php\/produit\/caisses-munitions\/\" \/>\n<meta property=\"og:locale\" content=\"fr_FR\" \/>\n<meta property=\"og:type\" content=\"article\" \/>\n<meta property=\"og:title\" content=\"Caisses munitions - Le Grenier - brocante et am\u00e9nagement\" \/>\n<meta property=\"og:description\" content=\"Lot de deux caisses de munitions en bois Amorces \u00e9lectriques de 1967  53x40cm Hauteur 28cm  En tables de chevet ou au salon pour ranger les plaids, elles apporteront une touche industrielle \u00e0 votre int\u00e9rieur tout en gardant leur fonction utilitaire  Les deux caisses pr\u00e9sentent de nombreux anciens trous de vrillettes qui ont \u00e9t\u00e9 trait\u00e9s soigneusement au xylophene  &nbsp;\" \/>\n<meta property=\"og:url\" content=\"https:\/\/le-grenier.org\/index.php\/produit\/caisses-munitions\/\" \/>\n<meta property=\"og:site_name\" content=\"Le Grenier - brocante et am\u00e9nagement\" \/>\n<meta property=\"article:modified_time\" content=\"2023-01-14T20:19:29+00:00\" \/>\n<meta property=\"og:image\" content=\"http:\/\/le-grenier.org\/wp-content\/uploads\/2021\/09\/BE89E633-0E7F-4D8B-B07B-E2F590EDE21C.jpeg\" \/>\n\t<meta property=\"og:image:width\" content=\"1415\" \/>\n\t<meta property=\"og:image:height\" content=\"1426\" \/>\n\t<meta property=\"og:image:type\" content=\"image\/jpeg\" \/>\n<meta name=\"twitter:card\" content=\"summary_large_image\" \/>\n<script type=\"application\/ld+json\" class=\"yoast-schema-graph\">{\"@context\":\"https:\/\/schema.org\",\"@graph\":[{\"@type\":\"WebSite\",\"@id\":\"https:\/\/le-grenier.org\/#website\",\"url\":\"https:\/\/le-grenier.org\/\",\"name\":\"Le Grenier - brocante et am\\u00e9nagement\",\"description\":\"\",\"potentialAction\":[{\"@type\":\"SearchAction\",\"target\":{\"@type\":\"EntryPoint\",\"urlTemplate\":\"https:\/\/le-grenier.org\/?s={search_term_string}\"},\"query-input\":\"required name=search_term_string\"}],\"inLanguage\":\"fr-FR\"},{\"@type\":\"ImageObject\",\"@id\":\"https:\/\/le-grenier.org\/index.php\/produit\/caisses-munitions\/#primaryimage\",\"inLanguage\":\"fr-FR\",\"url\":\"https:\/\/le-grenier.org\/wp-content\/uploads\/2021\/09\/BE89E633-0E7F-4D8B-B07B-E2F590EDE21C.jpeg\",\"contentUrl\":\"https:\/\/le-grenier.org\/wp-content\/uploads\/2021\/09\/BE89E633-0E7F-4D8B-B07B-E2F590EDE21C.jpeg\",\"width\":1415,\"height\":1426},{\"@type\":\"WebPage\",\"@id\":\"https:\/\/le-grenier.org\/index.php\/produit\/caisses-munitions\/#webpage\",\"url\":\"https:\/\/le-grenier.org\/index.php\/produit\/caisses-munitions\/\",\"name\":\"Caisses munitions - Le Grenier - brocante et am\\u00e9nagement\",\"isPartOf\":{\"@id\":\"https:\/\/le-grenier.org\/#website\"},\"primaryImageOfPage\":{\"@id\":\"https:\/\/le-grenier.org\/index.php\/produit\/caisses-munitions\/#primaryimage\"},\"datePublished\":\"2021-09-08T17:28:42+00:00\",\"dateModified\":\"2023-01-14T20:19:29+00:00\",\"breadcrumb\":{\"@id\":\"https:\/\/le-grenier.org\/index.php\/produit\/caisses-munitions\/#breadcrumb\"},\"inLanguage\":\"fr-FR\",\"potentialAction\":[{\"@type\":\"ReadAction\",\"target\":[\"https:\/\/le-grenier.org\/index.php\/produit\/caisses-munitions\/\"]}]},{\"@type\":\"BreadcrumbList\",\"@id\":\"https:\/\/le-grenier.org\/index.php\/produit\/caisses-munitions\/#breadcrumb\",\"itemListElement\":[{\"@type\":\"ListItem\",\"position\":1,\"name\":\"Accueil\",\"item\":\"https:\/\/le-grenier.org\/\"},{\"@type\":\"ListItem\",\"position\":2,\"name\":\"Boutique en ligne\",\"item\":\"https:\/\/le-grenier.org\/\"},{\"@type\":\"ListItem\",\"position\":3,\"name\":\"Caisses munitions\"}]}]}<\/script>\n<!-- \/ Yoast SEO plugin. -->","yoast_head_json":{"title":"Caisses munitions - Le Grenier - brocante et am\u00e9nagement","robots":{"index":"index","follow":"follow","max-snippet":"max-snippet:-1","max-image-preview":"max-image-preview:large","max-video-preview":"max-video-preview:-1"},"canonical":"https:\/\/le-grenier.org\/index.php\/produit\/caisses-munitions\/","og_locale":"fr_FR","og_type":"article","og_title":"Caisses munitions - Le Grenier - brocante et am\u00e9nagement","og_description":"Lot de deux caisses de munitions en bois Amorces \u00e9lectriques de 1967  53x40cm Hauteur 28cm  En tables de chevet ou au salon pour ranger les plaids, elles apporteront une touche industrielle \u00e0 votre int\u00e9rieur tout en gardant leur fonction utilitaire  Les deux caisses pr\u00e9sentent de nombreux anciens trous de vrillettes qui ont \u00e9t\u00e9 trait\u00e9s soigneusement au xylophene  &nbsp;","og_url":"https:\/\/le-grenier.org\/index.php\/produit\/caisses-munitions\/","og_site_name":"Le Grenier - brocante et am\u00e9nagement","article_modified_time":"2023-01-14T20:19:29+00:00","og_image":[{"width":1415,"height":1426,"url":"http:\/\/le-grenier.org\/wp-content\/uploads\/2021\/09\/BE89E633-0E7F-4D8B-B07B-E2F590EDE21C.jpeg","type":"image\/jpeg"}],"twitter_card":"summary_large_image","schema":{"@context":"https:\/\/schema.org","@graph":[{"@type":"WebSite","@id":"https:\/\/le-grenier.org\/#website","url":"https:\/\/le-grenier.org\/","name":"Le Grenier - brocante et am\u00e9nagement","description":"","potentialAction":[{"@type":"SearchAction","target":{"@type":"EntryPoint","urlTemplate":"https:\/\/le-grenier.org\/?s={search_term_string}"},"query-input":"required name=search_term_string"}],"inLanguage":"fr-FR"},{"@type":"ImageObject","@id":"https:\/\/le-grenier.org\/index.php\/produit\/caisses-munitions\/#primaryimage","inLanguage":"fr-FR","url":"https:\/\/le-grenier.org\/wp-content\/uploads\/2021\/09\/BE89E633-0E7F-4D8B-B07B-E2F590EDE21C.jpeg","contentUrl":"https:\/\/le-grenier.org\/wp-content\/uploads\/2021\/09\/BE89E633-0E7F-4D8B-B07B-E2F590EDE21C.jpeg","width":1415,"height":1426},{"@type":"WebPage","@id":"https:\/\/le-grenier.org\/index.php\/produit\/caisses-munitions\/#webpage","url":"https:\/\/le-grenier.org\/index.php\/produit\/caisses-munitions\/","name":"Caisses munitions - Le Grenier - brocante et am\u00e9nagement","isPartOf":{"@id":"https:\/\/le-grenier.org\/#website"},"primaryImageOfPage":{"@id":"https:\/\/le-grenier.org\/index.php\/produit\/caisses-munitions\/#primaryimage"},"datePublished":"2021-09-08T17:28:42+00:00","dateModified":"2023-01-14T20:19:29+00:00","breadcrumb":{"@id":"https:\/\/le-grenier.org\/index.php\/produit\/caisses-munitions\/#breadcrumb"},"inLanguage":"fr-FR","potentialAction":[{"@type":"ReadAction","target":["https:\/\/le-grenier.org\/index.php\/produit\/caisses-munitions\/"]}]},{"@type":"BreadcrumbList","@id":"https:\/\/le-grenier.org\/index.php\/produit\/caisses-munitions\/#breadcrumb","itemListElement":[{"@type":"ListItem","position":1,"name":"Accueil","item":"https:\/\/le-grenier.org\/"},{"@type":"ListItem","position":2,"name":"Boutique en ligne","item":"https:\/\/le-grenier.org\/"},{"@type":"ListItem","position":3,"name":"Caisses munitions"}]}]}},"_links":{"self":[{"href":"https:\/\/le-grenier.org\/index.php\/wp-json\/wp\/v2\/product\/46722"}],"collection":[{"href":"https:\/\/le-grenier.org\/index.php\/wp-json\/wp\/v2\/product"}],"about":[{"href":"https:\/\/le-grenier.org\/index.php\/wp-json\/wp\/v2\/types\/product"}],"wp:featuredmedia":[{"embeddable":true,"href":"https:\/\/le-grenier.org\/index.php\/wp-json\/wp\/v2\/media\/46771"}],"wp:attachment":[{"href":"https:\/\/le-grenier.org\/index.php\/wp-json\/wp\/v2\/media?parent=46722"}],"wp:term":[{"taxonomy":"product_cat","embeddable":true,"href":"https:\/\/le-grenier.org\/index.php\/wp-json\/wp\/v2\/product_cat?post=46722"},{"taxonomy":"product_tag","embeddable":true,"href":"https:\/\/le-grenier.org\/index.php\/wp-json\/wp\/v2\/product_tag?post=46722"}],"curies":[{"name":"wp","href":"https:\/\/api.w.org\/{rel}","templated":true}]}}