{"id":52180,"date":"2022-06-01T16:26:55","date_gmt":"2022-06-01T14:26:55","guid":{"rendered":"https:\/\/le-grenier.org\/?post_type=product&#038;p=52180"},"modified":"2026-01-13T11:37:32","modified_gmt":"2026-01-13T10:37:32","slug":"chaise-tonneau","status":"publish","type":"product","link":"https:\/\/le-grenier.org\/index.php\/produit\/chaise-tonneau\/","title":{"rendered":"Chaise tonneau"},"content":{"rendered":"","protected":false},"excerpt":{"rendered":"<p>Chaise tonneau pelfran. Tissu bouclette \u00e9cru enti\u00e8rement refait \u00e0 neuf par Sophie Josso, tapissi\u00e8re de m\u00e9tier \u00e0 amiens.<\/p>\n<p>Tr\u00e8s bon \u00e9tat des pieds, pas de point de rouille.<\/p>\n<p>49cm de largeur<\/p>\n<p>46cm de profondeur<\/p>\n<p>43cm de hauteur d\u2019assise&nbsp;<\/p>\n<p>75cm de hauteur totale<\/p>\n<p>coffre-pouf \u00e9galement disponible&nbsp;<\/p>\n","protected":false},"featured_media":52187,"template":"","meta":{"ngg_post_thumbnail":0},"product_cat":[38,50,24],"product_tag":[],"yoast_head":"<!-- This site is optimized with the Yoast SEO plugin v17.9 - https:\/\/yoast.com\/wordpress\/plugins\/seo\/ -->\n<title>Chaise tonneau - Le Grenier - brocante et am\u00e9nagement<\/title>\n<meta name=\"robots\" content=\"index, follow, max-snippet:-1, max-image-preview:large, max-video-preview:-1\" \/>\n<link rel=\"canonical\" href=\"https:\/\/le-grenier.org\/index.php\/produit\/chaise-tonneau\/\" \/>\n<meta property=\"og:locale\" content=\"fr_FR\" \/>\n<meta property=\"og:type\" content=\"article\" \/>\n<meta property=\"og:title\" content=\"Chaise tonneau - Le Grenier - brocante et am\u00e9nagement\" \/>\n<meta property=\"og:description\" content=\"Chaise tonneau pelfran. Tissu bouclette \u00e9cru enti\u00e8rement refait \u00e0 neuf par Sophie Josso, tapissi\u00e8re de m\u00e9tier \u00e0 amiens.  Tr\u00e8s bon \u00e9tat des pieds, pas de point de rouille.  49cm de largeur  46cm de profondeur  43cm de hauteur d\u2019assise&nbsp;  75cm de hauteur totale  coffre-pouf \u00e9galement disponible&nbsp;\" \/>\n<meta property=\"og:url\" content=\"https:\/\/le-grenier.org\/index.php\/produit\/chaise-tonneau\/\" \/>\n<meta property=\"og:site_name\" content=\"Le Grenier - brocante et am\u00e9nagement\" \/>\n<meta property=\"article:modified_time\" content=\"2026-01-13T10:37:32+00:00\" \/>\n<meta property=\"og:image\" content=\"http:\/\/le-grenier.org\/wp-content\/uploads\/2022\/06\/146AAE7B-7C1D-47E4-B02A-500C20A139BC.jpeg\" \/>\n\t<meta property=\"og:image:width\" content=\"1416\" \/>\n\t<meta property=\"og:image:height\" content=\"1425\" \/>\n\t<meta property=\"og:image:type\" content=\"image\/jpeg\" \/>\n<meta name=\"twitter:card\" content=\"summary_large_image\" \/>\n<script type=\"application\/ld+json\" class=\"yoast-schema-graph\">{\"@context\":\"https:\/\/schema.org\",\"@graph\":[{\"@type\":\"WebSite\",\"@id\":\"https:\/\/le-grenier.org\/#website\",\"url\":\"https:\/\/le-grenier.org\/\",\"name\":\"Le Grenier - brocante et am\\u00e9nagement\",\"description\":\"\",\"potentialAction\":[{\"@type\":\"SearchAction\",\"target\":{\"@type\":\"EntryPoint\",\"urlTemplate\":\"https:\/\/le-grenier.org\/?s={search_term_string}\"},\"query-input\":\"required name=search_term_string\"}],\"inLanguage\":\"fr-FR\"},{\"@type\":\"ImageObject\",\"@id\":\"https:\/\/le-grenier.org\/index.php\/produit\/chaise-tonneau\/#primaryimage\",\"inLanguage\":\"fr-FR\",\"url\":\"https:\/\/le-grenier.org\/wp-content\/uploads\/2022\/06\/146AAE7B-7C1D-47E4-B02A-500C20A139BC.jpeg\",\"contentUrl\":\"https:\/\/le-grenier.org\/wp-content\/uploads\/2022\/06\/146AAE7B-7C1D-47E4-B02A-500C20A139BC.jpeg\",\"width\":1416,\"height\":1425},{\"@type\":\"WebPage\",\"@id\":\"https:\/\/le-grenier.org\/index.php\/produit\/chaise-tonneau\/#webpage\",\"url\":\"https:\/\/le-grenier.org\/index.php\/produit\/chaise-tonneau\/\",\"name\":\"Chaise tonneau - Le Grenier - brocante et am\\u00e9nagement\",\"isPartOf\":{\"@id\":\"https:\/\/le-grenier.org\/#website\"},\"primaryImageOfPage\":{\"@id\":\"https:\/\/le-grenier.org\/index.php\/produit\/chaise-tonneau\/#primaryimage\"},\"datePublished\":\"2022-06-01T14:26:55+00:00\",\"dateModified\":\"2026-01-13T10:37:32+00:00\",\"breadcrumb\":{\"@id\":\"https:\/\/le-grenier.org\/index.php\/produit\/chaise-tonneau\/#breadcrumb\"},\"inLanguage\":\"fr-FR\",\"potentialAction\":[{\"@type\":\"ReadAction\",\"target\":[\"https:\/\/le-grenier.org\/index.php\/produit\/chaise-tonneau\/\"]}]},{\"@type\":\"BreadcrumbList\",\"@id\":\"https:\/\/le-grenier.org\/index.php\/produit\/chaise-tonneau\/#breadcrumb\",\"itemListElement\":[{\"@type\":\"ListItem\",\"position\":1,\"name\":\"Accueil\",\"item\":\"https:\/\/le-grenier.org\/\"},{\"@type\":\"ListItem\",\"position\":2,\"name\":\"Boutique en ligne\",\"item\":\"https:\/\/le-grenier.org\/\"},{\"@type\":\"ListItem\",\"position\":3,\"name\":\"Chaise tonneau\"}]}]}<\/script>\n<!-- \/ Yoast SEO plugin. -->","yoast_head_json":{"title":"Chaise tonneau - Le Grenier - brocante et am\u00e9nagement","robots":{"index":"index","follow":"follow","max-snippet":"max-snippet:-1","max-image-preview":"max-image-preview:large","max-video-preview":"max-video-preview:-1"},"canonical":"https:\/\/le-grenier.org\/index.php\/produit\/chaise-tonneau\/","og_locale":"fr_FR","og_type":"article","og_title":"Chaise tonneau - Le Grenier - brocante et am\u00e9nagement","og_description":"Chaise tonneau pelfran. Tissu bouclette \u00e9cru enti\u00e8rement refait \u00e0 neuf par Sophie Josso, tapissi\u00e8re de m\u00e9tier \u00e0 amiens.  Tr\u00e8s bon \u00e9tat des pieds, pas de point de rouille.  49cm de largeur  46cm de profondeur  43cm de hauteur d\u2019assise&nbsp;  75cm de hauteur totale  coffre-pouf \u00e9galement disponible&nbsp;","og_url":"https:\/\/le-grenier.org\/index.php\/produit\/chaise-tonneau\/","og_site_name":"Le Grenier - brocante et am\u00e9nagement","article_modified_time":"2026-01-13T10:37:32+00:00","og_image":[{"width":1416,"height":1425,"url":"http:\/\/le-grenier.org\/wp-content\/uploads\/2022\/06\/146AAE7B-7C1D-47E4-B02A-500C20A139BC.jpeg","type":"image\/jpeg"}],"twitter_card":"summary_large_image","schema":{"@context":"https:\/\/schema.org","@graph":[{"@type":"WebSite","@id":"https:\/\/le-grenier.org\/#website","url":"https:\/\/le-grenier.org\/","name":"Le Grenier - brocante et am\u00e9nagement","description":"","potentialAction":[{"@type":"SearchAction","target":{"@type":"EntryPoint","urlTemplate":"https:\/\/le-grenier.org\/?s={search_term_string}"},"query-input":"required name=search_term_string"}],"inLanguage":"fr-FR"},{"@type":"ImageObject","@id":"https:\/\/le-grenier.org\/index.php\/produit\/chaise-tonneau\/#primaryimage","inLanguage":"fr-FR","url":"https:\/\/le-grenier.org\/wp-content\/uploads\/2022\/06\/146AAE7B-7C1D-47E4-B02A-500C20A139BC.jpeg","contentUrl":"https:\/\/le-grenier.org\/wp-content\/uploads\/2022\/06\/146AAE7B-7C1D-47E4-B02A-500C20A139BC.jpeg","width":1416,"height":1425},{"@type":"WebPage","@id":"https:\/\/le-grenier.org\/index.php\/produit\/chaise-tonneau\/#webpage","url":"https:\/\/le-grenier.org\/index.php\/produit\/chaise-tonneau\/","name":"Chaise tonneau - Le Grenier - brocante et am\u00e9nagement","isPartOf":{"@id":"https:\/\/le-grenier.org\/#website"},"primaryImageOfPage":{"@id":"https:\/\/le-grenier.org\/index.php\/produit\/chaise-tonneau\/#primaryimage"},"datePublished":"2022-06-01T14:26:55+00:00","dateModified":"2026-01-13T10:37:32+00:00","breadcrumb":{"@id":"https:\/\/le-grenier.org\/index.php\/produit\/chaise-tonneau\/#breadcrumb"},"inLanguage":"fr-FR","potentialAction":[{"@type":"ReadAction","target":["https:\/\/le-grenier.org\/index.php\/produit\/chaise-tonneau\/"]}]},{"@type":"BreadcrumbList","@id":"https:\/\/le-grenier.org\/index.php\/produit\/chaise-tonneau\/#breadcrumb","itemListElement":[{"@type":"ListItem","position":1,"name":"Accueil","item":"https:\/\/le-grenier.org\/"},{"@type":"ListItem","position":2,"name":"Boutique en ligne","item":"https:\/\/le-grenier.org\/"},{"@type":"ListItem","position":3,"name":"Chaise tonneau"}]}]}},"_links":{"self":[{"href":"https:\/\/le-grenier.org\/index.php\/wp-json\/wp\/v2\/product\/52180"}],"collection":[{"href":"https:\/\/le-grenier.org\/index.php\/wp-json\/wp\/v2\/product"}],"about":[{"href":"https:\/\/le-grenier.org\/index.php\/wp-json\/wp\/v2\/types\/product"}],"wp:featuredmedia":[{"embeddable":true,"href":"https:\/\/le-grenier.org\/index.php\/wp-json\/wp\/v2\/media\/52187"}],"wp:attachment":[{"href":"https:\/\/le-grenier.org\/index.php\/wp-json\/wp\/v2\/media?parent=52180"}],"wp:term":[{"taxonomy":"product_cat","embeddable":true,"href":"https:\/\/le-grenier.org\/index.php\/wp-json\/wp\/v2\/product_cat?post=52180"},{"taxonomy":"product_tag","embeddable":true,"href":"https:\/\/le-grenier.org\/index.php\/wp-json\/wp\/v2\/product_tag?post=52180"}],"curies":[{"name":"wp","href":"https:\/\/api.w.org\/{rel}","templated":true}]}}