{"id":52907,"date":"2022-07-12T17:40:53","date_gmt":"2022-07-12T15:40:53","guid":{"rendered":"https:\/\/le-grenier.org\/?post_type=product&#038;p=52907"},"modified":"2023-01-14T21:04:09","modified_gmt":"2023-01-14T20:04:09","slug":"coussin-fleuri","status":"publish","type":"product","link":"https:\/\/le-grenier.org\/index.php\/produit\/coussin-fleuri\/","title":{"rendered":"Coussin fleuri"},"content":{"rendered":"","protected":false},"excerpt":{"rendered":"<p>Coussin 30x30cm<\/p>\n<p>Realis\u00e9 par un artisan ami\u00e9nois avec du tissu fleuri datant des ann\u00e9es 70.<\/p>\n<p>Dos gris en coton&nbsp;<\/p>\n<p>Plusieurs exemplaires disponibles&nbsp;<\/p>\n","protected":false},"featured_media":52919,"template":"","meta":{"ngg_post_thumbnail":0},"product_cat":[50,53,23],"product_tag":[],"yoast_head":"<!-- This site is optimized with the Yoast SEO plugin v17.9 - https:\/\/yoast.com\/wordpress\/plugins\/seo\/ -->\n<title>Coussin fleuri - Le Grenier - brocante et am\u00e9nagement<\/title>\n<meta name=\"robots\" content=\"index, follow, max-snippet:-1, max-image-preview:large, max-video-preview:-1\" \/>\n<link rel=\"canonical\" href=\"https:\/\/le-grenier.org\/index.php\/produit\/coussin-fleuri\/\" \/>\n<meta property=\"og:locale\" content=\"fr_FR\" \/>\n<meta property=\"og:type\" content=\"article\" \/>\n<meta property=\"og:title\" content=\"Coussin fleuri - Le Grenier - brocante et am\u00e9nagement\" \/>\n<meta property=\"og:description\" content=\"Coussin 30x30cm  Realis\u00e9 par un artisan ami\u00e9nois avec du tissu fleuri datant des ann\u00e9es 70.  Dos gris en coton&nbsp;  Plusieurs exemplaires disponibles&nbsp;\" \/>\n<meta property=\"og:url\" content=\"https:\/\/le-grenier.org\/index.php\/produit\/coussin-fleuri\/\" \/>\n<meta property=\"og:site_name\" content=\"Le Grenier - brocante et am\u00e9nagement\" \/>\n<meta property=\"article:modified_time\" content=\"2023-01-14T20:04:09+00:00\" \/>\n<meta property=\"og:image\" content=\"http:\/\/le-grenier.org\/wp-content\/uploads\/2022\/07\/115BB95E-589B-42B8-87F9-0F66E899DAEC.jpeg\" \/>\n\t<meta property=\"og:image:width\" content=\"1404\" \/>\n\t<meta property=\"og:image:height\" content=\"1437\" \/>\n\t<meta property=\"og:image:type\" content=\"image\/jpeg\" \/>\n<meta name=\"twitter:card\" content=\"summary_large_image\" \/>\n<script type=\"application\/ld+json\" class=\"yoast-schema-graph\">{\"@context\":\"https:\/\/schema.org\",\"@graph\":[{\"@type\":\"WebSite\",\"@id\":\"https:\/\/le-grenier.org\/#website\",\"url\":\"https:\/\/le-grenier.org\/\",\"name\":\"Le Grenier - brocante et am\\u00e9nagement\",\"description\":\"\",\"potentialAction\":[{\"@type\":\"SearchAction\",\"target\":{\"@type\":\"EntryPoint\",\"urlTemplate\":\"https:\/\/le-grenier.org\/?s={search_term_string}\"},\"query-input\":\"required name=search_term_string\"}],\"inLanguage\":\"fr-FR\"},{\"@type\":\"ImageObject\",\"@id\":\"https:\/\/le-grenier.org\/index.php\/produit\/coussin-fleuri\/#primaryimage\",\"inLanguage\":\"fr-FR\",\"url\":\"https:\/\/le-grenier.org\/wp-content\/uploads\/2022\/07\/115BB95E-589B-42B8-87F9-0F66E899DAEC.jpeg\",\"contentUrl\":\"https:\/\/le-grenier.org\/wp-content\/uploads\/2022\/07\/115BB95E-589B-42B8-87F9-0F66E899DAEC.jpeg\",\"width\":1404,\"height\":1437},{\"@type\":\"WebPage\",\"@id\":\"https:\/\/le-grenier.org\/index.php\/produit\/coussin-fleuri\/#webpage\",\"url\":\"https:\/\/le-grenier.org\/index.php\/produit\/coussin-fleuri\/\",\"name\":\"Coussin fleuri - Le Grenier - brocante et am\\u00e9nagement\",\"isPartOf\":{\"@id\":\"https:\/\/le-grenier.org\/#website\"},\"primaryImageOfPage\":{\"@id\":\"https:\/\/le-grenier.org\/index.php\/produit\/coussin-fleuri\/#primaryimage\"},\"datePublished\":\"2022-07-12T15:40:53+00:00\",\"dateModified\":\"2023-01-14T20:04:09+00:00\",\"breadcrumb\":{\"@id\":\"https:\/\/le-grenier.org\/index.php\/produit\/coussin-fleuri\/#breadcrumb\"},\"inLanguage\":\"fr-FR\",\"potentialAction\":[{\"@type\":\"ReadAction\",\"target\":[\"https:\/\/le-grenier.org\/index.php\/produit\/coussin-fleuri\/\"]}]},{\"@type\":\"BreadcrumbList\",\"@id\":\"https:\/\/le-grenier.org\/index.php\/produit\/coussin-fleuri\/#breadcrumb\",\"itemListElement\":[{\"@type\":\"ListItem\",\"position\":1,\"name\":\"Accueil\",\"item\":\"https:\/\/le-grenier.org\/\"},{\"@type\":\"ListItem\",\"position\":2,\"name\":\"Boutique en ligne\",\"item\":\"https:\/\/le-grenier.org\/\"},{\"@type\":\"ListItem\",\"position\":3,\"name\":\"Coussin fleuri\"}]}]}<\/script>\n<!-- \/ Yoast SEO plugin. -->","yoast_head_json":{"title":"Coussin fleuri - Le Grenier - brocante et am\u00e9nagement","robots":{"index":"index","follow":"follow","max-snippet":"max-snippet:-1","max-image-preview":"max-image-preview:large","max-video-preview":"max-video-preview:-1"},"canonical":"https:\/\/le-grenier.org\/index.php\/produit\/coussin-fleuri\/","og_locale":"fr_FR","og_type":"article","og_title":"Coussin fleuri - Le Grenier - brocante et am\u00e9nagement","og_description":"Coussin 30x30cm  Realis\u00e9 par un artisan ami\u00e9nois avec du tissu fleuri datant des ann\u00e9es 70.  Dos gris en coton&nbsp;  Plusieurs exemplaires disponibles&nbsp;","og_url":"https:\/\/le-grenier.org\/index.php\/produit\/coussin-fleuri\/","og_site_name":"Le Grenier - brocante et am\u00e9nagement","article_modified_time":"2023-01-14T20:04:09+00:00","og_image":[{"width":1404,"height":1437,"url":"http:\/\/le-grenier.org\/wp-content\/uploads\/2022\/07\/115BB95E-589B-42B8-87F9-0F66E899DAEC.jpeg","type":"image\/jpeg"}],"twitter_card":"summary_large_image","schema":{"@context":"https:\/\/schema.org","@graph":[{"@type":"WebSite","@id":"https:\/\/le-grenier.org\/#website","url":"https:\/\/le-grenier.org\/","name":"Le Grenier - brocante et am\u00e9nagement","description":"","potentialAction":[{"@type":"SearchAction","target":{"@type":"EntryPoint","urlTemplate":"https:\/\/le-grenier.org\/?s={search_term_string}"},"query-input":"required name=search_term_string"}],"inLanguage":"fr-FR"},{"@type":"ImageObject","@id":"https:\/\/le-grenier.org\/index.php\/produit\/coussin-fleuri\/#primaryimage","inLanguage":"fr-FR","url":"https:\/\/le-grenier.org\/wp-content\/uploads\/2022\/07\/115BB95E-589B-42B8-87F9-0F66E899DAEC.jpeg","contentUrl":"https:\/\/le-grenier.org\/wp-content\/uploads\/2022\/07\/115BB95E-589B-42B8-87F9-0F66E899DAEC.jpeg","width":1404,"height":1437},{"@type":"WebPage","@id":"https:\/\/le-grenier.org\/index.php\/produit\/coussin-fleuri\/#webpage","url":"https:\/\/le-grenier.org\/index.php\/produit\/coussin-fleuri\/","name":"Coussin fleuri - Le Grenier - brocante et am\u00e9nagement","isPartOf":{"@id":"https:\/\/le-grenier.org\/#website"},"primaryImageOfPage":{"@id":"https:\/\/le-grenier.org\/index.php\/produit\/coussin-fleuri\/#primaryimage"},"datePublished":"2022-07-12T15:40:53+00:00","dateModified":"2023-01-14T20:04:09+00:00","breadcrumb":{"@id":"https:\/\/le-grenier.org\/index.php\/produit\/coussin-fleuri\/#breadcrumb"},"inLanguage":"fr-FR","potentialAction":[{"@type":"ReadAction","target":["https:\/\/le-grenier.org\/index.php\/produit\/coussin-fleuri\/"]}]},{"@type":"BreadcrumbList","@id":"https:\/\/le-grenier.org\/index.php\/produit\/coussin-fleuri\/#breadcrumb","itemListElement":[{"@type":"ListItem","position":1,"name":"Accueil","item":"https:\/\/le-grenier.org\/"},{"@type":"ListItem","position":2,"name":"Boutique en ligne","item":"https:\/\/le-grenier.org\/"},{"@type":"ListItem","position":3,"name":"Coussin fleuri"}]}]}},"_links":{"self":[{"href":"https:\/\/le-grenier.org\/index.php\/wp-json\/wp\/v2\/product\/52907"}],"collection":[{"href":"https:\/\/le-grenier.org\/index.php\/wp-json\/wp\/v2\/product"}],"about":[{"href":"https:\/\/le-grenier.org\/index.php\/wp-json\/wp\/v2\/types\/product"}],"wp:featuredmedia":[{"embeddable":true,"href":"https:\/\/le-grenier.org\/index.php\/wp-json\/wp\/v2\/media\/52919"}],"wp:attachment":[{"href":"https:\/\/le-grenier.org\/index.php\/wp-json\/wp\/v2\/media?parent=52907"}],"wp:term":[{"taxonomy":"product_cat","embeddable":true,"href":"https:\/\/le-grenier.org\/index.php\/wp-json\/wp\/v2\/product_cat?post=52907"},{"taxonomy":"product_tag","embeddable":true,"href":"https:\/\/le-grenier.org\/index.php\/wp-json\/wp\/v2\/product_tag?post=52907"}],"curies":[{"name":"wp","href":"https:\/\/api.w.org\/{rel}","templated":true}]}}