{"id":53129,"date":"2022-08-24T07:53:14","date_gmt":"2022-08-24T05:53:14","guid":{"rendered":"https:\/\/le-grenier.org\/?post_type=product&#038;p=53129"},"modified":"2022-08-24T17:00:35","modified_gmt":"2022-08-24T15:00:35","slug":"boite-hibou","status":"publish","type":"product","link":"https:\/\/le-grenier.org\/index.php\/produit\/boite-hibou\/","title":{"rendered":"Boite hibou"},"content":{"rendered":"","protected":false},"excerpt":{"rendered":"<p>Grande bo\u00eete en Ska\u00ef style peau de crocodile et laiton<\/p>\n<p>hauteur 33cm<\/p>\n<p>achet\u00e9e chez un antiquaire anglais&nbsp;<\/p>\n<p>tr\u00e8s bon \u00e9tat&nbsp;<\/p>\n","protected":false},"featured_media":53135,"template":"","meta":{"ngg_post_thumbnail":0},"product_cat":[38,54,35],"product_tag":[],"yoast_head":"<!-- This site is optimized with the Yoast SEO plugin v17.9 - https:\/\/yoast.com\/wordpress\/plugins\/seo\/ -->\n<title>Boite hibou - Le Grenier - brocante et am\u00e9nagement<\/title>\n<meta name=\"robots\" content=\"index, follow, max-snippet:-1, max-image-preview:large, max-video-preview:-1\" \/>\n<link rel=\"canonical\" href=\"https:\/\/le-grenier.org\/index.php\/produit\/boite-hibou\/\" \/>\n<meta property=\"og:locale\" content=\"fr_FR\" \/>\n<meta property=\"og:type\" content=\"article\" \/>\n<meta property=\"og:title\" content=\"Boite hibou - Le Grenier - brocante et am\u00e9nagement\" \/>\n<meta property=\"og:description\" content=\"Grande bo\u00eete en Ska\u00ef style peau de crocodile et laiton  hauteur 33cm  achet\u00e9e chez un antiquaire anglais&nbsp;  tr\u00e8s bon \u00e9tat&nbsp;\" \/>\n<meta property=\"og:url\" content=\"https:\/\/le-grenier.org\/index.php\/produit\/boite-hibou\/\" \/>\n<meta property=\"og:site_name\" content=\"Le Grenier - brocante et am\u00e9nagement\" \/>\n<meta property=\"article:modified_time\" content=\"2022-08-24T15:00:35+00:00\" \/>\n<meta property=\"og:image\" content=\"http:\/\/le-grenier.org\/wp-content\/uploads\/2022\/08\/4ED9D7E9-5FE9-4F0B-9817-573E0DCE5CBF.jpeg\" \/>\n\t<meta property=\"og:image:width\" content=\"1407\" \/>\n\t<meta property=\"og:image:height\" content=\"1422\" \/>\n\t<meta property=\"og:image:type\" content=\"image\/jpeg\" \/>\n<meta name=\"twitter:card\" content=\"summary_large_image\" \/>\n<script type=\"application\/ld+json\" class=\"yoast-schema-graph\">{\"@context\":\"https:\/\/schema.org\",\"@graph\":[{\"@type\":\"WebSite\",\"@id\":\"https:\/\/le-grenier.org\/#website\",\"url\":\"https:\/\/le-grenier.org\/\",\"name\":\"Le Grenier - brocante et am\\u00e9nagement\",\"description\":\"\",\"potentialAction\":[{\"@type\":\"SearchAction\",\"target\":{\"@type\":\"EntryPoint\",\"urlTemplate\":\"https:\/\/le-grenier.org\/?s={search_term_string}\"},\"query-input\":\"required name=search_term_string\"}],\"inLanguage\":\"fr-FR\"},{\"@type\":\"ImageObject\",\"@id\":\"https:\/\/le-grenier.org\/index.php\/produit\/boite-hibou\/#primaryimage\",\"inLanguage\":\"fr-FR\",\"url\":\"https:\/\/le-grenier.org\/wp-content\/uploads\/2022\/08\/4ED9D7E9-5FE9-4F0B-9817-573E0DCE5CBF.jpeg\",\"contentUrl\":\"https:\/\/le-grenier.org\/wp-content\/uploads\/2022\/08\/4ED9D7E9-5FE9-4F0B-9817-573E0DCE5CBF.jpeg\",\"width\":1407,\"height\":1422},{\"@type\":\"WebPage\",\"@id\":\"https:\/\/le-grenier.org\/index.php\/produit\/boite-hibou\/#webpage\",\"url\":\"https:\/\/le-grenier.org\/index.php\/produit\/boite-hibou\/\",\"name\":\"Boite hibou - Le Grenier - brocante et am\\u00e9nagement\",\"isPartOf\":{\"@id\":\"https:\/\/le-grenier.org\/#website\"},\"primaryImageOfPage\":{\"@id\":\"https:\/\/le-grenier.org\/index.php\/produit\/boite-hibou\/#primaryimage\"},\"datePublished\":\"2022-08-24T05:53:14+00:00\",\"dateModified\":\"2022-08-24T15:00:35+00:00\",\"breadcrumb\":{\"@id\":\"https:\/\/le-grenier.org\/index.php\/produit\/boite-hibou\/#breadcrumb\"},\"inLanguage\":\"fr-FR\",\"potentialAction\":[{\"@type\":\"ReadAction\",\"target\":[\"https:\/\/le-grenier.org\/index.php\/produit\/boite-hibou\/\"]}]},{\"@type\":\"BreadcrumbList\",\"@id\":\"https:\/\/le-grenier.org\/index.php\/produit\/boite-hibou\/#breadcrumb\",\"itemListElement\":[{\"@type\":\"ListItem\",\"position\":1,\"name\":\"Accueil\",\"item\":\"https:\/\/le-grenier.org\/\"},{\"@type\":\"ListItem\",\"position\":2,\"name\":\"Boutique en ligne\",\"item\":\"https:\/\/le-grenier.org\/\"},{\"@type\":\"ListItem\",\"position\":3,\"name\":\"Boite hibou\"}]}]}<\/script>\n<!-- \/ Yoast SEO plugin. -->","yoast_head_json":{"title":"Boite hibou - Le Grenier - brocante et am\u00e9nagement","robots":{"index":"index","follow":"follow","max-snippet":"max-snippet:-1","max-image-preview":"max-image-preview:large","max-video-preview":"max-video-preview:-1"},"canonical":"https:\/\/le-grenier.org\/index.php\/produit\/boite-hibou\/","og_locale":"fr_FR","og_type":"article","og_title":"Boite hibou - Le Grenier - brocante et am\u00e9nagement","og_description":"Grande bo\u00eete en Ska\u00ef style peau de crocodile et laiton  hauteur 33cm  achet\u00e9e chez un antiquaire anglais&nbsp;  tr\u00e8s bon \u00e9tat&nbsp;","og_url":"https:\/\/le-grenier.org\/index.php\/produit\/boite-hibou\/","og_site_name":"Le Grenier - brocante et am\u00e9nagement","article_modified_time":"2022-08-24T15:00:35+00:00","og_image":[{"width":1407,"height":1422,"url":"http:\/\/le-grenier.org\/wp-content\/uploads\/2022\/08\/4ED9D7E9-5FE9-4F0B-9817-573E0DCE5CBF.jpeg","type":"image\/jpeg"}],"twitter_card":"summary_large_image","schema":{"@context":"https:\/\/schema.org","@graph":[{"@type":"WebSite","@id":"https:\/\/le-grenier.org\/#website","url":"https:\/\/le-grenier.org\/","name":"Le Grenier - brocante et am\u00e9nagement","description":"","potentialAction":[{"@type":"SearchAction","target":{"@type":"EntryPoint","urlTemplate":"https:\/\/le-grenier.org\/?s={search_term_string}"},"query-input":"required name=search_term_string"}],"inLanguage":"fr-FR"},{"@type":"ImageObject","@id":"https:\/\/le-grenier.org\/index.php\/produit\/boite-hibou\/#primaryimage","inLanguage":"fr-FR","url":"https:\/\/le-grenier.org\/wp-content\/uploads\/2022\/08\/4ED9D7E9-5FE9-4F0B-9817-573E0DCE5CBF.jpeg","contentUrl":"https:\/\/le-grenier.org\/wp-content\/uploads\/2022\/08\/4ED9D7E9-5FE9-4F0B-9817-573E0DCE5CBF.jpeg","width":1407,"height":1422},{"@type":"WebPage","@id":"https:\/\/le-grenier.org\/index.php\/produit\/boite-hibou\/#webpage","url":"https:\/\/le-grenier.org\/index.php\/produit\/boite-hibou\/","name":"Boite hibou - Le Grenier - brocante et am\u00e9nagement","isPartOf":{"@id":"https:\/\/le-grenier.org\/#website"},"primaryImageOfPage":{"@id":"https:\/\/le-grenier.org\/index.php\/produit\/boite-hibou\/#primaryimage"},"datePublished":"2022-08-24T05:53:14+00:00","dateModified":"2022-08-24T15:00:35+00:00","breadcrumb":{"@id":"https:\/\/le-grenier.org\/index.php\/produit\/boite-hibou\/#breadcrumb"},"inLanguage":"fr-FR","potentialAction":[{"@type":"ReadAction","target":["https:\/\/le-grenier.org\/index.php\/produit\/boite-hibou\/"]}]},{"@type":"BreadcrumbList","@id":"https:\/\/le-grenier.org\/index.php\/produit\/boite-hibou\/#breadcrumb","itemListElement":[{"@type":"ListItem","position":1,"name":"Accueil","item":"https:\/\/le-grenier.org\/"},{"@type":"ListItem","position":2,"name":"Boutique en ligne","item":"https:\/\/le-grenier.org\/"},{"@type":"ListItem","position":3,"name":"Boite hibou"}]}]}},"_links":{"self":[{"href":"https:\/\/le-grenier.org\/index.php\/wp-json\/wp\/v2\/product\/53129"}],"collection":[{"href":"https:\/\/le-grenier.org\/index.php\/wp-json\/wp\/v2\/product"}],"about":[{"href":"https:\/\/le-grenier.org\/index.php\/wp-json\/wp\/v2\/types\/product"}],"wp:featuredmedia":[{"embeddable":true,"href":"https:\/\/le-grenier.org\/index.php\/wp-json\/wp\/v2\/media\/53135"}],"wp:attachment":[{"href":"https:\/\/le-grenier.org\/index.php\/wp-json\/wp\/v2\/media?parent=53129"}],"wp:term":[{"taxonomy":"product_cat","embeddable":true,"href":"https:\/\/le-grenier.org\/index.php\/wp-json\/wp\/v2\/product_cat?post=53129"},{"taxonomy":"product_tag","embeddable":true,"href":"https:\/\/le-grenier.org\/index.php\/wp-json\/wp\/v2\/product_tag?post=53129"}],"curies":[{"name":"wp","href":"https:\/\/api.w.org\/{rel}","templated":true}]}}