{"id":53170,"date":"2022-08-27T15:45:24","date_gmt":"2022-08-27T13:45:24","guid":{"rendered":"https:\/\/le-grenier.org\/?post_type=product&#038;p=53170"},"modified":"2022-08-29T00:11:36","modified_gmt":"2022-08-28T22:11:36","slug":"herbarium-a-brun","status":"publish","type":"product","link":"https:\/\/le-grenier.org\/index.php\/produit\/herbarium-a-brun\/","title":{"rendered":"Herbarium A.Brun"},"content":{"rendered":"","protected":false},"excerpt":{"rendered":"<p>V\u00e9ritables planches d\u2019herbier \u00c0.Brun ancien<br \/>\nVendues par trois, nombreux autres exemplaires disponibles (me contacter)<\/p>\n<p>Papilionacea Vicia<br \/>\nJuin 1878<br \/>\nGrande chartreuse &#8211; Is\u00e8re<\/p>\n<p>Dicotyl\u00e9edonees Caliciflores<br \/>\nPapilionacea Lens<br \/>\nJuillet 1872<br \/>\nCantal<\/p>\n<p>Rare Papilionacea Coronilla<br \/>\nJuin 1896<br \/>\nAlgerie<\/p>\n<p>Taille : 45x30cm<br \/>\nVitre en verre en excellent \u00e9tat<\/p>\n<p>\u2014-<\/p>\n<p>L\u2019inventeur de l\u2019herbier serait Luca Ghini (1500-1556), botaniste italien et professeur de botanique \u00e0 Bologne. Son herbier de 300 plantes n\u2019a pas \u00e9t\u00e9 conserv\u00e9. Un des plus anciens est probablement celui de F\u00e9lix Platter (1536-1614), m\u00e9decin \u00e0 B\u00e2le. John Falconer est probablement le premier Britannique \u00e0 utiliser la m\u00e9thode de s\u00e9chage de plantes pour r\u00e9aliser des herbiers mise au point par Luca Ghini. Au Mus\u00e9um national d&rsquo;histoire naturelle de Paris est conserv\u00e9 un herbier datant de 1558, un petit volume reli\u00e9 contenant 313 plantes r\u00e9colt\u00e9es par Jehan Girault, \u00ab pour l&rsquo;heure \u00e9tudiant en chirurgie \u00bb \u00e0 Lyon.<\/p>\n<p>\u2014-<\/p>\n<p>Envoi rapide et soign\u00e9<\/p>\n","protected":false},"featured_media":53187,"template":"","meta":{"ngg_post_thumbnail":0},"product_cat":[38,50,40,55],"product_tag":[],"yoast_head":"<!-- This site is optimized with the Yoast SEO plugin v17.9 - https:\/\/yoast.com\/wordpress\/plugins\/seo\/ -->\n<title>Herbarium A.Brun - Le Grenier - brocante et am\u00e9nagement<\/title>\n<meta name=\"robots\" content=\"index, follow, max-snippet:-1, max-image-preview:large, max-video-preview:-1\" \/>\n<link rel=\"canonical\" href=\"https:\/\/le-grenier.org\/index.php\/produit\/herbarium-a-brun\/\" \/>\n<meta property=\"og:locale\" content=\"fr_FR\" \/>\n<meta property=\"og:type\" content=\"article\" \/>\n<meta property=\"og:title\" content=\"Herbarium A.Brun - Le Grenier - brocante et am\u00e9nagement\" \/>\n<meta property=\"og:description\" content=\"V\u00e9ritables planches d\u2019herbier \u00c0.Brun ancien Vendues par trois, nombreux autres exemplaires disponibles (me contacter)  Papilionacea Vicia Juin 1878 Grande chartreuse - Is\u00e8re  Dicotyl\u00e9edonees Caliciflores Papilionacea Lens Juillet 1872 Cantal  Rare Papilionacea Coronilla Juin 1896 Algerie  Taille : 45x30cm Vitre en verre en excellent \u00e9tat  \u2014-  L\u2019inventeur de l\u2019herbier serait Luca Ghini (1500-1556), botaniste italien et professeur de botanique \u00e0 Bologne. Son herbier de 300 plantes n\u2019a pas \u00e9t\u00e9 conserv\u00e9. Un des plus anciens est probablement celui de F\u00e9lix Platter (1536-1614), m\u00e9decin \u00e0 B\u00e2le. John Falconer est probablement le premier Britannique \u00e0 utiliser la m\u00e9thode de s\u00e9chage de plantes pour r\u00e9aliser des herbiers mise au point par Luca Ghini. Au Mus\u00e9um national d&#039;histoire naturelle de Paris est conserv\u00e9 un herbier datant de 1558, un petit volume reli\u00e9 contenant 313 plantes r\u00e9colt\u00e9es par Jehan Girault, \u00ab pour l&#039;heure \u00e9tudiant en chirurgie \u00bb \u00e0 Lyon.  \u2014-  Envoi rapide et soign\u00e9\" \/>\n<meta property=\"og:url\" content=\"https:\/\/le-grenier.org\/index.php\/produit\/herbarium-a-brun\/\" \/>\n<meta property=\"og:site_name\" content=\"Le Grenier - brocante et am\u00e9nagement\" \/>\n<meta property=\"article:modified_time\" content=\"2022-08-28T22:11:36+00:00\" \/>\n<meta property=\"og:image\" content=\"http:\/\/le-grenier.org\/wp-content\/uploads\/2022\/08\/29DC8DBE-BD86-4373-8F1E-366F987B5D36.jpeg\" \/>\n\t<meta property=\"og:image:width\" content=\"1433\" \/>\n\t<meta property=\"og:image:height\" content=\"1432\" \/>\n\t<meta property=\"og:image:type\" content=\"image\/jpeg\" \/>\n<meta name=\"twitter:card\" content=\"summary_large_image\" \/>\n<script type=\"application\/ld+json\" class=\"yoast-schema-graph\">{\"@context\":\"https:\/\/schema.org\",\"@graph\":[{\"@type\":\"WebSite\",\"@id\":\"https:\/\/le-grenier.org\/#website\",\"url\":\"https:\/\/le-grenier.org\/\",\"name\":\"Le Grenier - brocante et am\\u00e9nagement\",\"description\":\"\",\"potentialAction\":[{\"@type\":\"SearchAction\",\"target\":{\"@type\":\"EntryPoint\",\"urlTemplate\":\"https:\/\/le-grenier.org\/?s={search_term_string}\"},\"query-input\":\"required name=search_term_string\"}],\"inLanguage\":\"fr-FR\"},{\"@type\":\"ImageObject\",\"@id\":\"https:\/\/le-grenier.org\/index.php\/produit\/herbarium-a-brun\/#primaryimage\",\"inLanguage\":\"fr-FR\",\"url\":\"https:\/\/le-grenier.org\/wp-content\/uploads\/2022\/08\/29DC8DBE-BD86-4373-8F1E-366F987B5D36.jpeg\",\"contentUrl\":\"https:\/\/le-grenier.org\/wp-content\/uploads\/2022\/08\/29DC8DBE-BD86-4373-8F1E-366F987B5D36.jpeg\",\"width\":1433,\"height\":1432},{\"@type\":\"WebPage\",\"@id\":\"https:\/\/le-grenier.org\/index.php\/produit\/herbarium-a-brun\/#webpage\",\"url\":\"https:\/\/le-grenier.org\/index.php\/produit\/herbarium-a-brun\/\",\"name\":\"Herbarium A.Brun - Le Grenier - brocante et am\\u00e9nagement\",\"isPartOf\":{\"@id\":\"https:\/\/le-grenier.org\/#website\"},\"primaryImageOfPage\":{\"@id\":\"https:\/\/le-grenier.org\/index.php\/produit\/herbarium-a-brun\/#primaryimage\"},\"datePublished\":\"2022-08-27T13:45:24+00:00\",\"dateModified\":\"2022-08-28T22:11:36+00:00\",\"breadcrumb\":{\"@id\":\"https:\/\/le-grenier.org\/index.php\/produit\/herbarium-a-brun\/#breadcrumb\"},\"inLanguage\":\"fr-FR\",\"potentialAction\":[{\"@type\":\"ReadAction\",\"target\":[\"https:\/\/le-grenier.org\/index.php\/produit\/herbarium-a-brun\/\"]}]},{\"@type\":\"BreadcrumbList\",\"@id\":\"https:\/\/le-grenier.org\/index.php\/produit\/herbarium-a-brun\/#breadcrumb\",\"itemListElement\":[{\"@type\":\"ListItem\",\"position\":1,\"name\":\"Accueil\",\"item\":\"https:\/\/le-grenier.org\/\"},{\"@type\":\"ListItem\",\"position\":2,\"name\":\"Boutique en ligne\",\"item\":\"https:\/\/le-grenier.org\/\"},{\"@type\":\"ListItem\",\"position\":3,\"name\":\"Herbarium A.Brun\"}]}]}<\/script>\n<!-- \/ Yoast SEO plugin. -->","yoast_head_json":{"title":"Herbarium A.Brun - Le Grenier - brocante et am\u00e9nagement","robots":{"index":"index","follow":"follow","max-snippet":"max-snippet:-1","max-image-preview":"max-image-preview:large","max-video-preview":"max-video-preview:-1"},"canonical":"https:\/\/le-grenier.org\/index.php\/produit\/herbarium-a-brun\/","og_locale":"fr_FR","og_type":"article","og_title":"Herbarium A.Brun - Le Grenier - brocante et am\u00e9nagement","og_description":"V\u00e9ritables planches d\u2019herbier \u00c0.Brun ancien Vendues par trois, nombreux autres exemplaires disponibles (me contacter)  Papilionacea Vicia Juin 1878 Grande chartreuse - Is\u00e8re  Dicotyl\u00e9edonees Caliciflores Papilionacea Lens Juillet 1872 Cantal  Rare Papilionacea Coronilla Juin 1896 Algerie  Taille : 45x30cm Vitre en verre en excellent \u00e9tat  \u2014-  L\u2019inventeur de l\u2019herbier serait Luca Ghini (1500-1556), botaniste italien et professeur de botanique \u00e0 Bologne. Son herbier de 300 plantes n\u2019a pas \u00e9t\u00e9 conserv\u00e9. Un des plus anciens est probablement celui de F\u00e9lix Platter (1536-1614), m\u00e9decin \u00e0 B\u00e2le. John Falconer est probablement le premier Britannique \u00e0 utiliser la m\u00e9thode de s\u00e9chage de plantes pour r\u00e9aliser des herbiers mise au point par Luca Ghini. Au Mus\u00e9um national d'histoire naturelle de Paris est conserv\u00e9 un herbier datant de 1558, un petit volume reli\u00e9 contenant 313 plantes r\u00e9colt\u00e9es par Jehan Girault, \u00ab pour l'heure \u00e9tudiant en chirurgie \u00bb \u00e0 Lyon.  \u2014-  Envoi rapide et soign\u00e9","og_url":"https:\/\/le-grenier.org\/index.php\/produit\/herbarium-a-brun\/","og_site_name":"Le Grenier - brocante et am\u00e9nagement","article_modified_time":"2022-08-28T22:11:36+00:00","og_image":[{"width":1433,"height":1432,"url":"http:\/\/le-grenier.org\/wp-content\/uploads\/2022\/08\/29DC8DBE-BD86-4373-8F1E-366F987B5D36.jpeg","type":"image\/jpeg"}],"twitter_card":"summary_large_image","schema":{"@context":"https:\/\/schema.org","@graph":[{"@type":"WebSite","@id":"https:\/\/le-grenier.org\/#website","url":"https:\/\/le-grenier.org\/","name":"Le Grenier - brocante et am\u00e9nagement","description":"","potentialAction":[{"@type":"SearchAction","target":{"@type":"EntryPoint","urlTemplate":"https:\/\/le-grenier.org\/?s={search_term_string}"},"query-input":"required name=search_term_string"}],"inLanguage":"fr-FR"},{"@type":"ImageObject","@id":"https:\/\/le-grenier.org\/index.php\/produit\/herbarium-a-brun\/#primaryimage","inLanguage":"fr-FR","url":"https:\/\/le-grenier.org\/wp-content\/uploads\/2022\/08\/29DC8DBE-BD86-4373-8F1E-366F987B5D36.jpeg","contentUrl":"https:\/\/le-grenier.org\/wp-content\/uploads\/2022\/08\/29DC8DBE-BD86-4373-8F1E-366F987B5D36.jpeg","width":1433,"height":1432},{"@type":"WebPage","@id":"https:\/\/le-grenier.org\/index.php\/produit\/herbarium-a-brun\/#webpage","url":"https:\/\/le-grenier.org\/index.php\/produit\/herbarium-a-brun\/","name":"Herbarium A.Brun - Le Grenier - brocante et am\u00e9nagement","isPartOf":{"@id":"https:\/\/le-grenier.org\/#website"},"primaryImageOfPage":{"@id":"https:\/\/le-grenier.org\/index.php\/produit\/herbarium-a-brun\/#primaryimage"},"datePublished":"2022-08-27T13:45:24+00:00","dateModified":"2022-08-28T22:11:36+00:00","breadcrumb":{"@id":"https:\/\/le-grenier.org\/index.php\/produit\/herbarium-a-brun\/#breadcrumb"},"inLanguage":"fr-FR","potentialAction":[{"@type":"ReadAction","target":["https:\/\/le-grenier.org\/index.php\/produit\/herbarium-a-brun\/"]}]},{"@type":"BreadcrumbList","@id":"https:\/\/le-grenier.org\/index.php\/produit\/herbarium-a-brun\/#breadcrumb","itemListElement":[{"@type":"ListItem","position":1,"name":"Accueil","item":"https:\/\/le-grenier.org\/"},{"@type":"ListItem","position":2,"name":"Boutique en ligne","item":"https:\/\/le-grenier.org\/"},{"@type":"ListItem","position":3,"name":"Herbarium A.Brun"}]}]}},"_links":{"self":[{"href":"https:\/\/le-grenier.org\/index.php\/wp-json\/wp\/v2\/product\/53170"}],"collection":[{"href":"https:\/\/le-grenier.org\/index.php\/wp-json\/wp\/v2\/product"}],"about":[{"href":"https:\/\/le-grenier.org\/index.php\/wp-json\/wp\/v2\/types\/product"}],"wp:featuredmedia":[{"embeddable":true,"href":"https:\/\/le-grenier.org\/index.php\/wp-json\/wp\/v2\/media\/53187"}],"wp:attachment":[{"href":"https:\/\/le-grenier.org\/index.php\/wp-json\/wp\/v2\/media?parent=53170"}],"wp:term":[{"taxonomy":"product_cat","embeddable":true,"href":"https:\/\/le-grenier.org\/index.php\/wp-json\/wp\/v2\/product_cat?post=53170"},{"taxonomy":"product_tag","embeddable":true,"href":"https:\/\/le-grenier.org\/index.php\/wp-json\/wp\/v2\/product_tag?post=53170"}],"curies":[{"name":"wp","href":"https:\/\/api.w.org\/{rel}","templated":true}]}}