{"id":53302,"date":"2022-09-06T17:40:48","date_gmt":"2022-09-06T15:40:48","guid":{"rendered":"https:\/\/le-grenier.org\/?post_type=product&#038;p=53302"},"modified":"2022-09-06T17:40:48","modified_gmt":"2022-09-06T15:40:48","slug":"bougie-mint","status":"publish","type":"product","link":"https:\/\/le-grenier.org\/index.php\/produit\/bougie-mint\/","title":{"rendered":"Bougie mint"},"content":{"rendered":"","protected":false},"excerpt":{"rendered":"<p>Bougie parfum\u00e9e en cire de soja naturelle, fabriqu\u00e9e exclusivement \u00e0 la main.<\/p>\n<p>Couleur : mint<br \/>\n\u2713 Mat\u00e9riel: cire de soja, huile parfum\u00e9e, peinture \u00e0 la cire, m\u00e8che de coton<br \/>\n\u2713 Dimensions: H 15cm<br \/>\n\u2713 Temps de combustion: environ 12 heures<\/p>\n<p>produit neuf dans son emballage<\/p>\n<p>plusieurs exemplaires disponibles<\/p>\n","protected":false},"featured_media":53304,"template":"","meta":{"ngg_post_thumbnail":0},"product_cat":[38,23],"product_tag":[],"yoast_head":"<!-- This site is optimized with the Yoast SEO plugin v17.9 - https:\/\/yoast.com\/wordpress\/plugins\/seo\/ -->\n<title>Bougie mint - Le Grenier - brocante et am\u00e9nagement<\/title>\n<meta name=\"robots\" content=\"index, follow, max-snippet:-1, max-image-preview:large, max-video-preview:-1\" \/>\n<link rel=\"canonical\" href=\"https:\/\/le-grenier.org\/index.php\/produit\/bougie-mint\/\" \/>\n<meta property=\"og:locale\" content=\"fr_FR\" \/>\n<meta property=\"og:type\" content=\"article\" \/>\n<meta property=\"og:title\" content=\"Bougie mint - Le Grenier - brocante et am\u00e9nagement\" \/>\n<meta property=\"og:description\" content=\"Bougie parfum\u00e9e en cire de soja naturelle, fabriqu\u00e9e exclusivement \u00e0 la main.  Couleur : mint \u2713 Mat\u00e9riel: cire de soja, huile parfum\u00e9e, peinture \u00e0 la cire, m\u00e8che de coton \u2713 Dimensions: H 15cm \u2713 Temps de combustion: environ 12 heures  produit neuf dans son emballage  plusieurs exemplaires disponibles\" \/>\n<meta property=\"og:url\" content=\"https:\/\/le-grenier.org\/index.php\/produit\/bougie-mint\/\" \/>\n<meta property=\"og:site_name\" content=\"Le Grenier - brocante et am\u00e9nagement\" \/>\n<meta property=\"og:image\" content=\"http:\/\/le-grenier.org\/wp-content\/uploads\/2022\/09\/B2540FA5-1CCC-4F30-8683-A99E07F2B8F9.jpeg\" \/>\n\t<meta property=\"og:image:width\" content=\"1440\" \/>\n\t<meta property=\"og:image:height\" content=\"1439\" \/>\n\t<meta property=\"og:image:type\" content=\"image\/jpeg\" \/>\n<meta name=\"twitter:card\" content=\"summary_large_image\" \/>\n<script type=\"application\/ld+json\" class=\"yoast-schema-graph\">{\"@context\":\"https:\/\/schema.org\",\"@graph\":[{\"@type\":\"WebSite\",\"@id\":\"https:\/\/le-grenier.org\/#website\",\"url\":\"https:\/\/le-grenier.org\/\",\"name\":\"Le Grenier - brocante et am\\u00e9nagement\",\"description\":\"\",\"potentialAction\":[{\"@type\":\"SearchAction\",\"target\":{\"@type\":\"EntryPoint\",\"urlTemplate\":\"https:\/\/le-grenier.org\/?s={search_term_string}\"},\"query-input\":\"required name=search_term_string\"}],\"inLanguage\":\"fr-FR\"},{\"@type\":\"ImageObject\",\"@id\":\"https:\/\/le-grenier.org\/index.php\/produit\/bougie-mint\/#primaryimage\",\"inLanguage\":\"fr-FR\",\"url\":\"https:\/\/le-grenier.org\/wp-content\/uploads\/2022\/09\/B2540FA5-1CCC-4F30-8683-A99E07F2B8F9.jpeg\",\"contentUrl\":\"https:\/\/le-grenier.org\/wp-content\/uploads\/2022\/09\/B2540FA5-1CCC-4F30-8683-A99E07F2B8F9.jpeg\",\"width\":1440,\"height\":1439},{\"@type\":\"WebPage\",\"@id\":\"https:\/\/le-grenier.org\/index.php\/produit\/bougie-mint\/#webpage\",\"url\":\"https:\/\/le-grenier.org\/index.php\/produit\/bougie-mint\/\",\"name\":\"Bougie mint - Le Grenier - brocante et am\\u00e9nagement\",\"isPartOf\":{\"@id\":\"https:\/\/le-grenier.org\/#website\"},\"primaryImageOfPage\":{\"@id\":\"https:\/\/le-grenier.org\/index.php\/produit\/bougie-mint\/#primaryimage\"},\"datePublished\":\"2022-09-06T15:40:48+00:00\",\"dateModified\":\"2022-09-06T15:40:48+00:00\",\"breadcrumb\":{\"@id\":\"https:\/\/le-grenier.org\/index.php\/produit\/bougie-mint\/#breadcrumb\"},\"inLanguage\":\"fr-FR\",\"potentialAction\":[{\"@type\":\"ReadAction\",\"target\":[\"https:\/\/le-grenier.org\/index.php\/produit\/bougie-mint\/\"]}]},{\"@type\":\"BreadcrumbList\",\"@id\":\"https:\/\/le-grenier.org\/index.php\/produit\/bougie-mint\/#breadcrumb\",\"itemListElement\":[{\"@type\":\"ListItem\",\"position\":1,\"name\":\"Accueil\",\"item\":\"https:\/\/le-grenier.org\/\"},{\"@type\":\"ListItem\",\"position\":2,\"name\":\"Boutique en ligne\",\"item\":\"https:\/\/le-grenier.org\/\"},{\"@type\":\"ListItem\",\"position\":3,\"name\":\"Bougie mint\"}]}]}<\/script>\n<!-- \/ Yoast SEO plugin. -->","yoast_head_json":{"title":"Bougie mint - Le Grenier - brocante et am\u00e9nagement","robots":{"index":"index","follow":"follow","max-snippet":"max-snippet:-1","max-image-preview":"max-image-preview:large","max-video-preview":"max-video-preview:-1"},"canonical":"https:\/\/le-grenier.org\/index.php\/produit\/bougie-mint\/","og_locale":"fr_FR","og_type":"article","og_title":"Bougie mint - Le Grenier - brocante et am\u00e9nagement","og_description":"Bougie parfum\u00e9e en cire de soja naturelle, fabriqu\u00e9e exclusivement \u00e0 la main.  Couleur : mint \u2713 Mat\u00e9riel: cire de soja, huile parfum\u00e9e, peinture \u00e0 la cire, m\u00e8che de coton \u2713 Dimensions: H 15cm \u2713 Temps de combustion: environ 12 heures  produit neuf dans son emballage  plusieurs exemplaires disponibles","og_url":"https:\/\/le-grenier.org\/index.php\/produit\/bougie-mint\/","og_site_name":"Le Grenier - brocante et am\u00e9nagement","og_image":[{"width":1440,"height":1439,"url":"http:\/\/le-grenier.org\/wp-content\/uploads\/2022\/09\/B2540FA5-1CCC-4F30-8683-A99E07F2B8F9.jpeg","type":"image\/jpeg"}],"twitter_card":"summary_large_image","schema":{"@context":"https:\/\/schema.org","@graph":[{"@type":"WebSite","@id":"https:\/\/le-grenier.org\/#website","url":"https:\/\/le-grenier.org\/","name":"Le Grenier - brocante et am\u00e9nagement","description":"","potentialAction":[{"@type":"SearchAction","target":{"@type":"EntryPoint","urlTemplate":"https:\/\/le-grenier.org\/?s={search_term_string}"},"query-input":"required name=search_term_string"}],"inLanguage":"fr-FR"},{"@type":"ImageObject","@id":"https:\/\/le-grenier.org\/index.php\/produit\/bougie-mint\/#primaryimage","inLanguage":"fr-FR","url":"https:\/\/le-grenier.org\/wp-content\/uploads\/2022\/09\/B2540FA5-1CCC-4F30-8683-A99E07F2B8F9.jpeg","contentUrl":"https:\/\/le-grenier.org\/wp-content\/uploads\/2022\/09\/B2540FA5-1CCC-4F30-8683-A99E07F2B8F9.jpeg","width":1440,"height":1439},{"@type":"WebPage","@id":"https:\/\/le-grenier.org\/index.php\/produit\/bougie-mint\/#webpage","url":"https:\/\/le-grenier.org\/index.php\/produit\/bougie-mint\/","name":"Bougie mint - Le Grenier - brocante et am\u00e9nagement","isPartOf":{"@id":"https:\/\/le-grenier.org\/#website"},"primaryImageOfPage":{"@id":"https:\/\/le-grenier.org\/index.php\/produit\/bougie-mint\/#primaryimage"},"datePublished":"2022-09-06T15:40:48+00:00","dateModified":"2022-09-06T15:40:48+00:00","breadcrumb":{"@id":"https:\/\/le-grenier.org\/index.php\/produit\/bougie-mint\/#breadcrumb"},"inLanguage":"fr-FR","potentialAction":[{"@type":"ReadAction","target":["https:\/\/le-grenier.org\/index.php\/produit\/bougie-mint\/"]}]},{"@type":"BreadcrumbList","@id":"https:\/\/le-grenier.org\/index.php\/produit\/bougie-mint\/#breadcrumb","itemListElement":[{"@type":"ListItem","position":1,"name":"Accueil","item":"https:\/\/le-grenier.org\/"},{"@type":"ListItem","position":2,"name":"Boutique en ligne","item":"https:\/\/le-grenier.org\/"},{"@type":"ListItem","position":3,"name":"Bougie mint"}]}]}},"_links":{"self":[{"href":"https:\/\/le-grenier.org\/index.php\/wp-json\/wp\/v2\/product\/53302"}],"collection":[{"href":"https:\/\/le-grenier.org\/index.php\/wp-json\/wp\/v2\/product"}],"about":[{"href":"https:\/\/le-grenier.org\/index.php\/wp-json\/wp\/v2\/types\/product"}],"wp:featuredmedia":[{"embeddable":true,"href":"https:\/\/le-grenier.org\/index.php\/wp-json\/wp\/v2\/media\/53304"}],"wp:attachment":[{"href":"https:\/\/le-grenier.org\/index.php\/wp-json\/wp\/v2\/media?parent=53302"}],"wp:term":[{"taxonomy":"product_cat","embeddable":true,"href":"https:\/\/le-grenier.org\/index.php\/wp-json\/wp\/v2\/product_cat?post=53302"},{"taxonomy":"product_tag","embeddable":true,"href":"https:\/\/le-grenier.org\/index.php\/wp-json\/wp\/v2\/product_tag?post=53302"}],"curies":[{"name":"wp","href":"https:\/\/api.w.org\/{rel}","templated":true}]}}