{"id":53394,"date":"2022-09-15T08:56:56","date_gmt":"2022-09-15T06:56:56","guid":{"rendered":"https:\/\/le-grenier.org\/?post_type=product&#038;p=53394"},"modified":"2022-09-15T08:58:44","modified_gmt":"2022-09-15T06:58:44","slug":"etagere-art-deco","status":"publish","type":"product","link":"https:\/\/le-grenier.org\/index.php\/produit\/etagere-art-deco\/","title":{"rendered":"\u00c9tag\u00e8re Art D\u00e9co"},"content":{"rendered":"","protected":false},"excerpt":{"rendered":"<p>Petite \u00e9tag\u00e8re de toilettes de style Art D\u00e9co<br \/>\n\u00c0 poser<br \/>\nUn tiroir fleuri<br \/>\nTr\u00e8s bon \u00e9tat<\/p>\n","protected":false},"featured_media":53397,"template":"","meta":{"ngg_post_thumbnail":0},"product_cat":[56,33,22,27],"product_tag":[],"yoast_head":"<!-- This site is optimized with the Yoast SEO plugin v17.9 - https:\/\/yoast.com\/wordpress\/plugins\/seo\/ -->\n<title>\u00c9tag\u00e8re Art D\u00e9co - Le Grenier - brocante et am\u00e9nagement<\/title>\n<meta name=\"robots\" content=\"index, follow, max-snippet:-1, max-image-preview:large, max-video-preview:-1\" \/>\n<link rel=\"canonical\" href=\"https:\/\/le-grenier.org\/index.php\/produit\/etagere-art-deco\/\" \/>\n<meta property=\"og:locale\" content=\"fr_FR\" \/>\n<meta property=\"og:type\" content=\"article\" \/>\n<meta property=\"og:title\" content=\"\u00c9tag\u00e8re Art D\u00e9co - Le Grenier - brocante et am\u00e9nagement\" \/>\n<meta property=\"og:description\" content=\"Petite \u00e9tag\u00e8re de toilettes de style Art D\u00e9co \u00c0 poser Un tiroir fleuri Tr\u00e8s bon \u00e9tat\" \/>\n<meta property=\"og:url\" content=\"https:\/\/le-grenier.org\/index.php\/produit\/etagere-art-deco\/\" \/>\n<meta property=\"og:site_name\" content=\"Le Grenier - brocante et am\u00e9nagement\" \/>\n<meta property=\"article:modified_time\" content=\"2022-09-15T06:58:44+00:00\" \/>\n<meta property=\"og:image\" content=\"http:\/\/le-grenier.org\/wp-content\/uploads\/2022\/09\/8D4EE90A-E233-41C6-991D-5B47D5E01227.jpeg\" \/>\n\t<meta property=\"og:image:width\" content=\"1440\" \/>\n\t<meta property=\"og:image:height\" content=\"1440\" \/>\n\t<meta property=\"og:image:type\" content=\"image\/jpeg\" \/>\n<meta name=\"twitter:card\" content=\"summary_large_image\" \/>\n<script type=\"application\/ld+json\" class=\"yoast-schema-graph\">{\"@context\":\"https:\/\/schema.org\",\"@graph\":[{\"@type\":\"WebSite\",\"@id\":\"https:\/\/le-grenier.org\/#website\",\"url\":\"https:\/\/le-grenier.org\/\",\"name\":\"Le Grenier - brocante et am\\u00e9nagement\",\"description\":\"\",\"potentialAction\":[{\"@type\":\"SearchAction\",\"target\":{\"@type\":\"EntryPoint\",\"urlTemplate\":\"https:\/\/le-grenier.org\/?s={search_term_string}\"},\"query-input\":\"required name=search_term_string\"}],\"inLanguage\":\"fr-FR\"},{\"@type\":\"ImageObject\",\"@id\":\"https:\/\/le-grenier.org\/index.php\/produit\/etagere-art-deco\/#primaryimage\",\"inLanguage\":\"fr-FR\",\"url\":\"https:\/\/le-grenier.org\/wp-content\/uploads\/2022\/09\/8D4EE90A-E233-41C6-991D-5B47D5E01227.jpeg\",\"contentUrl\":\"https:\/\/le-grenier.org\/wp-content\/uploads\/2022\/09\/8D4EE90A-E233-41C6-991D-5B47D5E01227.jpeg\",\"width\":1440,\"height\":1440},{\"@type\":\"WebPage\",\"@id\":\"https:\/\/le-grenier.org\/index.php\/produit\/etagere-art-deco\/#webpage\",\"url\":\"https:\/\/le-grenier.org\/index.php\/produit\/etagere-art-deco\/\",\"name\":\"\\u00c9tag\\u00e8re Art D\\u00e9co - Le Grenier - brocante et am\\u00e9nagement\",\"isPartOf\":{\"@id\":\"https:\/\/le-grenier.org\/#website\"},\"primaryImageOfPage\":{\"@id\":\"https:\/\/le-grenier.org\/index.php\/produit\/etagere-art-deco\/#primaryimage\"},\"datePublished\":\"2022-09-15T06:56:56+00:00\",\"dateModified\":\"2022-09-15T06:58:44+00:00\",\"breadcrumb\":{\"@id\":\"https:\/\/le-grenier.org\/index.php\/produit\/etagere-art-deco\/#breadcrumb\"},\"inLanguage\":\"fr-FR\",\"potentialAction\":[{\"@type\":\"ReadAction\",\"target\":[\"https:\/\/le-grenier.org\/index.php\/produit\/etagere-art-deco\/\"]}]},{\"@type\":\"BreadcrumbList\",\"@id\":\"https:\/\/le-grenier.org\/index.php\/produit\/etagere-art-deco\/#breadcrumb\",\"itemListElement\":[{\"@type\":\"ListItem\",\"position\":1,\"name\":\"Accueil\",\"item\":\"https:\/\/le-grenier.org\/\"},{\"@type\":\"ListItem\",\"position\":2,\"name\":\"Boutique en ligne\",\"item\":\"https:\/\/le-grenier.org\/\"},{\"@type\":\"ListItem\",\"position\":3,\"name\":\"\\u00c9tag\\u00e8re Art D\\u00e9co\"}]}]}<\/script>\n<!-- \/ Yoast SEO plugin. -->","yoast_head_json":{"title":"\u00c9tag\u00e8re Art D\u00e9co - Le Grenier - brocante et am\u00e9nagement","robots":{"index":"index","follow":"follow","max-snippet":"max-snippet:-1","max-image-preview":"max-image-preview:large","max-video-preview":"max-video-preview:-1"},"canonical":"https:\/\/le-grenier.org\/index.php\/produit\/etagere-art-deco\/","og_locale":"fr_FR","og_type":"article","og_title":"\u00c9tag\u00e8re Art D\u00e9co - Le Grenier - brocante et am\u00e9nagement","og_description":"Petite \u00e9tag\u00e8re de toilettes de style Art D\u00e9co \u00c0 poser Un tiroir fleuri Tr\u00e8s bon \u00e9tat","og_url":"https:\/\/le-grenier.org\/index.php\/produit\/etagere-art-deco\/","og_site_name":"Le Grenier - brocante et am\u00e9nagement","article_modified_time":"2022-09-15T06:58:44+00:00","og_image":[{"width":1440,"height":1440,"url":"http:\/\/le-grenier.org\/wp-content\/uploads\/2022\/09\/8D4EE90A-E233-41C6-991D-5B47D5E01227.jpeg","type":"image\/jpeg"}],"twitter_card":"summary_large_image","schema":{"@context":"https:\/\/schema.org","@graph":[{"@type":"WebSite","@id":"https:\/\/le-grenier.org\/#website","url":"https:\/\/le-grenier.org\/","name":"Le Grenier - brocante et am\u00e9nagement","description":"","potentialAction":[{"@type":"SearchAction","target":{"@type":"EntryPoint","urlTemplate":"https:\/\/le-grenier.org\/?s={search_term_string}"},"query-input":"required name=search_term_string"}],"inLanguage":"fr-FR"},{"@type":"ImageObject","@id":"https:\/\/le-grenier.org\/index.php\/produit\/etagere-art-deco\/#primaryimage","inLanguage":"fr-FR","url":"https:\/\/le-grenier.org\/wp-content\/uploads\/2022\/09\/8D4EE90A-E233-41C6-991D-5B47D5E01227.jpeg","contentUrl":"https:\/\/le-grenier.org\/wp-content\/uploads\/2022\/09\/8D4EE90A-E233-41C6-991D-5B47D5E01227.jpeg","width":1440,"height":1440},{"@type":"WebPage","@id":"https:\/\/le-grenier.org\/index.php\/produit\/etagere-art-deco\/#webpage","url":"https:\/\/le-grenier.org\/index.php\/produit\/etagere-art-deco\/","name":"\u00c9tag\u00e8re Art D\u00e9co - Le Grenier - brocante et am\u00e9nagement","isPartOf":{"@id":"https:\/\/le-grenier.org\/#website"},"primaryImageOfPage":{"@id":"https:\/\/le-grenier.org\/index.php\/produit\/etagere-art-deco\/#primaryimage"},"datePublished":"2022-09-15T06:56:56+00:00","dateModified":"2022-09-15T06:58:44+00:00","breadcrumb":{"@id":"https:\/\/le-grenier.org\/index.php\/produit\/etagere-art-deco\/#breadcrumb"},"inLanguage":"fr-FR","potentialAction":[{"@type":"ReadAction","target":["https:\/\/le-grenier.org\/index.php\/produit\/etagere-art-deco\/"]}]},{"@type":"BreadcrumbList","@id":"https:\/\/le-grenier.org\/index.php\/produit\/etagere-art-deco\/#breadcrumb","itemListElement":[{"@type":"ListItem","position":1,"name":"Accueil","item":"https:\/\/le-grenier.org\/"},{"@type":"ListItem","position":2,"name":"Boutique en ligne","item":"https:\/\/le-grenier.org\/"},{"@type":"ListItem","position":3,"name":"\u00c9tag\u00e8re Art D\u00e9co"}]}]}},"_links":{"self":[{"href":"https:\/\/le-grenier.org\/index.php\/wp-json\/wp\/v2\/product\/53394"}],"collection":[{"href":"https:\/\/le-grenier.org\/index.php\/wp-json\/wp\/v2\/product"}],"about":[{"href":"https:\/\/le-grenier.org\/index.php\/wp-json\/wp\/v2\/types\/product"}],"wp:featuredmedia":[{"embeddable":true,"href":"https:\/\/le-grenier.org\/index.php\/wp-json\/wp\/v2\/media\/53397"}],"wp:attachment":[{"href":"https:\/\/le-grenier.org\/index.php\/wp-json\/wp\/v2\/media?parent=53394"}],"wp:term":[{"taxonomy":"product_cat","embeddable":true,"href":"https:\/\/le-grenier.org\/index.php\/wp-json\/wp\/v2\/product_cat?post=53394"},{"taxonomy":"product_tag","embeddable":true,"href":"https:\/\/le-grenier.org\/index.php\/wp-json\/wp\/v2\/product_tag?post=53394"}],"curies":[{"name":"wp","href":"https:\/\/api.w.org\/{rel}","templated":true}]}}