{"id":53895,"date":"2022-11-22T15:41:15","date_gmt":"2022-11-22T14:41:15","guid":{"rendered":"https:\/\/le-grenier.org\/?post_type=product&#038;p=53895"},"modified":"2022-11-23T12:35:55","modified_gmt":"2022-11-23T11:35:55","slug":"toile-bedouin","status":"publish","type":"product","link":"https:\/\/le-grenier.org\/index.php\/produit\/toile-bedouin\/","title":{"rendered":"Toile B\u00e9douin"},"content":{"rendered":"","protected":false},"excerpt":{"rendered":"<p>Estimation Drouot : 200\/300\u20ac<\/p>\n<p>Portrait sign\u00e9 E V Weinmann<br \/>\nRepr\u00e9sentant un B\u00e9douin<br \/>\n45x55cm<br \/>\nToile accident\u00e9e sur les bords, voir photo<br \/>\n\u2014-<br \/>\nExp\u00e9dition rapide et soign\u00e9e<\/p>\n","protected":false},"featured_media":53902,"template":"","meta":{"ngg_post_thumbnail":0},"product_cat":[60,50,55],"product_tag":[],"yoast_head":"<!-- This site is optimized with the Yoast SEO plugin v17.9 - https:\/\/yoast.com\/wordpress\/plugins\/seo\/ -->\n<title>Toile B\u00e9douin - Le Grenier - brocante et am\u00e9nagement<\/title>\n<meta name=\"robots\" content=\"index, follow, max-snippet:-1, max-image-preview:large, max-video-preview:-1\" \/>\n<link rel=\"canonical\" href=\"https:\/\/le-grenier.org\/index.php\/produit\/toile-bedouin\/\" \/>\n<meta property=\"og:locale\" content=\"fr_FR\" \/>\n<meta property=\"og:type\" content=\"article\" \/>\n<meta property=\"og:title\" content=\"Toile B\u00e9douin - Le Grenier - brocante et am\u00e9nagement\" \/>\n<meta property=\"og:description\" content=\"Estimation Drouot : 200\/300\u20ac  Portrait sign\u00e9 E V Weinmann Repr\u00e9sentant un B\u00e9douin 45x55cm Toile accident\u00e9e sur les bords, voir photo \u2014- Exp\u00e9dition rapide et soign\u00e9e\" \/>\n<meta property=\"og:url\" content=\"https:\/\/le-grenier.org\/index.php\/produit\/toile-bedouin\/\" \/>\n<meta property=\"og:site_name\" content=\"Le Grenier - brocante et am\u00e9nagement\" \/>\n<meta property=\"article:modified_time\" content=\"2022-11-23T11:35:55+00:00\" \/>\n<meta property=\"og:image\" content=\"http:\/\/le-grenier.org\/wp-content\/uploads\/2022\/11\/DA142F14-E25A-4EDA-86E8-76884B093140.jpeg\" \/>\n\t<meta property=\"og:image:width\" content=\"1400\" \/>\n\t<meta property=\"og:image:height\" content=\"1419\" \/>\n\t<meta property=\"og:image:type\" content=\"image\/jpeg\" \/>\n<meta name=\"twitter:card\" content=\"summary_large_image\" \/>\n<script type=\"application\/ld+json\" class=\"yoast-schema-graph\">{\"@context\":\"https:\/\/schema.org\",\"@graph\":[{\"@type\":\"WebSite\",\"@id\":\"https:\/\/le-grenier.org\/#website\",\"url\":\"https:\/\/le-grenier.org\/\",\"name\":\"Le Grenier - brocante et am\\u00e9nagement\",\"description\":\"\",\"potentialAction\":[{\"@type\":\"SearchAction\",\"target\":{\"@type\":\"EntryPoint\",\"urlTemplate\":\"https:\/\/le-grenier.org\/?s={search_term_string}\"},\"query-input\":\"required name=search_term_string\"}],\"inLanguage\":\"fr-FR\"},{\"@type\":\"ImageObject\",\"@id\":\"https:\/\/le-grenier.org\/index.php\/produit\/toile-bedouin\/#primaryimage\",\"inLanguage\":\"fr-FR\",\"url\":\"https:\/\/le-grenier.org\/wp-content\/uploads\/2022\/11\/DA142F14-E25A-4EDA-86E8-76884B093140.jpeg\",\"contentUrl\":\"https:\/\/le-grenier.org\/wp-content\/uploads\/2022\/11\/DA142F14-E25A-4EDA-86E8-76884B093140.jpeg\",\"width\":1400,\"height\":1419},{\"@type\":\"WebPage\",\"@id\":\"https:\/\/le-grenier.org\/index.php\/produit\/toile-bedouin\/#webpage\",\"url\":\"https:\/\/le-grenier.org\/index.php\/produit\/toile-bedouin\/\",\"name\":\"Toile B\\u00e9douin - Le Grenier - brocante et am\\u00e9nagement\",\"isPartOf\":{\"@id\":\"https:\/\/le-grenier.org\/#website\"},\"primaryImageOfPage\":{\"@id\":\"https:\/\/le-grenier.org\/index.php\/produit\/toile-bedouin\/#primaryimage\"},\"datePublished\":\"2022-11-22T14:41:15+00:00\",\"dateModified\":\"2022-11-23T11:35:55+00:00\",\"breadcrumb\":{\"@id\":\"https:\/\/le-grenier.org\/index.php\/produit\/toile-bedouin\/#breadcrumb\"},\"inLanguage\":\"fr-FR\",\"potentialAction\":[{\"@type\":\"ReadAction\",\"target\":[\"https:\/\/le-grenier.org\/index.php\/produit\/toile-bedouin\/\"]}]},{\"@type\":\"BreadcrumbList\",\"@id\":\"https:\/\/le-grenier.org\/index.php\/produit\/toile-bedouin\/#breadcrumb\",\"itemListElement\":[{\"@type\":\"ListItem\",\"position\":1,\"name\":\"Accueil\",\"item\":\"https:\/\/le-grenier.org\/\"},{\"@type\":\"ListItem\",\"position\":2,\"name\":\"Boutique en ligne\",\"item\":\"https:\/\/le-grenier.org\/\"},{\"@type\":\"ListItem\",\"position\":3,\"name\":\"Toile B\\u00e9douin\"}]}]}<\/script>\n<!-- \/ Yoast SEO plugin. -->","yoast_head_json":{"title":"Toile B\u00e9douin - Le Grenier - brocante et am\u00e9nagement","robots":{"index":"index","follow":"follow","max-snippet":"max-snippet:-1","max-image-preview":"max-image-preview:large","max-video-preview":"max-video-preview:-1"},"canonical":"https:\/\/le-grenier.org\/index.php\/produit\/toile-bedouin\/","og_locale":"fr_FR","og_type":"article","og_title":"Toile B\u00e9douin - Le Grenier - brocante et am\u00e9nagement","og_description":"Estimation Drouot : 200\/300\u20ac  Portrait sign\u00e9 E V Weinmann Repr\u00e9sentant un B\u00e9douin 45x55cm Toile accident\u00e9e sur les bords, voir photo \u2014- Exp\u00e9dition rapide et soign\u00e9e","og_url":"https:\/\/le-grenier.org\/index.php\/produit\/toile-bedouin\/","og_site_name":"Le Grenier - brocante et am\u00e9nagement","article_modified_time":"2022-11-23T11:35:55+00:00","og_image":[{"width":1400,"height":1419,"url":"http:\/\/le-grenier.org\/wp-content\/uploads\/2022\/11\/DA142F14-E25A-4EDA-86E8-76884B093140.jpeg","type":"image\/jpeg"}],"twitter_card":"summary_large_image","schema":{"@context":"https:\/\/schema.org","@graph":[{"@type":"WebSite","@id":"https:\/\/le-grenier.org\/#website","url":"https:\/\/le-grenier.org\/","name":"Le Grenier - brocante et am\u00e9nagement","description":"","potentialAction":[{"@type":"SearchAction","target":{"@type":"EntryPoint","urlTemplate":"https:\/\/le-grenier.org\/?s={search_term_string}"},"query-input":"required name=search_term_string"}],"inLanguage":"fr-FR"},{"@type":"ImageObject","@id":"https:\/\/le-grenier.org\/index.php\/produit\/toile-bedouin\/#primaryimage","inLanguage":"fr-FR","url":"https:\/\/le-grenier.org\/wp-content\/uploads\/2022\/11\/DA142F14-E25A-4EDA-86E8-76884B093140.jpeg","contentUrl":"https:\/\/le-grenier.org\/wp-content\/uploads\/2022\/11\/DA142F14-E25A-4EDA-86E8-76884B093140.jpeg","width":1400,"height":1419},{"@type":"WebPage","@id":"https:\/\/le-grenier.org\/index.php\/produit\/toile-bedouin\/#webpage","url":"https:\/\/le-grenier.org\/index.php\/produit\/toile-bedouin\/","name":"Toile B\u00e9douin - Le Grenier - brocante et am\u00e9nagement","isPartOf":{"@id":"https:\/\/le-grenier.org\/#website"},"primaryImageOfPage":{"@id":"https:\/\/le-grenier.org\/index.php\/produit\/toile-bedouin\/#primaryimage"},"datePublished":"2022-11-22T14:41:15+00:00","dateModified":"2022-11-23T11:35:55+00:00","breadcrumb":{"@id":"https:\/\/le-grenier.org\/index.php\/produit\/toile-bedouin\/#breadcrumb"},"inLanguage":"fr-FR","potentialAction":[{"@type":"ReadAction","target":["https:\/\/le-grenier.org\/index.php\/produit\/toile-bedouin\/"]}]},{"@type":"BreadcrumbList","@id":"https:\/\/le-grenier.org\/index.php\/produit\/toile-bedouin\/#breadcrumb","itemListElement":[{"@type":"ListItem","position":1,"name":"Accueil","item":"https:\/\/le-grenier.org\/"},{"@type":"ListItem","position":2,"name":"Boutique en ligne","item":"https:\/\/le-grenier.org\/"},{"@type":"ListItem","position":3,"name":"Toile B\u00e9douin"}]}]}},"_links":{"self":[{"href":"https:\/\/le-grenier.org\/index.php\/wp-json\/wp\/v2\/product\/53895"}],"collection":[{"href":"https:\/\/le-grenier.org\/index.php\/wp-json\/wp\/v2\/product"}],"about":[{"href":"https:\/\/le-grenier.org\/index.php\/wp-json\/wp\/v2\/types\/product"}],"wp:featuredmedia":[{"embeddable":true,"href":"https:\/\/le-grenier.org\/index.php\/wp-json\/wp\/v2\/media\/53902"}],"wp:attachment":[{"href":"https:\/\/le-grenier.org\/index.php\/wp-json\/wp\/v2\/media?parent=53895"}],"wp:term":[{"taxonomy":"product_cat","embeddable":true,"href":"https:\/\/le-grenier.org\/index.php\/wp-json\/wp\/v2\/product_cat?post=53895"},{"taxonomy":"product_tag","embeddable":true,"href":"https:\/\/le-grenier.org\/index.php\/wp-json\/wp\/v2\/product_tag?post=53895"}],"curies":[{"name":"wp","href":"https:\/\/api.w.org\/{rel}","templated":true}]}}