{"id":54441,"date":"2023-02-10T09:30:47","date_gmt":"2023-02-10T08:30:47","guid":{"rendered":"https:\/\/le-grenier.org\/?post_type=product&#038;p=54441"},"modified":"2026-01-13T11:36:21","modified_gmt":"2026-01-13T10:36:21","slug":"jeu-de-quilles","status":"publish","type":"product","link":"https:\/\/le-grenier.org\/index.php\/produit\/jeu-de-quilles\/","title":{"rendered":"Jeu de quilles"},"content":{"rendered":"","protected":false},"excerpt":{"rendered":"<p>Ancien jeu de quilles en bois repr\u00e9sentant neuf personnages, provenant peut-\u00eatre d\u2019un ancien jeu r\u00e9gional ?<\/p>\n<p>Ils pr\u00e9sentent des Trous au niveau des hanches, comme pour y passer une tige, comme dans un baby-foot.<\/p>\n<p>voici une petite d\u00e9co sympathique \u00e0 glisser sur une chemin\u00e9e, ou dans une biblioth\u00e8que.<br \/>\nHAuteur : 20 cm<\/p>\n<p>Les quilles ont toutes \u00e9t\u00e9 trait\u00e9es contre les insectes xylophages et cir\u00e9es<\/p>\n","protected":false},"featured_media":54458,"template":"","meta":{"ngg_post_thumbnail":0},"product_cat":[40,26],"product_tag":[],"yoast_head":"<!-- This site is optimized with the Yoast SEO plugin v17.9 - https:\/\/yoast.com\/wordpress\/plugins\/seo\/ -->\n<title>Jeu de quilles - Le Grenier - brocante et am\u00e9nagement<\/title>\n<meta name=\"robots\" content=\"index, follow, max-snippet:-1, max-image-preview:large, max-video-preview:-1\" \/>\n<link rel=\"canonical\" href=\"https:\/\/le-grenier.org\/index.php\/produit\/jeu-de-quilles\/\" \/>\n<meta property=\"og:locale\" content=\"fr_FR\" \/>\n<meta property=\"og:type\" content=\"article\" \/>\n<meta property=\"og:title\" content=\"Jeu de quilles - Le Grenier - brocante et am\u00e9nagement\" \/>\n<meta property=\"og:description\" content=\"Ancien jeu de quilles en bois repr\u00e9sentant neuf personnages, provenant peut-\u00eatre d\u2019un ancien jeu r\u00e9gional ?  Ils pr\u00e9sentent des Trous au niveau des hanches, comme pour y passer une tige, comme dans un baby-foot.  voici une petite d\u00e9co sympathique \u00e0 glisser sur une chemin\u00e9e, ou dans une biblioth\u00e8que. HAuteur : 20 cm  Les quilles ont toutes \u00e9t\u00e9 trait\u00e9es contre les insectes xylophages et cir\u00e9es\" \/>\n<meta property=\"og:url\" content=\"https:\/\/le-grenier.org\/index.php\/produit\/jeu-de-quilles\/\" \/>\n<meta property=\"og:site_name\" content=\"Le Grenier - brocante et am\u00e9nagement\" \/>\n<meta property=\"article:modified_time\" content=\"2026-01-13T10:36:21+00:00\" \/>\n<meta property=\"og:image\" content=\"http:\/\/le-grenier.org\/wp-content\/uploads\/2023\/02\/FED8B0C9-7A40-4D38-8861-6FE6F1FDA27C.jpeg\" \/>\n\t<meta property=\"og:image:width\" content=\"1413\" \/>\n\t<meta property=\"og:image:height\" content=\"1419\" \/>\n\t<meta property=\"og:image:type\" content=\"image\/jpeg\" \/>\n<meta name=\"twitter:card\" content=\"summary_large_image\" \/>\n<script type=\"application\/ld+json\" class=\"yoast-schema-graph\">{\"@context\":\"https:\/\/schema.org\",\"@graph\":[{\"@type\":\"WebSite\",\"@id\":\"https:\/\/le-grenier.org\/#website\",\"url\":\"https:\/\/le-grenier.org\/\",\"name\":\"Le Grenier - brocante et am\\u00e9nagement\",\"description\":\"\",\"potentialAction\":[{\"@type\":\"SearchAction\",\"target\":{\"@type\":\"EntryPoint\",\"urlTemplate\":\"https:\/\/le-grenier.org\/?s={search_term_string}\"},\"query-input\":\"required name=search_term_string\"}],\"inLanguage\":\"fr-FR\"},{\"@type\":\"ImageObject\",\"@id\":\"https:\/\/le-grenier.org\/index.php\/produit\/jeu-de-quilles\/#primaryimage\",\"inLanguage\":\"fr-FR\",\"url\":\"https:\/\/le-grenier.org\/wp-content\/uploads\/2023\/02\/FED8B0C9-7A40-4D38-8861-6FE6F1FDA27C.jpeg\",\"contentUrl\":\"https:\/\/le-grenier.org\/wp-content\/uploads\/2023\/02\/FED8B0C9-7A40-4D38-8861-6FE6F1FDA27C.jpeg\",\"width\":1413,\"height\":1419},{\"@type\":\"WebPage\",\"@id\":\"https:\/\/le-grenier.org\/index.php\/produit\/jeu-de-quilles\/#webpage\",\"url\":\"https:\/\/le-grenier.org\/index.php\/produit\/jeu-de-quilles\/\",\"name\":\"Jeu de quilles - Le Grenier - brocante et am\\u00e9nagement\",\"isPartOf\":{\"@id\":\"https:\/\/le-grenier.org\/#website\"},\"primaryImageOfPage\":{\"@id\":\"https:\/\/le-grenier.org\/index.php\/produit\/jeu-de-quilles\/#primaryimage\"},\"datePublished\":\"2023-02-10T08:30:47+00:00\",\"dateModified\":\"2026-01-13T10:36:21+00:00\",\"breadcrumb\":{\"@id\":\"https:\/\/le-grenier.org\/index.php\/produit\/jeu-de-quilles\/#breadcrumb\"},\"inLanguage\":\"fr-FR\",\"potentialAction\":[{\"@type\":\"ReadAction\",\"target\":[\"https:\/\/le-grenier.org\/index.php\/produit\/jeu-de-quilles\/\"]}]},{\"@type\":\"BreadcrumbList\",\"@id\":\"https:\/\/le-grenier.org\/index.php\/produit\/jeu-de-quilles\/#breadcrumb\",\"itemListElement\":[{\"@type\":\"ListItem\",\"position\":1,\"name\":\"Accueil\",\"item\":\"https:\/\/le-grenier.org\/\"},{\"@type\":\"ListItem\",\"position\":2,\"name\":\"Boutique en ligne\",\"item\":\"https:\/\/le-grenier.org\/\"},{\"@type\":\"ListItem\",\"position\":3,\"name\":\"Jeu de quilles\"}]}]}<\/script>\n<!-- \/ Yoast SEO plugin. -->","yoast_head_json":{"title":"Jeu de quilles - Le Grenier - brocante et am\u00e9nagement","robots":{"index":"index","follow":"follow","max-snippet":"max-snippet:-1","max-image-preview":"max-image-preview:large","max-video-preview":"max-video-preview:-1"},"canonical":"https:\/\/le-grenier.org\/index.php\/produit\/jeu-de-quilles\/","og_locale":"fr_FR","og_type":"article","og_title":"Jeu de quilles - Le Grenier - brocante et am\u00e9nagement","og_description":"Ancien jeu de quilles en bois repr\u00e9sentant neuf personnages, provenant peut-\u00eatre d\u2019un ancien jeu r\u00e9gional ?  Ils pr\u00e9sentent des Trous au niveau des hanches, comme pour y passer une tige, comme dans un baby-foot.  voici une petite d\u00e9co sympathique \u00e0 glisser sur une chemin\u00e9e, ou dans une biblioth\u00e8que. HAuteur : 20 cm  Les quilles ont toutes \u00e9t\u00e9 trait\u00e9es contre les insectes xylophages et cir\u00e9es","og_url":"https:\/\/le-grenier.org\/index.php\/produit\/jeu-de-quilles\/","og_site_name":"Le Grenier - brocante et am\u00e9nagement","article_modified_time":"2026-01-13T10:36:21+00:00","og_image":[{"width":1413,"height":1419,"url":"http:\/\/le-grenier.org\/wp-content\/uploads\/2023\/02\/FED8B0C9-7A40-4D38-8861-6FE6F1FDA27C.jpeg","type":"image\/jpeg"}],"twitter_card":"summary_large_image","schema":{"@context":"https:\/\/schema.org","@graph":[{"@type":"WebSite","@id":"https:\/\/le-grenier.org\/#website","url":"https:\/\/le-grenier.org\/","name":"Le Grenier - brocante et am\u00e9nagement","description":"","potentialAction":[{"@type":"SearchAction","target":{"@type":"EntryPoint","urlTemplate":"https:\/\/le-grenier.org\/?s={search_term_string}"},"query-input":"required name=search_term_string"}],"inLanguage":"fr-FR"},{"@type":"ImageObject","@id":"https:\/\/le-grenier.org\/index.php\/produit\/jeu-de-quilles\/#primaryimage","inLanguage":"fr-FR","url":"https:\/\/le-grenier.org\/wp-content\/uploads\/2023\/02\/FED8B0C9-7A40-4D38-8861-6FE6F1FDA27C.jpeg","contentUrl":"https:\/\/le-grenier.org\/wp-content\/uploads\/2023\/02\/FED8B0C9-7A40-4D38-8861-6FE6F1FDA27C.jpeg","width":1413,"height":1419},{"@type":"WebPage","@id":"https:\/\/le-grenier.org\/index.php\/produit\/jeu-de-quilles\/#webpage","url":"https:\/\/le-grenier.org\/index.php\/produit\/jeu-de-quilles\/","name":"Jeu de quilles - Le Grenier - brocante et am\u00e9nagement","isPartOf":{"@id":"https:\/\/le-grenier.org\/#website"},"primaryImageOfPage":{"@id":"https:\/\/le-grenier.org\/index.php\/produit\/jeu-de-quilles\/#primaryimage"},"datePublished":"2023-02-10T08:30:47+00:00","dateModified":"2026-01-13T10:36:21+00:00","breadcrumb":{"@id":"https:\/\/le-grenier.org\/index.php\/produit\/jeu-de-quilles\/#breadcrumb"},"inLanguage":"fr-FR","potentialAction":[{"@type":"ReadAction","target":["https:\/\/le-grenier.org\/index.php\/produit\/jeu-de-quilles\/"]}]},{"@type":"BreadcrumbList","@id":"https:\/\/le-grenier.org\/index.php\/produit\/jeu-de-quilles\/#breadcrumb","itemListElement":[{"@type":"ListItem","position":1,"name":"Accueil","item":"https:\/\/le-grenier.org\/"},{"@type":"ListItem","position":2,"name":"Boutique en ligne","item":"https:\/\/le-grenier.org\/"},{"@type":"ListItem","position":3,"name":"Jeu de quilles"}]}]}},"_links":{"self":[{"href":"https:\/\/le-grenier.org\/index.php\/wp-json\/wp\/v2\/product\/54441"}],"collection":[{"href":"https:\/\/le-grenier.org\/index.php\/wp-json\/wp\/v2\/product"}],"about":[{"href":"https:\/\/le-grenier.org\/index.php\/wp-json\/wp\/v2\/types\/product"}],"wp:featuredmedia":[{"embeddable":true,"href":"https:\/\/le-grenier.org\/index.php\/wp-json\/wp\/v2\/media\/54458"}],"wp:attachment":[{"href":"https:\/\/le-grenier.org\/index.php\/wp-json\/wp\/v2\/media?parent=54441"}],"wp:term":[{"taxonomy":"product_cat","embeddable":true,"href":"https:\/\/le-grenier.org\/index.php\/wp-json\/wp\/v2\/product_cat?post=54441"},{"taxonomy":"product_tag","embeddable":true,"href":"https:\/\/le-grenier.org\/index.php\/wp-json\/wp\/v2\/product_tag?post=54441"}],"curies":[{"name":"wp","href":"https:\/\/api.w.org\/{rel}","templated":true}]}}