{"id":54532,"date":"2023-03-14T11:16:27","date_gmt":"2023-03-14T10:16:27","guid":{"rendered":"https:\/\/le-grenier.org\/?post_type=product&#038;p=54532"},"modified":"2025-11-17T11:50:35","modified_gmt":"2025-11-17T10:50:35","slug":"tabouret-formica-3","status":"publish","type":"product","link":"https:\/\/le-grenier.org\/index.php\/produit\/tabouret-formica-3\/","title":{"rendered":"Tabouret Formica"},"content":{"rendered":"","protected":false},"excerpt":{"rendered":"<p>Rare tabouret de bar en formica<br \/>\n1950\/1960<\/p>\n<p>Fabrication fran\u00e7aise, marque d\u00e9pos\u00e9e<br \/>\nPied noir, plateau gris<\/p>\n<p>Tr\u00e8s bon \u00e9tat g\u00e9n\u00e9ral<br \/>\nQuelques traces d\u2019usure, traces de rouille sur le plateau, voir photo zoom.<\/p>\n<p>Hauteur 81cm<br \/>\n30x30cm<\/p>\n<p>\u2014\u2014<br \/>\nUn indispensable !<\/p>\n<p>Pourquoi \u2753<\/p>\n<p>Parce qu\u2019il donne une touche de pep\u2019s, qu\u2019il est pratique, et qu\u2019il est costaud, comme l\u2019\u00e9taient nos grands parents!<br \/>\nIl prend une place r\u00e9duite avec ses marches amovibles. Et qu\u2019il se fasse tabouret, ou marche pied pour attraper un objet au-dessus d\u2019un meuble, ou m\u00eame porte-plantes, on lui trouve toujours 1000 utilit\u00e9s !<\/p>\n","protected":false},"featured_media":54541,"template":"","meta":{"ngg_post_thumbnail":0},"product_cat":[50,37,24],"product_tag":[],"yoast_head":"<!-- This site is optimized with the Yoast SEO plugin v17.9 - https:\/\/yoast.com\/wordpress\/plugins\/seo\/ -->\n<title>Tabouret Formica - Le Grenier - brocante et am\u00e9nagement<\/title>\n<meta name=\"robots\" content=\"index, follow, max-snippet:-1, max-image-preview:large, max-video-preview:-1\" \/>\n<link rel=\"canonical\" href=\"https:\/\/le-grenier.org\/index.php\/produit\/tabouret-formica-3\/\" \/>\n<meta property=\"og:locale\" content=\"fr_FR\" \/>\n<meta property=\"og:type\" content=\"article\" \/>\n<meta property=\"og:title\" content=\"Tabouret Formica - Le Grenier - brocante et am\u00e9nagement\" \/>\n<meta property=\"og:description\" content=\"Rare tabouret de bar en formica 1950\/1960  Fabrication fran\u00e7aise, marque d\u00e9pos\u00e9e Pied noir, plateau gris  Tr\u00e8s bon \u00e9tat g\u00e9n\u00e9ral Quelques traces d\u2019usure, traces de rouille sur le plateau, voir photo zoom.  Hauteur 81cm 30x30cm  \u2014\u2014 Un indispensable !  Pourquoi \u2753  Parce qu\u2019il donne une touche de pep\u2019s, qu\u2019il est pratique, et qu\u2019il est costaud, comme l\u2019\u00e9taient nos grands parents! Il prend une place r\u00e9duite avec ses marches amovibles. Et qu\u2019il se fasse tabouret, ou marche pied pour attraper un objet au-dessus d\u2019un meuble, ou m\u00eame porte-plantes, on lui trouve toujours 1000 utilit\u00e9s !\" \/>\n<meta property=\"og:url\" content=\"https:\/\/le-grenier.org\/index.php\/produit\/tabouret-formica-3\/\" \/>\n<meta property=\"og:site_name\" content=\"Le Grenier - brocante et am\u00e9nagement\" \/>\n<meta property=\"article:modified_time\" content=\"2025-11-17T10:50:35+00:00\" \/>\n<meta property=\"og:image\" content=\"http:\/\/le-grenier.org\/wp-content\/uploads\/2023\/03\/014DD4A0-4C43-48BF-BF1F-B7D77BEE4A47.jpeg\" \/>\n\t<meta property=\"og:image:width\" content=\"750\" \/>\n\t<meta property=\"og:image:height\" content=\"758\" \/>\n\t<meta property=\"og:image:type\" content=\"image\/jpeg\" \/>\n<meta name=\"twitter:card\" content=\"summary_large_image\" \/>\n<script type=\"application\/ld+json\" class=\"yoast-schema-graph\">{\"@context\":\"https:\/\/schema.org\",\"@graph\":[{\"@type\":\"WebSite\",\"@id\":\"https:\/\/le-grenier.org\/#website\",\"url\":\"https:\/\/le-grenier.org\/\",\"name\":\"Le Grenier - brocante et am\\u00e9nagement\",\"description\":\"\",\"potentialAction\":[{\"@type\":\"SearchAction\",\"target\":{\"@type\":\"EntryPoint\",\"urlTemplate\":\"https:\/\/le-grenier.org\/?s={search_term_string}\"},\"query-input\":\"required name=search_term_string\"}],\"inLanguage\":\"fr-FR\"},{\"@type\":\"ImageObject\",\"@id\":\"https:\/\/le-grenier.org\/index.php\/produit\/tabouret-formica-3\/#primaryimage\",\"inLanguage\":\"fr-FR\",\"url\":\"https:\/\/le-grenier.org\/wp-content\/uploads\/2023\/03\/014DD4A0-4C43-48BF-BF1F-B7D77BEE4A47.jpeg\",\"contentUrl\":\"https:\/\/le-grenier.org\/wp-content\/uploads\/2023\/03\/014DD4A0-4C43-48BF-BF1F-B7D77BEE4A47.jpeg\",\"width\":750,\"height\":758},{\"@type\":\"WebPage\",\"@id\":\"https:\/\/le-grenier.org\/index.php\/produit\/tabouret-formica-3\/#webpage\",\"url\":\"https:\/\/le-grenier.org\/index.php\/produit\/tabouret-formica-3\/\",\"name\":\"Tabouret Formica - Le Grenier - brocante et am\\u00e9nagement\",\"isPartOf\":{\"@id\":\"https:\/\/le-grenier.org\/#website\"},\"primaryImageOfPage\":{\"@id\":\"https:\/\/le-grenier.org\/index.php\/produit\/tabouret-formica-3\/#primaryimage\"},\"datePublished\":\"2023-03-14T10:16:27+00:00\",\"dateModified\":\"2025-11-17T10:50:35+00:00\",\"breadcrumb\":{\"@id\":\"https:\/\/le-grenier.org\/index.php\/produit\/tabouret-formica-3\/#breadcrumb\"},\"inLanguage\":\"fr-FR\",\"potentialAction\":[{\"@type\":\"ReadAction\",\"target\":[\"https:\/\/le-grenier.org\/index.php\/produit\/tabouret-formica-3\/\"]}]},{\"@type\":\"BreadcrumbList\",\"@id\":\"https:\/\/le-grenier.org\/index.php\/produit\/tabouret-formica-3\/#breadcrumb\",\"itemListElement\":[{\"@type\":\"ListItem\",\"position\":1,\"name\":\"Accueil\",\"item\":\"https:\/\/le-grenier.org\/\"},{\"@type\":\"ListItem\",\"position\":2,\"name\":\"Boutique en ligne\",\"item\":\"https:\/\/le-grenier.org\/\"},{\"@type\":\"ListItem\",\"position\":3,\"name\":\"Tabouret Formica\"}]}]}<\/script>\n<!-- \/ Yoast SEO plugin. -->","yoast_head_json":{"title":"Tabouret Formica - Le Grenier - brocante et am\u00e9nagement","robots":{"index":"index","follow":"follow","max-snippet":"max-snippet:-1","max-image-preview":"max-image-preview:large","max-video-preview":"max-video-preview:-1"},"canonical":"https:\/\/le-grenier.org\/index.php\/produit\/tabouret-formica-3\/","og_locale":"fr_FR","og_type":"article","og_title":"Tabouret Formica - Le Grenier - brocante et am\u00e9nagement","og_description":"Rare tabouret de bar en formica 1950\/1960  Fabrication fran\u00e7aise, marque d\u00e9pos\u00e9e Pied noir, plateau gris  Tr\u00e8s bon \u00e9tat g\u00e9n\u00e9ral Quelques traces d\u2019usure, traces de rouille sur le plateau, voir photo zoom.  Hauteur 81cm 30x30cm  \u2014\u2014 Un indispensable !  Pourquoi \u2753  Parce qu\u2019il donne une touche de pep\u2019s, qu\u2019il est pratique, et qu\u2019il est costaud, comme l\u2019\u00e9taient nos grands parents! Il prend une place r\u00e9duite avec ses marches amovibles. Et qu\u2019il se fasse tabouret, ou marche pied pour attraper un objet au-dessus d\u2019un meuble, ou m\u00eame porte-plantes, on lui trouve toujours 1000 utilit\u00e9s !","og_url":"https:\/\/le-grenier.org\/index.php\/produit\/tabouret-formica-3\/","og_site_name":"Le Grenier - brocante et am\u00e9nagement","article_modified_time":"2025-11-17T10:50:35+00:00","og_image":[{"width":750,"height":758,"url":"http:\/\/le-grenier.org\/wp-content\/uploads\/2023\/03\/014DD4A0-4C43-48BF-BF1F-B7D77BEE4A47.jpeg","type":"image\/jpeg"}],"twitter_card":"summary_large_image","schema":{"@context":"https:\/\/schema.org","@graph":[{"@type":"WebSite","@id":"https:\/\/le-grenier.org\/#website","url":"https:\/\/le-grenier.org\/","name":"Le Grenier - brocante et am\u00e9nagement","description":"","potentialAction":[{"@type":"SearchAction","target":{"@type":"EntryPoint","urlTemplate":"https:\/\/le-grenier.org\/?s={search_term_string}"},"query-input":"required name=search_term_string"}],"inLanguage":"fr-FR"},{"@type":"ImageObject","@id":"https:\/\/le-grenier.org\/index.php\/produit\/tabouret-formica-3\/#primaryimage","inLanguage":"fr-FR","url":"https:\/\/le-grenier.org\/wp-content\/uploads\/2023\/03\/014DD4A0-4C43-48BF-BF1F-B7D77BEE4A47.jpeg","contentUrl":"https:\/\/le-grenier.org\/wp-content\/uploads\/2023\/03\/014DD4A0-4C43-48BF-BF1F-B7D77BEE4A47.jpeg","width":750,"height":758},{"@type":"WebPage","@id":"https:\/\/le-grenier.org\/index.php\/produit\/tabouret-formica-3\/#webpage","url":"https:\/\/le-grenier.org\/index.php\/produit\/tabouret-formica-3\/","name":"Tabouret Formica - Le Grenier - brocante et am\u00e9nagement","isPartOf":{"@id":"https:\/\/le-grenier.org\/#website"},"primaryImageOfPage":{"@id":"https:\/\/le-grenier.org\/index.php\/produit\/tabouret-formica-3\/#primaryimage"},"datePublished":"2023-03-14T10:16:27+00:00","dateModified":"2025-11-17T10:50:35+00:00","breadcrumb":{"@id":"https:\/\/le-grenier.org\/index.php\/produit\/tabouret-formica-3\/#breadcrumb"},"inLanguage":"fr-FR","potentialAction":[{"@type":"ReadAction","target":["https:\/\/le-grenier.org\/index.php\/produit\/tabouret-formica-3\/"]}]},{"@type":"BreadcrumbList","@id":"https:\/\/le-grenier.org\/index.php\/produit\/tabouret-formica-3\/#breadcrumb","itemListElement":[{"@type":"ListItem","position":1,"name":"Accueil","item":"https:\/\/le-grenier.org\/"},{"@type":"ListItem","position":2,"name":"Boutique en ligne","item":"https:\/\/le-grenier.org\/"},{"@type":"ListItem","position":3,"name":"Tabouret Formica"}]}]}},"_links":{"self":[{"href":"https:\/\/le-grenier.org\/index.php\/wp-json\/wp\/v2\/product\/54532"}],"collection":[{"href":"https:\/\/le-grenier.org\/index.php\/wp-json\/wp\/v2\/product"}],"about":[{"href":"https:\/\/le-grenier.org\/index.php\/wp-json\/wp\/v2\/types\/product"}],"wp:featuredmedia":[{"embeddable":true,"href":"https:\/\/le-grenier.org\/index.php\/wp-json\/wp\/v2\/media\/54541"}],"wp:attachment":[{"href":"https:\/\/le-grenier.org\/index.php\/wp-json\/wp\/v2\/media?parent=54532"}],"wp:term":[{"taxonomy":"product_cat","embeddable":true,"href":"https:\/\/le-grenier.org\/index.php\/wp-json\/wp\/v2\/product_cat?post=54532"},{"taxonomy":"product_tag","embeddable":true,"href":"https:\/\/le-grenier.org\/index.php\/wp-json\/wp\/v2\/product_tag?post=54532"}],"curies":[{"name":"wp","href":"https:\/\/api.w.org\/{rel}","templated":true}]}}