{"id":55593,"date":"2023-08-29T11:52:53","date_gmt":"2023-08-29T09:52:53","guid":{"rendered":"https:\/\/le-grenier.org\/index.php\/produit\/paire-de-vases-2\/"},"modified":"2026-01-13T11:29:52","modified_gmt":"2026-01-13T10:29:52","slug":"paire-de-vases-2","status":"publish","type":"product","link":"https:\/\/le-grenier.org\/index.php\/produit\/paire-de-vases-2\/","title":{"rendered":"Paire de vases JASBA"},"content":{"rendered":"<p>Paire de Vases zoomorphes JASBA, cruche \u00e0 t\u00eate de canard vintage rare des ann\u00e9es 1970, vase en poterie ouest-allemande, Rare Fat Lava<\/p>\n<p>\u00c9maill\u00e9 en brun tabac et noir, il a un corps tr\u00e8s textur\u00e9, une poign\u00e9e et une t\u00eate d&rsquo;animal avec un bec.<\/p>\n<p>Ce vase saisissant et tr\u00e8s original a \u00e9t\u00e9 fabriqu\u00e9 en nombre limit\u00e9 vers 1970, peu de temps avant la fermeture de la section innovante de poterie d&rsquo;art de Jasba.<\/p>\n<p><span style=\"font-family: HelveticaNeueW01-45Ligh, sans-serif;font-size: 12px;font-style: normal;font-weight: 400;letter-spacing: normal;text-align: left;text-indent: 0px;text-transform: none;text-decoration: none;float: none\">Peu apr\u00e8s sa cr\u00e9ation en 1926, Jasba a \u00e9volu\u00e9 pour devenir un sp\u00e9cialiste de la mosa\u00efque de haute qualit\u00e9. En tant que marque allemande traditionnelle produisant en Allemagne, Jasba est synonyme de produits de haute qualit\u00e9, d&rsquo;\u00e9maux brillants et de design exemplaire.<\/span><\/p>\n<p>Hauteur 25cm\/ 10pouces<\/p>\n<p>Largeur : 16 cm<\/p>\n<p>Diam\u00e8tre haut de la cruche : 7cm<\/p>\n<p>Condition excellente<\/p>\n","protected":false},"excerpt":{"rendered":"<p>Paire de Vases zoomorphes JASBA, cruche \u00e0 t\u00eate de canard vintage rare des ann\u00e9es 1970, vase en poterie ouest-allemande, Rare&hellip;<\/p>\n","protected":false},"featured_media":55594,"template":"","meta":{"ngg_post_thumbnail":0},"product_cat":[38,61,60,46,48,23],"product_tag":[],"yoast_head":"<!-- This site is optimized with the Yoast SEO plugin v17.9 - https:\/\/yoast.com\/wordpress\/plugins\/seo\/ -->\n<title>Paire de vases JASBA - Le Grenier - brocante et am\u00e9nagement<\/title>\n<meta name=\"robots\" content=\"index, follow, max-snippet:-1, max-image-preview:large, max-video-preview:-1\" \/>\n<link rel=\"canonical\" href=\"https:\/\/le-grenier.org\/index.php\/produit\/paire-de-vases-2\/\" \/>\n<meta property=\"og:locale\" content=\"fr_FR\" \/>\n<meta property=\"og:type\" content=\"article\" \/>\n<meta property=\"og:title\" content=\"Paire de vases JASBA - Le Grenier - brocante et am\u00e9nagement\" \/>\n<meta property=\"og:description\" content=\"Paire de Vases zoomorphes JASBA, cruche \u00e0 t\u00eate de canard vintage rare des ann\u00e9es 1970, vase en poterie ouest-allemande, Rare&hellip;\" \/>\n<meta property=\"og:url\" content=\"https:\/\/le-grenier.org\/index.php\/produit\/paire-de-vases-2\/\" \/>\n<meta property=\"og:site_name\" content=\"Le Grenier - brocante et am\u00e9nagement\" \/>\n<meta property=\"article:modified_time\" content=\"2026-01-13T10:29:52+00:00\" \/>\n<meta property=\"og:image\" content=\"http:\/\/le-grenier.org\/wp-content\/uploads\/2023\/08\/img_2145.jpeg\" \/>\n\t<meta property=\"og:image:width\" content=\"828\" \/>\n\t<meta property=\"og:image:height\" content=\"840\" \/>\n\t<meta property=\"og:image:type\" content=\"image\/jpeg\" \/>\n<meta name=\"twitter:card\" content=\"summary_large_image\" \/>\n<meta name=\"twitter:label1\" content=\"Dur\u00e9e de lecture estim\u00e9e\" \/>\n\t<meta name=\"twitter:data1\" content=\"1 minute\" \/>\n<script type=\"application\/ld+json\" class=\"yoast-schema-graph\">{\"@context\":\"https:\/\/schema.org\",\"@graph\":[{\"@type\":\"WebSite\",\"@id\":\"https:\/\/le-grenier.org\/#website\",\"url\":\"https:\/\/le-grenier.org\/\",\"name\":\"Le Grenier - brocante et am\\u00e9nagement\",\"description\":\"\",\"potentialAction\":[{\"@type\":\"SearchAction\",\"target\":{\"@type\":\"EntryPoint\",\"urlTemplate\":\"https:\/\/le-grenier.org\/?s={search_term_string}\"},\"query-input\":\"required name=search_term_string\"}],\"inLanguage\":\"fr-FR\"},{\"@type\":\"ImageObject\",\"@id\":\"https:\/\/le-grenier.org\/index.php\/produit\/paire-de-vases-2\/#primaryimage\",\"inLanguage\":\"fr-FR\",\"url\":\"https:\/\/le-grenier.org\/wp-content\/uploads\/2023\/08\/img_2145.jpeg\",\"contentUrl\":\"https:\/\/le-grenier.org\/wp-content\/uploads\/2023\/08\/img_2145.jpeg\",\"width\":828,\"height\":840},{\"@type\":\"WebPage\",\"@id\":\"https:\/\/le-grenier.org\/index.php\/produit\/paire-de-vases-2\/#webpage\",\"url\":\"https:\/\/le-grenier.org\/index.php\/produit\/paire-de-vases-2\/\",\"name\":\"Paire de vases JASBA - Le Grenier - brocante et am\\u00e9nagement\",\"isPartOf\":{\"@id\":\"https:\/\/le-grenier.org\/#website\"},\"primaryImageOfPage\":{\"@id\":\"https:\/\/le-grenier.org\/index.php\/produit\/paire-de-vases-2\/#primaryimage\"},\"datePublished\":\"2023-08-29T09:52:53+00:00\",\"dateModified\":\"2026-01-13T10:29:52+00:00\",\"breadcrumb\":{\"@id\":\"https:\/\/le-grenier.org\/index.php\/produit\/paire-de-vases-2\/#breadcrumb\"},\"inLanguage\":\"fr-FR\",\"potentialAction\":[{\"@type\":\"ReadAction\",\"target\":[\"https:\/\/le-grenier.org\/index.php\/produit\/paire-de-vases-2\/\"]}]},{\"@type\":\"BreadcrumbList\",\"@id\":\"https:\/\/le-grenier.org\/index.php\/produit\/paire-de-vases-2\/#breadcrumb\",\"itemListElement\":[{\"@type\":\"ListItem\",\"position\":1,\"name\":\"Accueil\",\"item\":\"https:\/\/le-grenier.org\/\"},{\"@type\":\"ListItem\",\"position\":2,\"name\":\"Boutique en ligne\",\"item\":\"https:\/\/le-grenier.org\/\"},{\"@type\":\"ListItem\",\"position\":3,\"name\":\"Paire de vases JASBA\"}]}]}<\/script>\n<!-- \/ Yoast SEO plugin. -->","yoast_head_json":{"title":"Paire de vases JASBA - Le Grenier - brocante et am\u00e9nagement","robots":{"index":"index","follow":"follow","max-snippet":"max-snippet:-1","max-image-preview":"max-image-preview:large","max-video-preview":"max-video-preview:-1"},"canonical":"https:\/\/le-grenier.org\/index.php\/produit\/paire-de-vases-2\/","og_locale":"fr_FR","og_type":"article","og_title":"Paire de vases JASBA - Le Grenier - brocante et am\u00e9nagement","og_description":"Paire de Vases zoomorphes JASBA, cruche \u00e0 t\u00eate de canard vintage rare des ann\u00e9es 1970, vase en poterie ouest-allemande, Rare&hellip;","og_url":"https:\/\/le-grenier.org\/index.php\/produit\/paire-de-vases-2\/","og_site_name":"Le Grenier - brocante et am\u00e9nagement","article_modified_time":"2026-01-13T10:29:52+00:00","og_image":[{"width":828,"height":840,"url":"http:\/\/le-grenier.org\/wp-content\/uploads\/2023\/08\/img_2145.jpeg","type":"image\/jpeg"}],"twitter_card":"summary_large_image","twitter_misc":{"Dur\u00e9e de lecture estim\u00e9e":"1 minute"},"schema":{"@context":"https:\/\/schema.org","@graph":[{"@type":"WebSite","@id":"https:\/\/le-grenier.org\/#website","url":"https:\/\/le-grenier.org\/","name":"Le Grenier - brocante et am\u00e9nagement","description":"","potentialAction":[{"@type":"SearchAction","target":{"@type":"EntryPoint","urlTemplate":"https:\/\/le-grenier.org\/?s={search_term_string}"},"query-input":"required name=search_term_string"}],"inLanguage":"fr-FR"},{"@type":"ImageObject","@id":"https:\/\/le-grenier.org\/index.php\/produit\/paire-de-vases-2\/#primaryimage","inLanguage":"fr-FR","url":"https:\/\/le-grenier.org\/wp-content\/uploads\/2023\/08\/img_2145.jpeg","contentUrl":"https:\/\/le-grenier.org\/wp-content\/uploads\/2023\/08\/img_2145.jpeg","width":828,"height":840},{"@type":"WebPage","@id":"https:\/\/le-grenier.org\/index.php\/produit\/paire-de-vases-2\/#webpage","url":"https:\/\/le-grenier.org\/index.php\/produit\/paire-de-vases-2\/","name":"Paire de vases JASBA - Le Grenier - brocante et am\u00e9nagement","isPartOf":{"@id":"https:\/\/le-grenier.org\/#website"},"primaryImageOfPage":{"@id":"https:\/\/le-grenier.org\/index.php\/produit\/paire-de-vases-2\/#primaryimage"},"datePublished":"2023-08-29T09:52:53+00:00","dateModified":"2026-01-13T10:29:52+00:00","breadcrumb":{"@id":"https:\/\/le-grenier.org\/index.php\/produit\/paire-de-vases-2\/#breadcrumb"},"inLanguage":"fr-FR","potentialAction":[{"@type":"ReadAction","target":["https:\/\/le-grenier.org\/index.php\/produit\/paire-de-vases-2\/"]}]},{"@type":"BreadcrumbList","@id":"https:\/\/le-grenier.org\/index.php\/produit\/paire-de-vases-2\/#breadcrumb","itemListElement":[{"@type":"ListItem","position":1,"name":"Accueil","item":"https:\/\/le-grenier.org\/"},{"@type":"ListItem","position":2,"name":"Boutique en ligne","item":"https:\/\/le-grenier.org\/"},{"@type":"ListItem","position":3,"name":"Paire de vases JASBA"}]}]}},"_links":{"self":[{"href":"https:\/\/le-grenier.org\/index.php\/wp-json\/wp\/v2\/product\/55593"}],"collection":[{"href":"https:\/\/le-grenier.org\/index.php\/wp-json\/wp\/v2\/product"}],"about":[{"href":"https:\/\/le-grenier.org\/index.php\/wp-json\/wp\/v2\/types\/product"}],"wp:featuredmedia":[{"embeddable":true,"href":"https:\/\/le-grenier.org\/index.php\/wp-json\/wp\/v2\/media\/55594"}],"wp:attachment":[{"href":"https:\/\/le-grenier.org\/index.php\/wp-json\/wp\/v2\/media?parent=55593"}],"wp:term":[{"taxonomy":"product_cat","embeddable":true,"href":"https:\/\/le-grenier.org\/index.php\/wp-json\/wp\/v2\/product_cat?post=55593"},{"taxonomy":"product_tag","embeddable":true,"href":"https:\/\/le-grenier.org\/index.php\/wp-json\/wp\/v2\/product_tag?post=55593"}],"curies":[{"name":"wp","href":"https:\/\/api.w.org\/{rel}","templated":true}]}}