{"id":55736,"date":"2023-10-10T16:46:28","date_gmt":"2023-10-10T14:46:28","guid":{"rendered":"https:\/\/le-grenier.org\/index.php\/produit\/porte-revue-en-rotin-8\/"},"modified":"2023-10-10T16:49:39","modified_gmt":"2023-10-10T14:49:39","slug":"porte-revue-en-rotin-8","status":"publish","type":"product","link":"https:\/\/le-grenier.org\/index.php\/produit\/porte-revue-en-rotin-8\/","title":{"rendered":"Porte revue en rotin"},"content":{"rendered":"<p>\u00c9l\u00e9gant porte-revue en rotin<\/p>\n<p>Vers 1960<\/p>\n<p>50x35cm<br \/>\nHauteur 50cm<\/p>\n","protected":false},"excerpt":{"rendered":"<p>\u00c9l\u00e9gant porte-revue en rotin Vers 1960 50x35cm Hauteur 50cm<\/p>\n","protected":false},"featured_media":55738,"template":"","meta":{"ngg_post_thumbnail":0},"product_cat":[44,23],"product_tag":[],"yoast_head":"<!-- This site is optimized with the Yoast SEO plugin v17.9 - https:\/\/yoast.com\/wordpress\/plugins\/seo\/ -->\n<title>Porte revue en rotin - Le Grenier - brocante et am\u00e9nagement<\/title>\n<meta name=\"robots\" content=\"index, follow, max-snippet:-1, max-image-preview:large, max-video-preview:-1\" \/>\n<link rel=\"canonical\" href=\"https:\/\/le-grenier.org\/index.php\/produit\/porte-revue-en-rotin-8\/\" \/>\n<meta property=\"og:locale\" content=\"fr_FR\" \/>\n<meta property=\"og:type\" content=\"article\" \/>\n<meta property=\"og:title\" content=\"Porte revue en rotin - Le Grenier - brocante et am\u00e9nagement\" \/>\n<meta property=\"og:description\" content=\"\u00c9l\u00e9gant porte-revue en rotin Vers 1960 50x35cm Hauteur 50cm\" \/>\n<meta property=\"og:url\" content=\"https:\/\/le-grenier.org\/index.php\/produit\/porte-revue-en-rotin-8\/\" \/>\n<meta property=\"og:site_name\" content=\"Le Grenier - brocante et am\u00e9nagement\" \/>\n<meta property=\"article:modified_time\" content=\"2023-10-10T14:49:39+00:00\" \/>\n<meta name=\"twitter:card\" content=\"summary_large_image\" \/>\n<script type=\"application\/ld+json\" class=\"yoast-schema-graph\">{\"@context\":\"https:\/\/schema.org\",\"@graph\":[{\"@type\":\"WebSite\",\"@id\":\"https:\/\/le-grenier.org\/#website\",\"url\":\"https:\/\/le-grenier.org\/\",\"name\":\"Le Grenier - brocante et am\\u00e9nagement\",\"description\":\"\",\"potentialAction\":[{\"@type\":\"SearchAction\",\"target\":{\"@type\":\"EntryPoint\",\"urlTemplate\":\"https:\/\/le-grenier.org\/?s={search_term_string}\"},\"query-input\":\"required name=search_term_string\"}],\"inLanguage\":\"fr-FR\"},{\"@type\":\"ImageObject\",\"@id\":\"https:\/\/le-grenier.org\/index.php\/produit\/porte-revue-en-rotin-8\/#primaryimage\",\"inLanguage\":\"fr-FR\",\"url\":\"https:\/\/le-grenier.org\/wp-content\/uploads\/2023\/10\/img_2643-1.jpeg\",\"contentUrl\":\"https:\/\/le-grenier.org\/wp-content\/uploads\/2023\/10\/img_2643-1.jpeg\",\"width\":828,\"height\":1013},{\"@type\":\"WebPage\",\"@id\":\"https:\/\/le-grenier.org\/index.php\/produit\/porte-revue-en-rotin-8\/#webpage\",\"url\":\"https:\/\/le-grenier.org\/index.php\/produit\/porte-revue-en-rotin-8\/\",\"name\":\"Porte revue en rotin - Le Grenier - brocante et am\\u00e9nagement\",\"isPartOf\":{\"@id\":\"https:\/\/le-grenier.org\/#website\"},\"primaryImageOfPage\":{\"@id\":\"https:\/\/le-grenier.org\/index.php\/produit\/porte-revue-en-rotin-8\/#primaryimage\"},\"datePublished\":\"2023-10-10T14:46:28+00:00\",\"dateModified\":\"2023-10-10T14:49:39+00:00\",\"breadcrumb\":{\"@id\":\"https:\/\/le-grenier.org\/index.php\/produit\/porte-revue-en-rotin-8\/#breadcrumb\"},\"inLanguage\":\"fr-FR\",\"potentialAction\":[{\"@type\":\"ReadAction\",\"target\":[\"https:\/\/le-grenier.org\/index.php\/produit\/porte-revue-en-rotin-8\/\"]}]},{\"@type\":\"BreadcrumbList\",\"@id\":\"https:\/\/le-grenier.org\/index.php\/produit\/porte-revue-en-rotin-8\/#breadcrumb\",\"itemListElement\":[{\"@type\":\"ListItem\",\"position\":1,\"name\":\"Accueil\",\"item\":\"https:\/\/le-grenier.org\/\"},{\"@type\":\"ListItem\",\"position\":2,\"name\":\"Boutique en ligne\",\"item\":\"https:\/\/le-grenier.org\/\"},{\"@type\":\"ListItem\",\"position\":3,\"name\":\"Porte revue en rotin\"}]}]}<\/script>\n<!-- \/ Yoast SEO plugin. -->","yoast_head_json":{"title":"Porte revue en rotin - Le Grenier - brocante et am\u00e9nagement","robots":{"index":"index","follow":"follow","max-snippet":"max-snippet:-1","max-image-preview":"max-image-preview:large","max-video-preview":"max-video-preview:-1"},"canonical":"https:\/\/le-grenier.org\/index.php\/produit\/porte-revue-en-rotin-8\/","og_locale":"fr_FR","og_type":"article","og_title":"Porte revue en rotin - Le Grenier - brocante et am\u00e9nagement","og_description":"\u00c9l\u00e9gant porte-revue en rotin Vers 1960 50x35cm Hauteur 50cm","og_url":"https:\/\/le-grenier.org\/index.php\/produit\/porte-revue-en-rotin-8\/","og_site_name":"Le Grenier - brocante et am\u00e9nagement","article_modified_time":"2023-10-10T14:49:39+00:00","twitter_card":"summary_large_image","schema":{"@context":"https:\/\/schema.org","@graph":[{"@type":"WebSite","@id":"https:\/\/le-grenier.org\/#website","url":"https:\/\/le-grenier.org\/","name":"Le Grenier - brocante et am\u00e9nagement","description":"","potentialAction":[{"@type":"SearchAction","target":{"@type":"EntryPoint","urlTemplate":"https:\/\/le-grenier.org\/?s={search_term_string}"},"query-input":"required name=search_term_string"}],"inLanguage":"fr-FR"},{"@type":"ImageObject","@id":"https:\/\/le-grenier.org\/index.php\/produit\/porte-revue-en-rotin-8\/#primaryimage","inLanguage":"fr-FR","url":"https:\/\/le-grenier.org\/wp-content\/uploads\/2023\/10\/img_2643-1.jpeg","contentUrl":"https:\/\/le-grenier.org\/wp-content\/uploads\/2023\/10\/img_2643-1.jpeg","width":828,"height":1013},{"@type":"WebPage","@id":"https:\/\/le-grenier.org\/index.php\/produit\/porte-revue-en-rotin-8\/#webpage","url":"https:\/\/le-grenier.org\/index.php\/produit\/porte-revue-en-rotin-8\/","name":"Porte revue en rotin - Le Grenier - brocante et am\u00e9nagement","isPartOf":{"@id":"https:\/\/le-grenier.org\/#website"},"primaryImageOfPage":{"@id":"https:\/\/le-grenier.org\/index.php\/produit\/porte-revue-en-rotin-8\/#primaryimage"},"datePublished":"2023-10-10T14:46:28+00:00","dateModified":"2023-10-10T14:49:39+00:00","breadcrumb":{"@id":"https:\/\/le-grenier.org\/index.php\/produit\/porte-revue-en-rotin-8\/#breadcrumb"},"inLanguage":"fr-FR","potentialAction":[{"@type":"ReadAction","target":["https:\/\/le-grenier.org\/index.php\/produit\/porte-revue-en-rotin-8\/"]}]},{"@type":"BreadcrumbList","@id":"https:\/\/le-grenier.org\/index.php\/produit\/porte-revue-en-rotin-8\/#breadcrumb","itemListElement":[{"@type":"ListItem","position":1,"name":"Accueil","item":"https:\/\/le-grenier.org\/"},{"@type":"ListItem","position":2,"name":"Boutique en ligne","item":"https:\/\/le-grenier.org\/"},{"@type":"ListItem","position":3,"name":"Porte revue en rotin"}]}]}},"_links":{"self":[{"href":"https:\/\/le-grenier.org\/index.php\/wp-json\/wp\/v2\/product\/55736"}],"collection":[{"href":"https:\/\/le-grenier.org\/index.php\/wp-json\/wp\/v2\/product"}],"about":[{"href":"https:\/\/le-grenier.org\/index.php\/wp-json\/wp\/v2\/types\/product"}],"wp:featuredmedia":[{"embeddable":true,"href":"https:\/\/le-grenier.org\/index.php\/wp-json\/wp\/v2\/media\/55738"}],"wp:attachment":[{"href":"https:\/\/le-grenier.org\/index.php\/wp-json\/wp\/v2\/media?parent=55736"}],"wp:term":[{"taxonomy":"product_cat","embeddable":true,"href":"https:\/\/le-grenier.org\/index.php\/wp-json\/wp\/v2\/product_cat?post=55736"},{"taxonomy":"product_tag","embeddable":true,"href":"https:\/\/le-grenier.org\/index.php\/wp-json\/wp\/v2\/product_tag?post=55736"}],"curies":[{"name":"wp","href":"https:\/\/api.w.org\/{rel}","templated":true}]}}