{"id":55893,"date":"2023-11-08T09:04:27","date_gmt":"2023-11-08T08:04:27","guid":{"rendered":"https:\/\/le-grenier.org\/index.php\/produit\/petite-table\/"},"modified":"2023-11-11T10:47:58","modified_gmt":"2023-11-11T09:47:58","slug":"petite-table","status":"publish","type":"product","link":"https:\/\/le-grenier.org\/index.php\/produit\/petite-table\/","title":{"rendered":"Petite table"},"content":{"rendered":"<p>Petite table de ferme en pin massif dans un ton bleu-gris tr\u00e8s tendance<\/p>\n<p>Poign\u00e9e en laiton vieilli<\/p>\n<p>Pieds fuseaux<\/p>\n<p>Bois sain<\/p>\n<p>Hauteur 70cm<\/p>\n<p>Longueur 65cm<\/p>\n<p>Profondeur 45cm<\/p>\n<p>Gr\u00e2ce a sa mini taille, elle sera au top dans une cuisine pour poser un peu d\u2019\u00e9lectrom\u00e9nager, ou en bureau dans une chambre, ou encore en console dans un sas d\u2019entr\u00e9e.<\/p>\n","protected":false},"excerpt":{"rendered":"<p>Petite table de ferme en pin massif dans un ton bleu-gris tr\u00e8s tendance Poign\u00e9e en laiton vieilli Pieds fuseaux Bois&hellip;<\/p>\n","protected":false},"featured_media":55900,"template":"","meta":{"ngg_post_thumbnail":0},"product_cat":[40,29],"product_tag":[],"yoast_head":"<!-- This site is optimized with the Yoast SEO plugin v17.9 - https:\/\/yoast.com\/wordpress\/plugins\/seo\/ -->\n<title>Petite table - Le Grenier - brocante et am\u00e9nagement<\/title>\n<meta name=\"robots\" content=\"index, follow, max-snippet:-1, max-image-preview:large, max-video-preview:-1\" \/>\n<link rel=\"canonical\" href=\"https:\/\/le-grenier.org\/index.php\/produit\/petite-table\/\" \/>\n<meta property=\"og:locale\" content=\"fr_FR\" \/>\n<meta property=\"og:type\" content=\"article\" \/>\n<meta property=\"og:title\" content=\"Petite table - Le Grenier - brocante et am\u00e9nagement\" \/>\n<meta property=\"og:description\" content=\"Petite table de ferme en pin massif dans un ton bleu-gris tr\u00e8s tendance Poign\u00e9e en laiton vieilli Pieds fuseaux Bois&hellip;\" \/>\n<meta property=\"og:url\" content=\"https:\/\/le-grenier.org\/index.php\/produit\/petite-table\/\" \/>\n<meta property=\"og:site_name\" content=\"Le Grenier - brocante et am\u00e9nagement\" \/>\n<meta property=\"article:modified_time\" content=\"2023-11-11T09:47:58+00:00\" \/>\n<meta name=\"twitter:card\" content=\"summary_large_image\" \/>\n<script type=\"application\/ld+json\" class=\"yoast-schema-graph\">{\"@context\":\"https:\/\/schema.org\",\"@graph\":[{\"@type\":\"WebSite\",\"@id\":\"https:\/\/le-grenier.org\/#website\",\"url\":\"https:\/\/le-grenier.org\/\",\"name\":\"Le Grenier - brocante et am\\u00e9nagement\",\"description\":\"\",\"potentialAction\":[{\"@type\":\"SearchAction\",\"target\":{\"@type\":\"EntryPoint\",\"urlTemplate\":\"https:\/\/le-grenier.org\/?s={search_term_string}\"},\"query-input\":\"required name=search_term_string\"}],\"inLanguage\":\"fr-FR\"},{\"@type\":\"ImageObject\",\"@id\":\"https:\/\/le-grenier.org\/index.php\/produit\/petite-table\/#primaryimage\",\"inLanguage\":\"fr-FR\",\"url\":\"https:\/\/le-grenier.org\/wp-content\/uploads\/2023\/11\/img_3097.jpeg\",\"contentUrl\":\"https:\/\/le-grenier.org\/wp-content\/uploads\/2023\/11\/img_3097.jpeg\",\"width\":828,\"height\":1069},{\"@type\":\"WebPage\",\"@id\":\"https:\/\/le-grenier.org\/index.php\/produit\/petite-table\/#webpage\",\"url\":\"https:\/\/le-grenier.org\/index.php\/produit\/petite-table\/\",\"name\":\"Petite table - Le Grenier - brocante et am\\u00e9nagement\",\"isPartOf\":{\"@id\":\"https:\/\/le-grenier.org\/#website\"},\"primaryImageOfPage\":{\"@id\":\"https:\/\/le-grenier.org\/index.php\/produit\/petite-table\/#primaryimage\"},\"datePublished\":\"2023-11-08T08:04:27+00:00\",\"dateModified\":\"2023-11-11T09:47:58+00:00\",\"breadcrumb\":{\"@id\":\"https:\/\/le-grenier.org\/index.php\/produit\/petite-table\/#breadcrumb\"},\"inLanguage\":\"fr-FR\",\"potentialAction\":[{\"@type\":\"ReadAction\",\"target\":[\"https:\/\/le-grenier.org\/index.php\/produit\/petite-table\/\"]}]},{\"@type\":\"BreadcrumbList\",\"@id\":\"https:\/\/le-grenier.org\/index.php\/produit\/petite-table\/#breadcrumb\",\"itemListElement\":[{\"@type\":\"ListItem\",\"position\":1,\"name\":\"Accueil\",\"item\":\"https:\/\/le-grenier.org\/\"},{\"@type\":\"ListItem\",\"position\":2,\"name\":\"Boutique en ligne\",\"item\":\"https:\/\/le-grenier.org\/\"},{\"@type\":\"ListItem\",\"position\":3,\"name\":\"Petite table\"}]}]}<\/script>\n<!-- \/ Yoast SEO plugin. -->","yoast_head_json":{"title":"Petite table - Le Grenier - brocante et am\u00e9nagement","robots":{"index":"index","follow":"follow","max-snippet":"max-snippet:-1","max-image-preview":"max-image-preview:large","max-video-preview":"max-video-preview:-1"},"canonical":"https:\/\/le-grenier.org\/index.php\/produit\/petite-table\/","og_locale":"fr_FR","og_type":"article","og_title":"Petite table - Le Grenier - brocante et am\u00e9nagement","og_description":"Petite table de ferme en pin massif dans un ton bleu-gris tr\u00e8s tendance Poign\u00e9e en laiton vieilli Pieds fuseaux Bois&hellip;","og_url":"https:\/\/le-grenier.org\/index.php\/produit\/petite-table\/","og_site_name":"Le Grenier - brocante et am\u00e9nagement","article_modified_time":"2023-11-11T09:47:58+00:00","twitter_card":"summary_large_image","schema":{"@context":"https:\/\/schema.org","@graph":[{"@type":"WebSite","@id":"https:\/\/le-grenier.org\/#website","url":"https:\/\/le-grenier.org\/","name":"Le Grenier - brocante et am\u00e9nagement","description":"","potentialAction":[{"@type":"SearchAction","target":{"@type":"EntryPoint","urlTemplate":"https:\/\/le-grenier.org\/?s={search_term_string}"},"query-input":"required name=search_term_string"}],"inLanguage":"fr-FR"},{"@type":"ImageObject","@id":"https:\/\/le-grenier.org\/index.php\/produit\/petite-table\/#primaryimage","inLanguage":"fr-FR","url":"https:\/\/le-grenier.org\/wp-content\/uploads\/2023\/11\/img_3097.jpeg","contentUrl":"https:\/\/le-grenier.org\/wp-content\/uploads\/2023\/11\/img_3097.jpeg","width":828,"height":1069},{"@type":"WebPage","@id":"https:\/\/le-grenier.org\/index.php\/produit\/petite-table\/#webpage","url":"https:\/\/le-grenier.org\/index.php\/produit\/petite-table\/","name":"Petite table - Le Grenier - brocante et am\u00e9nagement","isPartOf":{"@id":"https:\/\/le-grenier.org\/#website"},"primaryImageOfPage":{"@id":"https:\/\/le-grenier.org\/index.php\/produit\/petite-table\/#primaryimage"},"datePublished":"2023-11-08T08:04:27+00:00","dateModified":"2023-11-11T09:47:58+00:00","breadcrumb":{"@id":"https:\/\/le-grenier.org\/index.php\/produit\/petite-table\/#breadcrumb"},"inLanguage":"fr-FR","potentialAction":[{"@type":"ReadAction","target":["https:\/\/le-grenier.org\/index.php\/produit\/petite-table\/"]}]},{"@type":"BreadcrumbList","@id":"https:\/\/le-grenier.org\/index.php\/produit\/petite-table\/#breadcrumb","itemListElement":[{"@type":"ListItem","position":1,"name":"Accueil","item":"https:\/\/le-grenier.org\/"},{"@type":"ListItem","position":2,"name":"Boutique en ligne","item":"https:\/\/le-grenier.org\/"},{"@type":"ListItem","position":3,"name":"Petite table"}]}]}},"_links":{"self":[{"href":"https:\/\/le-grenier.org\/index.php\/wp-json\/wp\/v2\/product\/55893"}],"collection":[{"href":"https:\/\/le-grenier.org\/index.php\/wp-json\/wp\/v2\/product"}],"about":[{"href":"https:\/\/le-grenier.org\/index.php\/wp-json\/wp\/v2\/types\/product"}],"wp:featuredmedia":[{"embeddable":true,"href":"https:\/\/le-grenier.org\/index.php\/wp-json\/wp\/v2\/media\/55900"}],"wp:attachment":[{"href":"https:\/\/le-grenier.org\/index.php\/wp-json\/wp\/v2\/media?parent=55893"}],"wp:term":[{"taxonomy":"product_cat","embeddable":true,"href":"https:\/\/le-grenier.org\/index.php\/wp-json\/wp\/v2\/product_cat?post=55893"},{"taxonomy":"product_tag","embeddable":true,"href":"https:\/\/le-grenier.org\/index.php\/wp-json\/wp\/v2\/product_tag?post=55893"}],"curies":[{"name":"wp","href":"https:\/\/api.w.org\/{rel}","templated":true}]}}