{"id":56144,"date":"2024-01-20T21:30:23","date_gmt":"2024-01-20T20:30:23","guid":{"rendered":"https:\/\/le-grenier.org\/index.php\/produit\/lot-trois-tiroirs\/"},"modified":"2024-01-20T21:40:35","modified_gmt":"2024-01-20T20:40:35","slug":"lot-trois-tiroirs","status":"publish","type":"product","link":"https:\/\/le-grenier.org\/index.php\/produit\/lot-trois-tiroirs\/","title":{"rendered":"Lot trois tiroirs"},"content":{"rendered":"<p>Lot de trois tiroirs d\u2019atelier anciens<\/p>\n<p>Deux en bois brut<\/p>\n<p>1 en bois peint en noir et num\u00e9rot\u00e9 117<\/p>\n<p>Poign\u00e9e coquille en laiton<\/p>\n<p>Enti\u00e8rement nettoy\u00e9s,<\/p>\n<p>Finition \u00e0 la cire incolore<\/p>\n<p>Hauteur totale 37cm<\/p>\n<p>Profondeur 55cm<\/p>\n<p>Largeur 43cm<\/p>\n<p>Superbe en d\u00e9co au sol pour mettre quelques vinyles ou des plantes en tout genre<\/p>\n<p>Vente \u00e0 l\u2019unit\u00e9 : me contacter<\/p>\n","protected":false},"excerpt":{"rendered":"<p>Lot de trois tiroirs d\u2019atelier anciens Deux en bois brut 1 en bois peint en noir et num\u00e9rot\u00e9 117 Poign\u00e9e&hellip;<\/p>\n","protected":false},"featured_media":56145,"template":"","meta":{"ngg_post_thumbnail":0},"product_cat":[40,23],"product_tag":[],"yoast_head":"<!-- This site is optimized with the Yoast SEO plugin v17.9 - https:\/\/yoast.com\/wordpress\/plugins\/seo\/ -->\n<title>Lot trois tiroirs - Le Grenier - brocante et am\u00e9nagement<\/title>\n<meta name=\"robots\" content=\"index, follow, max-snippet:-1, max-image-preview:large, max-video-preview:-1\" \/>\n<link rel=\"canonical\" href=\"https:\/\/le-grenier.org\/index.php\/produit\/lot-trois-tiroirs\/\" \/>\n<meta property=\"og:locale\" content=\"fr_FR\" \/>\n<meta property=\"og:type\" content=\"article\" \/>\n<meta property=\"og:title\" content=\"Lot trois tiroirs - Le Grenier - brocante et am\u00e9nagement\" \/>\n<meta property=\"og:description\" content=\"Lot de trois tiroirs d\u2019atelier anciens Deux en bois brut 1 en bois peint en noir et num\u00e9rot\u00e9 117 Poign\u00e9e&hellip;\" \/>\n<meta property=\"og:url\" content=\"https:\/\/le-grenier.org\/index.php\/produit\/lot-trois-tiroirs\/\" \/>\n<meta property=\"og:site_name\" content=\"Le Grenier - brocante et am\u00e9nagement\" \/>\n<meta property=\"article:modified_time\" content=\"2024-01-20T20:40:35+00:00\" \/>\n<meta name=\"twitter:card\" content=\"summary_large_image\" \/>\n<script type=\"application\/ld+json\" class=\"yoast-schema-graph\">{\"@context\":\"https:\/\/schema.org\",\"@graph\":[{\"@type\":\"WebSite\",\"@id\":\"https:\/\/le-grenier.org\/#website\",\"url\":\"https:\/\/le-grenier.org\/\",\"name\":\"Le Grenier - brocante et am\\u00e9nagement\",\"description\":\"\",\"potentialAction\":[{\"@type\":\"SearchAction\",\"target\":{\"@type\":\"EntryPoint\",\"urlTemplate\":\"https:\/\/le-grenier.org\/?s={search_term_string}\"},\"query-input\":\"required name=search_term_string\"}],\"inLanguage\":\"fr-FR\"},{\"@type\":\"ImageObject\",\"@id\":\"https:\/\/le-grenier.org\/index.php\/produit\/lot-trois-tiroirs\/#primaryimage\",\"inLanguage\":\"fr-FR\",\"url\":\"https:\/\/le-grenier.org\/wp-content\/uploads\/2024\/01\/img_4164.jpeg\",\"contentUrl\":\"https:\/\/le-grenier.org\/wp-content\/uploads\/2024\/01\/img_4164.jpeg\",\"width\":828,\"height\":1196},{\"@type\":\"WebPage\",\"@id\":\"https:\/\/le-grenier.org\/index.php\/produit\/lot-trois-tiroirs\/#webpage\",\"url\":\"https:\/\/le-grenier.org\/index.php\/produit\/lot-trois-tiroirs\/\",\"name\":\"Lot trois tiroirs - Le Grenier - brocante et am\\u00e9nagement\",\"isPartOf\":{\"@id\":\"https:\/\/le-grenier.org\/#website\"},\"primaryImageOfPage\":{\"@id\":\"https:\/\/le-grenier.org\/index.php\/produit\/lot-trois-tiroirs\/#primaryimage\"},\"datePublished\":\"2024-01-20T20:30:23+00:00\",\"dateModified\":\"2024-01-20T20:40:35+00:00\",\"breadcrumb\":{\"@id\":\"https:\/\/le-grenier.org\/index.php\/produit\/lot-trois-tiroirs\/#breadcrumb\"},\"inLanguage\":\"fr-FR\",\"potentialAction\":[{\"@type\":\"ReadAction\",\"target\":[\"https:\/\/le-grenier.org\/index.php\/produit\/lot-trois-tiroirs\/\"]}]},{\"@type\":\"BreadcrumbList\",\"@id\":\"https:\/\/le-grenier.org\/index.php\/produit\/lot-trois-tiroirs\/#breadcrumb\",\"itemListElement\":[{\"@type\":\"ListItem\",\"position\":1,\"name\":\"Accueil\",\"item\":\"https:\/\/le-grenier.org\/\"},{\"@type\":\"ListItem\",\"position\":2,\"name\":\"Boutique en ligne\",\"item\":\"https:\/\/le-grenier.org\/\"},{\"@type\":\"ListItem\",\"position\":3,\"name\":\"Lot trois tiroirs\"}]}]}<\/script>\n<!-- \/ Yoast SEO plugin. -->","yoast_head_json":{"title":"Lot trois tiroirs - Le Grenier - brocante et am\u00e9nagement","robots":{"index":"index","follow":"follow","max-snippet":"max-snippet:-1","max-image-preview":"max-image-preview:large","max-video-preview":"max-video-preview:-1"},"canonical":"https:\/\/le-grenier.org\/index.php\/produit\/lot-trois-tiroirs\/","og_locale":"fr_FR","og_type":"article","og_title":"Lot trois tiroirs - Le Grenier - brocante et am\u00e9nagement","og_description":"Lot de trois tiroirs d\u2019atelier anciens Deux en bois brut 1 en bois peint en noir et num\u00e9rot\u00e9 117 Poign\u00e9e&hellip;","og_url":"https:\/\/le-grenier.org\/index.php\/produit\/lot-trois-tiroirs\/","og_site_name":"Le Grenier - brocante et am\u00e9nagement","article_modified_time":"2024-01-20T20:40:35+00:00","twitter_card":"summary_large_image","schema":{"@context":"https:\/\/schema.org","@graph":[{"@type":"WebSite","@id":"https:\/\/le-grenier.org\/#website","url":"https:\/\/le-grenier.org\/","name":"Le Grenier - brocante et am\u00e9nagement","description":"","potentialAction":[{"@type":"SearchAction","target":{"@type":"EntryPoint","urlTemplate":"https:\/\/le-grenier.org\/?s={search_term_string}"},"query-input":"required name=search_term_string"}],"inLanguage":"fr-FR"},{"@type":"ImageObject","@id":"https:\/\/le-grenier.org\/index.php\/produit\/lot-trois-tiroirs\/#primaryimage","inLanguage":"fr-FR","url":"https:\/\/le-grenier.org\/wp-content\/uploads\/2024\/01\/img_4164.jpeg","contentUrl":"https:\/\/le-grenier.org\/wp-content\/uploads\/2024\/01\/img_4164.jpeg","width":828,"height":1196},{"@type":"WebPage","@id":"https:\/\/le-grenier.org\/index.php\/produit\/lot-trois-tiroirs\/#webpage","url":"https:\/\/le-grenier.org\/index.php\/produit\/lot-trois-tiroirs\/","name":"Lot trois tiroirs - Le Grenier - brocante et am\u00e9nagement","isPartOf":{"@id":"https:\/\/le-grenier.org\/#website"},"primaryImageOfPage":{"@id":"https:\/\/le-grenier.org\/index.php\/produit\/lot-trois-tiroirs\/#primaryimage"},"datePublished":"2024-01-20T20:30:23+00:00","dateModified":"2024-01-20T20:40:35+00:00","breadcrumb":{"@id":"https:\/\/le-grenier.org\/index.php\/produit\/lot-trois-tiroirs\/#breadcrumb"},"inLanguage":"fr-FR","potentialAction":[{"@type":"ReadAction","target":["https:\/\/le-grenier.org\/index.php\/produit\/lot-trois-tiroirs\/"]}]},{"@type":"BreadcrumbList","@id":"https:\/\/le-grenier.org\/index.php\/produit\/lot-trois-tiroirs\/#breadcrumb","itemListElement":[{"@type":"ListItem","position":1,"name":"Accueil","item":"https:\/\/le-grenier.org\/"},{"@type":"ListItem","position":2,"name":"Boutique en ligne","item":"https:\/\/le-grenier.org\/"},{"@type":"ListItem","position":3,"name":"Lot trois tiroirs"}]}]}},"_links":{"self":[{"href":"https:\/\/le-grenier.org\/index.php\/wp-json\/wp\/v2\/product\/56144"}],"collection":[{"href":"https:\/\/le-grenier.org\/index.php\/wp-json\/wp\/v2\/product"}],"about":[{"href":"https:\/\/le-grenier.org\/index.php\/wp-json\/wp\/v2\/types\/product"}],"wp:featuredmedia":[{"embeddable":true,"href":"https:\/\/le-grenier.org\/index.php\/wp-json\/wp\/v2\/media\/56145"}],"wp:attachment":[{"href":"https:\/\/le-grenier.org\/index.php\/wp-json\/wp\/v2\/media?parent=56144"}],"wp:term":[{"taxonomy":"product_cat","embeddable":true,"href":"https:\/\/le-grenier.org\/index.php\/wp-json\/wp\/v2\/product_cat?post=56144"},{"taxonomy":"product_tag","embeddable":true,"href":"https:\/\/le-grenier.org\/index.php\/wp-json\/wp\/v2\/product_tag?post=56144"}],"curies":[{"name":"wp","href":"https:\/\/api.w.org\/{rel}","templated":true}]}}