{"id":56576,"date":"2024-05-07T09:37:37","date_gmt":"2024-05-07T07:37:37","guid":{"rendered":"https:\/\/le-grenier.org\/index.php\/produit\/pateres-porcelaine\/"},"modified":"2024-10-10T09:34:16","modified_gmt":"2024-10-10T07:34:16","slug":"pateres-porcelaine","status":"publish","type":"product","link":"https:\/\/le-grenier.org\/index.php\/produit\/pateres-porcelaine\/","title":{"rendered":"Pat\u00e8res porcelaine"},"content":{"rendered":"<p>Paire de pat\u00e8res en porcelaine de Limoges \u00e0 d\u00e9cor de tournesols \ud83c\udf3b<\/p>\n<p>Grav\u00e9es et num\u00e9rot\u00e9es au revers<\/p>\n<p>Hauteur 11cm<\/p>\n","protected":false},"excerpt":{"rendered":"<p>Paire de pat\u00e8res en porcelaine de Limoges \u00e0 d\u00e9cor de tournesols \ud83c\udf3b Grav\u00e9es et num\u00e9rot\u00e9es au revers Hauteur 11cm<\/p>\n","protected":false},"featured_media":56577,"template":"","meta":{"ngg_post_thumbnail":0},"product_cat":[40,23],"product_tag":[],"yoast_head":"<!-- This site is optimized with the Yoast SEO plugin v17.9 - https:\/\/yoast.com\/wordpress\/plugins\/seo\/ -->\n<title>Pat\u00e8res porcelaine - Le Grenier - brocante et am\u00e9nagement<\/title>\n<meta name=\"robots\" content=\"index, follow, max-snippet:-1, max-image-preview:large, max-video-preview:-1\" \/>\n<link rel=\"canonical\" href=\"https:\/\/le-grenier.org\/index.php\/produit\/pateres-porcelaine\/\" \/>\n<meta property=\"og:locale\" content=\"fr_FR\" \/>\n<meta property=\"og:type\" content=\"article\" \/>\n<meta property=\"og:title\" content=\"Pat\u00e8res porcelaine - Le Grenier - brocante et am\u00e9nagement\" \/>\n<meta property=\"og:description\" content=\"Paire de pat\u00e8res en porcelaine de Limoges \u00e0 d\u00e9cor de tournesols \ud83c\udf3b Grav\u00e9es et num\u00e9rot\u00e9es au revers Hauteur 11cm\" \/>\n<meta property=\"og:url\" content=\"https:\/\/le-grenier.org\/index.php\/produit\/pateres-porcelaine\/\" \/>\n<meta property=\"og:site_name\" content=\"Le Grenier - brocante et am\u00e9nagement\" \/>\n<meta property=\"article:modified_time\" content=\"2024-10-10T07:34:16+00:00\" \/>\n<meta name=\"twitter:card\" content=\"summary_large_image\" \/>\n<script type=\"application\/ld+json\" class=\"yoast-schema-graph\">{\"@context\":\"https:\/\/schema.org\",\"@graph\":[{\"@type\":\"WebSite\",\"@id\":\"https:\/\/le-grenier.org\/#website\",\"url\":\"https:\/\/le-grenier.org\/\",\"name\":\"Le Grenier - brocante et am\\u00e9nagement\",\"description\":\"\",\"potentialAction\":[{\"@type\":\"SearchAction\",\"target\":{\"@type\":\"EntryPoint\",\"urlTemplate\":\"https:\/\/le-grenier.org\/?s={search_term_string}\"},\"query-input\":\"required name=search_term_string\"}],\"inLanguage\":\"fr-FR\"},{\"@type\":\"ImageObject\",\"@id\":\"https:\/\/le-grenier.org\/index.php\/produit\/pateres-porcelaine\/#primaryimage\",\"inLanguage\":\"fr-FR\",\"url\":\"https:\/\/le-grenier.org\/wp-content\/uploads\/2024\/05\/img_5941.jpeg\",\"contentUrl\":\"https:\/\/le-grenier.org\/wp-content\/uploads\/2024\/05\/img_5941.jpeg\",\"width\":828,\"height\":951},{\"@type\":\"WebPage\",\"@id\":\"https:\/\/le-grenier.org\/index.php\/produit\/pateres-porcelaine\/#webpage\",\"url\":\"https:\/\/le-grenier.org\/index.php\/produit\/pateres-porcelaine\/\",\"name\":\"Pat\\u00e8res porcelaine - Le Grenier - brocante et am\\u00e9nagement\",\"isPartOf\":{\"@id\":\"https:\/\/le-grenier.org\/#website\"},\"primaryImageOfPage\":{\"@id\":\"https:\/\/le-grenier.org\/index.php\/produit\/pateres-porcelaine\/#primaryimage\"},\"datePublished\":\"2024-05-07T07:37:37+00:00\",\"dateModified\":\"2024-10-10T07:34:16+00:00\",\"breadcrumb\":{\"@id\":\"https:\/\/le-grenier.org\/index.php\/produit\/pateres-porcelaine\/#breadcrumb\"},\"inLanguage\":\"fr-FR\",\"potentialAction\":[{\"@type\":\"ReadAction\",\"target\":[\"https:\/\/le-grenier.org\/index.php\/produit\/pateres-porcelaine\/\"]}]},{\"@type\":\"BreadcrumbList\",\"@id\":\"https:\/\/le-grenier.org\/index.php\/produit\/pateres-porcelaine\/#breadcrumb\",\"itemListElement\":[{\"@type\":\"ListItem\",\"position\":1,\"name\":\"Accueil\",\"item\":\"https:\/\/le-grenier.org\/\"},{\"@type\":\"ListItem\",\"position\":2,\"name\":\"Boutique en ligne\",\"item\":\"https:\/\/le-grenier.org\/\"},{\"@type\":\"ListItem\",\"position\":3,\"name\":\"Pat\\u00e8res porcelaine\"}]}]}<\/script>\n<!-- \/ Yoast SEO plugin. -->","yoast_head_json":{"title":"Pat\u00e8res porcelaine - Le Grenier - brocante et am\u00e9nagement","robots":{"index":"index","follow":"follow","max-snippet":"max-snippet:-1","max-image-preview":"max-image-preview:large","max-video-preview":"max-video-preview:-1"},"canonical":"https:\/\/le-grenier.org\/index.php\/produit\/pateres-porcelaine\/","og_locale":"fr_FR","og_type":"article","og_title":"Pat\u00e8res porcelaine - Le Grenier - brocante et am\u00e9nagement","og_description":"Paire de pat\u00e8res en porcelaine de Limoges \u00e0 d\u00e9cor de tournesols \ud83c\udf3b Grav\u00e9es et num\u00e9rot\u00e9es au revers Hauteur 11cm","og_url":"https:\/\/le-grenier.org\/index.php\/produit\/pateres-porcelaine\/","og_site_name":"Le Grenier - brocante et am\u00e9nagement","article_modified_time":"2024-10-10T07:34:16+00:00","twitter_card":"summary_large_image","schema":{"@context":"https:\/\/schema.org","@graph":[{"@type":"WebSite","@id":"https:\/\/le-grenier.org\/#website","url":"https:\/\/le-grenier.org\/","name":"Le Grenier - brocante et am\u00e9nagement","description":"","potentialAction":[{"@type":"SearchAction","target":{"@type":"EntryPoint","urlTemplate":"https:\/\/le-grenier.org\/?s={search_term_string}"},"query-input":"required name=search_term_string"}],"inLanguage":"fr-FR"},{"@type":"ImageObject","@id":"https:\/\/le-grenier.org\/index.php\/produit\/pateres-porcelaine\/#primaryimage","inLanguage":"fr-FR","url":"https:\/\/le-grenier.org\/wp-content\/uploads\/2024\/05\/img_5941.jpeg","contentUrl":"https:\/\/le-grenier.org\/wp-content\/uploads\/2024\/05\/img_5941.jpeg","width":828,"height":951},{"@type":"WebPage","@id":"https:\/\/le-grenier.org\/index.php\/produit\/pateres-porcelaine\/#webpage","url":"https:\/\/le-grenier.org\/index.php\/produit\/pateres-porcelaine\/","name":"Pat\u00e8res porcelaine - Le Grenier - brocante et am\u00e9nagement","isPartOf":{"@id":"https:\/\/le-grenier.org\/#website"},"primaryImageOfPage":{"@id":"https:\/\/le-grenier.org\/index.php\/produit\/pateres-porcelaine\/#primaryimage"},"datePublished":"2024-05-07T07:37:37+00:00","dateModified":"2024-10-10T07:34:16+00:00","breadcrumb":{"@id":"https:\/\/le-grenier.org\/index.php\/produit\/pateres-porcelaine\/#breadcrumb"},"inLanguage":"fr-FR","potentialAction":[{"@type":"ReadAction","target":["https:\/\/le-grenier.org\/index.php\/produit\/pateres-porcelaine\/"]}]},{"@type":"BreadcrumbList","@id":"https:\/\/le-grenier.org\/index.php\/produit\/pateres-porcelaine\/#breadcrumb","itemListElement":[{"@type":"ListItem","position":1,"name":"Accueil","item":"https:\/\/le-grenier.org\/"},{"@type":"ListItem","position":2,"name":"Boutique en ligne","item":"https:\/\/le-grenier.org\/"},{"@type":"ListItem","position":3,"name":"Pat\u00e8res porcelaine"}]}]}},"_links":{"self":[{"href":"https:\/\/le-grenier.org\/index.php\/wp-json\/wp\/v2\/product\/56576"}],"collection":[{"href":"https:\/\/le-grenier.org\/index.php\/wp-json\/wp\/v2\/product"}],"about":[{"href":"https:\/\/le-grenier.org\/index.php\/wp-json\/wp\/v2\/types\/product"}],"wp:featuredmedia":[{"embeddable":true,"href":"https:\/\/le-grenier.org\/index.php\/wp-json\/wp\/v2\/media\/56577"}],"wp:attachment":[{"href":"https:\/\/le-grenier.org\/index.php\/wp-json\/wp\/v2\/media?parent=56576"}],"wp:term":[{"taxonomy":"product_cat","embeddable":true,"href":"https:\/\/le-grenier.org\/index.php\/wp-json\/wp\/v2\/product_cat?post=56576"},{"taxonomy":"product_tag","embeddable":true,"href":"https:\/\/le-grenier.org\/index.php\/wp-json\/wp\/v2\/product_tag?post=56576"}],"curies":[{"name":"wp","href":"https:\/\/api.w.org\/{rel}","templated":true}]}}