{"id":56649,"date":"2024-05-30T15:08:26","date_gmt":"2024-05-30T13:08:26","guid":{"rendered":"https:\/\/le-grenier.org\/index.php\/produit\/paire-danimaux\/"},"modified":"2025-01-25T14:27:38","modified_gmt":"2025-01-25T13:27:38","slug":"paire-danimaux","status":"publish","type":"product","link":"https:\/\/le-grenier.org\/index.php\/produit\/paire-danimaux\/","title":{"rendered":"Paire d\u2019animaux"},"content":{"rendered":"<p>Paire d\u2019animaux en terre cuite<\/p>\n<p>Provenance : Inde \ud83c\uddee\ud83c\uddf3<\/p>\n<p>R\u00e9alis\u00e9s \u00e0 la main<\/p>\n","protected":false},"excerpt":{"rendered":"<p>Paire d\u2019animaux en terre cuite Provenance : Inde \ud83c\uddee\ud83c\uddf3 R\u00e9alis\u00e9s \u00e0 la main<\/p>\n","protected":false},"featured_media":56677,"template":"","meta":{"ngg_post_thumbnail":0},"product_cat":[61,27,26],"product_tag":[],"yoast_head":"<!-- This site is optimized with the Yoast SEO plugin v17.9 - https:\/\/yoast.com\/wordpress\/plugins\/seo\/ -->\n<title>Paire d\u2019animaux - Le Grenier - brocante et am\u00e9nagement<\/title>\n<meta name=\"robots\" content=\"index, follow, max-snippet:-1, max-image-preview:large, max-video-preview:-1\" \/>\n<link rel=\"canonical\" href=\"https:\/\/le-grenier.org\/index.php\/produit\/paire-danimaux\/\" \/>\n<meta property=\"og:locale\" content=\"fr_FR\" \/>\n<meta property=\"og:type\" content=\"article\" \/>\n<meta property=\"og:title\" content=\"Paire d\u2019animaux - Le Grenier - brocante et am\u00e9nagement\" \/>\n<meta property=\"og:description\" content=\"Paire d\u2019animaux en terre cuite Provenance : Inde \ud83c\uddee\ud83c\uddf3 R\u00e9alis\u00e9s \u00e0 la main\" \/>\n<meta property=\"og:url\" content=\"https:\/\/le-grenier.org\/index.php\/produit\/paire-danimaux\/\" \/>\n<meta property=\"og:site_name\" content=\"Le Grenier - brocante et am\u00e9nagement\" \/>\n<meta property=\"article:modified_time\" content=\"2025-01-25T13:27:38+00:00\" \/>\n<meta property=\"og:image\" content=\"http:\/\/le-grenier.org\/wp-content\/uploads\/2024\/06\/img_6207.jpeg\" \/>\n\t<meta property=\"og:image:width\" content=\"828\" \/>\n\t<meta property=\"og:image:height\" content=\"905\" \/>\n\t<meta property=\"og:image:type\" content=\"image\/jpeg\" \/>\n<meta name=\"twitter:card\" content=\"summary_large_image\" \/>\n<script type=\"application\/ld+json\" class=\"yoast-schema-graph\">{\"@context\":\"https:\/\/schema.org\",\"@graph\":[{\"@type\":\"WebSite\",\"@id\":\"https:\/\/le-grenier.org\/#website\",\"url\":\"https:\/\/le-grenier.org\/\",\"name\":\"Le Grenier - brocante et am\\u00e9nagement\",\"description\":\"\",\"potentialAction\":[{\"@type\":\"SearchAction\",\"target\":{\"@type\":\"EntryPoint\",\"urlTemplate\":\"https:\/\/le-grenier.org\/?s={search_term_string}\"},\"query-input\":\"required name=search_term_string\"}],\"inLanguage\":\"fr-FR\"},{\"@type\":\"ImageObject\",\"@id\":\"https:\/\/le-grenier.org\/index.php\/produit\/paire-danimaux\/#primaryimage\",\"inLanguage\":\"fr-FR\",\"url\":\"https:\/\/le-grenier.org\/wp-content\/uploads\/2024\/06\/img_6207.jpeg\",\"contentUrl\":\"https:\/\/le-grenier.org\/wp-content\/uploads\/2024\/06\/img_6207.jpeg\",\"width\":828,\"height\":905},{\"@type\":\"WebPage\",\"@id\":\"https:\/\/le-grenier.org\/index.php\/produit\/paire-danimaux\/#webpage\",\"url\":\"https:\/\/le-grenier.org\/index.php\/produit\/paire-danimaux\/\",\"name\":\"Paire d\\u2019animaux - Le Grenier - brocante et am\\u00e9nagement\",\"isPartOf\":{\"@id\":\"https:\/\/le-grenier.org\/#website\"},\"primaryImageOfPage\":{\"@id\":\"https:\/\/le-grenier.org\/index.php\/produit\/paire-danimaux\/#primaryimage\"},\"datePublished\":\"2024-05-30T13:08:26+00:00\",\"dateModified\":\"2025-01-25T13:27:38+00:00\",\"breadcrumb\":{\"@id\":\"https:\/\/le-grenier.org\/index.php\/produit\/paire-danimaux\/#breadcrumb\"},\"inLanguage\":\"fr-FR\",\"potentialAction\":[{\"@type\":\"ReadAction\",\"target\":[\"https:\/\/le-grenier.org\/index.php\/produit\/paire-danimaux\/\"]}]},{\"@type\":\"BreadcrumbList\",\"@id\":\"https:\/\/le-grenier.org\/index.php\/produit\/paire-danimaux\/#breadcrumb\",\"itemListElement\":[{\"@type\":\"ListItem\",\"position\":1,\"name\":\"Accueil\",\"item\":\"https:\/\/le-grenier.org\/\"},{\"@type\":\"ListItem\",\"position\":2,\"name\":\"Boutique en ligne\",\"item\":\"https:\/\/le-grenier.org\/\"},{\"@type\":\"ListItem\",\"position\":3,\"name\":\"Paire d\\u2019animaux\"}]}]}<\/script>\n<!-- \/ Yoast SEO plugin. -->","yoast_head_json":{"title":"Paire d\u2019animaux - Le Grenier - brocante et am\u00e9nagement","robots":{"index":"index","follow":"follow","max-snippet":"max-snippet:-1","max-image-preview":"max-image-preview:large","max-video-preview":"max-video-preview:-1"},"canonical":"https:\/\/le-grenier.org\/index.php\/produit\/paire-danimaux\/","og_locale":"fr_FR","og_type":"article","og_title":"Paire d\u2019animaux - Le Grenier - brocante et am\u00e9nagement","og_description":"Paire d\u2019animaux en terre cuite Provenance : Inde \ud83c\uddee\ud83c\uddf3 R\u00e9alis\u00e9s \u00e0 la main","og_url":"https:\/\/le-grenier.org\/index.php\/produit\/paire-danimaux\/","og_site_name":"Le Grenier - brocante et am\u00e9nagement","article_modified_time":"2025-01-25T13:27:38+00:00","og_image":[{"width":828,"height":905,"url":"http:\/\/le-grenier.org\/wp-content\/uploads\/2024\/06\/img_6207.jpeg","type":"image\/jpeg"}],"twitter_card":"summary_large_image","schema":{"@context":"https:\/\/schema.org","@graph":[{"@type":"WebSite","@id":"https:\/\/le-grenier.org\/#website","url":"https:\/\/le-grenier.org\/","name":"Le Grenier - brocante et am\u00e9nagement","description":"","potentialAction":[{"@type":"SearchAction","target":{"@type":"EntryPoint","urlTemplate":"https:\/\/le-grenier.org\/?s={search_term_string}"},"query-input":"required name=search_term_string"}],"inLanguage":"fr-FR"},{"@type":"ImageObject","@id":"https:\/\/le-grenier.org\/index.php\/produit\/paire-danimaux\/#primaryimage","inLanguage":"fr-FR","url":"https:\/\/le-grenier.org\/wp-content\/uploads\/2024\/06\/img_6207.jpeg","contentUrl":"https:\/\/le-grenier.org\/wp-content\/uploads\/2024\/06\/img_6207.jpeg","width":828,"height":905},{"@type":"WebPage","@id":"https:\/\/le-grenier.org\/index.php\/produit\/paire-danimaux\/#webpage","url":"https:\/\/le-grenier.org\/index.php\/produit\/paire-danimaux\/","name":"Paire d\u2019animaux - Le Grenier - brocante et am\u00e9nagement","isPartOf":{"@id":"https:\/\/le-grenier.org\/#website"},"primaryImageOfPage":{"@id":"https:\/\/le-grenier.org\/index.php\/produit\/paire-danimaux\/#primaryimage"},"datePublished":"2024-05-30T13:08:26+00:00","dateModified":"2025-01-25T13:27:38+00:00","breadcrumb":{"@id":"https:\/\/le-grenier.org\/index.php\/produit\/paire-danimaux\/#breadcrumb"},"inLanguage":"fr-FR","potentialAction":[{"@type":"ReadAction","target":["https:\/\/le-grenier.org\/index.php\/produit\/paire-danimaux\/"]}]},{"@type":"BreadcrumbList","@id":"https:\/\/le-grenier.org\/index.php\/produit\/paire-danimaux\/#breadcrumb","itemListElement":[{"@type":"ListItem","position":1,"name":"Accueil","item":"https:\/\/le-grenier.org\/"},{"@type":"ListItem","position":2,"name":"Boutique en ligne","item":"https:\/\/le-grenier.org\/"},{"@type":"ListItem","position":3,"name":"Paire d\u2019animaux"}]}]}},"_links":{"self":[{"href":"https:\/\/le-grenier.org\/index.php\/wp-json\/wp\/v2\/product\/56649"}],"collection":[{"href":"https:\/\/le-grenier.org\/index.php\/wp-json\/wp\/v2\/product"}],"about":[{"href":"https:\/\/le-grenier.org\/index.php\/wp-json\/wp\/v2\/types\/product"}],"wp:featuredmedia":[{"embeddable":true,"href":"https:\/\/le-grenier.org\/index.php\/wp-json\/wp\/v2\/media\/56677"}],"wp:attachment":[{"href":"https:\/\/le-grenier.org\/index.php\/wp-json\/wp\/v2\/media?parent=56649"}],"wp:term":[{"taxonomy":"product_cat","embeddable":true,"href":"https:\/\/le-grenier.org\/index.php\/wp-json\/wp\/v2\/product_cat?post=56649"},{"taxonomy":"product_tag","embeddable":true,"href":"https:\/\/le-grenier.org\/index.php\/wp-json\/wp\/v2\/product_tag?post=56649"}],"curies":[{"name":"wp","href":"https:\/\/api.w.org\/{rel}","templated":true}]}}