{"id":57206,"date":"2025-02-06T10:22:53","date_gmt":"2025-02-06T09:22:53","guid":{"rendered":"https:\/\/le-grenier.org\/index.php\/produit\/cruche-barbotine\/"},"modified":"2026-01-13T11:26:43","modified_gmt":"2026-01-13T10:26:43","slug":"cruche-barbotine","status":"publish","type":"product","link":"https:\/\/le-grenier.org\/index.php\/produit\/cruche-barbotine\/","title":{"rendered":"Cruche barbotine"},"content":{"rendered":"<p>Botijo (r\u00e9cipient en argile poreuse con\u00e7u pour boire et garder l\u2019eau fra\u00eeche.<\/p>\n<p>Espagne, 1970<\/p>\n<p>Typique de la culture espagnole, des c\u00e9ramiques de Manises (valence, espagne) repr\u00e9sentaient un bouquet d\u2019oranges.  Il a deux trous, l\u2019un pour le remplir d\u2019eau et l\u2019autre pour boire.<\/p>\n<p>Dimensions<\/p>\n<p>: H31 x L23 x P19<\/p>\n<p>Quelques traces d\u2019usure sur la peinture mais pas de f\u00ealure<\/p>\n<p>.<\/p>\n<p>.<\/p>\n<p>Envoi rapide et soign\u00e9<\/p>\n<p>Retrait gratuit \u00e0 Amiens et Thezy-Glimont<\/p>\n","protected":false},"excerpt":{"rendered":"<p>Botijo (r\u00e9cipient en argile poreuse con\u00e7u pour boire et garder l\u2019eau fra\u00eeche. Espagne, 1970 Typique de la culture espagnole, des&hellip;<\/p>\n","protected":false},"featured_media":57207,"template":"","meta":{"ngg_post_thumbnail":0},"product_cat":[58,46,23],"product_tag":[],"yoast_head":"<!-- This site is optimized with the Yoast SEO plugin v17.9 - https:\/\/yoast.com\/wordpress\/plugins\/seo\/ -->\n<title>Cruche barbotine - Le Grenier - brocante et am\u00e9nagement<\/title>\n<meta name=\"robots\" content=\"index, follow, max-snippet:-1, max-image-preview:large, max-video-preview:-1\" \/>\n<link rel=\"canonical\" href=\"https:\/\/le-grenier.org\/index.php\/produit\/cruche-barbotine\/\" \/>\n<meta property=\"og:locale\" content=\"fr_FR\" \/>\n<meta property=\"og:type\" content=\"article\" \/>\n<meta property=\"og:title\" content=\"Cruche barbotine - Le Grenier - brocante et am\u00e9nagement\" \/>\n<meta property=\"og:description\" content=\"Botijo (r\u00e9cipient en argile poreuse con\u00e7u pour boire et garder l\u2019eau fra\u00eeche. Espagne, 1970 Typique de la culture espagnole, des&hellip;\" \/>\n<meta property=\"og:url\" content=\"https:\/\/le-grenier.org\/index.php\/produit\/cruche-barbotine\/\" \/>\n<meta property=\"og:site_name\" content=\"Le Grenier - brocante et am\u00e9nagement\" \/>\n<meta property=\"article:modified_time\" content=\"2026-01-13T10:26:43+00:00\" \/>\n<meta property=\"og:image\" content=\"http:\/\/le-grenier.org\/wp-content\/uploads\/2025\/02\/img_9117.jpeg\" \/>\n\t<meta property=\"og:image:width\" content=\"828\" \/>\n\t<meta property=\"og:image:height\" content=\"883\" \/>\n\t<meta property=\"og:image:type\" content=\"image\/jpeg\" \/>\n<meta name=\"twitter:card\" content=\"summary_large_image\" \/>\n<script type=\"application\/ld+json\" class=\"yoast-schema-graph\">{\"@context\":\"https:\/\/schema.org\",\"@graph\":[{\"@type\":\"WebSite\",\"@id\":\"https:\/\/le-grenier.org\/#website\",\"url\":\"https:\/\/le-grenier.org\/\",\"name\":\"Le Grenier - brocante et am\\u00e9nagement\",\"description\":\"\",\"potentialAction\":[{\"@type\":\"SearchAction\",\"target\":{\"@type\":\"EntryPoint\",\"urlTemplate\":\"https:\/\/le-grenier.org\/?s={search_term_string}\"},\"query-input\":\"required name=search_term_string\"}],\"inLanguage\":\"fr-FR\"},{\"@type\":\"ImageObject\",\"@id\":\"https:\/\/le-grenier.org\/index.php\/produit\/cruche-barbotine\/#primaryimage\",\"inLanguage\":\"fr-FR\",\"url\":\"https:\/\/le-grenier.org\/wp-content\/uploads\/2025\/02\/img_9117.jpeg\",\"contentUrl\":\"https:\/\/le-grenier.org\/wp-content\/uploads\/2025\/02\/img_9117.jpeg\",\"width\":828,\"height\":883},{\"@type\":\"WebPage\",\"@id\":\"https:\/\/le-grenier.org\/index.php\/produit\/cruche-barbotine\/#webpage\",\"url\":\"https:\/\/le-grenier.org\/index.php\/produit\/cruche-barbotine\/\",\"name\":\"Cruche barbotine - Le Grenier - brocante et am\\u00e9nagement\",\"isPartOf\":{\"@id\":\"https:\/\/le-grenier.org\/#website\"},\"primaryImageOfPage\":{\"@id\":\"https:\/\/le-grenier.org\/index.php\/produit\/cruche-barbotine\/#primaryimage\"},\"datePublished\":\"2025-02-06T09:22:53+00:00\",\"dateModified\":\"2026-01-13T10:26:43+00:00\",\"breadcrumb\":{\"@id\":\"https:\/\/le-grenier.org\/index.php\/produit\/cruche-barbotine\/#breadcrumb\"},\"inLanguage\":\"fr-FR\",\"potentialAction\":[{\"@type\":\"ReadAction\",\"target\":[\"https:\/\/le-grenier.org\/index.php\/produit\/cruche-barbotine\/\"]}]},{\"@type\":\"BreadcrumbList\",\"@id\":\"https:\/\/le-grenier.org\/index.php\/produit\/cruche-barbotine\/#breadcrumb\",\"itemListElement\":[{\"@type\":\"ListItem\",\"position\":1,\"name\":\"Accueil\",\"item\":\"https:\/\/le-grenier.org\/\"},{\"@type\":\"ListItem\",\"position\":2,\"name\":\"Boutique en ligne\",\"item\":\"https:\/\/le-grenier.org\/\"},{\"@type\":\"ListItem\",\"position\":3,\"name\":\"Cruche barbotine\"}]}]}<\/script>\n<!-- \/ Yoast SEO plugin. -->","yoast_head_json":{"title":"Cruche barbotine - Le Grenier - brocante et am\u00e9nagement","robots":{"index":"index","follow":"follow","max-snippet":"max-snippet:-1","max-image-preview":"max-image-preview:large","max-video-preview":"max-video-preview:-1"},"canonical":"https:\/\/le-grenier.org\/index.php\/produit\/cruche-barbotine\/","og_locale":"fr_FR","og_type":"article","og_title":"Cruche barbotine - Le Grenier - brocante et am\u00e9nagement","og_description":"Botijo (r\u00e9cipient en argile poreuse con\u00e7u pour boire et garder l\u2019eau fra\u00eeche. Espagne, 1970 Typique de la culture espagnole, des&hellip;","og_url":"https:\/\/le-grenier.org\/index.php\/produit\/cruche-barbotine\/","og_site_name":"Le Grenier - brocante et am\u00e9nagement","article_modified_time":"2026-01-13T10:26:43+00:00","og_image":[{"width":828,"height":883,"url":"http:\/\/le-grenier.org\/wp-content\/uploads\/2025\/02\/img_9117.jpeg","type":"image\/jpeg"}],"twitter_card":"summary_large_image","schema":{"@context":"https:\/\/schema.org","@graph":[{"@type":"WebSite","@id":"https:\/\/le-grenier.org\/#website","url":"https:\/\/le-grenier.org\/","name":"Le Grenier - brocante et am\u00e9nagement","description":"","potentialAction":[{"@type":"SearchAction","target":{"@type":"EntryPoint","urlTemplate":"https:\/\/le-grenier.org\/?s={search_term_string}"},"query-input":"required name=search_term_string"}],"inLanguage":"fr-FR"},{"@type":"ImageObject","@id":"https:\/\/le-grenier.org\/index.php\/produit\/cruche-barbotine\/#primaryimage","inLanguage":"fr-FR","url":"https:\/\/le-grenier.org\/wp-content\/uploads\/2025\/02\/img_9117.jpeg","contentUrl":"https:\/\/le-grenier.org\/wp-content\/uploads\/2025\/02\/img_9117.jpeg","width":828,"height":883},{"@type":"WebPage","@id":"https:\/\/le-grenier.org\/index.php\/produit\/cruche-barbotine\/#webpage","url":"https:\/\/le-grenier.org\/index.php\/produit\/cruche-barbotine\/","name":"Cruche barbotine - Le Grenier - brocante et am\u00e9nagement","isPartOf":{"@id":"https:\/\/le-grenier.org\/#website"},"primaryImageOfPage":{"@id":"https:\/\/le-grenier.org\/index.php\/produit\/cruche-barbotine\/#primaryimage"},"datePublished":"2025-02-06T09:22:53+00:00","dateModified":"2026-01-13T10:26:43+00:00","breadcrumb":{"@id":"https:\/\/le-grenier.org\/index.php\/produit\/cruche-barbotine\/#breadcrumb"},"inLanguage":"fr-FR","potentialAction":[{"@type":"ReadAction","target":["https:\/\/le-grenier.org\/index.php\/produit\/cruche-barbotine\/"]}]},{"@type":"BreadcrumbList","@id":"https:\/\/le-grenier.org\/index.php\/produit\/cruche-barbotine\/#breadcrumb","itemListElement":[{"@type":"ListItem","position":1,"name":"Accueil","item":"https:\/\/le-grenier.org\/"},{"@type":"ListItem","position":2,"name":"Boutique en ligne","item":"https:\/\/le-grenier.org\/"},{"@type":"ListItem","position":3,"name":"Cruche barbotine"}]}]}},"_links":{"self":[{"href":"https:\/\/le-grenier.org\/index.php\/wp-json\/wp\/v2\/product\/57206"}],"collection":[{"href":"https:\/\/le-grenier.org\/index.php\/wp-json\/wp\/v2\/product"}],"about":[{"href":"https:\/\/le-grenier.org\/index.php\/wp-json\/wp\/v2\/types\/product"}],"wp:featuredmedia":[{"embeddable":true,"href":"https:\/\/le-grenier.org\/index.php\/wp-json\/wp\/v2\/media\/57207"}],"wp:attachment":[{"href":"https:\/\/le-grenier.org\/index.php\/wp-json\/wp\/v2\/media?parent=57206"}],"wp:term":[{"taxonomy":"product_cat","embeddable":true,"href":"https:\/\/le-grenier.org\/index.php\/wp-json\/wp\/v2\/product_cat?post=57206"},{"taxonomy":"product_tag","embeddable":true,"href":"https:\/\/le-grenier.org\/index.php\/wp-json\/wp\/v2\/product_tag?post=57206"}],"curies":[{"name":"wp","href":"https:\/\/api.w.org\/{rel}","templated":true}]}}