{"id":57365,"date":"2025-03-04T09:29:08","date_gmt":"2025-03-04T08:29:08","guid":{"rendered":"https:\/\/le-grenier.org\/index.php\/produit\/porte-torchons\/"},"modified":"2025-11-15T20:19:41","modified_gmt":"2025-11-15T19:19:41","slug":"porte-torchons","status":"publish","type":"product","link":"https:\/\/le-grenier.org\/index.php\/produit\/porte-torchons\/","title":{"rendered":"Porte torchons"},"content":{"rendered":"<p>Porte-torchons de bistrot en carreaux de c\u00e9ramique blancs et cerclage en zinc.<\/p>\n<p>Six crochets m\u00e9tal<\/p>\n<p>.<\/p>\n<p>.<\/p>\n<p>Envoi rapide et soign\u00e9<\/p>\n<p>Retrait gratuit \u00e0 Amiens et Thezy-Glimont<\/p>\n<p>.<\/p>\n","protected":false},"excerpt":{"rendered":"<p>Porte-torchons de bistrot en carreaux de c\u00e9ramique blancs et cerclage en zinc. Six crochets m\u00e9tal . . Envoi rapide et&hellip;<\/p>\n","protected":false},"featured_media":57366,"template":"","meta":{"ngg_post_thumbnail":0},"product_cat":[39,46,27],"product_tag":[],"yoast_head":"<!-- This site is optimized with the Yoast SEO plugin v17.9 - https:\/\/yoast.com\/wordpress\/plugins\/seo\/ -->\n<title>Porte torchons - Le Grenier - brocante et am\u00e9nagement<\/title>\n<meta name=\"robots\" content=\"index, follow, max-snippet:-1, max-image-preview:large, max-video-preview:-1\" \/>\n<link rel=\"canonical\" href=\"https:\/\/le-grenier.org\/index.php\/produit\/porte-torchons\/\" \/>\n<meta property=\"og:locale\" content=\"fr_FR\" \/>\n<meta property=\"og:type\" content=\"article\" \/>\n<meta property=\"og:title\" content=\"Porte torchons - Le Grenier - brocante et am\u00e9nagement\" \/>\n<meta property=\"og:description\" content=\"Porte-torchons de bistrot en carreaux de c\u00e9ramique blancs et cerclage en zinc. Six crochets m\u00e9tal . . Envoi rapide et&hellip;\" \/>\n<meta property=\"og:url\" content=\"https:\/\/le-grenier.org\/index.php\/produit\/porte-torchons\/\" \/>\n<meta property=\"og:site_name\" content=\"Le Grenier - brocante et am\u00e9nagement\" \/>\n<meta property=\"article:modified_time\" content=\"2025-11-15T19:19:41+00:00\" \/>\n<meta name=\"twitter:card\" content=\"summary_large_image\" \/>\n<script type=\"application\/ld+json\" class=\"yoast-schema-graph\">{\"@context\":\"https:\/\/schema.org\",\"@graph\":[{\"@type\":\"WebSite\",\"@id\":\"https:\/\/le-grenier.org\/#website\",\"url\":\"https:\/\/le-grenier.org\/\",\"name\":\"Le Grenier - brocante et am\\u00e9nagement\",\"description\":\"\",\"potentialAction\":[{\"@type\":\"SearchAction\",\"target\":{\"@type\":\"EntryPoint\",\"urlTemplate\":\"https:\/\/le-grenier.org\/?s={search_term_string}\"},\"query-input\":\"required name=search_term_string\"}],\"inLanguage\":\"fr-FR\"},{\"@type\":\"ImageObject\",\"@id\":\"https:\/\/le-grenier.org\/index.php\/produit\/porte-torchons\/#primaryimage\",\"inLanguage\":\"fr-FR\",\"url\":\"https:\/\/le-grenier.org\/wp-content\/uploads\/2025\/03\/img_9595.jpeg\",\"contentUrl\":\"https:\/\/le-grenier.org\/wp-content\/uploads\/2025\/03\/img_9595.jpeg\",\"width\":1170,\"height\":801},{\"@type\":\"WebPage\",\"@id\":\"https:\/\/le-grenier.org\/index.php\/produit\/porte-torchons\/#webpage\",\"url\":\"https:\/\/le-grenier.org\/index.php\/produit\/porte-torchons\/\",\"name\":\"Porte torchons - Le Grenier - brocante et am\\u00e9nagement\",\"isPartOf\":{\"@id\":\"https:\/\/le-grenier.org\/#website\"},\"primaryImageOfPage\":{\"@id\":\"https:\/\/le-grenier.org\/index.php\/produit\/porte-torchons\/#primaryimage\"},\"datePublished\":\"2025-03-04T08:29:08+00:00\",\"dateModified\":\"2025-11-15T19:19:41+00:00\",\"breadcrumb\":{\"@id\":\"https:\/\/le-grenier.org\/index.php\/produit\/porte-torchons\/#breadcrumb\"},\"inLanguage\":\"fr-FR\",\"potentialAction\":[{\"@type\":\"ReadAction\",\"target\":[\"https:\/\/le-grenier.org\/index.php\/produit\/porte-torchons\/\"]}]},{\"@type\":\"BreadcrumbList\",\"@id\":\"https:\/\/le-grenier.org\/index.php\/produit\/porte-torchons\/#breadcrumb\",\"itemListElement\":[{\"@type\":\"ListItem\",\"position\":1,\"name\":\"Accueil\",\"item\":\"https:\/\/le-grenier.org\/\"},{\"@type\":\"ListItem\",\"position\":2,\"name\":\"Boutique en ligne\",\"item\":\"https:\/\/le-grenier.org\/\"},{\"@type\":\"ListItem\",\"position\":3,\"name\":\"Porte torchons\"}]}]}<\/script>\n<!-- \/ Yoast SEO plugin. -->","yoast_head_json":{"title":"Porte torchons - Le Grenier - brocante et am\u00e9nagement","robots":{"index":"index","follow":"follow","max-snippet":"max-snippet:-1","max-image-preview":"max-image-preview:large","max-video-preview":"max-video-preview:-1"},"canonical":"https:\/\/le-grenier.org\/index.php\/produit\/porte-torchons\/","og_locale":"fr_FR","og_type":"article","og_title":"Porte torchons - Le Grenier - brocante et am\u00e9nagement","og_description":"Porte-torchons de bistrot en carreaux de c\u00e9ramique blancs et cerclage en zinc. Six crochets m\u00e9tal . . Envoi rapide et&hellip;","og_url":"https:\/\/le-grenier.org\/index.php\/produit\/porte-torchons\/","og_site_name":"Le Grenier - brocante et am\u00e9nagement","article_modified_time":"2025-11-15T19:19:41+00:00","twitter_card":"summary_large_image","schema":{"@context":"https:\/\/schema.org","@graph":[{"@type":"WebSite","@id":"https:\/\/le-grenier.org\/#website","url":"https:\/\/le-grenier.org\/","name":"Le Grenier - brocante et am\u00e9nagement","description":"","potentialAction":[{"@type":"SearchAction","target":{"@type":"EntryPoint","urlTemplate":"https:\/\/le-grenier.org\/?s={search_term_string}"},"query-input":"required name=search_term_string"}],"inLanguage":"fr-FR"},{"@type":"ImageObject","@id":"https:\/\/le-grenier.org\/index.php\/produit\/porte-torchons\/#primaryimage","inLanguage":"fr-FR","url":"https:\/\/le-grenier.org\/wp-content\/uploads\/2025\/03\/img_9595.jpeg","contentUrl":"https:\/\/le-grenier.org\/wp-content\/uploads\/2025\/03\/img_9595.jpeg","width":1170,"height":801},{"@type":"WebPage","@id":"https:\/\/le-grenier.org\/index.php\/produit\/porte-torchons\/#webpage","url":"https:\/\/le-grenier.org\/index.php\/produit\/porte-torchons\/","name":"Porte torchons - Le Grenier - brocante et am\u00e9nagement","isPartOf":{"@id":"https:\/\/le-grenier.org\/#website"},"primaryImageOfPage":{"@id":"https:\/\/le-grenier.org\/index.php\/produit\/porte-torchons\/#primaryimage"},"datePublished":"2025-03-04T08:29:08+00:00","dateModified":"2025-11-15T19:19:41+00:00","breadcrumb":{"@id":"https:\/\/le-grenier.org\/index.php\/produit\/porte-torchons\/#breadcrumb"},"inLanguage":"fr-FR","potentialAction":[{"@type":"ReadAction","target":["https:\/\/le-grenier.org\/index.php\/produit\/porte-torchons\/"]}]},{"@type":"BreadcrumbList","@id":"https:\/\/le-grenier.org\/index.php\/produit\/porte-torchons\/#breadcrumb","itemListElement":[{"@type":"ListItem","position":1,"name":"Accueil","item":"https:\/\/le-grenier.org\/"},{"@type":"ListItem","position":2,"name":"Boutique en ligne","item":"https:\/\/le-grenier.org\/"},{"@type":"ListItem","position":3,"name":"Porte torchons"}]}]}},"_links":{"self":[{"href":"https:\/\/le-grenier.org\/index.php\/wp-json\/wp\/v2\/product\/57365"}],"collection":[{"href":"https:\/\/le-grenier.org\/index.php\/wp-json\/wp\/v2\/product"}],"about":[{"href":"https:\/\/le-grenier.org\/index.php\/wp-json\/wp\/v2\/types\/product"}],"wp:featuredmedia":[{"embeddable":true,"href":"https:\/\/le-grenier.org\/index.php\/wp-json\/wp\/v2\/media\/57366"}],"wp:attachment":[{"href":"https:\/\/le-grenier.org\/index.php\/wp-json\/wp\/v2\/media?parent=57365"}],"wp:term":[{"taxonomy":"product_cat","embeddable":true,"href":"https:\/\/le-grenier.org\/index.php\/wp-json\/wp\/v2\/product_cat?post=57365"},{"taxonomy":"product_tag","embeddable":true,"href":"https:\/\/le-grenier.org\/index.php\/wp-json\/wp\/v2\/product_tag?post=57365"}],"curies":[{"name":"wp","href":"https:\/\/api.w.org\/{rel}","templated":true}]}}