{"id":57369,"date":"2025-03-05T09:13:47","date_gmt":"2025-03-05T08:13:47","guid":{"rendered":"https:\/\/le-grenier.org\/index.php\/produit\/bol-en-terre-cuite\/"},"modified":"2025-03-05T09:23:38","modified_gmt":"2025-03-05T08:23:38","slug":"bol-en-terre-cuite","status":"publish","type":"product","link":"https:\/\/le-grenier.org\/index.php\/produit\/bol-en-terre-cuite\/","title":{"rendered":"Bol en terre cuite"},"content":{"rendered":"<p>Petit bol \u00e0 oreilles ancien en terre cuite<\/p>\n<p>Bon \u00e9tat g\u00e9n\u00e9ral<\/p>\n<p>.<\/p>\n<p>.<\/p>\n<p>Envoi rapide et soign\u00e9<\/p>\n<p>Retrait gratuit \u00e0 Amiens et Thezy-Glimont<\/p>\n","protected":false},"excerpt":{"rendered":"<p>Petit bol \u00e0 oreilles ancien en terre cuite Bon \u00e9tat g\u00e9n\u00e9ral . . Envoi rapide et soign\u00e9 Retrait gratuit \u00e0&hellip;<\/p>\n","protected":false},"featured_media":57370,"template":"","meta":{"ngg_post_thumbnail":0},"product_cat":[40,46,27],"product_tag":[],"yoast_head":"<!-- This site is optimized with the Yoast SEO plugin v17.9 - https:\/\/yoast.com\/wordpress\/plugins\/seo\/ -->\n<title>Bol en terre cuite - Le Grenier - brocante et am\u00e9nagement<\/title>\n<meta name=\"robots\" content=\"index, follow, max-snippet:-1, max-image-preview:large, max-video-preview:-1\" \/>\n<link rel=\"canonical\" href=\"https:\/\/le-grenier.org\/index.php\/produit\/bol-en-terre-cuite\/\" \/>\n<meta property=\"og:locale\" content=\"fr_FR\" \/>\n<meta property=\"og:type\" content=\"article\" \/>\n<meta property=\"og:title\" content=\"Bol en terre cuite - Le Grenier - brocante et am\u00e9nagement\" \/>\n<meta property=\"og:description\" content=\"Petit bol \u00e0 oreilles ancien en terre cuite Bon \u00e9tat g\u00e9n\u00e9ral . . Envoi rapide et soign\u00e9 Retrait gratuit \u00e0&hellip;\" \/>\n<meta property=\"og:url\" content=\"https:\/\/le-grenier.org\/index.php\/produit\/bol-en-terre-cuite\/\" \/>\n<meta property=\"og:site_name\" content=\"Le Grenier - brocante et am\u00e9nagement\" \/>\n<meta property=\"article:modified_time\" content=\"2025-03-05T08:23:38+00:00\" \/>\n<meta name=\"twitter:card\" content=\"summary_large_image\" \/>\n<script type=\"application\/ld+json\" class=\"yoast-schema-graph\">{\"@context\":\"https:\/\/schema.org\",\"@graph\":[{\"@type\":\"WebSite\",\"@id\":\"https:\/\/le-grenier.org\/#website\",\"url\":\"https:\/\/le-grenier.org\/\",\"name\":\"Le Grenier - brocante et am\\u00e9nagement\",\"description\":\"\",\"potentialAction\":[{\"@type\":\"SearchAction\",\"target\":{\"@type\":\"EntryPoint\",\"urlTemplate\":\"https:\/\/le-grenier.org\/?s={search_term_string}\"},\"query-input\":\"required name=search_term_string\"}],\"inLanguage\":\"fr-FR\"},{\"@type\":\"ImageObject\",\"@id\":\"https:\/\/le-grenier.org\/index.php\/produit\/bol-en-terre-cuite\/#primaryimage\",\"inLanguage\":\"fr-FR\",\"url\":\"https:\/\/le-grenier.org\/wp-content\/uploads\/2025\/03\/img_9610.jpeg\",\"contentUrl\":\"https:\/\/le-grenier.org\/wp-content\/uploads\/2025\/03\/img_9610.jpeg\",\"width\":1170,\"height\":1179},{\"@type\":\"WebPage\",\"@id\":\"https:\/\/le-grenier.org\/index.php\/produit\/bol-en-terre-cuite\/#webpage\",\"url\":\"https:\/\/le-grenier.org\/index.php\/produit\/bol-en-terre-cuite\/\",\"name\":\"Bol en terre cuite - Le Grenier - brocante et am\\u00e9nagement\",\"isPartOf\":{\"@id\":\"https:\/\/le-grenier.org\/#website\"},\"primaryImageOfPage\":{\"@id\":\"https:\/\/le-grenier.org\/index.php\/produit\/bol-en-terre-cuite\/#primaryimage\"},\"datePublished\":\"2025-03-05T08:13:47+00:00\",\"dateModified\":\"2025-03-05T08:23:38+00:00\",\"breadcrumb\":{\"@id\":\"https:\/\/le-grenier.org\/index.php\/produit\/bol-en-terre-cuite\/#breadcrumb\"},\"inLanguage\":\"fr-FR\",\"potentialAction\":[{\"@type\":\"ReadAction\",\"target\":[\"https:\/\/le-grenier.org\/index.php\/produit\/bol-en-terre-cuite\/\"]}]},{\"@type\":\"BreadcrumbList\",\"@id\":\"https:\/\/le-grenier.org\/index.php\/produit\/bol-en-terre-cuite\/#breadcrumb\",\"itemListElement\":[{\"@type\":\"ListItem\",\"position\":1,\"name\":\"Accueil\",\"item\":\"https:\/\/le-grenier.org\/\"},{\"@type\":\"ListItem\",\"position\":2,\"name\":\"Boutique en ligne\",\"item\":\"https:\/\/le-grenier.org\/\"},{\"@type\":\"ListItem\",\"position\":3,\"name\":\"Bol en terre cuite\"}]}]}<\/script>\n<!-- \/ Yoast SEO plugin. -->","yoast_head_json":{"title":"Bol en terre cuite - Le Grenier - brocante et am\u00e9nagement","robots":{"index":"index","follow":"follow","max-snippet":"max-snippet:-1","max-image-preview":"max-image-preview:large","max-video-preview":"max-video-preview:-1"},"canonical":"https:\/\/le-grenier.org\/index.php\/produit\/bol-en-terre-cuite\/","og_locale":"fr_FR","og_type":"article","og_title":"Bol en terre cuite - Le Grenier - brocante et am\u00e9nagement","og_description":"Petit bol \u00e0 oreilles ancien en terre cuite Bon \u00e9tat g\u00e9n\u00e9ral . . Envoi rapide et soign\u00e9 Retrait gratuit \u00e0&hellip;","og_url":"https:\/\/le-grenier.org\/index.php\/produit\/bol-en-terre-cuite\/","og_site_name":"Le Grenier - brocante et am\u00e9nagement","article_modified_time":"2025-03-05T08:23:38+00:00","twitter_card":"summary_large_image","schema":{"@context":"https:\/\/schema.org","@graph":[{"@type":"WebSite","@id":"https:\/\/le-grenier.org\/#website","url":"https:\/\/le-grenier.org\/","name":"Le Grenier - brocante et am\u00e9nagement","description":"","potentialAction":[{"@type":"SearchAction","target":{"@type":"EntryPoint","urlTemplate":"https:\/\/le-grenier.org\/?s={search_term_string}"},"query-input":"required name=search_term_string"}],"inLanguage":"fr-FR"},{"@type":"ImageObject","@id":"https:\/\/le-grenier.org\/index.php\/produit\/bol-en-terre-cuite\/#primaryimage","inLanguage":"fr-FR","url":"https:\/\/le-grenier.org\/wp-content\/uploads\/2025\/03\/img_9610.jpeg","contentUrl":"https:\/\/le-grenier.org\/wp-content\/uploads\/2025\/03\/img_9610.jpeg","width":1170,"height":1179},{"@type":"WebPage","@id":"https:\/\/le-grenier.org\/index.php\/produit\/bol-en-terre-cuite\/#webpage","url":"https:\/\/le-grenier.org\/index.php\/produit\/bol-en-terre-cuite\/","name":"Bol en terre cuite - Le Grenier - brocante et am\u00e9nagement","isPartOf":{"@id":"https:\/\/le-grenier.org\/#website"},"primaryImageOfPage":{"@id":"https:\/\/le-grenier.org\/index.php\/produit\/bol-en-terre-cuite\/#primaryimage"},"datePublished":"2025-03-05T08:13:47+00:00","dateModified":"2025-03-05T08:23:38+00:00","breadcrumb":{"@id":"https:\/\/le-grenier.org\/index.php\/produit\/bol-en-terre-cuite\/#breadcrumb"},"inLanguage":"fr-FR","potentialAction":[{"@type":"ReadAction","target":["https:\/\/le-grenier.org\/index.php\/produit\/bol-en-terre-cuite\/"]}]},{"@type":"BreadcrumbList","@id":"https:\/\/le-grenier.org\/index.php\/produit\/bol-en-terre-cuite\/#breadcrumb","itemListElement":[{"@type":"ListItem","position":1,"name":"Accueil","item":"https:\/\/le-grenier.org\/"},{"@type":"ListItem","position":2,"name":"Boutique en ligne","item":"https:\/\/le-grenier.org\/"},{"@type":"ListItem","position":3,"name":"Bol en terre cuite"}]}]}},"_links":{"self":[{"href":"https:\/\/le-grenier.org\/index.php\/wp-json\/wp\/v2\/product\/57369"}],"collection":[{"href":"https:\/\/le-grenier.org\/index.php\/wp-json\/wp\/v2\/product"}],"about":[{"href":"https:\/\/le-grenier.org\/index.php\/wp-json\/wp\/v2\/types\/product"}],"wp:featuredmedia":[{"embeddable":true,"href":"https:\/\/le-grenier.org\/index.php\/wp-json\/wp\/v2\/media\/57370"}],"wp:attachment":[{"href":"https:\/\/le-grenier.org\/index.php\/wp-json\/wp\/v2\/media?parent=57369"}],"wp:term":[{"taxonomy":"product_cat","embeddable":true,"href":"https:\/\/le-grenier.org\/index.php\/wp-json\/wp\/v2\/product_cat?post=57369"},{"taxonomy":"product_tag","embeddable":true,"href":"https:\/\/le-grenier.org\/index.php\/wp-json\/wp\/v2\/product_tag?post=57369"}],"curies":[{"name":"wp","href":"https:\/\/api.w.org\/{rel}","templated":true}]}}