{"id":57521,"date":"2025-03-27T10:14:49","date_gmt":"2025-03-27T09:14:49","guid":{"rendered":"https:\/\/le-grenier.org\/index.php\/produit\/4-chaises-grofillex\/"},"modified":"2025-03-27T10:17:44","modified_gmt":"2025-03-27T09:17:44","slug":"4-chaises-grofillex","status":"publish","type":"product","link":"https:\/\/le-grenier.org\/index.php\/produit\/4-chaises-grofillex\/","title":{"rendered":"4 chaises Grofillex"},"content":{"rendered":"<p>S\u00e9rie de 4 chaises Grofillex fabriqu\u00e9 en France dans les ann\u00e9es 70.<\/p>\n<p>Estampill\u00e9es au revers<\/p>\n<p>Bon \u00e9tat g\u00e9n\u00e9ral, quelques traces d\u2019usage sur les coques mais la couleur orange reste vive.<\/p>\n<p>6 exemplaires disponibles<\/p>\n<p>.<\/p>\n<p>\ud83d\udca1 entreprise 100% fran\u00e7aise depuis 90 ans<\/p>\n<p>1927 &#8211; Cr\u00e9ation de la tournerie de bois par Fran\u00e7ois, Auguste et Jean Grosfillex<\/p>\n<p>1954 &#8211; Premi\u00e8re injection plastique<\/p>\n<p>1955 &#8211; Premier bac \u00e0 fleur<\/p>\n<p>1964 &#8211; Premi\u00e8re filiale \u00e0 l\u2019\u00e9tranger<\/p>\n<p>1980 &#8211; Premi\u00e8re menuiserie et fen\u00eatre PVC<\/p>\n<p>1981 &#8211; Premi\u00e8re chaise monobloc 100% r\u00e9sine<\/p>\n<p>1985 &#8211; Lancement des rev\u00eatements muraux Exapan en extrusion PVC<\/p>\n<p>1993 &#8211; Cr\u00e9ation du r\u00e9seau Grosfillex Fen\u00eatres<\/p>\n<p>1998 &#8211; Les si\u00e8ges de stade \u00e9quipent le Stade de France pour la Coupe du Monde de Foot<\/p>\n<p>2005 &#8211; Lancement des abris de jardin en extrusion PVC<\/p>\n<p>2011 &#8211; La fen\u00eatre G-Lock re\u00e7oit la m\u00e9daille d\u2019Or du design \u00e0 Batimat<\/p>\n<p>2012 &#8211; Premi\u00e8res menuiseries aluminium<\/p>\n<p>2016 &#8211; Lancement d&rsquo;une collection outdoor \u00e0 destination de l&rsquo;h\u00f4tellerie haut de gamme<\/p>\n<p>2017 &#8211; Lancement de l&rsquo;impression num\u00e9rique sur la gamme rev\u00eatement mur<\/p>\n<p>2018 &#8211; Cr\u00e9ation de la gamme premium Grosfillex Original<\/p>\n<p>2019 &#8211; Lancement de la gamme de fen\u00eatres \u00e0 frappe en aluminium Alum\u00e9a et son ouvrant minimaliste<\/p>\n","protected":false},"excerpt":{"rendered":"<p>S\u00e9rie de 4 chaises Grofillex fabriqu\u00e9 en France dans les ann\u00e9es 70. Estampill\u00e9es au revers Bon \u00e9tat g\u00e9n\u00e9ral, quelques traces&hellip;<\/p>\n","protected":false},"featured_media":57522,"template":"","meta":{"ngg_post_thumbnail":0},"product_cat":[53,24],"product_tag":[],"yoast_head":"<!-- This site is optimized with the Yoast SEO plugin v17.9 - https:\/\/yoast.com\/wordpress\/plugins\/seo\/ -->\n<title>4 chaises Grofillex - Le Grenier - brocante et am\u00e9nagement<\/title>\n<meta name=\"robots\" content=\"index, follow, max-snippet:-1, max-image-preview:large, max-video-preview:-1\" \/>\n<link rel=\"canonical\" href=\"https:\/\/le-grenier.org\/index.php\/produit\/4-chaises-grofillex\/\" \/>\n<meta property=\"og:locale\" content=\"fr_FR\" \/>\n<meta property=\"og:type\" content=\"article\" \/>\n<meta property=\"og:title\" content=\"4 chaises Grofillex - Le Grenier - brocante et am\u00e9nagement\" \/>\n<meta property=\"og:description\" content=\"S\u00e9rie de 4 chaises Grofillex fabriqu\u00e9 en France dans les ann\u00e9es 70. Estampill\u00e9es au revers Bon \u00e9tat g\u00e9n\u00e9ral, quelques traces&hellip;\" \/>\n<meta property=\"og:url\" content=\"https:\/\/le-grenier.org\/index.php\/produit\/4-chaises-grofillex\/\" \/>\n<meta property=\"og:site_name\" content=\"Le Grenier - brocante et am\u00e9nagement\" \/>\n<meta property=\"article:modified_time\" content=\"2025-03-27T09:17:44+00:00\" \/>\n<meta property=\"og:image\" content=\"https:\/\/le-grenier.org\/wp-content\/uploads\/2025\/03\/img_9948-scaled.jpeg\" \/>\n\t<meta property=\"og:image:width\" content=\"1920\" \/>\n\t<meta property=\"og:image:height\" content=\"2560\" \/>\n\t<meta property=\"og:image:type\" content=\"image\/jpeg\" \/>\n<meta name=\"twitter:card\" content=\"summary_large_image\" \/>\n<meta name=\"twitter:label1\" content=\"Dur\u00e9e de lecture estim\u00e9e\" \/>\n\t<meta name=\"twitter:data1\" content=\"1 minute\" \/>\n<script type=\"application\/ld+json\" class=\"yoast-schema-graph\">{\"@context\":\"https:\/\/schema.org\",\"@graph\":[{\"@type\":\"WebSite\",\"@id\":\"https:\/\/le-grenier.org\/#website\",\"url\":\"https:\/\/le-grenier.org\/\",\"name\":\"Le Grenier - brocante et am\\u00e9nagement\",\"description\":\"\",\"potentialAction\":[{\"@type\":\"SearchAction\",\"target\":{\"@type\":\"EntryPoint\",\"urlTemplate\":\"https:\/\/le-grenier.org\/?s={search_term_string}\"},\"query-input\":\"required name=search_term_string\"}],\"inLanguage\":\"fr-FR\"},{\"@type\":\"ImageObject\",\"@id\":\"https:\/\/le-grenier.org\/index.php\/produit\/4-chaises-grofillex\/#primaryimage\",\"inLanguage\":\"fr-FR\",\"url\":\"https:\/\/le-grenier.org\/wp-content\/uploads\/2025\/03\/img_0027.jpeg\",\"contentUrl\":\"https:\/\/le-grenier.org\/wp-content\/uploads\/2025\/03\/img_0027.jpeg\",\"width\":1170,\"height\":1490},{\"@type\":\"WebPage\",\"@id\":\"https:\/\/le-grenier.org\/index.php\/produit\/4-chaises-grofillex\/#webpage\",\"url\":\"https:\/\/le-grenier.org\/index.php\/produit\/4-chaises-grofillex\/\",\"name\":\"4 chaises Grofillex - Le Grenier - brocante et am\\u00e9nagement\",\"isPartOf\":{\"@id\":\"https:\/\/le-grenier.org\/#website\"},\"primaryImageOfPage\":{\"@id\":\"https:\/\/le-grenier.org\/index.php\/produit\/4-chaises-grofillex\/#primaryimage\"},\"datePublished\":\"2025-03-27T09:14:49+00:00\",\"dateModified\":\"2025-03-27T09:17:44+00:00\",\"breadcrumb\":{\"@id\":\"https:\/\/le-grenier.org\/index.php\/produit\/4-chaises-grofillex\/#breadcrumb\"},\"inLanguage\":\"fr-FR\",\"potentialAction\":[{\"@type\":\"ReadAction\",\"target\":[\"https:\/\/le-grenier.org\/index.php\/produit\/4-chaises-grofillex\/\"]}]},{\"@type\":\"BreadcrumbList\",\"@id\":\"https:\/\/le-grenier.org\/index.php\/produit\/4-chaises-grofillex\/#breadcrumb\",\"itemListElement\":[{\"@type\":\"ListItem\",\"position\":1,\"name\":\"Accueil\",\"item\":\"https:\/\/le-grenier.org\/\"},{\"@type\":\"ListItem\",\"position\":2,\"name\":\"Boutique en ligne\",\"item\":\"https:\/\/le-grenier.org\/\"},{\"@type\":\"ListItem\",\"position\":3,\"name\":\"4 chaises Grofillex\"}]}]}<\/script>\n<!-- \/ Yoast SEO plugin. -->","yoast_head_json":{"title":"4 chaises Grofillex - Le Grenier - brocante et am\u00e9nagement","robots":{"index":"index","follow":"follow","max-snippet":"max-snippet:-1","max-image-preview":"max-image-preview:large","max-video-preview":"max-video-preview:-1"},"canonical":"https:\/\/le-grenier.org\/index.php\/produit\/4-chaises-grofillex\/","og_locale":"fr_FR","og_type":"article","og_title":"4 chaises Grofillex - Le Grenier - brocante et am\u00e9nagement","og_description":"S\u00e9rie de 4 chaises Grofillex fabriqu\u00e9 en France dans les ann\u00e9es 70. Estampill\u00e9es au revers Bon \u00e9tat g\u00e9n\u00e9ral, quelques traces&hellip;","og_url":"https:\/\/le-grenier.org\/index.php\/produit\/4-chaises-grofillex\/","og_site_name":"Le Grenier - brocante et am\u00e9nagement","article_modified_time":"2025-03-27T09:17:44+00:00","og_image":[{"width":1920,"height":2560,"url":"https:\/\/le-grenier.org\/wp-content\/uploads\/2025\/03\/img_9948-scaled.jpeg","type":"image\/jpeg"}],"twitter_card":"summary_large_image","twitter_misc":{"Dur\u00e9e de lecture estim\u00e9e":"1 minute"},"schema":{"@context":"https:\/\/schema.org","@graph":[{"@type":"WebSite","@id":"https:\/\/le-grenier.org\/#website","url":"https:\/\/le-grenier.org\/","name":"Le Grenier - brocante et am\u00e9nagement","description":"","potentialAction":[{"@type":"SearchAction","target":{"@type":"EntryPoint","urlTemplate":"https:\/\/le-grenier.org\/?s={search_term_string}"},"query-input":"required name=search_term_string"}],"inLanguage":"fr-FR"},{"@type":"ImageObject","@id":"https:\/\/le-grenier.org\/index.php\/produit\/4-chaises-grofillex\/#primaryimage","inLanguage":"fr-FR","url":"https:\/\/le-grenier.org\/wp-content\/uploads\/2025\/03\/img_0027.jpeg","contentUrl":"https:\/\/le-grenier.org\/wp-content\/uploads\/2025\/03\/img_0027.jpeg","width":1170,"height":1490},{"@type":"WebPage","@id":"https:\/\/le-grenier.org\/index.php\/produit\/4-chaises-grofillex\/#webpage","url":"https:\/\/le-grenier.org\/index.php\/produit\/4-chaises-grofillex\/","name":"4 chaises Grofillex - Le Grenier - brocante et am\u00e9nagement","isPartOf":{"@id":"https:\/\/le-grenier.org\/#website"},"primaryImageOfPage":{"@id":"https:\/\/le-grenier.org\/index.php\/produit\/4-chaises-grofillex\/#primaryimage"},"datePublished":"2025-03-27T09:14:49+00:00","dateModified":"2025-03-27T09:17:44+00:00","breadcrumb":{"@id":"https:\/\/le-grenier.org\/index.php\/produit\/4-chaises-grofillex\/#breadcrumb"},"inLanguage":"fr-FR","potentialAction":[{"@type":"ReadAction","target":["https:\/\/le-grenier.org\/index.php\/produit\/4-chaises-grofillex\/"]}]},{"@type":"BreadcrumbList","@id":"https:\/\/le-grenier.org\/index.php\/produit\/4-chaises-grofillex\/#breadcrumb","itemListElement":[{"@type":"ListItem","position":1,"name":"Accueil","item":"https:\/\/le-grenier.org\/"},{"@type":"ListItem","position":2,"name":"Boutique en ligne","item":"https:\/\/le-grenier.org\/"},{"@type":"ListItem","position":3,"name":"4 chaises Grofillex"}]}]}},"_links":{"self":[{"href":"https:\/\/le-grenier.org\/index.php\/wp-json\/wp\/v2\/product\/57521"}],"collection":[{"href":"https:\/\/le-grenier.org\/index.php\/wp-json\/wp\/v2\/product"}],"about":[{"href":"https:\/\/le-grenier.org\/index.php\/wp-json\/wp\/v2\/types\/product"}],"wp:featuredmedia":[{"embeddable":true,"href":"https:\/\/le-grenier.org\/index.php\/wp-json\/wp\/v2\/media\/57522"}],"wp:attachment":[{"href":"https:\/\/le-grenier.org\/index.php\/wp-json\/wp\/v2\/media?parent=57521"}],"wp:term":[{"taxonomy":"product_cat","embeddable":true,"href":"https:\/\/le-grenier.org\/index.php\/wp-json\/wp\/v2\/product_cat?post=57521"},{"taxonomy":"product_tag","embeddable":true,"href":"https:\/\/le-grenier.org\/index.php\/wp-json\/wp\/v2\/product_tag?post=57521"}],"curies":[{"name":"wp","href":"https:\/\/api.w.org\/{rel}","templated":true}]}}