{"id":57532,"date":"2025-03-27T20:34:30","date_gmt":"2025-03-27T19:34:30","guid":{"rendered":"https:\/\/le-grenier.org\/index.php\/produit\/gravure-de-chasse\/"},"modified":"2025-03-27T20:37:18","modified_gmt":"2025-03-27T19:37:18","slug":"gravure-de-chasse","status":"publish","type":"product","link":"https:\/\/le-grenier.org\/index.php\/produit\/gravure-de-chasse\/","title":{"rendered":"Gravure de chasse"},"content":{"rendered":"<p>Gravure, sc\u00e8ne de chasse<\/p>\n<p>Intitul\u00e9 The spring Time of Life<\/p>\n<p>Cadre en stuc dor\u00e9 r\u00e9alis\u00e9 par Quentin Jeune, encadreur parisien (voir \u00e9tiquette au dos)<\/p>\n<p>Grav\u00e9 par Milford Lane Strand<\/p>\n<p>Distribu\u00e9 dans le suppl\u00e9ment du num\u00e9ro de No\u00ebl du Graphic en 1913.<\/p>\n<p>Dessin r\u00e9alis\u00e9 \u00e0 l\u2019origine par Fr\u00e9d\u00e9ric Whiting.<\/p>\n<p>\u2014\u2014<\/p>\n<p>Frederic Whiting (1874- 1962) \u00e9tait un peintre anglais qui avait \u00e9tudi\u00e9 \u00e0 l&rsquo;Acad\u00e9mie Julian et enseign\u00e9 \u00e0 la Heatherley School of Fine Art avec Iain Macnab et Bernard Adams. Son travail faisait partie de l&rsquo;\u00e9preuve de peinture du concours d&rsquo;art des Jeux olympiques d&rsquo;\u00e9t\u00e9 de 1948.<\/p>\n<p>\u2014-<\/p>\n<p>The Graphic est un magazine hebdomadaire illustr\u00e9 britannique, \u00e9dit\u00e9 pour la premi\u00e8re fois le 4 d\u00e9cembre 1869 par Illustrated Newspapers, Ltd. Il est publi\u00e9 sous ce titre jusqu&rsquo;au 23 avril 1932 puis il change de nom et devient The National Graphic du 28 avril au 14 juillet 1932, date \u00e0 laquelle il cesse de para\u00eetre. Le titre est absorb\u00e9 par The Sphere apr\u00e8s avoir publi\u00e9 en tout 3 266 num\u00e9ros.<\/p>\n","protected":false},"excerpt":{"rendered":"<p>Gravure, sc\u00e8ne de chasse Intitul\u00e9 The spring Time of Life Cadre en stuc dor\u00e9 r\u00e9alis\u00e9 par Quentin Jeune, encadreur parisien&hellip;<\/p>\n","protected":false},"featured_media":57533,"template":"","meta":{"ngg_post_thumbnail":0},"product_cat":[40,55],"product_tag":[],"yoast_head":"<!-- This site is optimized with the Yoast SEO plugin v17.9 - https:\/\/yoast.com\/wordpress\/plugins\/seo\/ -->\n<title>Gravure de chasse - Le Grenier - brocante et am\u00e9nagement<\/title>\n<meta name=\"robots\" content=\"index, follow, max-snippet:-1, max-image-preview:large, max-video-preview:-1\" \/>\n<link rel=\"canonical\" href=\"https:\/\/le-grenier.org\/index.php\/produit\/gravure-de-chasse\/\" \/>\n<meta property=\"og:locale\" content=\"fr_FR\" \/>\n<meta property=\"og:type\" content=\"article\" \/>\n<meta property=\"og:title\" content=\"Gravure de chasse - Le Grenier - brocante et am\u00e9nagement\" \/>\n<meta property=\"og:description\" content=\"Gravure, sc\u00e8ne de chasse Intitul\u00e9 The spring Time of Life Cadre en stuc dor\u00e9 r\u00e9alis\u00e9 par Quentin Jeune, encadreur parisien&hellip;\" \/>\n<meta property=\"og:url\" content=\"https:\/\/le-grenier.org\/index.php\/produit\/gravure-de-chasse\/\" \/>\n<meta property=\"og:site_name\" content=\"Le Grenier - brocante et am\u00e9nagement\" \/>\n<meta property=\"article:modified_time\" content=\"2025-03-27T19:37:18+00:00\" \/>\n<meta property=\"og:image\" content=\"https:\/\/le-grenier.org\/wp-content\/uploads\/2025\/03\/img_9990-scaled.jpeg\" \/>\n\t<meta property=\"og:image:width\" content=\"1920\" \/>\n\t<meta property=\"og:image:height\" content=\"2560\" \/>\n\t<meta property=\"og:image:type\" content=\"image\/jpeg\" \/>\n<meta name=\"twitter:card\" content=\"summary_large_image\" \/>\n<meta name=\"twitter:label1\" content=\"Dur\u00e9e de lecture estim\u00e9e\" \/>\n\t<meta name=\"twitter:data1\" content=\"1 minute\" \/>\n<script type=\"application\/ld+json\" class=\"yoast-schema-graph\">{\"@context\":\"https:\/\/schema.org\",\"@graph\":[{\"@type\":\"WebSite\",\"@id\":\"https:\/\/le-grenier.org\/#website\",\"url\":\"https:\/\/le-grenier.org\/\",\"name\":\"Le Grenier - brocante et am\\u00e9nagement\",\"description\":\"\",\"potentialAction\":[{\"@type\":\"SearchAction\",\"target\":{\"@type\":\"EntryPoint\",\"urlTemplate\":\"https:\/\/le-grenier.org\/?s={search_term_string}\"},\"query-input\":\"required name=search_term_string\"}],\"inLanguage\":\"fr-FR\"},{\"@type\":\"ImageObject\",\"@id\":\"https:\/\/le-grenier.org\/index.php\/produit\/gravure-de-chasse\/#primaryimage\",\"inLanguage\":\"fr-FR\",\"url\":\"https:\/\/le-grenier.org\/wp-content\/uploads\/2025\/03\/img_0045.jpeg\",\"contentUrl\":\"https:\/\/le-grenier.org\/wp-content\/uploads\/2025\/03\/img_0045.jpeg\",\"width\":1170,\"height\":1152},{\"@type\":\"WebPage\",\"@id\":\"https:\/\/le-grenier.org\/index.php\/produit\/gravure-de-chasse\/#webpage\",\"url\":\"https:\/\/le-grenier.org\/index.php\/produit\/gravure-de-chasse\/\",\"name\":\"Gravure de chasse - Le Grenier - brocante et am\\u00e9nagement\",\"isPartOf\":{\"@id\":\"https:\/\/le-grenier.org\/#website\"},\"primaryImageOfPage\":{\"@id\":\"https:\/\/le-grenier.org\/index.php\/produit\/gravure-de-chasse\/#primaryimage\"},\"datePublished\":\"2025-03-27T19:34:30+00:00\",\"dateModified\":\"2025-03-27T19:37:18+00:00\",\"breadcrumb\":{\"@id\":\"https:\/\/le-grenier.org\/index.php\/produit\/gravure-de-chasse\/#breadcrumb\"},\"inLanguage\":\"fr-FR\",\"potentialAction\":[{\"@type\":\"ReadAction\",\"target\":[\"https:\/\/le-grenier.org\/index.php\/produit\/gravure-de-chasse\/\"]}]},{\"@type\":\"BreadcrumbList\",\"@id\":\"https:\/\/le-grenier.org\/index.php\/produit\/gravure-de-chasse\/#breadcrumb\",\"itemListElement\":[{\"@type\":\"ListItem\",\"position\":1,\"name\":\"Accueil\",\"item\":\"https:\/\/le-grenier.org\/\"},{\"@type\":\"ListItem\",\"position\":2,\"name\":\"Boutique en ligne\",\"item\":\"https:\/\/le-grenier.org\/\"},{\"@type\":\"ListItem\",\"position\":3,\"name\":\"Gravure de chasse\"}]}]}<\/script>\n<!-- \/ Yoast SEO plugin. -->","yoast_head_json":{"title":"Gravure de chasse - Le Grenier - brocante et am\u00e9nagement","robots":{"index":"index","follow":"follow","max-snippet":"max-snippet:-1","max-image-preview":"max-image-preview:large","max-video-preview":"max-video-preview:-1"},"canonical":"https:\/\/le-grenier.org\/index.php\/produit\/gravure-de-chasse\/","og_locale":"fr_FR","og_type":"article","og_title":"Gravure de chasse - Le Grenier - brocante et am\u00e9nagement","og_description":"Gravure, sc\u00e8ne de chasse Intitul\u00e9 The spring Time of Life Cadre en stuc dor\u00e9 r\u00e9alis\u00e9 par Quentin Jeune, encadreur parisien&hellip;","og_url":"https:\/\/le-grenier.org\/index.php\/produit\/gravure-de-chasse\/","og_site_name":"Le Grenier - brocante et am\u00e9nagement","article_modified_time":"2025-03-27T19:37:18+00:00","og_image":[{"width":1920,"height":2560,"url":"https:\/\/le-grenier.org\/wp-content\/uploads\/2025\/03\/img_9990-scaled.jpeg","type":"image\/jpeg"}],"twitter_card":"summary_large_image","twitter_misc":{"Dur\u00e9e de lecture estim\u00e9e":"1 minute"},"schema":{"@context":"https:\/\/schema.org","@graph":[{"@type":"WebSite","@id":"https:\/\/le-grenier.org\/#website","url":"https:\/\/le-grenier.org\/","name":"Le Grenier - brocante et am\u00e9nagement","description":"","potentialAction":[{"@type":"SearchAction","target":{"@type":"EntryPoint","urlTemplate":"https:\/\/le-grenier.org\/?s={search_term_string}"},"query-input":"required name=search_term_string"}],"inLanguage":"fr-FR"},{"@type":"ImageObject","@id":"https:\/\/le-grenier.org\/index.php\/produit\/gravure-de-chasse\/#primaryimage","inLanguage":"fr-FR","url":"https:\/\/le-grenier.org\/wp-content\/uploads\/2025\/03\/img_0045.jpeg","contentUrl":"https:\/\/le-grenier.org\/wp-content\/uploads\/2025\/03\/img_0045.jpeg","width":1170,"height":1152},{"@type":"WebPage","@id":"https:\/\/le-grenier.org\/index.php\/produit\/gravure-de-chasse\/#webpage","url":"https:\/\/le-grenier.org\/index.php\/produit\/gravure-de-chasse\/","name":"Gravure de chasse - Le Grenier - brocante et am\u00e9nagement","isPartOf":{"@id":"https:\/\/le-grenier.org\/#website"},"primaryImageOfPage":{"@id":"https:\/\/le-grenier.org\/index.php\/produit\/gravure-de-chasse\/#primaryimage"},"datePublished":"2025-03-27T19:34:30+00:00","dateModified":"2025-03-27T19:37:18+00:00","breadcrumb":{"@id":"https:\/\/le-grenier.org\/index.php\/produit\/gravure-de-chasse\/#breadcrumb"},"inLanguage":"fr-FR","potentialAction":[{"@type":"ReadAction","target":["https:\/\/le-grenier.org\/index.php\/produit\/gravure-de-chasse\/"]}]},{"@type":"BreadcrumbList","@id":"https:\/\/le-grenier.org\/index.php\/produit\/gravure-de-chasse\/#breadcrumb","itemListElement":[{"@type":"ListItem","position":1,"name":"Accueil","item":"https:\/\/le-grenier.org\/"},{"@type":"ListItem","position":2,"name":"Boutique en ligne","item":"https:\/\/le-grenier.org\/"},{"@type":"ListItem","position":3,"name":"Gravure de chasse"}]}]}},"_links":{"self":[{"href":"https:\/\/le-grenier.org\/index.php\/wp-json\/wp\/v2\/product\/57532"}],"collection":[{"href":"https:\/\/le-grenier.org\/index.php\/wp-json\/wp\/v2\/product"}],"about":[{"href":"https:\/\/le-grenier.org\/index.php\/wp-json\/wp\/v2\/types\/product"}],"wp:featuredmedia":[{"embeddable":true,"href":"https:\/\/le-grenier.org\/index.php\/wp-json\/wp\/v2\/media\/57533"}],"wp:attachment":[{"href":"https:\/\/le-grenier.org\/index.php\/wp-json\/wp\/v2\/media?parent=57532"}],"wp:term":[{"taxonomy":"product_cat","embeddable":true,"href":"https:\/\/le-grenier.org\/index.php\/wp-json\/wp\/v2\/product_cat?post=57532"},{"taxonomy":"product_tag","embeddable":true,"href":"https:\/\/le-grenier.org\/index.php\/wp-json\/wp\/v2\/product_tag?post=57532"}],"curies":[{"name":"wp","href":"https:\/\/api.w.org\/{rel}","templated":true}]}}