{"id":57761,"date":"2025-06-16T16:11:26","date_gmt":"2025-06-16T14:11:26","guid":{"rendered":"https:\/\/le-grenier.org\/index.php\/produit\/table-bistrot-6\/"},"modified":"2026-01-13T11:25:25","modified_gmt":"2026-01-13T10:25:25","slug":"table-bistrot-6","status":"publish","type":"product","link":"https:\/\/le-grenier.org\/index.php\/produit\/table-bistrot-6\/","title":{"rendered":"Table bistrot"},"content":{"rendered":"<p>Magnifique table de bistrot ovale en marbre et pied en fonte.<\/p>\n<p>145x55cm. Hauteur 77cm.<br \/>\nMarbre mouchet\u00e9 en excellent \u00e9tat<\/p>\n<p>Le pi\u00e9tement couleur vert kaki pr\u00e9sente quelques traces de rouille.<\/p>\n<p>Cet intemporel est id\u00e9al au jardin, \u00e0 la cuisine, au salon, et donnera une touche \u00e9l\u00e9gante \u00e0 votre int\u00e9rieur. Elle combine des mat\u00e9riaux nobles, un plateau en marbre et sa structure et ses pieds en fonte. \u00c9l\u00e9gante, classique et avec une touche de romantisme. Fonctionnelle et polyvalente, elle peut \u00eatre utilis\u00e9e comme table de cuisine, de salle \u00e0 manger ou d\u2019appoint. Id\u00e9ale pour bars, restaurants et caf\u00e9s. La disposition de son pied et de sa structure en croix lui conf\u00e8re stabilit\u00e9 et robustesse, ainsi qu\u2019une grande durabilit\u00e9 gr\u00e2ce \u00e0 son plateau en marbre.<\/p>\n","protected":false},"excerpt":{"rendered":"<p>Magnifique table de bistrot ovale en marbre et pied en fonte. 145x55cm. Hauteur 77cm. Marbre mouchet\u00e9 en excellent \u00e9tat Le&hellip;<\/p>\n","protected":false},"featured_media":57762,"template":"","meta":{"ngg_post_thumbnail":0},"product_cat":[56,29],"product_tag":[],"yoast_head":"<!-- This site is optimized with the Yoast SEO plugin v17.9 - https:\/\/yoast.com\/wordpress\/plugins\/seo\/ -->\n<title>Table bistrot - Le Grenier - brocante et am\u00e9nagement<\/title>\n<meta name=\"robots\" content=\"index, follow, max-snippet:-1, max-image-preview:large, max-video-preview:-1\" \/>\n<link rel=\"canonical\" href=\"https:\/\/le-grenier.org\/index.php\/produit\/table-bistrot-6\/\" \/>\n<meta property=\"og:locale\" content=\"fr_FR\" \/>\n<meta property=\"og:type\" content=\"article\" \/>\n<meta property=\"og:title\" content=\"Table bistrot - Le Grenier - brocante et am\u00e9nagement\" \/>\n<meta property=\"og:description\" content=\"Magnifique table de bistrot ovale en marbre et pied en fonte. 145x55cm. Hauteur 77cm. Marbre mouchet\u00e9 en excellent \u00e9tat Le&hellip;\" \/>\n<meta property=\"og:url\" content=\"https:\/\/le-grenier.org\/index.php\/produit\/table-bistrot-6\/\" \/>\n<meta property=\"og:site_name\" content=\"Le Grenier - brocante et am\u00e9nagement\" \/>\n<meta property=\"article:modified_time\" content=\"2026-01-13T10:25:25+00:00\" \/>\n<meta property=\"og:image\" content=\"http:\/\/le-grenier.org\/wp-content\/uploads\/2025\/06\/img_0970.jpeg\" \/>\n\t<meta property=\"og:image:width\" content=\"1170\" \/>\n\t<meta property=\"og:image:height\" content=\"1607\" \/>\n\t<meta property=\"og:image:type\" content=\"image\/jpeg\" \/>\n<meta name=\"twitter:card\" content=\"summary_large_image\" \/>\n<meta name=\"twitter:label1\" content=\"Dur\u00e9e de lecture estim\u00e9e\" \/>\n\t<meta name=\"twitter:data1\" content=\"1 minute\" \/>\n<script type=\"application\/ld+json\" class=\"yoast-schema-graph\">{\"@context\":\"https:\/\/schema.org\",\"@graph\":[{\"@type\":\"WebSite\",\"@id\":\"https:\/\/le-grenier.org\/#website\",\"url\":\"https:\/\/le-grenier.org\/\",\"name\":\"Le Grenier - brocante et am\\u00e9nagement\",\"description\":\"\",\"potentialAction\":[{\"@type\":\"SearchAction\",\"target\":{\"@type\":\"EntryPoint\",\"urlTemplate\":\"https:\/\/le-grenier.org\/?s={search_term_string}\"},\"query-input\":\"required name=search_term_string\"}],\"inLanguage\":\"fr-FR\"},{\"@type\":\"ImageObject\",\"@id\":\"https:\/\/le-grenier.org\/index.php\/produit\/table-bistrot-6\/#primaryimage\",\"inLanguage\":\"fr-FR\",\"url\":\"https:\/\/le-grenier.org\/wp-content\/uploads\/2025\/06\/img_0970.jpeg\",\"contentUrl\":\"https:\/\/le-grenier.org\/wp-content\/uploads\/2025\/06\/img_0970.jpeg\",\"width\":1170,\"height\":1607},{\"@type\":\"WebPage\",\"@id\":\"https:\/\/le-grenier.org\/index.php\/produit\/table-bistrot-6\/#webpage\",\"url\":\"https:\/\/le-grenier.org\/index.php\/produit\/table-bistrot-6\/\",\"name\":\"Table bistrot - Le Grenier - brocante et am\\u00e9nagement\",\"isPartOf\":{\"@id\":\"https:\/\/le-grenier.org\/#website\"},\"primaryImageOfPage\":{\"@id\":\"https:\/\/le-grenier.org\/index.php\/produit\/table-bistrot-6\/#primaryimage\"},\"datePublished\":\"2025-06-16T14:11:26+00:00\",\"dateModified\":\"2026-01-13T10:25:25+00:00\",\"breadcrumb\":{\"@id\":\"https:\/\/le-grenier.org\/index.php\/produit\/table-bistrot-6\/#breadcrumb\"},\"inLanguage\":\"fr-FR\",\"potentialAction\":[{\"@type\":\"ReadAction\",\"target\":[\"https:\/\/le-grenier.org\/index.php\/produit\/table-bistrot-6\/\"]}]},{\"@type\":\"BreadcrumbList\",\"@id\":\"https:\/\/le-grenier.org\/index.php\/produit\/table-bistrot-6\/#breadcrumb\",\"itemListElement\":[{\"@type\":\"ListItem\",\"position\":1,\"name\":\"Accueil\",\"item\":\"https:\/\/le-grenier.org\/\"},{\"@type\":\"ListItem\",\"position\":2,\"name\":\"Boutique en ligne\",\"item\":\"https:\/\/le-grenier.org\/\"},{\"@type\":\"ListItem\",\"position\":3,\"name\":\"Table bistrot\"}]}]}<\/script>\n<!-- \/ Yoast SEO plugin. -->","yoast_head_json":{"title":"Table bistrot - Le Grenier - brocante et am\u00e9nagement","robots":{"index":"index","follow":"follow","max-snippet":"max-snippet:-1","max-image-preview":"max-image-preview:large","max-video-preview":"max-video-preview:-1"},"canonical":"https:\/\/le-grenier.org\/index.php\/produit\/table-bistrot-6\/","og_locale":"fr_FR","og_type":"article","og_title":"Table bistrot - Le Grenier - brocante et am\u00e9nagement","og_description":"Magnifique table de bistrot ovale en marbre et pied en fonte. 145x55cm. Hauteur 77cm. Marbre mouchet\u00e9 en excellent \u00e9tat Le&hellip;","og_url":"https:\/\/le-grenier.org\/index.php\/produit\/table-bistrot-6\/","og_site_name":"Le Grenier - brocante et am\u00e9nagement","article_modified_time":"2026-01-13T10:25:25+00:00","og_image":[{"width":1170,"height":1607,"url":"http:\/\/le-grenier.org\/wp-content\/uploads\/2025\/06\/img_0970.jpeg","type":"image\/jpeg"}],"twitter_card":"summary_large_image","twitter_misc":{"Dur\u00e9e de lecture estim\u00e9e":"1 minute"},"schema":{"@context":"https:\/\/schema.org","@graph":[{"@type":"WebSite","@id":"https:\/\/le-grenier.org\/#website","url":"https:\/\/le-grenier.org\/","name":"Le Grenier - brocante et am\u00e9nagement","description":"","potentialAction":[{"@type":"SearchAction","target":{"@type":"EntryPoint","urlTemplate":"https:\/\/le-grenier.org\/?s={search_term_string}"},"query-input":"required name=search_term_string"}],"inLanguage":"fr-FR"},{"@type":"ImageObject","@id":"https:\/\/le-grenier.org\/index.php\/produit\/table-bistrot-6\/#primaryimage","inLanguage":"fr-FR","url":"https:\/\/le-grenier.org\/wp-content\/uploads\/2025\/06\/img_0970.jpeg","contentUrl":"https:\/\/le-grenier.org\/wp-content\/uploads\/2025\/06\/img_0970.jpeg","width":1170,"height":1607},{"@type":"WebPage","@id":"https:\/\/le-grenier.org\/index.php\/produit\/table-bistrot-6\/#webpage","url":"https:\/\/le-grenier.org\/index.php\/produit\/table-bistrot-6\/","name":"Table bistrot - Le Grenier - brocante et am\u00e9nagement","isPartOf":{"@id":"https:\/\/le-grenier.org\/#website"},"primaryImageOfPage":{"@id":"https:\/\/le-grenier.org\/index.php\/produit\/table-bistrot-6\/#primaryimage"},"datePublished":"2025-06-16T14:11:26+00:00","dateModified":"2026-01-13T10:25:25+00:00","breadcrumb":{"@id":"https:\/\/le-grenier.org\/index.php\/produit\/table-bistrot-6\/#breadcrumb"},"inLanguage":"fr-FR","potentialAction":[{"@type":"ReadAction","target":["https:\/\/le-grenier.org\/index.php\/produit\/table-bistrot-6\/"]}]},{"@type":"BreadcrumbList","@id":"https:\/\/le-grenier.org\/index.php\/produit\/table-bistrot-6\/#breadcrumb","itemListElement":[{"@type":"ListItem","position":1,"name":"Accueil","item":"https:\/\/le-grenier.org\/"},{"@type":"ListItem","position":2,"name":"Boutique en ligne","item":"https:\/\/le-grenier.org\/"},{"@type":"ListItem","position":3,"name":"Table bistrot"}]}]}},"_links":{"self":[{"href":"https:\/\/le-grenier.org\/index.php\/wp-json\/wp\/v2\/product\/57761"}],"collection":[{"href":"https:\/\/le-grenier.org\/index.php\/wp-json\/wp\/v2\/product"}],"about":[{"href":"https:\/\/le-grenier.org\/index.php\/wp-json\/wp\/v2\/types\/product"}],"wp:featuredmedia":[{"embeddable":true,"href":"https:\/\/le-grenier.org\/index.php\/wp-json\/wp\/v2\/media\/57762"}],"wp:attachment":[{"href":"https:\/\/le-grenier.org\/index.php\/wp-json\/wp\/v2\/media?parent=57761"}],"wp:term":[{"taxonomy":"product_cat","embeddable":true,"href":"https:\/\/le-grenier.org\/index.php\/wp-json\/wp\/v2\/product_cat?post=57761"},{"taxonomy":"product_tag","embeddable":true,"href":"https:\/\/le-grenier.org\/index.php\/wp-json\/wp\/v2\/product_tag?post=57761"}],"curies":[{"name":"wp","href":"https:\/\/api.w.org\/{rel}","templated":true}]}}