{"id":58372,"date":"2025-08-17T10:58:08","date_gmt":"2025-08-17T08:58:08","guid":{"rendered":"https:\/\/le-grenier.org\/index.php\/produit\/lettre-enseigne-u\/"},"modified":"2026-01-13T11:23:11","modified_gmt":"2026-01-13T10:23:11","slug":"lettre-enseigne-u","status":"publish","type":"product","link":"https:\/\/le-grenier.org\/index.php\/produit\/lettre-enseigne-u\/","title":{"rendered":"Lettre enseigne U"},"content":{"rendered":"<p>V\u00e9ritable grande lettre d\u2019enseigne en m\u00e9tal peint en vert<\/p>\n<p>Vers 1960<\/p>\n<p>80cm de hauteur<\/p>\n<p>45cm de largeur<\/p>\n<p>8cm de profondeur<\/p>\n<p>Trous pr\u00e9vus pour l\u2019accroche<\/p>\n<p>Tr\u00e8s bon \u00e9tat, quelques traces du temps pass\u00e9<\/p>\n<p>\ud83d\udccd Envoi rapide et soign\u00e9 possible ou remise en main propre Amiens ou Thezy-Glimont<\/p>\n","protected":false},"excerpt":{"rendered":"<p>V\u00e9ritable grande lettre d\u2019enseigne en m\u00e9tal peint en vert Vers 1960 80cm de hauteur 45cm de largeur 8cm de profondeur&hellip;<\/p>\n","protected":false},"featured_media":58373,"template":"","meta":{"ngg_post_thumbnail":0},"product_cat":[53,39,23],"product_tag":[],"yoast_head":"<!-- This site is optimized with the Yoast SEO plugin v17.9 - https:\/\/yoast.com\/wordpress\/plugins\/seo\/ -->\n<title>Lettre enseigne U - Le Grenier - brocante et am\u00e9nagement<\/title>\n<meta name=\"robots\" content=\"index, follow, max-snippet:-1, max-image-preview:large, max-video-preview:-1\" \/>\n<link rel=\"canonical\" href=\"https:\/\/le-grenier.org\/index.php\/produit\/lettre-enseigne-u\/\" \/>\n<meta property=\"og:locale\" content=\"fr_FR\" \/>\n<meta property=\"og:type\" content=\"article\" \/>\n<meta property=\"og:title\" content=\"Lettre enseigne U - Le Grenier - brocante et am\u00e9nagement\" \/>\n<meta property=\"og:description\" content=\"V\u00e9ritable grande lettre d\u2019enseigne en m\u00e9tal peint en vert Vers 1960 80cm de hauteur 45cm de largeur 8cm de profondeur&hellip;\" \/>\n<meta property=\"og:url\" content=\"https:\/\/le-grenier.org\/index.php\/produit\/lettre-enseigne-u\/\" \/>\n<meta property=\"og:site_name\" content=\"Le Grenier - brocante et am\u00e9nagement\" \/>\n<meta property=\"article:modified_time\" content=\"2026-01-13T10:23:11+00:00\" \/>\n<meta property=\"og:image\" content=\"http:\/\/le-grenier.org\/wp-content\/uploads\/2025\/08\/img_2116.jpeg\" \/>\n\t<meta property=\"og:image:width\" content=\"1170\" \/>\n\t<meta property=\"og:image:height\" content=\"1302\" \/>\n\t<meta property=\"og:image:type\" content=\"image\/jpeg\" \/>\n<meta name=\"twitter:card\" content=\"summary_large_image\" \/>\n<script type=\"application\/ld+json\" class=\"yoast-schema-graph\">{\"@context\":\"https:\/\/schema.org\",\"@graph\":[{\"@type\":\"WebSite\",\"@id\":\"https:\/\/le-grenier.org\/#website\",\"url\":\"https:\/\/le-grenier.org\/\",\"name\":\"Le Grenier - brocante et am\\u00e9nagement\",\"description\":\"\",\"potentialAction\":[{\"@type\":\"SearchAction\",\"target\":{\"@type\":\"EntryPoint\",\"urlTemplate\":\"https:\/\/le-grenier.org\/?s={search_term_string}\"},\"query-input\":\"required name=search_term_string\"}],\"inLanguage\":\"fr-FR\"},{\"@type\":\"ImageObject\",\"@id\":\"https:\/\/le-grenier.org\/index.php\/produit\/lettre-enseigne-u\/#primaryimage\",\"inLanguage\":\"fr-FR\",\"url\":\"https:\/\/le-grenier.org\/wp-content\/uploads\/2025\/08\/img_2116.jpeg\",\"contentUrl\":\"https:\/\/le-grenier.org\/wp-content\/uploads\/2025\/08\/img_2116.jpeg\",\"width\":1170,\"height\":1302},{\"@type\":\"WebPage\",\"@id\":\"https:\/\/le-grenier.org\/index.php\/produit\/lettre-enseigne-u\/#webpage\",\"url\":\"https:\/\/le-grenier.org\/index.php\/produit\/lettre-enseigne-u\/\",\"name\":\"Lettre enseigne U - Le Grenier - brocante et am\\u00e9nagement\",\"isPartOf\":{\"@id\":\"https:\/\/le-grenier.org\/#website\"},\"primaryImageOfPage\":{\"@id\":\"https:\/\/le-grenier.org\/index.php\/produit\/lettre-enseigne-u\/#primaryimage\"},\"datePublished\":\"2025-08-17T08:58:08+00:00\",\"dateModified\":\"2026-01-13T10:23:11+00:00\",\"breadcrumb\":{\"@id\":\"https:\/\/le-grenier.org\/index.php\/produit\/lettre-enseigne-u\/#breadcrumb\"},\"inLanguage\":\"fr-FR\",\"potentialAction\":[{\"@type\":\"ReadAction\",\"target\":[\"https:\/\/le-grenier.org\/index.php\/produit\/lettre-enseigne-u\/\"]}]},{\"@type\":\"BreadcrumbList\",\"@id\":\"https:\/\/le-grenier.org\/index.php\/produit\/lettre-enseigne-u\/#breadcrumb\",\"itemListElement\":[{\"@type\":\"ListItem\",\"position\":1,\"name\":\"Accueil\",\"item\":\"https:\/\/le-grenier.org\/\"},{\"@type\":\"ListItem\",\"position\":2,\"name\":\"Boutique en ligne\",\"item\":\"https:\/\/le-grenier.org\/\"},{\"@type\":\"ListItem\",\"position\":3,\"name\":\"Lettre enseigne U\"}]}]}<\/script>\n<!-- \/ Yoast SEO plugin. -->","yoast_head_json":{"title":"Lettre enseigne U - Le Grenier - brocante et am\u00e9nagement","robots":{"index":"index","follow":"follow","max-snippet":"max-snippet:-1","max-image-preview":"max-image-preview:large","max-video-preview":"max-video-preview:-1"},"canonical":"https:\/\/le-grenier.org\/index.php\/produit\/lettre-enseigne-u\/","og_locale":"fr_FR","og_type":"article","og_title":"Lettre enseigne U - Le Grenier - brocante et am\u00e9nagement","og_description":"V\u00e9ritable grande lettre d\u2019enseigne en m\u00e9tal peint en vert Vers 1960 80cm de hauteur 45cm de largeur 8cm de profondeur&hellip;","og_url":"https:\/\/le-grenier.org\/index.php\/produit\/lettre-enseigne-u\/","og_site_name":"Le Grenier - brocante et am\u00e9nagement","article_modified_time":"2026-01-13T10:23:11+00:00","og_image":[{"width":1170,"height":1302,"url":"http:\/\/le-grenier.org\/wp-content\/uploads\/2025\/08\/img_2116.jpeg","type":"image\/jpeg"}],"twitter_card":"summary_large_image","schema":{"@context":"https:\/\/schema.org","@graph":[{"@type":"WebSite","@id":"https:\/\/le-grenier.org\/#website","url":"https:\/\/le-grenier.org\/","name":"Le Grenier - brocante et am\u00e9nagement","description":"","potentialAction":[{"@type":"SearchAction","target":{"@type":"EntryPoint","urlTemplate":"https:\/\/le-grenier.org\/?s={search_term_string}"},"query-input":"required name=search_term_string"}],"inLanguage":"fr-FR"},{"@type":"ImageObject","@id":"https:\/\/le-grenier.org\/index.php\/produit\/lettre-enseigne-u\/#primaryimage","inLanguage":"fr-FR","url":"https:\/\/le-grenier.org\/wp-content\/uploads\/2025\/08\/img_2116.jpeg","contentUrl":"https:\/\/le-grenier.org\/wp-content\/uploads\/2025\/08\/img_2116.jpeg","width":1170,"height":1302},{"@type":"WebPage","@id":"https:\/\/le-grenier.org\/index.php\/produit\/lettre-enseigne-u\/#webpage","url":"https:\/\/le-grenier.org\/index.php\/produit\/lettre-enseigne-u\/","name":"Lettre enseigne U - Le Grenier - brocante et am\u00e9nagement","isPartOf":{"@id":"https:\/\/le-grenier.org\/#website"},"primaryImageOfPage":{"@id":"https:\/\/le-grenier.org\/index.php\/produit\/lettre-enseigne-u\/#primaryimage"},"datePublished":"2025-08-17T08:58:08+00:00","dateModified":"2026-01-13T10:23:11+00:00","breadcrumb":{"@id":"https:\/\/le-grenier.org\/index.php\/produit\/lettre-enseigne-u\/#breadcrumb"},"inLanguage":"fr-FR","potentialAction":[{"@type":"ReadAction","target":["https:\/\/le-grenier.org\/index.php\/produit\/lettre-enseigne-u\/"]}]},{"@type":"BreadcrumbList","@id":"https:\/\/le-grenier.org\/index.php\/produit\/lettre-enseigne-u\/#breadcrumb","itemListElement":[{"@type":"ListItem","position":1,"name":"Accueil","item":"https:\/\/le-grenier.org\/"},{"@type":"ListItem","position":2,"name":"Boutique en ligne","item":"https:\/\/le-grenier.org\/"},{"@type":"ListItem","position":3,"name":"Lettre enseigne U"}]}]}},"_links":{"self":[{"href":"https:\/\/le-grenier.org\/index.php\/wp-json\/wp\/v2\/product\/58372"}],"collection":[{"href":"https:\/\/le-grenier.org\/index.php\/wp-json\/wp\/v2\/product"}],"about":[{"href":"https:\/\/le-grenier.org\/index.php\/wp-json\/wp\/v2\/types\/product"}],"wp:featuredmedia":[{"embeddable":true,"href":"https:\/\/le-grenier.org\/index.php\/wp-json\/wp\/v2\/media\/58373"}],"wp:attachment":[{"href":"https:\/\/le-grenier.org\/index.php\/wp-json\/wp\/v2\/media?parent=58372"}],"wp:term":[{"taxonomy":"product_cat","embeddable":true,"href":"https:\/\/le-grenier.org\/index.php\/wp-json\/wp\/v2\/product_cat?post=58372"},{"taxonomy":"product_tag","embeddable":true,"href":"https:\/\/le-grenier.org\/index.php\/wp-json\/wp\/v2\/product_tag?post=58372"}],"curies":[{"name":"wp","href":"https:\/\/api.w.org\/{rel}","templated":true}]}}