{"id":58461,"date":"2025-09-01T11:09:24","date_gmt":"2025-09-01T09:09:24","guid":{"rendered":"https:\/\/le-grenier.org\/index.php\/produit\/etiquette-boucherie\/"},"modified":"2025-09-01T11:09:27","modified_gmt":"2025-09-01T09:09:27","slug":"etiquette-boucherie","status":"publish","type":"product","link":"https:\/\/le-grenier.org\/index.php\/produit\/etiquette-boucherie\/","title":{"rendered":"\u00c9tiquette boucherie"},"content":{"rendered":"<p>\u00c9tiquette ancienne de boucherie<\/p>\n<p>En plastique rigide<\/p>\n<p>4 roulettes \u00e0 l\u2019arri\u00e8re pour changer le prix en francs<\/p>\n<p>10x5cm sans la tige<\/p>\n<p>Envoi rapide et soign\u00e9<\/p>\n","protected":false},"excerpt":{"rendered":"<p>\u00c9tiquette ancienne de boucherie En plastique rigide 4 roulettes \u00e0 l\u2019arri\u00e8re pour changer le prix en francs 10x5cm sans la&hellip;<\/p>\n","protected":false},"featured_media":58460,"template":"","meta":{"ngg_post_thumbnail":0},"product_cat":[61,58,39],"product_tag":[],"yoast_head":"<!-- This site is optimized with the Yoast SEO plugin v17.9 - https:\/\/yoast.com\/wordpress\/plugins\/seo\/ -->\n<title>\u00c9tiquette boucherie - Le Grenier - brocante et am\u00e9nagement<\/title>\n<meta name=\"robots\" content=\"index, follow, max-snippet:-1, max-image-preview:large, max-video-preview:-1\" \/>\n<link rel=\"canonical\" href=\"https:\/\/le-grenier.org\/index.php\/produit\/etiquette-boucherie\/\" \/>\n<meta property=\"og:locale\" content=\"fr_FR\" \/>\n<meta property=\"og:type\" content=\"article\" \/>\n<meta property=\"og:title\" content=\"\u00c9tiquette boucherie - Le Grenier - brocante et am\u00e9nagement\" \/>\n<meta property=\"og:description\" content=\"\u00c9tiquette ancienne de boucherie En plastique rigide 4 roulettes \u00e0 l\u2019arri\u00e8re pour changer le prix en francs 10x5cm sans la&hellip;\" \/>\n<meta property=\"og:url\" content=\"https:\/\/le-grenier.org\/index.php\/produit\/etiquette-boucherie\/\" \/>\n<meta property=\"og:site_name\" content=\"Le Grenier - brocante et am\u00e9nagement\" \/>\n<meta property=\"article:modified_time\" content=\"2025-09-01T09:09:27+00:00\" \/>\n<meta name=\"twitter:card\" content=\"summary_large_image\" \/>\n<script type=\"application\/ld+json\" class=\"yoast-schema-graph\">{\"@context\":\"https:\/\/schema.org\",\"@graph\":[{\"@type\":\"WebSite\",\"@id\":\"https:\/\/le-grenier.org\/#website\",\"url\":\"https:\/\/le-grenier.org\/\",\"name\":\"Le Grenier - brocante et am\\u00e9nagement\",\"description\":\"\",\"potentialAction\":[{\"@type\":\"SearchAction\",\"target\":{\"@type\":\"EntryPoint\",\"urlTemplate\":\"https:\/\/le-grenier.org\/?s={search_term_string}\"},\"query-input\":\"required name=search_term_string\"}],\"inLanguage\":\"fr-FR\"},{\"@type\":\"ImageObject\",\"@id\":\"https:\/\/le-grenier.org\/index.php\/produit\/etiquette-boucherie\/#primaryimage\",\"inLanguage\":\"fr-FR\",\"url\":\"https:\/\/le-grenier.org\/wp-content\/uploads\/2025\/09\/img_2324-1-scaled.jpeg\",\"contentUrl\":\"https:\/\/le-grenier.org\/wp-content\/uploads\/2025\/09\/img_2324-1-scaled.jpeg\",\"width\":1920,\"height\":2560},{\"@type\":\"WebPage\",\"@id\":\"https:\/\/le-grenier.org\/index.php\/produit\/etiquette-boucherie\/#webpage\",\"url\":\"https:\/\/le-grenier.org\/index.php\/produit\/etiquette-boucherie\/\",\"name\":\"\\u00c9tiquette boucherie - Le Grenier - brocante et am\\u00e9nagement\",\"isPartOf\":{\"@id\":\"https:\/\/le-grenier.org\/#website\"},\"primaryImageOfPage\":{\"@id\":\"https:\/\/le-grenier.org\/index.php\/produit\/etiquette-boucherie\/#primaryimage\"},\"datePublished\":\"2025-09-01T09:09:24+00:00\",\"dateModified\":\"2025-09-01T09:09:27+00:00\",\"breadcrumb\":{\"@id\":\"https:\/\/le-grenier.org\/index.php\/produit\/etiquette-boucherie\/#breadcrumb\"},\"inLanguage\":\"fr-FR\",\"potentialAction\":[{\"@type\":\"ReadAction\",\"target\":[\"https:\/\/le-grenier.org\/index.php\/produit\/etiquette-boucherie\/\"]}]},{\"@type\":\"BreadcrumbList\",\"@id\":\"https:\/\/le-grenier.org\/index.php\/produit\/etiquette-boucherie\/#breadcrumb\",\"itemListElement\":[{\"@type\":\"ListItem\",\"position\":1,\"name\":\"Accueil\",\"item\":\"https:\/\/le-grenier.org\/\"},{\"@type\":\"ListItem\",\"position\":2,\"name\":\"Boutique en ligne\",\"item\":\"https:\/\/le-grenier.org\/\"},{\"@type\":\"ListItem\",\"position\":3,\"name\":\"\\u00c9tiquette boucherie\"}]}]}<\/script>\n<!-- \/ Yoast SEO plugin. -->","yoast_head_json":{"title":"\u00c9tiquette boucherie - Le Grenier - brocante et am\u00e9nagement","robots":{"index":"index","follow":"follow","max-snippet":"max-snippet:-1","max-image-preview":"max-image-preview:large","max-video-preview":"max-video-preview:-1"},"canonical":"https:\/\/le-grenier.org\/index.php\/produit\/etiquette-boucherie\/","og_locale":"fr_FR","og_type":"article","og_title":"\u00c9tiquette boucherie - Le Grenier - brocante et am\u00e9nagement","og_description":"\u00c9tiquette ancienne de boucherie En plastique rigide 4 roulettes \u00e0 l\u2019arri\u00e8re pour changer le prix en francs 10x5cm sans la&hellip;","og_url":"https:\/\/le-grenier.org\/index.php\/produit\/etiquette-boucherie\/","og_site_name":"Le Grenier - brocante et am\u00e9nagement","article_modified_time":"2025-09-01T09:09:27+00:00","twitter_card":"summary_large_image","schema":{"@context":"https:\/\/schema.org","@graph":[{"@type":"WebSite","@id":"https:\/\/le-grenier.org\/#website","url":"https:\/\/le-grenier.org\/","name":"Le Grenier - brocante et am\u00e9nagement","description":"","potentialAction":[{"@type":"SearchAction","target":{"@type":"EntryPoint","urlTemplate":"https:\/\/le-grenier.org\/?s={search_term_string}"},"query-input":"required name=search_term_string"}],"inLanguage":"fr-FR"},{"@type":"ImageObject","@id":"https:\/\/le-grenier.org\/index.php\/produit\/etiquette-boucherie\/#primaryimage","inLanguage":"fr-FR","url":"https:\/\/le-grenier.org\/wp-content\/uploads\/2025\/09\/img_2324-1-scaled.jpeg","contentUrl":"https:\/\/le-grenier.org\/wp-content\/uploads\/2025\/09\/img_2324-1-scaled.jpeg","width":1920,"height":2560},{"@type":"WebPage","@id":"https:\/\/le-grenier.org\/index.php\/produit\/etiquette-boucherie\/#webpage","url":"https:\/\/le-grenier.org\/index.php\/produit\/etiquette-boucherie\/","name":"\u00c9tiquette boucherie - Le Grenier - brocante et am\u00e9nagement","isPartOf":{"@id":"https:\/\/le-grenier.org\/#website"},"primaryImageOfPage":{"@id":"https:\/\/le-grenier.org\/index.php\/produit\/etiquette-boucherie\/#primaryimage"},"datePublished":"2025-09-01T09:09:24+00:00","dateModified":"2025-09-01T09:09:27+00:00","breadcrumb":{"@id":"https:\/\/le-grenier.org\/index.php\/produit\/etiquette-boucherie\/#breadcrumb"},"inLanguage":"fr-FR","potentialAction":[{"@type":"ReadAction","target":["https:\/\/le-grenier.org\/index.php\/produit\/etiquette-boucherie\/"]}]},{"@type":"BreadcrumbList","@id":"https:\/\/le-grenier.org\/index.php\/produit\/etiquette-boucherie\/#breadcrumb","itemListElement":[{"@type":"ListItem","position":1,"name":"Accueil","item":"https:\/\/le-grenier.org\/"},{"@type":"ListItem","position":2,"name":"Boutique en ligne","item":"https:\/\/le-grenier.org\/"},{"@type":"ListItem","position":3,"name":"\u00c9tiquette boucherie"}]}]}},"_links":{"self":[{"href":"https:\/\/le-grenier.org\/index.php\/wp-json\/wp\/v2\/product\/58461"}],"collection":[{"href":"https:\/\/le-grenier.org\/index.php\/wp-json\/wp\/v2\/product"}],"about":[{"href":"https:\/\/le-grenier.org\/index.php\/wp-json\/wp\/v2\/types\/product"}],"wp:featuredmedia":[{"embeddable":true,"href":"https:\/\/le-grenier.org\/index.php\/wp-json\/wp\/v2\/media\/58460"}],"wp:attachment":[{"href":"https:\/\/le-grenier.org\/index.php\/wp-json\/wp\/v2\/media?parent=58461"}],"wp:term":[{"taxonomy":"product_cat","embeddable":true,"href":"https:\/\/le-grenier.org\/index.php\/wp-json\/wp\/v2\/product_cat?post=58461"},{"taxonomy":"product_tag","embeddable":true,"href":"https:\/\/le-grenier.org\/index.php\/wp-json\/wp\/v2\/product_tag?post=58461"}],"curies":[{"name":"wp","href":"https:\/\/api.w.org\/{rel}","templated":true}]}}