{"id":5857,"date":"2020-06-03T17:36:10","date_gmt":"2020-06-03T15:36:10","guid":{"rendered":"http:\/\/le-grenier.org\/?post_type=product&#038;p=5857"},"modified":"2021-11-03T09:39:22","modified_gmt":"2021-11-03T08:39:22","slug":"bac-a-bec-industriel","status":"publish","type":"product","link":"https:\/\/le-grenier.org\/index.php\/produit\/bac-a-bec-industriel\/","title":{"rendered":"Bac \u00e0 bec industriel en m\u00e9tal"},"content":{"rendered":"","protected":false},"excerpt":{"rendered":"<p>V\u00e9ritable bac \u00e0 bec industriel de marque RAPIDBOX<\/p>\n<p>28litres : 50x30cm Hauteur 20cm<\/p>\n<p>6 exemplaires disponibles<\/p>\n<p>Id\u00e9al en d\u00e9co industrielle, dans la cuisine pour les fruits et l\u00e9gumes, dans la chambre en rangement des v\u00eatements ou m\u00eame en casier \u00e0 chaussures !&nbsp;<\/p>\n","protected":false},"featured_media":6803,"template":"","meta":{"ngg_post_thumbnail":0},"product_cat":[50,39,35,22],"product_tag":[],"yoast_head":"<!-- This site is optimized with the Yoast SEO plugin v17.9 - https:\/\/yoast.com\/wordpress\/plugins\/seo\/ -->\n<title>Bac \u00e0 bec industriel en m\u00e9tal - Le Grenier - brocante et am\u00e9nagement<\/title>\n<meta name=\"robots\" content=\"index, follow, max-snippet:-1, max-image-preview:large, max-video-preview:-1\" \/>\n<link rel=\"canonical\" href=\"https:\/\/le-grenier.org\/index.php\/produit\/bac-a-bec-industriel\/\" \/>\n<meta property=\"og:locale\" content=\"fr_FR\" \/>\n<meta property=\"og:type\" content=\"article\" \/>\n<meta property=\"og:title\" content=\"Bac \u00e0 bec industriel en m\u00e9tal - Le Grenier - brocante et am\u00e9nagement\" \/>\n<meta property=\"og:description\" content=\"V\u00e9ritable bac \u00e0 bec industriel de marque RAPIDBOX  28litres : 50x30cm Hauteur 20cm  6 exemplaires disponibles  Id\u00e9al en d\u00e9co industrielle, dans la cuisine pour les fruits et l\u00e9gumes, dans la chambre en rangement des v\u00eatements ou m\u00eame en casier \u00e0 chaussures !&nbsp;\" \/>\n<meta property=\"og:url\" content=\"https:\/\/le-grenier.org\/index.php\/produit\/bac-a-bec-industriel\/\" \/>\n<meta property=\"og:site_name\" content=\"Le Grenier - brocante et am\u00e9nagement\" \/>\n<meta property=\"article:modified_time\" content=\"2021-11-03T08:39:22+00:00\" \/>\n<meta property=\"og:image\" content=\"https:\/\/le-grenier.org\/wp-content\/uploads\/2020\/06\/Capture-d\u2019e\u0301cran-2020-06-10-a\u0300-19.34.33.png\" \/>\n\t<meta property=\"og:image:width\" content=\"647\" \/>\n\t<meta property=\"og:image:height\" content=\"574\" \/>\n\t<meta property=\"og:image:type\" content=\"image\/png\" \/>\n<meta name=\"twitter:card\" content=\"summary_large_image\" \/>\n<script type=\"application\/ld+json\" class=\"yoast-schema-graph\">{\"@context\":\"https:\/\/schema.org\",\"@graph\":[{\"@type\":\"WebSite\",\"@id\":\"https:\/\/le-grenier.org\/#website\",\"url\":\"https:\/\/le-grenier.org\/\",\"name\":\"Le Grenier - brocante et am\\u00e9nagement\",\"description\":\"\",\"potentialAction\":[{\"@type\":\"SearchAction\",\"target\":{\"@type\":\"EntryPoint\",\"urlTemplate\":\"https:\/\/le-grenier.org\/?s={search_term_string}\"},\"query-input\":\"required name=search_term_string\"}],\"inLanguage\":\"fr-FR\"},{\"@type\":\"ImageObject\",\"@id\":\"https:\/\/le-grenier.org\/index.php\/produit\/bac-a-bec-industriel\/#primaryimage\",\"inLanguage\":\"fr-FR\",\"url\":\"https:\/\/le-grenier.org\/wp-content\/uploads\/2020\/06\/Capture-d\\u2019e\\u0301cran-2020-06-10-a\\u0300-19.34.33.png\",\"contentUrl\":\"https:\/\/le-grenier.org\/wp-content\/uploads\/2020\/06\/Capture-d\\u2019e\\u0301cran-2020-06-10-a\\u0300-19.34.33.png\",\"width\":647,\"height\":574},{\"@type\":\"WebPage\",\"@id\":\"https:\/\/le-grenier.org\/index.php\/produit\/bac-a-bec-industriel\/#webpage\",\"url\":\"https:\/\/le-grenier.org\/index.php\/produit\/bac-a-bec-industriel\/\",\"name\":\"Bac \\u00e0 bec industriel en m\\u00e9tal - Le Grenier - brocante et am\\u00e9nagement\",\"isPartOf\":{\"@id\":\"https:\/\/le-grenier.org\/#website\"},\"primaryImageOfPage\":{\"@id\":\"https:\/\/le-grenier.org\/index.php\/produit\/bac-a-bec-industriel\/#primaryimage\"},\"datePublished\":\"2020-06-03T15:36:10+00:00\",\"dateModified\":\"2021-11-03T08:39:22+00:00\",\"breadcrumb\":{\"@id\":\"https:\/\/le-grenier.org\/index.php\/produit\/bac-a-bec-industriel\/#breadcrumb\"},\"inLanguage\":\"fr-FR\",\"potentialAction\":[{\"@type\":\"ReadAction\",\"target\":[\"https:\/\/le-grenier.org\/index.php\/produit\/bac-a-bec-industriel\/\"]}]},{\"@type\":\"BreadcrumbList\",\"@id\":\"https:\/\/le-grenier.org\/index.php\/produit\/bac-a-bec-industriel\/#breadcrumb\",\"itemListElement\":[{\"@type\":\"ListItem\",\"position\":1,\"name\":\"Accueil\",\"item\":\"https:\/\/le-grenier.org\/\"},{\"@type\":\"ListItem\",\"position\":2,\"name\":\"Boutique en ligne\",\"item\":\"https:\/\/le-grenier.org\/\"},{\"@type\":\"ListItem\",\"position\":3,\"name\":\"Bac \\u00e0 bec industriel en m\\u00e9tal\"}]}]}<\/script>\n<!-- \/ Yoast SEO plugin. -->","yoast_head_json":{"title":"Bac \u00e0 bec industriel en m\u00e9tal - Le Grenier - brocante et am\u00e9nagement","robots":{"index":"index","follow":"follow","max-snippet":"max-snippet:-1","max-image-preview":"max-image-preview:large","max-video-preview":"max-video-preview:-1"},"canonical":"https:\/\/le-grenier.org\/index.php\/produit\/bac-a-bec-industriel\/","og_locale":"fr_FR","og_type":"article","og_title":"Bac \u00e0 bec industriel en m\u00e9tal - Le Grenier - brocante et am\u00e9nagement","og_description":"V\u00e9ritable bac \u00e0 bec industriel de marque RAPIDBOX  28litres : 50x30cm Hauteur 20cm  6 exemplaires disponibles  Id\u00e9al en d\u00e9co industrielle, dans la cuisine pour les fruits et l\u00e9gumes, dans la chambre en rangement des v\u00eatements ou m\u00eame en casier \u00e0 chaussures !&nbsp;","og_url":"https:\/\/le-grenier.org\/index.php\/produit\/bac-a-bec-industriel\/","og_site_name":"Le Grenier - brocante et am\u00e9nagement","article_modified_time":"2021-11-03T08:39:22+00:00","og_image":[{"width":647,"height":574,"url":"https:\/\/le-grenier.org\/wp-content\/uploads\/2020\/06\/Capture-d\u2019e\u0301cran-2020-06-10-a\u0300-19.34.33.png","type":"image\/png"}],"twitter_card":"summary_large_image","schema":{"@context":"https:\/\/schema.org","@graph":[{"@type":"WebSite","@id":"https:\/\/le-grenier.org\/#website","url":"https:\/\/le-grenier.org\/","name":"Le Grenier - brocante et am\u00e9nagement","description":"","potentialAction":[{"@type":"SearchAction","target":{"@type":"EntryPoint","urlTemplate":"https:\/\/le-grenier.org\/?s={search_term_string}"},"query-input":"required name=search_term_string"}],"inLanguage":"fr-FR"},{"@type":"ImageObject","@id":"https:\/\/le-grenier.org\/index.php\/produit\/bac-a-bec-industriel\/#primaryimage","inLanguage":"fr-FR","url":"https:\/\/le-grenier.org\/wp-content\/uploads\/2020\/06\/Capture-d\u2019e\u0301cran-2020-06-10-a\u0300-19.34.33.png","contentUrl":"https:\/\/le-grenier.org\/wp-content\/uploads\/2020\/06\/Capture-d\u2019e\u0301cran-2020-06-10-a\u0300-19.34.33.png","width":647,"height":574},{"@type":"WebPage","@id":"https:\/\/le-grenier.org\/index.php\/produit\/bac-a-bec-industriel\/#webpage","url":"https:\/\/le-grenier.org\/index.php\/produit\/bac-a-bec-industriel\/","name":"Bac \u00e0 bec industriel en m\u00e9tal - Le Grenier - brocante et am\u00e9nagement","isPartOf":{"@id":"https:\/\/le-grenier.org\/#website"},"primaryImageOfPage":{"@id":"https:\/\/le-grenier.org\/index.php\/produit\/bac-a-bec-industriel\/#primaryimage"},"datePublished":"2020-06-03T15:36:10+00:00","dateModified":"2021-11-03T08:39:22+00:00","breadcrumb":{"@id":"https:\/\/le-grenier.org\/index.php\/produit\/bac-a-bec-industriel\/#breadcrumb"},"inLanguage":"fr-FR","potentialAction":[{"@type":"ReadAction","target":["https:\/\/le-grenier.org\/index.php\/produit\/bac-a-bec-industriel\/"]}]},{"@type":"BreadcrumbList","@id":"https:\/\/le-grenier.org\/index.php\/produit\/bac-a-bec-industriel\/#breadcrumb","itemListElement":[{"@type":"ListItem","position":1,"name":"Accueil","item":"https:\/\/le-grenier.org\/"},{"@type":"ListItem","position":2,"name":"Boutique en ligne","item":"https:\/\/le-grenier.org\/"},{"@type":"ListItem","position":3,"name":"Bac \u00e0 bec industriel en m\u00e9tal"}]}]}},"_links":{"self":[{"href":"https:\/\/le-grenier.org\/index.php\/wp-json\/wp\/v2\/product\/5857"}],"collection":[{"href":"https:\/\/le-grenier.org\/index.php\/wp-json\/wp\/v2\/product"}],"about":[{"href":"https:\/\/le-grenier.org\/index.php\/wp-json\/wp\/v2\/types\/product"}],"wp:featuredmedia":[{"embeddable":true,"href":"https:\/\/le-grenier.org\/index.php\/wp-json\/wp\/v2\/media\/6803"}],"wp:attachment":[{"href":"https:\/\/le-grenier.org\/index.php\/wp-json\/wp\/v2\/media?parent=5857"}],"wp:term":[{"taxonomy":"product_cat","embeddable":true,"href":"https:\/\/le-grenier.org\/index.php\/wp-json\/wp\/v2\/product_cat?post=5857"},{"taxonomy":"product_tag","embeddable":true,"href":"https:\/\/le-grenier.org\/index.php\/wp-json\/wp\/v2\/product_tag?post=5857"}],"curies":[{"name":"wp","href":"https:\/\/api.w.org\/{rel}","templated":true}]}}