{"id":58726,"date":"2025-10-30T15:22:58","date_gmt":"2025-10-30T14:22:58","guid":{"rendered":"https:\/\/le-grenier.org\/index.php\/produit\/presentoir-lanvin\/"},"modified":"2025-10-30T15:25:25","modified_gmt":"2025-10-30T14:25:25","slug":"presentoir-lanvin","status":"publish","type":"product","link":"https:\/\/le-grenier.org\/index.php\/produit\/presentoir-lanvin\/","title":{"rendered":"Pr\u00e9sentoir Lanvin"},"content":{"rendered":"<p>Pr\u00e9sentoir publicitaire de la marque de chocolats Lanvin<\/p>\n<p>Enti\u00e8rement en m\u00e9tal<\/p>\n<p>Peut \u00eatre accroch\u00e9 au mur ou pos\u00e9 sur une table gr\u00e2ce \u00e0 son pied modulable<\/p>\n<p>\u2014\u2014<\/p>\n<p>Lanvin est une ancienne chocolaterie et une marque commerciale de confiseries chocolat\u00e9es industrielles appartenant \u00e0 la soci\u00e9t\u00e9 Suisse Nestl\u00e9.<\/p>\n<p>L&rsquo;usine historique, bas\u00e9e \u00e0 Dijon dans la zone industrielle \u00ab Cap nord \u00bb, derni\u00e8rement connue sous le nom de Chocolaterie de Bourgogne ferme temporairement ses portes en mars 2021 apr\u00e8s de multiples rachats. En mai 2022, Ren\u00e9 Loquet (ancien directeur g\u00e9n\u00e9ral du site) reprend la Chocolaterie de Bourgogne. En tant que dirigeant de l&rsquo;entreprise et seul actionnaire, il permet le red\u00e9marrage de la production en septembre de la m\u00eame ann\u00e9e.<\/p>\n<p>Les Lanvin sont au tournant du xxe si\u00e8cle une famille de fabricants de sucre du Nord de la France. Afin de fuir la concurrence, trop forte dans cette r\u00e9gion, Auguste Lanvin prend la d\u00e9cision de d\u00e9localiser son usine en 1912 \u00e0 Brazey-en-Plaine, pr\u00e8s de Dijon. La \u00ab Sucrerie bourguignonne \u00bb nouvellement cr\u00e9\u00e9e, la famille ach\u00e8te en 1921, une petite chocolaterie situ\u00e9e \u00e0 Dijon, rue Chabot Charny. Elle devient la \u00ab Sucrerie Bourguignonne et Chocolaterie Lanvin S.A. \u00bb. Elle n&#8217;emploie alors que neuf ouvriers et s&rsquo;adresse \u00e0 un march\u00e9 essentiellement local \u00e0 travers les marques Omnia ou Montbla.<\/p>\n<p>\u2014\u2014<\/p>\n<p>\ud83c\udf81 Envoi soign\u00e9 et rapide, parfait pour un cadeau unique<\/p>\n","protected":false},"excerpt":{"rendered":"<p>Pr\u00e9sentoir publicitaire de la marque de chocolats Lanvin Enti\u00e8rement en m\u00e9tal Peut \u00eatre accroch\u00e9 au mur ou pos\u00e9 sur une&hellip;<\/p>\n","protected":false},"featured_media":58727,"template":"","meta":{"ngg_post_thumbnail":0},"product_cat":[60,39],"product_tag":[],"yoast_head":"<!-- This site is optimized with the Yoast SEO plugin v17.9 - https:\/\/yoast.com\/wordpress\/plugins\/seo\/ -->\n<title>Pr\u00e9sentoir Lanvin - Le Grenier - brocante et am\u00e9nagement<\/title>\n<meta name=\"robots\" content=\"index, follow, max-snippet:-1, max-image-preview:large, max-video-preview:-1\" \/>\n<link rel=\"canonical\" href=\"https:\/\/le-grenier.org\/index.php\/produit\/presentoir-lanvin\/\" \/>\n<meta property=\"og:locale\" content=\"fr_FR\" \/>\n<meta property=\"og:type\" content=\"article\" \/>\n<meta property=\"og:title\" content=\"Pr\u00e9sentoir Lanvin - Le Grenier - brocante et am\u00e9nagement\" \/>\n<meta property=\"og:description\" content=\"Pr\u00e9sentoir publicitaire de la marque de chocolats Lanvin Enti\u00e8rement en m\u00e9tal Peut \u00eatre accroch\u00e9 au mur ou pos\u00e9 sur une&hellip;\" \/>\n<meta property=\"og:url\" content=\"https:\/\/le-grenier.org\/index.php\/produit\/presentoir-lanvin\/\" \/>\n<meta property=\"og:site_name\" content=\"Le Grenier - brocante et am\u00e9nagement\" \/>\n<meta property=\"article:modified_time\" content=\"2025-10-30T14:25:25+00:00\" \/>\n<meta property=\"og:image\" content=\"https:\/\/le-grenier.org\/wp-content\/uploads\/2025\/10\/img_2976-scaled.jpeg\" \/>\n\t<meta property=\"og:image:width\" content=\"1920\" \/>\n\t<meta property=\"og:image:height\" content=\"2560\" \/>\n\t<meta property=\"og:image:type\" content=\"image\/jpeg\" \/>\n<meta name=\"twitter:card\" content=\"summary_large_image\" \/>\n<meta name=\"twitter:label1\" content=\"Dur\u00e9e de lecture estim\u00e9e\" \/>\n\t<meta name=\"twitter:data1\" content=\"1 minute\" \/>\n<script type=\"application\/ld+json\" class=\"yoast-schema-graph\">{\"@context\":\"https:\/\/schema.org\",\"@graph\":[{\"@type\":\"WebSite\",\"@id\":\"https:\/\/le-grenier.org\/#website\",\"url\":\"https:\/\/le-grenier.org\/\",\"name\":\"Le Grenier - brocante et am\\u00e9nagement\",\"description\":\"\",\"potentialAction\":[{\"@type\":\"SearchAction\",\"target\":{\"@type\":\"EntryPoint\",\"urlTemplate\":\"https:\/\/le-grenier.org\/?s={search_term_string}\"},\"query-input\":\"required name=search_term_string\"}],\"inLanguage\":\"fr-FR\"},{\"@type\":\"ImageObject\",\"@id\":\"https:\/\/le-grenier.org\/index.php\/produit\/presentoir-lanvin\/#primaryimage\",\"inLanguage\":\"fr-FR\",\"url\":\"https:\/\/le-grenier.org\/wp-content\/uploads\/2025\/10\/img_2980.jpeg\",\"contentUrl\":\"https:\/\/le-grenier.org\/wp-content\/uploads\/2025\/10\/img_2980.jpeg\",\"width\":1170,\"height\":1305},{\"@type\":\"WebPage\",\"@id\":\"https:\/\/le-grenier.org\/index.php\/produit\/presentoir-lanvin\/#webpage\",\"url\":\"https:\/\/le-grenier.org\/index.php\/produit\/presentoir-lanvin\/\",\"name\":\"Pr\\u00e9sentoir Lanvin - Le Grenier - brocante et am\\u00e9nagement\",\"isPartOf\":{\"@id\":\"https:\/\/le-grenier.org\/#website\"},\"primaryImageOfPage\":{\"@id\":\"https:\/\/le-grenier.org\/index.php\/produit\/presentoir-lanvin\/#primaryimage\"},\"datePublished\":\"2025-10-30T14:22:58+00:00\",\"dateModified\":\"2025-10-30T14:25:25+00:00\",\"breadcrumb\":{\"@id\":\"https:\/\/le-grenier.org\/index.php\/produit\/presentoir-lanvin\/#breadcrumb\"},\"inLanguage\":\"fr-FR\",\"potentialAction\":[{\"@type\":\"ReadAction\",\"target\":[\"https:\/\/le-grenier.org\/index.php\/produit\/presentoir-lanvin\/\"]}]},{\"@type\":\"BreadcrumbList\",\"@id\":\"https:\/\/le-grenier.org\/index.php\/produit\/presentoir-lanvin\/#breadcrumb\",\"itemListElement\":[{\"@type\":\"ListItem\",\"position\":1,\"name\":\"Accueil\",\"item\":\"https:\/\/le-grenier.org\/\"},{\"@type\":\"ListItem\",\"position\":2,\"name\":\"Boutique en ligne\",\"item\":\"https:\/\/le-grenier.org\/\"},{\"@type\":\"ListItem\",\"position\":3,\"name\":\"Pr\\u00e9sentoir Lanvin\"}]}]}<\/script>\n<!-- \/ Yoast SEO plugin. -->","yoast_head_json":{"title":"Pr\u00e9sentoir Lanvin - Le Grenier - brocante et am\u00e9nagement","robots":{"index":"index","follow":"follow","max-snippet":"max-snippet:-1","max-image-preview":"max-image-preview:large","max-video-preview":"max-video-preview:-1"},"canonical":"https:\/\/le-grenier.org\/index.php\/produit\/presentoir-lanvin\/","og_locale":"fr_FR","og_type":"article","og_title":"Pr\u00e9sentoir Lanvin - Le Grenier - brocante et am\u00e9nagement","og_description":"Pr\u00e9sentoir publicitaire de la marque de chocolats Lanvin Enti\u00e8rement en m\u00e9tal Peut \u00eatre accroch\u00e9 au mur ou pos\u00e9 sur une&hellip;","og_url":"https:\/\/le-grenier.org\/index.php\/produit\/presentoir-lanvin\/","og_site_name":"Le Grenier - brocante et am\u00e9nagement","article_modified_time":"2025-10-30T14:25:25+00:00","og_image":[{"width":1920,"height":2560,"url":"https:\/\/le-grenier.org\/wp-content\/uploads\/2025\/10\/img_2976-scaled.jpeg","type":"image\/jpeg"}],"twitter_card":"summary_large_image","twitter_misc":{"Dur\u00e9e de lecture estim\u00e9e":"1 minute"},"schema":{"@context":"https:\/\/schema.org","@graph":[{"@type":"WebSite","@id":"https:\/\/le-grenier.org\/#website","url":"https:\/\/le-grenier.org\/","name":"Le Grenier - brocante et am\u00e9nagement","description":"","potentialAction":[{"@type":"SearchAction","target":{"@type":"EntryPoint","urlTemplate":"https:\/\/le-grenier.org\/?s={search_term_string}"},"query-input":"required name=search_term_string"}],"inLanguage":"fr-FR"},{"@type":"ImageObject","@id":"https:\/\/le-grenier.org\/index.php\/produit\/presentoir-lanvin\/#primaryimage","inLanguage":"fr-FR","url":"https:\/\/le-grenier.org\/wp-content\/uploads\/2025\/10\/img_2980.jpeg","contentUrl":"https:\/\/le-grenier.org\/wp-content\/uploads\/2025\/10\/img_2980.jpeg","width":1170,"height":1305},{"@type":"WebPage","@id":"https:\/\/le-grenier.org\/index.php\/produit\/presentoir-lanvin\/#webpage","url":"https:\/\/le-grenier.org\/index.php\/produit\/presentoir-lanvin\/","name":"Pr\u00e9sentoir Lanvin - Le Grenier - brocante et am\u00e9nagement","isPartOf":{"@id":"https:\/\/le-grenier.org\/#website"},"primaryImageOfPage":{"@id":"https:\/\/le-grenier.org\/index.php\/produit\/presentoir-lanvin\/#primaryimage"},"datePublished":"2025-10-30T14:22:58+00:00","dateModified":"2025-10-30T14:25:25+00:00","breadcrumb":{"@id":"https:\/\/le-grenier.org\/index.php\/produit\/presentoir-lanvin\/#breadcrumb"},"inLanguage":"fr-FR","potentialAction":[{"@type":"ReadAction","target":["https:\/\/le-grenier.org\/index.php\/produit\/presentoir-lanvin\/"]}]},{"@type":"BreadcrumbList","@id":"https:\/\/le-grenier.org\/index.php\/produit\/presentoir-lanvin\/#breadcrumb","itemListElement":[{"@type":"ListItem","position":1,"name":"Accueil","item":"https:\/\/le-grenier.org\/"},{"@type":"ListItem","position":2,"name":"Boutique en ligne","item":"https:\/\/le-grenier.org\/"},{"@type":"ListItem","position":3,"name":"Pr\u00e9sentoir Lanvin"}]}]}},"_links":{"self":[{"href":"https:\/\/le-grenier.org\/index.php\/wp-json\/wp\/v2\/product\/58726"}],"collection":[{"href":"https:\/\/le-grenier.org\/index.php\/wp-json\/wp\/v2\/product"}],"about":[{"href":"https:\/\/le-grenier.org\/index.php\/wp-json\/wp\/v2\/types\/product"}],"wp:featuredmedia":[{"embeddable":true,"href":"https:\/\/le-grenier.org\/index.php\/wp-json\/wp\/v2\/media\/58727"}],"wp:attachment":[{"href":"https:\/\/le-grenier.org\/index.php\/wp-json\/wp\/v2\/media?parent=58726"}],"wp:term":[{"taxonomy":"product_cat","embeddable":true,"href":"https:\/\/le-grenier.org\/index.php\/wp-json\/wp\/v2\/product_cat?post=58726"},{"taxonomy":"product_tag","embeddable":true,"href":"https:\/\/le-grenier.org\/index.php\/wp-json\/wp\/v2\/product_tag?post=58726"}],"curies":[{"name":"wp","href":"https:\/\/api.w.org\/{rel}","templated":true}]}}