{"id":58745,"date":"2025-11-01T15:39:31","date_gmt":"2025-11-01T14:39:31","guid":{"rendered":"https:\/\/le-grenier.org\/index.php\/produit\/table-a-the\/"},"modified":"2025-11-01T15:41:29","modified_gmt":"2025-11-01T14:41:29","slug":"table-a-the","status":"publish","type":"product","link":"https:\/\/le-grenier.org\/index.php\/produit\/table-a-the\/","title":{"rendered":"Table \u00e0 th\u00e9"},"content":{"rendered":"<p>Table \u00e0 th\u00e9 en bambou et rotin,<\/p>\n<p>Fin 19eme d\u00e9but 20eme si\u00e8cle<\/p>\n<p>Hauteur 75cm<\/p>\n<p>52x34cm<\/p>\n<p>Quelques traces du temps<\/p>\n<p>Bon \u00e9tat conforme \u00e0 son \u00e2ge<\/p>\n<p>\u2014\u2014<\/p>\n<p>\ud83c\udf81 Envoi soign\u00e9 et rapide, parfait pour un cadeau unique<\/p>\n","protected":false},"excerpt":{"rendered":"<p>Table \u00e0 th\u00e9 en bambou et rotin, Fin 19eme d\u00e9but 20eme si\u00e8cle Hauteur 75cm 52x34cm Quelques traces du temps Bon&hellip;<\/p>\n","protected":false},"featured_media":58746,"template":"","meta":{"ngg_post_thumbnail":0},"product_cat":[44,29],"product_tag":[],"yoast_head":"<!-- This site is optimized with the Yoast SEO plugin v17.9 - https:\/\/yoast.com\/wordpress\/plugins\/seo\/ -->\n<title>Table \u00e0 th\u00e9 - Le Grenier - brocante et am\u00e9nagement<\/title>\n<meta name=\"robots\" content=\"index, follow, max-snippet:-1, max-image-preview:large, max-video-preview:-1\" \/>\n<link rel=\"canonical\" href=\"https:\/\/le-grenier.org\/index.php\/produit\/table-a-the\/\" \/>\n<meta property=\"og:locale\" content=\"fr_FR\" \/>\n<meta property=\"og:type\" content=\"article\" \/>\n<meta property=\"og:title\" content=\"Table \u00e0 th\u00e9 - Le Grenier - brocante et am\u00e9nagement\" \/>\n<meta property=\"og:description\" content=\"Table \u00e0 th\u00e9 en bambou et rotin, Fin 19eme d\u00e9but 20eme si\u00e8cle Hauteur 75cm 52x34cm Quelques traces du temps Bon&hellip;\" \/>\n<meta property=\"og:url\" content=\"https:\/\/le-grenier.org\/index.php\/produit\/table-a-the\/\" \/>\n<meta property=\"og:site_name\" content=\"Le Grenier - brocante et am\u00e9nagement\" \/>\n<meta property=\"article:modified_time\" content=\"2025-11-01T14:41:29+00:00\" \/>\n<meta name=\"twitter:card\" content=\"summary_large_image\" \/>\n<script type=\"application\/ld+json\" class=\"yoast-schema-graph\">{\"@context\":\"https:\/\/schema.org\",\"@graph\":[{\"@type\":\"WebSite\",\"@id\":\"https:\/\/le-grenier.org\/#website\",\"url\":\"https:\/\/le-grenier.org\/\",\"name\":\"Le Grenier - brocante et am\\u00e9nagement\",\"description\":\"\",\"potentialAction\":[{\"@type\":\"SearchAction\",\"target\":{\"@type\":\"EntryPoint\",\"urlTemplate\":\"https:\/\/le-grenier.org\/?s={search_term_string}\"},\"query-input\":\"required name=search_term_string\"}],\"inLanguage\":\"fr-FR\"},{\"@type\":\"ImageObject\",\"@id\":\"https:\/\/le-grenier.org\/index.php\/produit\/table-a-the\/#primaryimage\",\"inLanguage\":\"fr-FR\",\"url\":\"https:\/\/le-grenier.org\/wp-content\/uploads\/2025\/11\/img_3026.jpeg\",\"contentUrl\":\"https:\/\/le-grenier.org\/wp-content\/uploads\/2025\/11\/img_3026.jpeg\",\"width\":1170,\"height\":1441},{\"@type\":\"WebPage\",\"@id\":\"https:\/\/le-grenier.org\/index.php\/produit\/table-a-the\/#webpage\",\"url\":\"https:\/\/le-grenier.org\/index.php\/produit\/table-a-the\/\",\"name\":\"Table \\u00e0 th\\u00e9 - Le Grenier - brocante et am\\u00e9nagement\",\"isPartOf\":{\"@id\":\"https:\/\/le-grenier.org\/#website\"},\"primaryImageOfPage\":{\"@id\":\"https:\/\/le-grenier.org\/index.php\/produit\/table-a-the\/#primaryimage\"},\"datePublished\":\"2025-11-01T14:39:31+00:00\",\"dateModified\":\"2025-11-01T14:41:29+00:00\",\"breadcrumb\":{\"@id\":\"https:\/\/le-grenier.org\/index.php\/produit\/table-a-the\/#breadcrumb\"},\"inLanguage\":\"fr-FR\",\"potentialAction\":[{\"@type\":\"ReadAction\",\"target\":[\"https:\/\/le-grenier.org\/index.php\/produit\/table-a-the\/\"]}]},{\"@type\":\"BreadcrumbList\",\"@id\":\"https:\/\/le-grenier.org\/index.php\/produit\/table-a-the\/#breadcrumb\",\"itemListElement\":[{\"@type\":\"ListItem\",\"position\":1,\"name\":\"Accueil\",\"item\":\"https:\/\/le-grenier.org\/\"},{\"@type\":\"ListItem\",\"position\":2,\"name\":\"Boutique en ligne\",\"item\":\"https:\/\/le-grenier.org\/\"},{\"@type\":\"ListItem\",\"position\":3,\"name\":\"Table \\u00e0 th\\u00e9\"}]}]}<\/script>\n<!-- \/ Yoast SEO plugin. -->","yoast_head_json":{"title":"Table \u00e0 th\u00e9 - Le Grenier - brocante et am\u00e9nagement","robots":{"index":"index","follow":"follow","max-snippet":"max-snippet:-1","max-image-preview":"max-image-preview:large","max-video-preview":"max-video-preview:-1"},"canonical":"https:\/\/le-grenier.org\/index.php\/produit\/table-a-the\/","og_locale":"fr_FR","og_type":"article","og_title":"Table \u00e0 th\u00e9 - Le Grenier - brocante et am\u00e9nagement","og_description":"Table \u00e0 th\u00e9 en bambou et rotin, Fin 19eme d\u00e9but 20eme si\u00e8cle Hauteur 75cm 52x34cm Quelques traces du temps Bon&hellip;","og_url":"https:\/\/le-grenier.org\/index.php\/produit\/table-a-the\/","og_site_name":"Le Grenier - brocante et am\u00e9nagement","article_modified_time":"2025-11-01T14:41:29+00:00","twitter_card":"summary_large_image","schema":{"@context":"https:\/\/schema.org","@graph":[{"@type":"WebSite","@id":"https:\/\/le-grenier.org\/#website","url":"https:\/\/le-grenier.org\/","name":"Le Grenier - brocante et am\u00e9nagement","description":"","potentialAction":[{"@type":"SearchAction","target":{"@type":"EntryPoint","urlTemplate":"https:\/\/le-grenier.org\/?s={search_term_string}"},"query-input":"required name=search_term_string"}],"inLanguage":"fr-FR"},{"@type":"ImageObject","@id":"https:\/\/le-grenier.org\/index.php\/produit\/table-a-the\/#primaryimage","inLanguage":"fr-FR","url":"https:\/\/le-grenier.org\/wp-content\/uploads\/2025\/11\/img_3026.jpeg","contentUrl":"https:\/\/le-grenier.org\/wp-content\/uploads\/2025\/11\/img_3026.jpeg","width":1170,"height":1441},{"@type":"WebPage","@id":"https:\/\/le-grenier.org\/index.php\/produit\/table-a-the\/#webpage","url":"https:\/\/le-grenier.org\/index.php\/produit\/table-a-the\/","name":"Table \u00e0 th\u00e9 - Le Grenier - brocante et am\u00e9nagement","isPartOf":{"@id":"https:\/\/le-grenier.org\/#website"},"primaryImageOfPage":{"@id":"https:\/\/le-grenier.org\/index.php\/produit\/table-a-the\/#primaryimage"},"datePublished":"2025-11-01T14:39:31+00:00","dateModified":"2025-11-01T14:41:29+00:00","breadcrumb":{"@id":"https:\/\/le-grenier.org\/index.php\/produit\/table-a-the\/#breadcrumb"},"inLanguage":"fr-FR","potentialAction":[{"@type":"ReadAction","target":["https:\/\/le-grenier.org\/index.php\/produit\/table-a-the\/"]}]},{"@type":"BreadcrumbList","@id":"https:\/\/le-grenier.org\/index.php\/produit\/table-a-the\/#breadcrumb","itemListElement":[{"@type":"ListItem","position":1,"name":"Accueil","item":"https:\/\/le-grenier.org\/"},{"@type":"ListItem","position":2,"name":"Boutique en ligne","item":"https:\/\/le-grenier.org\/"},{"@type":"ListItem","position":3,"name":"Table \u00e0 th\u00e9"}]}]}},"_links":{"self":[{"href":"https:\/\/le-grenier.org\/index.php\/wp-json\/wp\/v2\/product\/58745"}],"collection":[{"href":"https:\/\/le-grenier.org\/index.php\/wp-json\/wp\/v2\/product"}],"about":[{"href":"https:\/\/le-grenier.org\/index.php\/wp-json\/wp\/v2\/types\/product"}],"wp:featuredmedia":[{"embeddable":true,"href":"https:\/\/le-grenier.org\/index.php\/wp-json\/wp\/v2\/media\/58746"}],"wp:attachment":[{"href":"https:\/\/le-grenier.org\/index.php\/wp-json\/wp\/v2\/media?parent=58745"}],"wp:term":[{"taxonomy":"product_cat","embeddable":true,"href":"https:\/\/le-grenier.org\/index.php\/wp-json\/wp\/v2\/product_cat?post=58745"},{"taxonomy":"product_tag","embeddable":true,"href":"https:\/\/le-grenier.org\/index.php\/wp-json\/wp\/v2\/product_tag?post=58745"}],"curies":[{"name":"wp","href":"https:\/\/api.w.org\/{rel}","templated":true}]}}