{"id":58860,"date":"2025-11-18T14:28:59","date_gmt":"2025-11-18T13:28:59","guid":{"rendered":"https:\/\/le-grenier.org\/index.php\/produit\/saliere-et-poivriere-4\/"},"modified":"2025-11-18T14:31:25","modified_gmt":"2025-11-18T13:31:25","slug":"saliere-et-poivriere-4","status":"publish","type":"product","link":"https:\/\/le-grenier.org\/index.php\/produit\/saliere-et-poivriere-4\/","title":{"rendered":"Sali\u00e8re et poivri\u00e8re"},"content":{"rendered":"<p>Sali\u00e8re et poivri\u00e8re Liliput de couleur bleue, par Stephano Giovannoni pour Alessi.<\/p>\n<p>Syst\u00e8me aimant\u00e9 pour que les petits bonhommes se balancent sur la tige m\u00e9tallique<\/p>\n<p>\ud83c\udf81 Envoi soign\u00e9 et rapide, parfait pour un cadeau unique<\/p>\n","protected":false},"excerpt":{"rendered":"<p>Sali\u00e8re et poivri\u00e8re Liliput de couleur bleue, par Stephano Giovannoni pour Alessi. Syst\u00e8me aimant\u00e9 pour que les petits bonhommes se&hellip;<\/p>\n","protected":false},"featured_media":58861,"template":"","meta":{"ngg_post_thumbnail":0},"product_cat":[60,53,46],"product_tag":[],"yoast_head":"<!-- This site is optimized with the Yoast SEO plugin v17.9 - https:\/\/yoast.com\/wordpress\/plugins\/seo\/ -->\n<title>Sali\u00e8re et poivri\u00e8re - Le Grenier - brocante et am\u00e9nagement<\/title>\n<meta name=\"robots\" content=\"index, follow, max-snippet:-1, max-image-preview:large, max-video-preview:-1\" \/>\n<link rel=\"canonical\" href=\"https:\/\/le-grenier.org\/index.php\/produit\/saliere-et-poivriere-4\/\" \/>\n<meta property=\"og:locale\" content=\"fr_FR\" \/>\n<meta property=\"og:type\" content=\"article\" \/>\n<meta property=\"og:title\" content=\"Sali\u00e8re et poivri\u00e8re - Le Grenier - brocante et am\u00e9nagement\" \/>\n<meta property=\"og:description\" content=\"Sali\u00e8re et poivri\u00e8re Liliput de couleur bleue, par Stephano Giovannoni pour Alessi. Syst\u00e8me aimant\u00e9 pour que les petits bonhommes se&hellip;\" \/>\n<meta property=\"og:url\" content=\"https:\/\/le-grenier.org\/index.php\/produit\/saliere-et-poivriere-4\/\" \/>\n<meta property=\"og:site_name\" content=\"Le Grenier - brocante et am\u00e9nagement\" \/>\n<meta property=\"article:modified_time\" content=\"2025-11-18T13:31:25+00:00\" \/>\n<meta name=\"twitter:card\" content=\"summary_large_image\" \/>\n<script type=\"application\/ld+json\" class=\"yoast-schema-graph\">{\"@context\":\"https:\/\/schema.org\",\"@graph\":[{\"@type\":\"WebSite\",\"@id\":\"https:\/\/le-grenier.org\/#website\",\"url\":\"https:\/\/le-grenier.org\/\",\"name\":\"Le Grenier - brocante et am\\u00e9nagement\",\"description\":\"\",\"potentialAction\":[{\"@type\":\"SearchAction\",\"target\":{\"@type\":\"EntryPoint\",\"urlTemplate\":\"https:\/\/le-grenier.org\/?s={search_term_string}\"},\"query-input\":\"required name=search_term_string\"}],\"inLanguage\":\"fr-FR\"},{\"@type\":\"ImageObject\",\"@id\":\"https:\/\/le-grenier.org\/index.php\/produit\/saliere-et-poivriere-4\/#primaryimage\",\"inLanguage\":\"fr-FR\",\"url\":\"https:\/\/le-grenier.org\/wp-content\/uploads\/2025\/11\/img_3284.jpeg\",\"contentUrl\":\"https:\/\/le-grenier.org\/wp-content\/uploads\/2025\/11\/img_3284.jpeg\",\"width\":1170,\"height\":1064,\"caption\":\"Screenshot\"},{\"@type\":\"WebPage\",\"@id\":\"https:\/\/le-grenier.org\/index.php\/produit\/saliere-et-poivriere-4\/#webpage\",\"url\":\"https:\/\/le-grenier.org\/index.php\/produit\/saliere-et-poivriere-4\/\",\"name\":\"Sali\\u00e8re et poivri\\u00e8re - Le Grenier - brocante et am\\u00e9nagement\",\"isPartOf\":{\"@id\":\"https:\/\/le-grenier.org\/#website\"},\"primaryImageOfPage\":{\"@id\":\"https:\/\/le-grenier.org\/index.php\/produit\/saliere-et-poivriere-4\/#primaryimage\"},\"datePublished\":\"2025-11-18T13:28:59+00:00\",\"dateModified\":\"2025-11-18T13:31:25+00:00\",\"breadcrumb\":{\"@id\":\"https:\/\/le-grenier.org\/index.php\/produit\/saliere-et-poivriere-4\/#breadcrumb\"},\"inLanguage\":\"fr-FR\",\"potentialAction\":[{\"@type\":\"ReadAction\",\"target\":[\"https:\/\/le-grenier.org\/index.php\/produit\/saliere-et-poivriere-4\/\"]}]},{\"@type\":\"BreadcrumbList\",\"@id\":\"https:\/\/le-grenier.org\/index.php\/produit\/saliere-et-poivriere-4\/#breadcrumb\",\"itemListElement\":[{\"@type\":\"ListItem\",\"position\":1,\"name\":\"Accueil\",\"item\":\"https:\/\/le-grenier.org\/\"},{\"@type\":\"ListItem\",\"position\":2,\"name\":\"Boutique en ligne\",\"item\":\"https:\/\/le-grenier.org\/\"},{\"@type\":\"ListItem\",\"position\":3,\"name\":\"Sali\\u00e8re et poivri\\u00e8re\"}]}]}<\/script>\n<!-- \/ Yoast SEO plugin. -->","yoast_head_json":{"title":"Sali\u00e8re et poivri\u00e8re - Le Grenier - brocante et am\u00e9nagement","robots":{"index":"index","follow":"follow","max-snippet":"max-snippet:-1","max-image-preview":"max-image-preview:large","max-video-preview":"max-video-preview:-1"},"canonical":"https:\/\/le-grenier.org\/index.php\/produit\/saliere-et-poivriere-4\/","og_locale":"fr_FR","og_type":"article","og_title":"Sali\u00e8re et poivri\u00e8re - Le Grenier - brocante et am\u00e9nagement","og_description":"Sali\u00e8re et poivri\u00e8re Liliput de couleur bleue, par Stephano Giovannoni pour Alessi. Syst\u00e8me aimant\u00e9 pour que les petits bonhommes se&hellip;","og_url":"https:\/\/le-grenier.org\/index.php\/produit\/saliere-et-poivriere-4\/","og_site_name":"Le Grenier - brocante et am\u00e9nagement","article_modified_time":"2025-11-18T13:31:25+00:00","twitter_card":"summary_large_image","schema":{"@context":"https:\/\/schema.org","@graph":[{"@type":"WebSite","@id":"https:\/\/le-grenier.org\/#website","url":"https:\/\/le-grenier.org\/","name":"Le Grenier - brocante et am\u00e9nagement","description":"","potentialAction":[{"@type":"SearchAction","target":{"@type":"EntryPoint","urlTemplate":"https:\/\/le-grenier.org\/?s={search_term_string}"},"query-input":"required name=search_term_string"}],"inLanguage":"fr-FR"},{"@type":"ImageObject","@id":"https:\/\/le-grenier.org\/index.php\/produit\/saliere-et-poivriere-4\/#primaryimage","inLanguage":"fr-FR","url":"https:\/\/le-grenier.org\/wp-content\/uploads\/2025\/11\/img_3284.jpeg","contentUrl":"https:\/\/le-grenier.org\/wp-content\/uploads\/2025\/11\/img_3284.jpeg","width":1170,"height":1064,"caption":"Screenshot"},{"@type":"WebPage","@id":"https:\/\/le-grenier.org\/index.php\/produit\/saliere-et-poivriere-4\/#webpage","url":"https:\/\/le-grenier.org\/index.php\/produit\/saliere-et-poivriere-4\/","name":"Sali\u00e8re et poivri\u00e8re - Le Grenier - brocante et am\u00e9nagement","isPartOf":{"@id":"https:\/\/le-grenier.org\/#website"},"primaryImageOfPage":{"@id":"https:\/\/le-grenier.org\/index.php\/produit\/saliere-et-poivriere-4\/#primaryimage"},"datePublished":"2025-11-18T13:28:59+00:00","dateModified":"2025-11-18T13:31:25+00:00","breadcrumb":{"@id":"https:\/\/le-grenier.org\/index.php\/produit\/saliere-et-poivriere-4\/#breadcrumb"},"inLanguage":"fr-FR","potentialAction":[{"@type":"ReadAction","target":["https:\/\/le-grenier.org\/index.php\/produit\/saliere-et-poivriere-4\/"]}]},{"@type":"BreadcrumbList","@id":"https:\/\/le-grenier.org\/index.php\/produit\/saliere-et-poivriere-4\/#breadcrumb","itemListElement":[{"@type":"ListItem","position":1,"name":"Accueil","item":"https:\/\/le-grenier.org\/"},{"@type":"ListItem","position":2,"name":"Boutique en ligne","item":"https:\/\/le-grenier.org\/"},{"@type":"ListItem","position":3,"name":"Sali\u00e8re et poivri\u00e8re"}]}]}},"_links":{"self":[{"href":"https:\/\/le-grenier.org\/index.php\/wp-json\/wp\/v2\/product\/58860"}],"collection":[{"href":"https:\/\/le-grenier.org\/index.php\/wp-json\/wp\/v2\/product"}],"about":[{"href":"https:\/\/le-grenier.org\/index.php\/wp-json\/wp\/v2\/types\/product"}],"wp:featuredmedia":[{"embeddable":true,"href":"https:\/\/le-grenier.org\/index.php\/wp-json\/wp\/v2\/media\/58861"}],"wp:attachment":[{"href":"https:\/\/le-grenier.org\/index.php\/wp-json\/wp\/v2\/media?parent=58860"}],"wp:term":[{"taxonomy":"product_cat","embeddable":true,"href":"https:\/\/le-grenier.org\/index.php\/wp-json\/wp\/v2\/product_cat?post=58860"},{"taxonomy":"product_tag","embeddable":true,"href":"https:\/\/le-grenier.org\/index.php\/wp-json\/wp\/v2\/product_tag?post=58860"}],"curies":[{"name":"wp","href":"https:\/\/api.w.org\/{rel}","templated":true}]}}