{"id":58895,"date":"2025-11-24T14:36:37","date_gmt":"2025-11-24T13:36:37","guid":{"rendered":"https:\/\/le-grenier.org\/index.php\/produit\/banc-en-chene\/"},"modified":"2025-11-24T14:39:52","modified_gmt":"2025-11-24T13:39:52","slug":"banc-en-chene","status":"publish","type":"product","link":"https:\/\/le-grenier.org\/index.php\/produit\/banc-en-chene\/","title":{"rendered":"Banc en ch\u00eane"},"content":{"rendered":"<p>Long banc en ch\u00eane massif<\/p>\n<p>290cm de longueur<\/p>\n<p>50cm de hauteur<\/p>\n<p>21cm de largeur<\/p>\n<p>Id\u00e9al pour habiller un long couloir par exemple<\/p>\n<p>Stable et solide<\/p>\n<p>Quelques traces du temps \u00e0 noter visibles sur les photos mais  l\u2019\u00e9tat g\u00e9n\u00e9ral est tr\u00e8s bon<\/p>\n","protected":false},"excerpt":{"rendered":"<p>Long banc en ch\u00eane massif 290cm de longueur 50cm de hauteur 21cm de largeur Id\u00e9al pour habiller un long couloir&hellip;<\/p>\n","protected":false},"featured_media":58896,"template":"","meta":{"ngg_post_thumbnail":0},"product_cat":[40,24],"product_tag":[],"yoast_head":"<!-- This site is optimized with the Yoast SEO plugin v17.9 - https:\/\/yoast.com\/wordpress\/plugins\/seo\/ -->\n<title>Banc en ch\u00eane - Le Grenier - brocante et am\u00e9nagement<\/title>\n<meta name=\"robots\" content=\"index, follow, max-snippet:-1, max-image-preview:large, max-video-preview:-1\" \/>\n<link rel=\"canonical\" href=\"https:\/\/le-grenier.org\/index.php\/produit\/banc-en-chene\/\" \/>\n<meta property=\"og:locale\" content=\"fr_FR\" \/>\n<meta property=\"og:type\" content=\"article\" \/>\n<meta property=\"og:title\" content=\"Banc en ch\u00eane - Le Grenier - brocante et am\u00e9nagement\" \/>\n<meta property=\"og:description\" content=\"Long banc en ch\u00eane massif 290cm de longueur 50cm de hauteur 21cm de largeur Id\u00e9al pour habiller un long couloir&hellip;\" \/>\n<meta property=\"og:url\" content=\"https:\/\/le-grenier.org\/index.php\/produit\/banc-en-chene\/\" \/>\n<meta property=\"og:site_name\" content=\"Le Grenier - brocante et am\u00e9nagement\" \/>\n<meta property=\"article:modified_time\" content=\"2025-11-24T13:39:52+00:00\" \/>\n<meta name=\"twitter:card\" content=\"summary_large_image\" \/>\n<script type=\"application\/ld+json\" class=\"yoast-schema-graph\">{\"@context\":\"https:\/\/schema.org\",\"@graph\":[{\"@type\":\"WebSite\",\"@id\":\"https:\/\/le-grenier.org\/#website\",\"url\":\"https:\/\/le-grenier.org\/\",\"name\":\"Le Grenier - brocante et am\\u00e9nagement\",\"description\":\"\",\"potentialAction\":[{\"@type\":\"SearchAction\",\"target\":{\"@type\":\"EntryPoint\",\"urlTemplate\":\"https:\/\/le-grenier.org\/?s={search_term_string}\"},\"query-input\":\"required name=search_term_string\"}],\"inLanguage\":\"fr-FR\"},{\"@type\":\"ImageObject\",\"@id\":\"https:\/\/le-grenier.org\/index.php\/produit\/banc-en-chene\/#primaryimage\",\"inLanguage\":\"fr-FR\",\"url\":\"https:\/\/le-grenier.org\/wp-content\/uploads\/2025\/11\/img_3345.jpeg\",\"contentUrl\":\"https:\/\/le-grenier.org\/wp-content\/uploads\/2025\/11\/img_3345.jpeg\",\"width\":1170,\"height\":1226,\"caption\":\"Screenshot\"},{\"@type\":\"WebPage\",\"@id\":\"https:\/\/le-grenier.org\/index.php\/produit\/banc-en-chene\/#webpage\",\"url\":\"https:\/\/le-grenier.org\/index.php\/produit\/banc-en-chene\/\",\"name\":\"Banc en ch\\u00eane - Le Grenier - brocante et am\\u00e9nagement\",\"isPartOf\":{\"@id\":\"https:\/\/le-grenier.org\/#website\"},\"primaryImageOfPage\":{\"@id\":\"https:\/\/le-grenier.org\/index.php\/produit\/banc-en-chene\/#primaryimage\"},\"datePublished\":\"2025-11-24T13:36:37+00:00\",\"dateModified\":\"2025-11-24T13:39:52+00:00\",\"breadcrumb\":{\"@id\":\"https:\/\/le-grenier.org\/index.php\/produit\/banc-en-chene\/#breadcrumb\"},\"inLanguage\":\"fr-FR\",\"potentialAction\":[{\"@type\":\"ReadAction\",\"target\":[\"https:\/\/le-grenier.org\/index.php\/produit\/banc-en-chene\/\"]}]},{\"@type\":\"BreadcrumbList\",\"@id\":\"https:\/\/le-grenier.org\/index.php\/produit\/banc-en-chene\/#breadcrumb\",\"itemListElement\":[{\"@type\":\"ListItem\",\"position\":1,\"name\":\"Accueil\",\"item\":\"https:\/\/le-grenier.org\/\"},{\"@type\":\"ListItem\",\"position\":2,\"name\":\"Boutique en ligne\",\"item\":\"https:\/\/le-grenier.org\/\"},{\"@type\":\"ListItem\",\"position\":3,\"name\":\"Banc en ch\\u00eane\"}]}]}<\/script>\n<!-- \/ Yoast SEO plugin. -->","yoast_head_json":{"title":"Banc en ch\u00eane - Le Grenier - brocante et am\u00e9nagement","robots":{"index":"index","follow":"follow","max-snippet":"max-snippet:-1","max-image-preview":"max-image-preview:large","max-video-preview":"max-video-preview:-1"},"canonical":"https:\/\/le-grenier.org\/index.php\/produit\/banc-en-chene\/","og_locale":"fr_FR","og_type":"article","og_title":"Banc en ch\u00eane - Le Grenier - brocante et am\u00e9nagement","og_description":"Long banc en ch\u00eane massif 290cm de longueur 50cm de hauteur 21cm de largeur Id\u00e9al pour habiller un long couloir&hellip;","og_url":"https:\/\/le-grenier.org\/index.php\/produit\/banc-en-chene\/","og_site_name":"Le Grenier - brocante et am\u00e9nagement","article_modified_time":"2025-11-24T13:39:52+00:00","twitter_card":"summary_large_image","schema":{"@context":"https:\/\/schema.org","@graph":[{"@type":"WebSite","@id":"https:\/\/le-grenier.org\/#website","url":"https:\/\/le-grenier.org\/","name":"Le Grenier - brocante et am\u00e9nagement","description":"","potentialAction":[{"@type":"SearchAction","target":{"@type":"EntryPoint","urlTemplate":"https:\/\/le-grenier.org\/?s={search_term_string}"},"query-input":"required name=search_term_string"}],"inLanguage":"fr-FR"},{"@type":"ImageObject","@id":"https:\/\/le-grenier.org\/index.php\/produit\/banc-en-chene\/#primaryimage","inLanguage":"fr-FR","url":"https:\/\/le-grenier.org\/wp-content\/uploads\/2025\/11\/img_3345.jpeg","contentUrl":"https:\/\/le-grenier.org\/wp-content\/uploads\/2025\/11\/img_3345.jpeg","width":1170,"height":1226,"caption":"Screenshot"},{"@type":"WebPage","@id":"https:\/\/le-grenier.org\/index.php\/produit\/banc-en-chene\/#webpage","url":"https:\/\/le-grenier.org\/index.php\/produit\/banc-en-chene\/","name":"Banc en ch\u00eane - Le Grenier - brocante et am\u00e9nagement","isPartOf":{"@id":"https:\/\/le-grenier.org\/#website"},"primaryImageOfPage":{"@id":"https:\/\/le-grenier.org\/index.php\/produit\/banc-en-chene\/#primaryimage"},"datePublished":"2025-11-24T13:36:37+00:00","dateModified":"2025-11-24T13:39:52+00:00","breadcrumb":{"@id":"https:\/\/le-grenier.org\/index.php\/produit\/banc-en-chene\/#breadcrumb"},"inLanguage":"fr-FR","potentialAction":[{"@type":"ReadAction","target":["https:\/\/le-grenier.org\/index.php\/produit\/banc-en-chene\/"]}]},{"@type":"BreadcrumbList","@id":"https:\/\/le-grenier.org\/index.php\/produit\/banc-en-chene\/#breadcrumb","itemListElement":[{"@type":"ListItem","position":1,"name":"Accueil","item":"https:\/\/le-grenier.org\/"},{"@type":"ListItem","position":2,"name":"Boutique en ligne","item":"https:\/\/le-grenier.org\/"},{"@type":"ListItem","position":3,"name":"Banc en ch\u00eane"}]}]}},"_links":{"self":[{"href":"https:\/\/le-grenier.org\/index.php\/wp-json\/wp\/v2\/product\/58895"}],"collection":[{"href":"https:\/\/le-grenier.org\/index.php\/wp-json\/wp\/v2\/product"}],"about":[{"href":"https:\/\/le-grenier.org\/index.php\/wp-json\/wp\/v2\/types\/product"}],"wp:featuredmedia":[{"embeddable":true,"href":"https:\/\/le-grenier.org\/index.php\/wp-json\/wp\/v2\/media\/58896"}],"wp:attachment":[{"href":"https:\/\/le-grenier.org\/index.php\/wp-json\/wp\/v2\/media?parent=58895"}],"wp:term":[{"taxonomy":"product_cat","embeddable":true,"href":"https:\/\/le-grenier.org\/index.php\/wp-json\/wp\/v2\/product_cat?post=58895"},{"taxonomy":"product_tag","embeddable":true,"href":"https:\/\/le-grenier.org\/index.php\/wp-json\/wp\/v2\/product_tag?post=58895"}],"curies":[{"name":"wp","href":"https:\/\/api.w.org\/{rel}","templated":true}]}}