{"id":58910,"date":"2025-11-27T13:00:47","date_gmt":"2025-11-27T12:00:47","guid":{"rendered":"https:\/\/le-grenier.org\/index.php\/produit\/lampe-chrome\/"},"modified":"2026-03-11T10:14:10","modified_gmt":"2026-03-11T09:14:10","slug":"lampe-chrome","status":"publish","type":"product","link":"https:\/\/le-grenier.org\/index.php\/produit\/lampe-chrome\/","title":{"rendered":"Lampe chrome"},"content":{"rendered":"<p>Lampe \u00e0 poser de style r\u00e9tro seventies<\/p>\n<p>Coloris GRIS Argent<\/p>\n<p>Il vous suffit de la toucher pour l&rsquo;allumer et l&rsquo;\u00e9teindre.<\/p>\n<p>Dimensions : Longueur 15 cm, Hauteur 18 cm et Largeur 13 cm.<\/p>\n<p>Ampoule : 1 x 25 W  E14 (non fournie)<\/p>\n<p>Tr\u00e8s bon \u00e9tat g\u00e9n\u00e9ral, quelques mini rayures \u00e0 noter (voir photo d\u00e9tail)<\/p>\n<p>\ud83c\udf81 Envoi soign\u00e9 et rapide, parfait pour un cadeau unique<\/p>\n","protected":false},"excerpt":{"rendered":"<p>Lampe \u00e0 poser de style r\u00e9tro seventies Coloris GRIS Argent Il vous suffit de la toucher pour l&rsquo;allumer et l&rsquo;\u00e9teindre.&hellip;<\/p>\n","protected":false},"featured_media":58911,"template":"","meta":{"ngg_post_thumbnail":0},"product_cat":[53,25],"product_tag":[],"yoast_head":"<!-- This site is optimized with the Yoast SEO plugin v17.9 - https:\/\/yoast.com\/wordpress\/plugins\/seo\/ -->\n<title>Lampe chrome - Le Grenier - brocante et am\u00e9nagement<\/title>\n<meta name=\"robots\" content=\"index, follow, max-snippet:-1, max-image-preview:large, max-video-preview:-1\" \/>\n<link rel=\"canonical\" href=\"https:\/\/le-grenier.org\/index.php\/produit\/lampe-chrome\/\" \/>\n<meta property=\"og:locale\" content=\"fr_FR\" \/>\n<meta property=\"og:type\" content=\"article\" \/>\n<meta property=\"og:title\" content=\"Lampe chrome - Le Grenier - brocante et am\u00e9nagement\" \/>\n<meta property=\"og:description\" content=\"Lampe \u00e0 poser de style r\u00e9tro seventies Coloris GRIS Argent Il vous suffit de la toucher pour l&rsquo;allumer et l&rsquo;\u00e9teindre.&hellip;\" \/>\n<meta property=\"og:url\" content=\"https:\/\/le-grenier.org\/index.php\/produit\/lampe-chrome\/\" \/>\n<meta property=\"og:site_name\" content=\"Le Grenier - brocante et am\u00e9nagement\" \/>\n<meta property=\"article:modified_time\" content=\"2026-03-11T09:14:10+00:00\" \/>\n<meta property=\"og:image\" content=\"https:\/\/le-grenier.org\/wp-content\/uploads\/2025\/11\/img_3389.jpeg\" \/>\n\t<meta property=\"og:image:width\" content=\"1170\" \/>\n\t<meta property=\"og:image:height\" content=\"1394\" \/>\n\t<meta property=\"og:image:type\" content=\"image\/jpeg\" \/>\n<meta name=\"twitter:card\" content=\"summary_large_image\" \/>\n<script type=\"application\/ld+json\" class=\"yoast-schema-graph\">{\"@context\":\"https:\/\/schema.org\",\"@graph\":[{\"@type\":\"WebSite\",\"@id\":\"https:\/\/le-grenier.org\/#website\",\"url\":\"https:\/\/le-grenier.org\/\",\"name\":\"Le Grenier - brocante et am\\u00e9nagement\",\"description\":\"\",\"potentialAction\":[{\"@type\":\"SearchAction\",\"target\":{\"@type\":\"EntryPoint\",\"urlTemplate\":\"https:\/\/le-grenier.org\/?s={search_term_string}\"},\"query-input\":\"required name=search_term_string\"}],\"inLanguage\":\"fr-FR\"},{\"@type\":\"ImageObject\",\"@id\":\"https:\/\/le-grenier.org\/index.php\/produit\/lampe-chrome\/#primaryimage\",\"inLanguage\":\"fr-FR\",\"url\":\"https:\/\/le-grenier.org\/wp-content\/uploads\/2025\/11\/img_3389.jpeg\",\"contentUrl\":\"https:\/\/le-grenier.org\/wp-content\/uploads\/2025\/11\/img_3389.jpeg\",\"width\":1170,\"height\":1394,\"caption\":\"Screenshot\"},{\"@type\":\"WebPage\",\"@id\":\"https:\/\/le-grenier.org\/index.php\/produit\/lampe-chrome\/#webpage\",\"url\":\"https:\/\/le-grenier.org\/index.php\/produit\/lampe-chrome\/\",\"name\":\"Lampe chrome - Le Grenier - brocante et am\\u00e9nagement\",\"isPartOf\":{\"@id\":\"https:\/\/le-grenier.org\/#website\"},\"primaryImageOfPage\":{\"@id\":\"https:\/\/le-grenier.org\/index.php\/produit\/lampe-chrome\/#primaryimage\"},\"datePublished\":\"2025-11-27T12:00:47+00:00\",\"dateModified\":\"2026-03-11T09:14:10+00:00\",\"breadcrumb\":{\"@id\":\"https:\/\/le-grenier.org\/index.php\/produit\/lampe-chrome\/#breadcrumb\"},\"inLanguage\":\"fr-FR\",\"potentialAction\":[{\"@type\":\"ReadAction\",\"target\":[\"https:\/\/le-grenier.org\/index.php\/produit\/lampe-chrome\/\"]}]},{\"@type\":\"BreadcrumbList\",\"@id\":\"https:\/\/le-grenier.org\/index.php\/produit\/lampe-chrome\/#breadcrumb\",\"itemListElement\":[{\"@type\":\"ListItem\",\"position\":1,\"name\":\"Accueil\",\"item\":\"https:\/\/le-grenier.org\/\"},{\"@type\":\"ListItem\",\"position\":2,\"name\":\"Boutique en ligne\",\"item\":\"https:\/\/le-grenier.org\/\"},{\"@type\":\"ListItem\",\"position\":3,\"name\":\"Lampe chrome\"}]}]}<\/script>\n<!-- \/ Yoast SEO plugin. -->","yoast_head_json":{"title":"Lampe chrome - Le Grenier - brocante et am\u00e9nagement","robots":{"index":"index","follow":"follow","max-snippet":"max-snippet:-1","max-image-preview":"max-image-preview:large","max-video-preview":"max-video-preview:-1"},"canonical":"https:\/\/le-grenier.org\/index.php\/produit\/lampe-chrome\/","og_locale":"fr_FR","og_type":"article","og_title":"Lampe chrome - Le Grenier - brocante et am\u00e9nagement","og_description":"Lampe \u00e0 poser de style r\u00e9tro seventies Coloris GRIS Argent Il vous suffit de la toucher pour l&rsquo;allumer et l&rsquo;\u00e9teindre.&hellip;","og_url":"https:\/\/le-grenier.org\/index.php\/produit\/lampe-chrome\/","og_site_name":"Le Grenier - brocante et am\u00e9nagement","article_modified_time":"2026-03-11T09:14:10+00:00","og_image":[{"width":1170,"height":1394,"url":"https:\/\/le-grenier.org\/wp-content\/uploads\/2025\/11\/img_3389.jpeg","type":"image\/jpeg"}],"twitter_card":"summary_large_image","schema":{"@context":"https:\/\/schema.org","@graph":[{"@type":"WebSite","@id":"https:\/\/le-grenier.org\/#website","url":"https:\/\/le-grenier.org\/","name":"Le Grenier - brocante et am\u00e9nagement","description":"","potentialAction":[{"@type":"SearchAction","target":{"@type":"EntryPoint","urlTemplate":"https:\/\/le-grenier.org\/?s={search_term_string}"},"query-input":"required name=search_term_string"}],"inLanguage":"fr-FR"},{"@type":"ImageObject","@id":"https:\/\/le-grenier.org\/index.php\/produit\/lampe-chrome\/#primaryimage","inLanguage":"fr-FR","url":"https:\/\/le-grenier.org\/wp-content\/uploads\/2025\/11\/img_3389.jpeg","contentUrl":"https:\/\/le-grenier.org\/wp-content\/uploads\/2025\/11\/img_3389.jpeg","width":1170,"height":1394,"caption":"Screenshot"},{"@type":"WebPage","@id":"https:\/\/le-grenier.org\/index.php\/produit\/lampe-chrome\/#webpage","url":"https:\/\/le-grenier.org\/index.php\/produit\/lampe-chrome\/","name":"Lampe chrome - Le Grenier - brocante et am\u00e9nagement","isPartOf":{"@id":"https:\/\/le-grenier.org\/#website"},"primaryImageOfPage":{"@id":"https:\/\/le-grenier.org\/index.php\/produit\/lampe-chrome\/#primaryimage"},"datePublished":"2025-11-27T12:00:47+00:00","dateModified":"2026-03-11T09:14:10+00:00","breadcrumb":{"@id":"https:\/\/le-grenier.org\/index.php\/produit\/lampe-chrome\/#breadcrumb"},"inLanguage":"fr-FR","potentialAction":[{"@type":"ReadAction","target":["https:\/\/le-grenier.org\/index.php\/produit\/lampe-chrome\/"]}]},{"@type":"BreadcrumbList","@id":"https:\/\/le-grenier.org\/index.php\/produit\/lampe-chrome\/#breadcrumb","itemListElement":[{"@type":"ListItem","position":1,"name":"Accueil","item":"https:\/\/le-grenier.org\/"},{"@type":"ListItem","position":2,"name":"Boutique en ligne","item":"https:\/\/le-grenier.org\/"},{"@type":"ListItem","position":3,"name":"Lampe chrome"}]}]}},"_links":{"self":[{"href":"https:\/\/le-grenier.org\/index.php\/wp-json\/wp\/v2\/product\/58910"}],"collection":[{"href":"https:\/\/le-grenier.org\/index.php\/wp-json\/wp\/v2\/product"}],"about":[{"href":"https:\/\/le-grenier.org\/index.php\/wp-json\/wp\/v2\/types\/product"}],"wp:featuredmedia":[{"embeddable":true,"href":"https:\/\/le-grenier.org\/index.php\/wp-json\/wp\/v2\/media\/58911"}],"wp:attachment":[{"href":"https:\/\/le-grenier.org\/index.php\/wp-json\/wp\/v2\/media?parent=58910"}],"wp:term":[{"taxonomy":"product_cat","embeddable":true,"href":"https:\/\/le-grenier.org\/index.php\/wp-json\/wp\/v2\/product_cat?post=58910"},{"taxonomy":"product_tag","embeddable":true,"href":"https:\/\/le-grenier.org\/index.php\/wp-json\/wp\/v2\/product_tag?post=58910"}],"curies":[{"name":"wp","href":"https:\/\/api.w.org\/{rel}","templated":true}]}}