{"id":58947,"date":"2025-12-02T21:39:26","date_gmt":"2025-12-02T20:39:26","guid":{"rendered":"https:\/\/le-grenier.org\/index.php\/produit\/statuette-chien\/"},"modified":"2025-12-02T21:42:29","modified_gmt":"2025-12-02T20:42:29","slug":"statuette-chien","status":"publish","type":"product","link":"https:\/\/le-grenier.org\/index.php\/produit\/statuette-chien\/","title":{"rendered":"Statuette chien"},"content":{"rendered":"<p>Chien en c\u00e9ramique, 1989<\/p>\n<p>Dimensions :<\/p>\n<p>\u2022\tHauteur : 23 cm<\/p>\n<p>\u2022\tBase : 10 \u00d7 15 cm<\/p>\n<p>Tr\u00e8s bon \u00e9tat<\/p>\n<p>Adorable chien en c\u00e9ramique, au style r\u00e9tro typique des objets d\u00e9coratifs anciens. Jolie expression, belles teintes brunes et patine d\u2019origine qui lui donnent beaucoup de charme. Parfait pour compl\u00e9ter une d\u00e9coration vintage, une \u00e9tag\u00e8re de collection ou pour apporter une touche chaleureuse dans un int\u00e9rieur.<\/p>\n<p>\u2014-<\/p>\n<p>\ud83c\udf81 Envoi soign\u00e9 et rapide, parfait pour un cadeau unique<\/p>\n","protected":false},"excerpt":{"rendered":"<p>Chien en c\u00e9ramique, 1989 Dimensions : \u2022 Hauteur : 23 cm \u2022 Base : 10 \u00d7 15 cm Tr\u00e8s bon&hellip;<\/p>\n","protected":false},"featured_media":58948,"template":"","meta":{"ngg_post_thumbnail":0},"product_cat":[61,60],"product_tag":[],"yoast_head":"<!-- This site is optimized with the Yoast SEO plugin v17.9 - https:\/\/yoast.com\/wordpress\/plugins\/seo\/ -->\n<title>Statuette chien - Le Grenier - brocante et am\u00e9nagement<\/title>\n<meta name=\"robots\" content=\"index, follow, max-snippet:-1, max-image-preview:large, max-video-preview:-1\" \/>\n<link rel=\"canonical\" href=\"https:\/\/le-grenier.org\/index.php\/produit\/statuette-chien\/\" \/>\n<meta property=\"og:locale\" content=\"fr_FR\" \/>\n<meta property=\"og:type\" content=\"article\" \/>\n<meta property=\"og:title\" content=\"Statuette chien - Le Grenier - brocante et am\u00e9nagement\" \/>\n<meta property=\"og:description\" content=\"Chien en c\u00e9ramique, 1989 Dimensions : \u2022 Hauteur : 23 cm \u2022 Base : 10 \u00d7 15 cm Tr\u00e8s bon&hellip;\" \/>\n<meta property=\"og:url\" content=\"https:\/\/le-grenier.org\/index.php\/produit\/statuette-chien\/\" \/>\n<meta property=\"og:site_name\" content=\"Le Grenier - brocante et am\u00e9nagement\" \/>\n<meta property=\"article:modified_time\" content=\"2025-12-02T20:42:29+00:00\" \/>\n<meta name=\"twitter:card\" content=\"summary_large_image\" \/>\n<script type=\"application\/ld+json\" class=\"yoast-schema-graph\">{\"@context\":\"https:\/\/schema.org\",\"@graph\":[{\"@type\":\"WebSite\",\"@id\":\"https:\/\/le-grenier.org\/#website\",\"url\":\"https:\/\/le-grenier.org\/\",\"name\":\"Le Grenier - brocante et am\\u00e9nagement\",\"description\":\"\",\"potentialAction\":[{\"@type\":\"SearchAction\",\"target\":{\"@type\":\"EntryPoint\",\"urlTemplate\":\"https:\/\/le-grenier.org\/?s={search_term_string}\"},\"query-input\":\"required name=search_term_string\"}],\"inLanguage\":\"fr-FR\"},{\"@type\":\"ImageObject\",\"@id\":\"https:\/\/le-grenier.org\/index.php\/produit\/statuette-chien\/#primaryimage\",\"inLanguage\":\"fr-FR\",\"url\":\"https:\/\/le-grenier.org\/wp-content\/uploads\/2025\/12\/img_3439.jpeg\",\"contentUrl\":\"https:\/\/le-grenier.org\/wp-content\/uploads\/2025\/12\/img_3439.jpeg\",\"width\":1170,\"height\":1450,\"caption\":\"Screenshot\"},{\"@type\":\"WebPage\",\"@id\":\"https:\/\/le-grenier.org\/index.php\/produit\/statuette-chien\/#webpage\",\"url\":\"https:\/\/le-grenier.org\/index.php\/produit\/statuette-chien\/\",\"name\":\"Statuette chien - Le Grenier - brocante et am\\u00e9nagement\",\"isPartOf\":{\"@id\":\"https:\/\/le-grenier.org\/#website\"},\"primaryImageOfPage\":{\"@id\":\"https:\/\/le-grenier.org\/index.php\/produit\/statuette-chien\/#primaryimage\"},\"datePublished\":\"2025-12-02T20:39:26+00:00\",\"dateModified\":\"2025-12-02T20:42:29+00:00\",\"breadcrumb\":{\"@id\":\"https:\/\/le-grenier.org\/index.php\/produit\/statuette-chien\/#breadcrumb\"},\"inLanguage\":\"fr-FR\",\"potentialAction\":[{\"@type\":\"ReadAction\",\"target\":[\"https:\/\/le-grenier.org\/index.php\/produit\/statuette-chien\/\"]}]},{\"@type\":\"BreadcrumbList\",\"@id\":\"https:\/\/le-grenier.org\/index.php\/produit\/statuette-chien\/#breadcrumb\",\"itemListElement\":[{\"@type\":\"ListItem\",\"position\":1,\"name\":\"Accueil\",\"item\":\"https:\/\/le-grenier.org\/\"},{\"@type\":\"ListItem\",\"position\":2,\"name\":\"Boutique en ligne\",\"item\":\"https:\/\/le-grenier.org\/\"},{\"@type\":\"ListItem\",\"position\":3,\"name\":\"Statuette chien\"}]}]}<\/script>\n<!-- \/ Yoast SEO plugin. -->","yoast_head_json":{"title":"Statuette chien - Le Grenier - brocante et am\u00e9nagement","robots":{"index":"index","follow":"follow","max-snippet":"max-snippet:-1","max-image-preview":"max-image-preview:large","max-video-preview":"max-video-preview:-1"},"canonical":"https:\/\/le-grenier.org\/index.php\/produit\/statuette-chien\/","og_locale":"fr_FR","og_type":"article","og_title":"Statuette chien - Le Grenier - brocante et am\u00e9nagement","og_description":"Chien en c\u00e9ramique, 1989 Dimensions : \u2022 Hauteur : 23 cm \u2022 Base : 10 \u00d7 15 cm Tr\u00e8s bon&hellip;","og_url":"https:\/\/le-grenier.org\/index.php\/produit\/statuette-chien\/","og_site_name":"Le Grenier - brocante et am\u00e9nagement","article_modified_time":"2025-12-02T20:42:29+00:00","twitter_card":"summary_large_image","schema":{"@context":"https:\/\/schema.org","@graph":[{"@type":"WebSite","@id":"https:\/\/le-grenier.org\/#website","url":"https:\/\/le-grenier.org\/","name":"Le Grenier - brocante et am\u00e9nagement","description":"","potentialAction":[{"@type":"SearchAction","target":{"@type":"EntryPoint","urlTemplate":"https:\/\/le-grenier.org\/?s={search_term_string}"},"query-input":"required name=search_term_string"}],"inLanguage":"fr-FR"},{"@type":"ImageObject","@id":"https:\/\/le-grenier.org\/index.php\/produit\/statuette-chien\/#primaryimage","inLanguage":"fr-FR","url":"https:\/\/le-grenier.org\/wp-content\/uploads\/2025\/12\/img_3439.jpeg","contentUrl":"https:\/\/le-grenier.org\/wp-content\/uploads\/2025\/12\/img_3439.jpeg","width":1170,"height":1450,"caption":"Screenshot"},{"@type":"WebPage","@id":"https:\/\/le-grenier.org\/index.php\/produit\/statuette-chien\/#webpage","url":"https:\/\/le-grenier.org\/index.php\/produit\/statuette-chien\/","name":"Statuette chien - Le Grenier - brocante et am\u00e9nagement","isPartOf":{"@id":"https:\/\/le-grenier.org\/#website"},"primaryImageOfPage":{"@id":"https:\/\/le-grenier.org\/index.php\/produit\/statuette-chien\/#primaryimage"},"datePublished":"2025-12-02T20:39:26+00:00","dateModified":"2025-12-02T20:42:29+00:00","breadcrumb":{"@id":"https:\/\/le-grenier.org\/index.php\/produit\/statuette-chien\/#breadcrumb"},"inLanguage":"fr-FR","potentialAction":[{"@type":"ReadAction","target":["https:\/\/le-grenier.org\/index.php\/produit\/statuette-chien\/"]}]},{"@type":"BreadcrumbList","@id":"https:\/\/le-grenier.org\/index.php\/produit\/statuette-chien\/#breadcrumb","itemListElement":[{"@type":"ListItem","position":1,"name":"Accueil","item":"https:\/\/le-grenier.org\/"},{"@type":"ListItem","position":2,"name":"Boutique en ligne","item":"https:\/\/le-grenier.org\/"},{"@type":"ListItem","position":3,"name":"Statuette chien"}]}]}},"_links":{"self":[{"href":"https:\/\/le-grenier.org\/index.php\/wp-json\/wp\/v2\/product\/58947"}],"collection":[{"href":"https:\/\/le-grenier.org\/index.php\/wp-json\/wp\/v2\/product"}],"about":[{"href":"https:\/\/le-grenier.org\/index.php\/wp-json\/wp\/v2\/types\/product"}],"wp:featuredmedia":[{"embeddable":true,"href":"https:\/\/le-grenier.org\/index.php\/wp-json\/wp\/v2\/media\/58948"}],"wp:attachment":[{"href":"https:\/\/le-grenier.org\/index.php\/wp-json\/wp\/v2\/media?parent=58947"}],"wp:term":[{"taxonomy":"product_cat","embeddable":true,"href":"https:\/\/le-grenier.org\/index.php\/wp-json\/wp\/v2\/product_cat?post=58947"},{"taxonomy":"product_tag","embeddable":true,"href":"https:\/\/le-grenier.org\/index.php\/wp-json\/wp\/v2\/product_tag?post=58947"}],"curies":[{"name":"wp","href":"https:\/\/api.w.org\/{rel}","templated":true}]}}