{"id":59015,"date":"2025-12-10T16:55:56","date_gmt":"2025-12-10T15:55:56","guid":{"rendered":"https:\/\/le-grenier.org\/index.php\/produit\/table-de-bistrot-8\/"},"modified":"2025-12-13T16:00:14","modified_gmt":"2025-12-13T15:00:14","slug":"table-de-bistrot-8","status":"publish","type":"product","link":"https:\/\/le-grenier.org\/index.php\/produit\/table-de-bistrot-8\/","title":{"rendered":"Table de bistrot"},"content":{"rendered":"<p>Charmante table de bistrot au style Art D\u00e9co, compos\u00e9e d\u2019un pied en fonte patin\u00e9 lui donnant un caract\u00e8re authentique, et d\u2019un plateau en r\u00e9sine blanche effet marbre cercle de v\u00e9ritable laiton dor\u00e9.<\/p>\n<p>Une pi\u00e8ce pleine de charme, id\u00e9ale pour apporter une touche r\u00e9tro \u00e0 votre int\u00e9rieur, votre cuisine ou un coin caf\u00e9.<\/p>\n<p>\u2022 Hauteur : 75 cm<\/p>\n<p>\u2022 Diam\u00e8tre : 49cm<\/p>\n<p>\u00c0 noter : quelques petites rayures sur le plateau<\/p>\n","protected":false},"excerpt":{"rendered":"<p>Charmante table de bistrot au style Art D\u00e9co, compos\u00e9e d\u2019un pied en fonte patin\u00e9 lui donnant un caract\u00e8re authentique, et&hellip;<\/p>\n","protected":false},"featured_media":59047,"template":"","meta":{"ngg_post_thumbnail":0},"product_cat":[56,29],"product_tag":[],"yoast_head":"<!-- This site is optimized with the Yoast SEO plugin v17.9 - https:\/\/yoast.com\/wordpress\/plugins\/seo\/ -->\n<title>Table de bistrot - Le Grenier - brocante et am\u00e9nagement<\/title>\n<meta name=\"robots\" content=\"index, follow, max-snippet:-1, max-image-preview:large, max-video-preview:-1\" \/>\n<link rel=\"canonical\" href=\"https:\/\/le-grenier.org\/index.php\/produit\/table-de-bistrot-8\/\" \/>\n<meta property=\"og:locale\" content=\"fr_FR\" \/>\n<meta property=\"og:type\" content=\"article\" \/>\n<meta property=\"og:title\" content=\"Table de bistrot - Le Grenier - brocante et am\u00e9nagement\" \/>\n<meta property=\"og:description\" content=\"Charmante table de bistrot au style Art D\u00e9co, compos\u00e9e d\u2019un pied en fonte patin\u00e9 lui donnant un caract\u00e8re authentique, et&hellip;\" \/>\n<meta property=\"og:url\" content=\"https:\/\/le-grenier.org\/index.php\/produit\/table-de-bistrot-8\/\" \/>\n<meta property=\"og:site_name\" content=\"Le Grenier - brocante et am\u00e9nagement\" \/>\n<meta property=\"article:modified_time\" content=\"2025-12-13T15:00:14+00:00\" \/>\n<meta name=\"twitter:card\" content=\"summary_large_image\" \/>\n<script type=\"application\/ld+json\" class=\"yoast-schema-graph\">{\"@context\":\"https:\/\/schema.org\",\"@graph\":[{\"@type\":\"WebSite\",\"@id\":\"https:\/\/le-grenier.org\/#website\",\"url\":\"https:\/\/le-grenier.org\/\",\"name\":\"Le Grenier - brocante et am\\u00e9nagement\",\"description\":\"\",\"potentialAction\":[{\"@type\":\"SearchAction\",\"target\":{\"@type\":\"EntryPoint\",\"urlTemplate\":\"https:\/\/le-grenier.org\/?s={search_term_string}\"},\"query-input\":\"required name=search_term_string\"}],\"inLanguage\":\"fr-FR\"},{\"@type\":\"ImageObject\",\"@id\":\"https:\/\/le-grenier.org\/index.php\/produit\/table-de-bistrot-8\/#primaryimage\",\"inLanguage\":\"fr-FR\",\"url\":\"https:\/\/le-grenier.org\/wp-content\/uploads\/2025\/12\/img_3569.jpeg\",\"contentUrl\":\"https:\/\/le-grenier.org\/wp-content\/uploads\/2025\/12\/img_3569.jpeg\",\"width\":1170,\"height\":1576,\"caption\":\"Screenshot\"},{\"@type\":\"WebPage\",\"@id\":\"https:\/\/le-grenier.org\/index.php\/produit\/table-de-bistrot-8\/#webpage\",\"url\":\"https:\/\/le-grenier.org\/index.php\/produit\/table-de-bistrot-8\/\",\"name\":\"Table de bistrot - Le Grenier - brocante et am\\u00e9nagement\",\"isPartOf\":{\"@id\":\"https:\/\/le-grenier.org\/#website\"},\"primaryImageOfPage\":{\"@id\":\"https:\/\/le-grenier.org\/index.php\/produit\/table-de-bistrot-8\/#primaryimage\"},\"datePublished\":\"2025-12-10T15:55:56+00:00\",\"dateModified\":\"2025-12-13T15:00:14+00:00\",\"breadcrumb\":{\"@id\":\"https:\/\/le-grenier.org\/index.php\/produit\/table-de-bistrot-8\/#breadcrumb\"},\"inLanguage\":\"fr-FR\",\"potentialAction\":[{\"@type\":\"ReadAction\",\"target\":[\"https:\/\/le-grenier.org\/index.php\/produit\/table-de-bistrot-8\/\"]}]},{\"@type\":\"BreadcrumbList\",\"@id\":\"https:\/\/le-grenier.org\/index.php\/produit\/table-de-bistrot-8\/#breadcrumb\",\"itemListElement\":[{\"@type\":\"ListItem\",\"position\":1,\"name\":\"Accueil\",\"item\":\"https:\/\/le-grenier.org\/\"},{\"@type\":\"ListItem\",\"position\":2,\"name\":\"Boutique en ligne\",\"item\":\"https:\/\/le-grenier.org\/\"},{\"@type\":\"ListItem\",\"position\":3,\"name\":\"Table de bistrot\"}]}]}<\/script>\n<!-- \/ Yoast SEO plugin. -->","yoast_head_json":{"title":"Table de bistrot - Le Grenier - brocante et am\u00e9nagement","robots":{"index":"index","follow":"follow","max-snippet":"max-snippet:-1","max-image-preview":"max-image-preview:large","max-video-preview":"max-video-preview:-1"},"canonical":"https:\/\/le-grenier.org\/index.php\/produit\/table-de-bistrot-8\/","og_locale":"fr_FR","og_type":"article","og_title":"Table de bistrot - Le Grenier - brocante et am\u00e9nagement","og_description":"Charmante table de bistrot au style Art D\u00e9co, compos\u00e9e d\u2019un pied en fonte patin\u00e9 lui donnant un caract\u00e8re authentique, et&hellip;","og_url":"https:\/\/le-grenier.org\/index.php\/produit\/table-de-bistrot-8\/","og_site_name":"Le Grenier - brocante et am\u00e9nagement","article_modified_time":"2025-12-13T15:00:14+00:00","twitter_card":"summary_large_image","schema":{"@context":"https:\/\/schema.org","@graph":[{"@type":"WebSite","@id":"https:\/\/le-grenier.org\/#website","url":"https:\/\/le-grenier.org\/","name":"Le Grenier - brocante et am\u00e9nagement","description":"","potentialAction":[{"@type":"SearchAction","target":{"@type":"EntryPoint","urlTemplate":"https:\/\/le-grenier.org\/?s={search_term_string}"},"query-input":"required name=search_term_string"}],"inLanguage":"fr-FR"},{"@type":"ImageObject","@id":"https:\/\/le-grenier.org\/index.php\/produit\/table-de-bistrot-8\/#primaryimage","inLanguage":"fr-FR","url":"https:\/\/le-grenier.org\/wp-content\/uploads\/2025\/12\/img_3569.jpeg","contentUrl":"https:\/\/le-grenier.org\/wp-content\/uploads\/2025\/12\/img_3569.jpeg","width":1170,"height":1576,"caption":"Screenshot"},{"@type":"WebPage","@id":"https:\/\/le-grenier.org\/index.php\/produit\/table-de-bistrot-8\/#webpage","url":"https:\/\/le-grenier.org\/index.php\/produit\/table-de-bistrot-8\/","name":"Table de bistrot - Le Grenier - brocante et am\u00e9nagement","isPartOf":{"@id":"https:\/\/le-grenier.org\/#website"},"primaryImageOfPage":{"@id":"https:\/\/le-grenier.org\/index.php\/produit\/table-de-bistrot-8\/#primaryimage"},"datePublished":"2025-12-10T15:55:56+00:00","dateModified":"2025-12-13T15:00:14+00:00","breadcrumb":{"@id":"https:\/\/le-grenier.org\/index.php\/produit\/table-de-bistrot-8\/#breadcrumb"},"inLanguage":"fr-FR","potentialAction":[{"@type":"ReadAction","target":["https:\/\/le-grenier.org\/index.php\/produit\/table-de-bistrot-8\/"]}]},{"@type":"BreadcrumbList","@id":"https:\/\/le-grenier.org\/index.php\/produit\/table-de-bistrot-8\/#breadcrumb","itemListElement":[{"@type":"ListItem","position":1,"name":"Accueil","item":"https:\/\/le-grenier.org\/"},{"@type":"ListItem","position":2,"name":"Boutique en ligne","item":"https:\/\/le-grenier.org\/"},{"@type":"ListItem","position":3,"name":"Table de bistrot"}]}]}},"_links":{"self":[{"href":"https:\/\/le-grenier.org\/index.php\/wp-json\/wp\/v2\/product\/59015"}],"collection":[{"href":"https:\/\/le-grenier.org\/index.php\/wp-json\/wp\/v2\/product"}],"about":[{"href":"https:\/\/le-grenier.org\/index.php\/wp-json\/wp\/v2\/types\/product"}],"wp:featuredmedia":[{"embeddable":true,"href":"https:\/\/le-grenier.org\/index.php\/wp-json\/wp\/v2\/media\/59047"}],"wp:attachment":[{"href":"https:\/\/le-grenier.org\/index.php\/wp-json\/wp\/v2\/media?parent=59015"}],"wp:term":[{"taxonomy":"product_cat","embeddable":true,"href":"https:\/\/le-grenier.org\/index.php\/wp-json\/wp\/v2\/product_cat?post=59015"},{"taxonomy":"product_tag","embeddable":true,"href":"https:\/\/le-grenier.org\/index.php\/wp-json\/wp\/v2\/product_tag?post=59015"}],"curies":[{"name":"wp","href":"https:\/\/api.w.org\/{rel}","templated":true}]}}