{"id":59056,"date":"2025-12-14T15:22:19","date_gmt":"2025-12-14T14:22:19","guid":{"rendered":"https:\/\/le-grenier.org\/index.php\/produit\/boite-a-cookies\/"},"modified":"2026-01-13T11:00:45","modified_gmt":"2026-01-13T10:00:45","slug":"boite-a-cookies","status":"publish","type":"product","link":"https:\/\/le-grenier.org\/index.php\/produit\/boite-a-cookies\/","title":{"rendered":"Bo\u00eete \u00e0 cookies"},"content":{"rendered":"<p>\ud83d\udc04 Bo\u00eete \u00e0 cookies en c\u00e9ramique \u2013 Vache<\/p>\n<p>Marque : Dpt56<\/p>\n<p>Apportez une touche de charme r\u00e9tro \u00e0 votre cuisine avec cette adorable bo\u00eete \u00e0 cookies en forme de vache, en c\u00e9ramique \u00e9maill\u00e9e.<\/p>\n<p>\ud83d\udccf Dimensions :<\/p>\n<p>\u2022 Hauteur : 21 cm<\/p>\n<p>\u2022 Largeur : 15 cm<\/p>\n<p>\u2022 Longueur (anse comprise) : 26 cm<\/p>\n<p>\u2728 \u00c9tat : Tr\u00e8s bon \u00e9tat g\u00e9n\u00e9ral. \u00c0 noter : deux minuscules \u00e9clats sur le couvercle, quasiment imperceptibles et n\u2019alt\u00e9rant ni l\u2019esth\u00e9tique ni l\u2019usage.<\/p>\n<p>\ud83d\udce6 Envoi rapide et soign\u00e9<\/p>\n<p>\ud83c\udf81 Une jolie id\u00e9e cadeau pour les amateurs de d\u00e9coration vintage et d\u2019objets de caract\u00e8re.<\/p>\n","protected":false},"excerpt":{"rendered":"<p>\ud83d\udc04 Bo\u00eete \u00e0 cookies en c\u00e9ramique \u2013 Vache Marque : Dpt56 Apportez une touche de charme r\u00e9tro \u00e0 votre cuisine&hellip;<\/p>\n","protected":false},"featured_media":59057,"template":"","meta":{"ngg_post_thumbnail":0},"product_cat":[38,61,40,35],"product_tag":[],"yoast_head":"<!-- This site is optimized with the Yoast SEO plugin v17.9 - https:\/\/yoast.com\/wordpress\/plugins\/seo\/ -->\n<title>Bo\u00eete \u00e0 cookies - Le Grenier - brocante et am\u00e9nagement<\/title>\n<meta name=\"robots\" content=\"index, follow, max-snippet:-1, max-image-preview:large, max-video-preview:-1\" \/>\n<link rel=\"canonical\" href=\"https:\/\/le-grenier.org\/index.php\/produit\/boite-a-cookies\/\" \/>\n<meta property=\"og:locale\" content=\"fr_FR\" \/>\n<meta property=\"og:type\" content=\"article\" \/>\n<meta property=\"og:title\" content=\"Bo\u00eete \u00e0 cookies - Le Grenier - brocante et am\u00e9nagement\" \/>\n<meta property=\"og:description\" content=\"\ud83d\udc04 Bo\u00eete \u00e0 cookies en c\u00e9ramique \u2013 Vache Marque : Dpt56 Apportez une touche de charme r\u00e9tro \u00e0 votre cuisine&hellip;\" \/>\n<meta property=\"og:url\" content=\"https:\/\/le-grenier.org\/index.php\/produit\/boite-a-cookies\/\" \/>\n<meta property=\"og:site_name\" content=\"Le Grenier - brocante et am\u00e9nagement\" \/>\n<meta property=\"article:modified_time\" content=\"2026-01-13T10:00:45+00:00\" \/>\n<meta name=\"twitter:card\" content=\"summary_large_image\" \/>\n<script type=\"application\/ld+json\" class=\"yoast-schema-graph\">{\"@context\":\"https:\/\/schema.org\",\"@graph\":[{\"@type\":\"WebSite\",\"@id\":\"https:\/\/le-grenier.org\/#website\",\"url\":\"https:\/\/le-grenier.org\/\",\"name\":\"Le Grenier - brocante et am\\u00e9nagement\",\"description\":\"\",\"potentialAction\":[{\"@type\":\"SearchAction\",\"target\":{\"@type\":\"EntryPoint\",\"urlTemplate\":\"https:\/\/le-grenier.org\/?s={search_term_string}\"},\"query-input\":\"required name=search_term_string\"}],\"inLanguage\":\"fr-FR\"},{\"@type\":\"ImageObject\",\"@id\":\"https:\/\/le-grenier.org\/index.php\/produit\/boite-a-cookies\/#primaryimage\",\"inLanguage\":\"fr-FR\",\"url\":\"https:\/\/le-grenier.org\/wp-content\/uploads\/2025\/12\/img_3581.jpeg\",\"contentUrl\":\"https:\/\/le-grenier.org\/wp-content\/uploads\/2025\/12\/img_3581.jpeg\",\"width\":1170,\"height\":1725,\"caption\":\"Screenshot\"},{\"@type\":\"WebPage\",\"@id\":\"https:\/\/le-grenier.org\/index.php\/produit\/boite-a-cookies\/#webpage\",\"url\":\"https:\/\/le-grenier.org\/index.php\/produit\/boite-a-cookies\/\",\"name\":\"Bo\\u00eete \\u00e0 cookies - Le Grenier - brocante et am\\u00e9nagement\",\"isPartOf\":{\"@id\":\"https:\/\/le-grenier.org\/#website\"},\"primaryImageOfPage\":{\"@id\":\"https:\/\/le-grenier.org\/index.php\/produit\/boite-a-cookies\/#primaryimage\"},\"datePublished\":\"2025-12-14T14:22:19+00:00\",\"dateModified\":\"2026-01-13T10:00:45+00:00\",\"breadcrumb\":{\"@id\":\"https:\/\/le-grenier.org\/index.php\/produit\/boite-a-cookies\/#breadcrumb\"},\"inLanguage\":\"fr-FR\",\"potentialAction\":[{\"@type\":\"ReadAction\",\"target\":[\"https:\/\/le-grenier.org\/index.php\/produit\/boite-a-cookies\/\"]}]},{\"@type\":\"BreadcrumbList\",\"@id\":\"https:\/\/le-grenier.org\/index.php\/produit\/boite-a-cookies\/#breadcrumb\",\"itemListElement\":[{\"@type\":\"ListItem\",\"position\":1,\"name\":\"Accueil\",\"item\":\"https:\/\/le-grenier.org\/\"},{\"@type\":\"ListItem\",\"position\":2,\"name\":\"Boutique en ligne\",\"item\":\"https:\/\/le-grenier.org\/\"},{\"@type\":\"ListItem\",\"position\":3,\"name\":\"Bo\\u00eete \\u00e0 cookies\"}]}]}<\/script>\n<!-- \/ Yoast SEO plugin. -->","yoast_head_json":{"title":"Bo\u00eete \u00e0 cookies - Le Grenier - brocante et am\u00e9nagement","robots":{"index":"index","follow":"follow","max-snippet":"max-snippet:-1","max-image-preview":"max-image-preview:large","max-video-preview":"max-video-preview:-1"},"canonical":"https:\/\/le-grenier.org\/index.php\/produit\/boite-a-cookies\/","og_locale":"fr_FR","og_type":"article","og_title":"Bo\u00eete \u00e0 cookies - Le Grenier - brocante et am\u00e9nagement","og_description":"\ud83d\udc04 Bo\u00eete \u00e0 cookies en c\u00e9ramique \u2013 Vache Marque : Dpt56 Apportez une touche de charme r\u00e9tro \u00e0 votre cuisine&hellip;","og_url":"https:\/\/le-grenier.org\/index.php\/produit\/boite-a-cookies\/","og_site_name":"Le Grenier - brocante et am\u00e9nagement","article_modified_time":"2026-01-13T10:00:45+00:00","twitter_card":"summary_large_image","schema":{"@context":"https:\/\/schema.org","@graph":[{"@type":"WebSite","@id":"https:\/\/le-grenier.org\/#website","url":"https:\/\/le-grenier.org\/","name":"Le Grenier - brocante et am\u00e9nagement","description":"","potentialAction":[{"@type":"SearchAction","target":{"@type":"EntryPoint","urlTemplate":"https:\/\/le-grenier.org\/?s={search_term_string}"},"query-input":"required name=search_term_string"}],"inLanguage":"fr-FR"},{"@type":"ImageObject","@id":"https:\/\/le-grenier.org\/index.php\/produit\/boite-a-cookies\/#primaryimage","inLanguage":"fr-FR","url":"https:\/\/le-grenier.org\/wp-content\/uploads\/2025\/12\/img_3581.jpeg","contentUrl":"https:\/\/le-grenier.org\/wp-content\/uploads\/2025\/12\/img_3581.jpeg","width":1170,"height":1725,"caption":"Screenshot"},{"@type":"WebPage","@id":"https:\/\/le-grenier.org\/index.php\/produit\/boite-a-cookies\/#webpage","url":"https:\/\/le-grenier.org\/index.php\/produit\/boite-a-cookies\/","name":"Bo\u00eete \u00e0 cookies - Le Grenier - brocante et am\u00e9nagement","isPartOf":{"@id":"https:\/\/le-grenier.org\/#website"},"primaryImageOfPage":{"@id":"https:\/\/le-grenier.org\/index.php\/produit\/boite-a-cookies\/#primaryimage"},"datePublished":"2025-12-14T14:22:19+00:00","dateModified":"2026-01-13T10:00:45+00:00","breadcrumb":{"@id":"https:\/\/le-grenier.org\/index.php\/produit\/boite-a-cookies\/#breadcrumb"},"inLanguage":"fr-FR","potentialAction":[{"@type":"ReadAction","target":["https:\/\/le-grenier.org\/index.php\/produit\/boite-a-cookies\/"]}]},{"@type":"BreadcrumbList","@id":"https:\/\/le-grenier.org\/index.php\/produit\/boite-a-cookies\/#breadcrumb","itemListElement":[{"@type":"ListItem","position":1,"name":"Accueil","item":"https:\/\/le-grenier.org\/"},{"@type":"ListItem","position":2,"name":"Boutique en ligne","item":"https:\/\/le-grenier.org\/"},{"@type":"ListItem","position":3,"name":"Bo\u00eete \u00e0 cookies"}]}]}},"_links":{"self":[{"href":"https:\/\/le-grenier.org\/index.php\/wp-json\/wp\/v2\/product\/59056"}],"collection":[{"href":"https:\/\/le-grenier.org\/index.php\/wp-json\/wp\/v2\/product"}],"about":[{"href":"https:\/\/le-grenier.org\/index.php\/wp-json\/wp\/v2\/types\/product"}],"wp:featuredmedia":[{"embeddable":true,"href":"https:\/\/le-grenier.org\/index.php\/wp-json\/wp\/v2\/media\/59057"}],"wp:attachment":[{"href":"https:\/\/le-grenier.org\/index.php\/wp-json\/wp\/v2\/media?parent=59056"}],"wp:term":[{"taxonomy":"product_cat","embeddable":true,"href":"https:\/\/le-grenier.org\/index.php\/wp-json\/wp\/v2\/product_cat?post=59056"},{"taxonomy":"product_tag","embeddable":true,"href":"https:\/\/le-grenier.org\/index.php\/wp-json\/wp\/v2\/product_tag?post=59056"}],"curies":[{"name":"wp","href":"https:\/\/api.w.org\/{rel}","templated":true}]}}