{"id":59229,"date":"2026-01-16T10:47:04","date_gmt":"2026-01-16T09:47:04","guid":{"rendered":"https:\/\/le-grenier.org\/index.php\/produit\/chaise-datelier\/"},"modified":"2026-01-16T10:50:12","modified_gmt":"2026-01-16T09:50:12","slug":"chaise-datelier","status":"publish","type":"product","link":"https:\/\/le-grenier.org\/index.php\/produit\/chaise-datelier\/","title":{"rendered":"Chaise d\u2019atelier"},"content":{"rendered":"<p>Chaise d\u2019atelier vintage style Pullman \u2013 ann\u00e9es 1950<\/p>\n<p>Authentique chaise d\u2019atelier pivotante de style Pullman datant des ann\u00e9es 50, en m\u00e9tal et Ska\u00ef vert sapin, avec une belle patine d\u2019origine.<\/p>\n<p>\u2714\ufe0f Patins neufs<\/p>\n<p>\u2714\ufe0f Assise confortable et stable<\/p>\n<p>\u2714\ufe0f Quelques traces du temps, conformes \u00e0 son \u00e2ge (voir photos), qui participent \u00e0 son charme vintage<\/p>\n<p>Parfaite autour d\u2019une table, dans un bureau, une cuisine ou en chaise d\u2019appoint pour une d\u00e9co industrielle ou r\u00e9tro.<\/p>\n<p>Dimensions :<\/p>\n<p>\u2022 Largeur : 38 cm<\/p>\n<p>\u2022 Profondeur : 48 cm<\/p>\n<p>\u2022 Hauteur d\u2019assise : 46 cm<\/p>\n<p>\u2022 Hauteur totale : 83 cm<\/p>\n","protected":false},"excerpt":{"rendered":"<p>Chaise d\u2019atelier vintage style Pullman \u2013 ann\u00e9es 1950 Authentique chaise d\u2019atelier pivotante de style Pullman datant des ann\u00e9es 50, en&hellip;<\/p>\n","protected":false},"featured_media":59230,"template":"","meta":{"ngg_post_thumbnail":0},"product_cat":[39,24],"product_tag":[],"yoast_head":"<!-- This site is optimized with the Yoast SEO plugin v17.9 - https:\/\/yoast.com\/wordpress\/plugins\/seo\/ -->\n<title>Chaise d\u2019atelier - Le Grenier - brocante et am\u00e9nagement<\/title>\n<meta name=\"robots\" content=\"index, follow, max-snippet:-1, max-image-preview:large, max-video-preview:-1\" \/>\n<link rel=\"canonical\" href=\"https:\/\/le-grenier.org\/index.php\/produit\/chaise-datelier\/\" \/>\n<meta property=\"og:locale\" content=\"fr_FR\" \/>\n<meta property=\"og:type\" content=\"article\" \/>\n<meta property=\"og:title\" content=\"Chaise d\u2019atelier - Le Grenier - brocante et am\u00e9nagement\" \/>\n<meta property=\"og:description\" content=\"Chaise d\u2019atelier vintage style Pullman \u2013 ann\u00e9es 1950 Authentique chaise d\u2019atelier pivotante de style Pullman datant des ann\u00e9es 50, en&hellip;\" \/>\n<meta property=\"og:url\" content=\"https:\/\/le-grenier.org\/index.php\/produit\/chaise-datelier\/\" \/>\n<meta property=\"og:site_name\" content=\"Le Grenier - brocante et am\u00e9nagement\" \/>\n<meta property=\"article:modified_time\" content=\"2026-01-16T09:50:12+00:00\" \/>\n<meta name=\"twitter:card\" content=\"summary_large_image\" \/>\n<script type=\"application\/ld+json\" class=\"yoast-schema-graph\">{\"@context\":\"https:\/\/schema.org\",\"@graph\":[{\"@type\":\"WebSite\",\"@id\":\"https:\/\/le-grenier.org\/#website\",\"url\":\"https:\/\/le-grenier.org\/\",\"name\":\"Le Grenier - brocante et am\\u00e9nagement\",\"description\":\"\",\"potentialAction\":[{\"@type\":\"SearchAction\",\"target\":{\"@type\":\"EntryPoint\",\"urlTemplate\":\"https:\/\/le-grenier.org\/?s={search_term_string}\"},\"query-input\":\"required name=search_term_string\"}],\"inLanguage\":\"fr-FR\"},{\"@type\":\"ImageObject\",\"@id\":\"https:\/\/le-grenier.org\/index.php\/produit\/chaise-datelier\/#primaryimage\",\"inLanguage\":\"fr-FR\",\"url\":\"https:\/\/le-grenier.org\/wp-content\/uploads\/2026\/01\/img_3934.jpeg\",\"contentUrl\":\"https:\/\/le-grenier.org\/wp-content\/uploads\/2026\/01\/img_3934.jpeg\",\"width\":1170,\"height\":1362,\"caption\":\"Screenshot\"},{\"@type\":\"WebPage\",\"@id\":\"https:\/\/le-grenier.org\/index.php\/produit\/chaise-datelier\/#webpage\",\"url\":\"https:\/\/le-grenier.org\/index.php\/produit\/chaise-datelier\/\",\"name\":\"Chaise d\\u2019atelier - Le Grenier - brocante et am\\u00e9nagement\",\"isPartOf\":{\"@id\":\"https:\/\/le-grenier.org\/#website\"},\"primaryImageOfPage\":{\"@id\":\"https:\/\/le-grenier.org\/index.php\/produit\/chaise-datelier\/#primaryimage\"},\"datePublished\":\"2026-01-16T09:47:04+00:00\",\"dateModified\":\"2026-01-16T09:50:12+00:00\",\"breadcrumb\":{\"@id\":\"https:\/\/le-grenier.org\/index.php\/produit\/chaise-datelier\/#breadcrumb\"},\"inLanguage\":\"fr-FR\",\"potentialAction\":[{\"@type\":\"ReadAction\",\"target\":[\"https:\/\/le-grenier.org\/index.php\/produit\/chaise-datelier\/\"]}]},{\"@type\":\"BreadcrumbList\",\"@id\":\"https:\/\/le-grenier.org\/index.php\/produit\/chaise-datelier\/#breadcrumb\",\"itemListElement\":[{\"@type\":\"ListItem\",\"position\":1,\"name\":\"Accueil\",\"item\":\"https:\/\/le-grenier.org\/\"},{\"@type\":\"ListItem\",\"position\":2,\"name\":\"Boutique en ligne\",\"item\":\"https:\/\/le-grenier.org\/\"},{\"@type\":\"ListItem\",\"position\":3,\"name\":\"Chaise d\\u2019atelier\"}]}]}<\/script>\n<!-- \/ Yoast SEO plugin. -->","yoast_head_json":{"title":"Chaise d\u2019atelier - Le Grenier - brocante et am\u00e9nagement","robots":{"index":"index","follow":"follow","max-snippet":"max-snippet:-1","max-image-preview":"max-image-preview:large","max-video-preview":"max-video-preview:-1"},"canonical":"https:\/\/le-grenier.org\/index.php\/produit\/chaise-datelier\/","og_locale":"fr_FR","og_type":"article","og_title":"Chaise d\u2019atelier - Le Grenier - brocante et am\u00e9nagement","og_description":"Chaise d\u2019atelier vintage style Pullman \u2013 ann\u00e9es 1950 Authentique chaise d\u2019atelier pivotante de style Pullman datant des ann\u00e9es 50, en&hellip;","og_url":"https:\/\/le-grenier.org\/index.php\/produit\/chaise-datelier\/","og_site_name":"Le Grenier - brocante et am\u00e9nagement","article_modified_time":"2026-01-16T09:50:12+00:00","twitter_card":"summary_large_image","schema":{"@context":"https:\/\/schema.org","@graph":[{"@type":"WebSite","@id":"https:\/\/le-grenier.org\/#website","url":"https:\/\/le-grenier.org\/","name":"Le Grenier - brocante et am\u00e9nagement","description":"","potentialAction":[{"@type":"SearchAction","target":{"@type":"EntryPoint","urlTemplate":"https:\/\/le-grenier.org\/?s={search_term_string}"},"query-input":"required name=search_term_string"}],"inLanguage":"fr-FR"},{"@type":"ImageObject","@id":"https:\/\/le-grenier.org\/index.php\/produit\/chaise-datelier\/#primaryimage","inLanguage":"fr-FR","url":"https:\/\/le-grenier.org\/wp-content\/uploads\/2026\/01\/img_3934.jpeg","contentUrl":"https:\/\/le-grenier.org\/wp-content\/uploads\/2026\/01\/img_3934.jpeg","width":1170,"height":1362,"caption":"Screenshot"},{"@type":"WebPage","@id":"https:\/\/le-grenier.org\/index.php\/produit\/chaise-datelier\/#webpage","url":"https:\/\/le-grenier.org\/index.php\/produit\/chaise-datelier\/","name":"Chaise d\u2019atelier - Le Grenier - brocante et am\u00e9nagement","isPartOf":{"@id":"https:\/\/le-grenier.org\/#website"},"primaryImageOfPage":{"@id":"https:\/\/le-grenier.org\/index.php\/produit\/chaise-datelier\/#primaryimage"},"datePublished":"2026-01-16T09:47:04+00:00","dateModified":"2026-01-16T09:50:12+00:00","breadcrumb":{"@id":"https:\/\/le-grenier.org\/index.php\/produit\/chaise-datelier\/#breadcrumb"},"inLanguage":"fr-FR","potentialAction":[{"@type":"ReadAction","target":["https:\/\/le-grenier.org\/index.php\/produit\/chaise-datelier\/"]}]},{"@type":"BreadcrumbList","@id":"https:\/\/le-grenier.org\/index.php\/produit\/chaise-datelier\/#breadcrumb","itemListElement":[{"@type":"ListItem","position":1,"name":"Accueil","item":"https:\/\/le-grenier.org\/"},{"@type":"ListItem","position":2,"name":"Boutique en ligne","item":"https:\/\/le-grenier.org\/"},{"@type":"ListItem","position":3,"name":"Chaise d\u2019atelier"}]}]}},"_links":{"self":[{"href":"https:\/\/le-grenier.org\/index.php\/wp-json\/wp\/v2\/product\/59229"}],"collection":[{"href":"https:\/\/le-grenier.org\/index.php\/wp-json\/wp\/v2\/product"}],"about":[{"href":"https:\/\/le-grenier.org\/index.php\/wp-json\/wp\/v2\/types\/product"}],"wp:featuredmedia":[{"embeddable":true,"href":"https:\/\/le-grenier.org\/index.php\/wp-json\/wp\/v2\/media\/59230"}],"wp:attachment":[{"href":"https:\/\/le-grenier.org\/index.php\/wp-json\/wp\/v2\/media?parent=59229"}],"wp:term":[{"taxonomy":"product_cat","embeddable":true,"href":"https:\/\/le-grenier.org\/index.php\/wp-json\/wp\/v2\/product_cat?post=59229"},{"taxonomy":"product_tag","embeddable":true,"href":"https:\/\/le-grenier.org\/index.php\/wp-json\/wp\/v2\/product_tag?post=59229"}],"curies":[{"name":"wp","href":"https:\/\/api.w.org\/{rel}","templated":true}]}}