{"id":59365,"date":"2026-01-26T21:33:05","date_gmt":"2026-01-26T20:33:05","guid":{"rendered":"https:\/\/le-grenier.org\/index.php\/produit\/produit-10\/"},"modified":"2026-01-26T21:38:26","modified_gmt":"2026-01-26T20:38:26","slug":"produit-10","status":"publish","type":"product","link":"https:\/\/le-grenier.org\/index.php\/produit\/produit-10\/","title":{"rendered":"Desserte Louis Lucien Lepoix"},"content":{"rendered":"<p>\u2728 Desserte pliante vintage FRZ \u2013 Louis Lucien Lepoix \u2013 Allemagne \ud83c\udde9\ud83c\uddea \u2013 Ann\u00e9es 70\/80 \u2728<\/p>\n<p>\ud83d\udcd0 Dimensions :<\/p>\n<p>\u2022 Hauteur : 73 cm<\/p>\n<p>\u2022 Largeur : 63 cm<\/p>\n<p>\u2022 Profondeur : 40 cm<\/p>\n<p>\ud83d\udce6 Description :<\/p>\n<p>Rare desserte pliante design West Germany sign\u00e9e Louis Lucien Lepoix pour FRZ Metallwarenfabrik.<\/p>\n<p>Mod\u00e8le iconique des ann\u00e9es 1970\/80, fonctionnelle et pratique, parfaite comme chariot de service, meuble d\u2019appoint ou bar roulant dans un int\u00e9rieur vintage ou moderne.<\/p>\n<p>\ud83d\udd39 Deux plateaux m\u00e9talliques perfor\u00e9s \u2013 couleur marron et beige<\/p>\n<p>\ud83d\udd39 Roues fonctionnelles \u2013 se d\u00e9place et se replie facilement<\/p>\n<p>\ud83d\udd39 Design minimaliste et ing\u00e9nieux, tr\u00e8s peu encombrant une fois pli\u00e9<\/p>\n<p>\ud83d\udd39 Pi\u00e8ce int\u00e9ressante pour les amateurs de design r\u00e9tro \/ collectionneurs<\/p>\n<p>\ud83d\uddbc\ufe0f Cette desserte a fait partie des collections MoMA New York, ce qui en fait une pi\u00e8ce recherch\u00e9e par les passionn\u00e9s de design du XX\u1d49 si\u00e8cle \ud83c\udf0d.<\/p>\n<p>\ud83e\udd47 \u00c9tat : Tr\u00e8s bon \u00e9tat vintage \u2014 m\u00e9canique et roulettes op\u00e9rationnelles, patine naturelle.<\/p>\n","protected":false},"excerpt":{"rendered":"<p>\u2728 Desserte pliante vintage FRZ \u2013 Louis Lucien Lepoix \u2013 Allemagne \ud83c\udde9\ud83c\uddea \u2013 Ann\u00e9es 70\/80 \u2728 \ud83d\udcd0 Dimensions : \u2022&hellip;<\/p>\n","protected":false},"featured_media":59366,"template":"","meta":{"ngg_post_thumbnail":0},"product_cat":[60,53,29],"product_tag":[],"yoast_head":"<!-- This site is optimized with the Yoast SEO plugin v17.9 - https:\/\/yoast.com\/wordpress\/plugins\/seo\/ -->\n<title>Desserte Louis Lucien Lepoix - Le Grenier - brocante et am\u00e9nagement<\/title>\n<meta name=\"robots\" content=\"index, follow, max-snippet:-1, max-image-preview:large, max-video-preview:-1\" \/>\n<link rel=\"canonical\" href=\"https:\/\/le-grenier.org\/index.php\/produit\/produit-10\/\" \/>\n<meta property=\"og:locale\" content=\"fr_FR\" \/>\n<meta property=\"og:type\" content=\"article\" \/>\n<meta property=\"og:title\" content=\"Desserte Louis Lucien Lepoix - Le Grenier - brocante et am\u00e9nagement\" \/>\n<meta property=\"og:description\" content=\"\u2728 Desserte pliante vintage FRZ \u2013 Louis Lucien Lepoix \u2013 Allemagne \ud83c\udde9\ud83c\uddea \u2013 Ann\u00e9es 70\/80 \u2728 \ud83d\udcd0 Dimensions : \u2022&hellip;\" \/>\n<meta property=\"og:url\" content=\"https:\/\/le-grenier.org\/index.php\/produit\/produit-10\/\" \/>\n<meta property=\"og:site_name\" content=\"Le Grenier - brocante et am\u00e9nagement\" \/>\n<meta property=\"article:modified_time\" content=\"2026-01-26T20:38:26+00:00\" \/>\n<meta property=\"og:image\" content=\"https:\/\/le-grenier.org\/wp-content\/uploads\/2026\/01\/img_4108-2-scaled.jpeg\" \/>\n\t<meta property=\"og:image:width\" content=\"1920\" \/>\n\t<meta property=\"og:image:height\" content=\"2560\" \/>\n\t<meta property=\"og:image:type\" content=\"image\/jpeg\" \/>\n<meta name=\"twitter:card\" content=\"summary_large_image\" \/>\n<meta name=\"twitter:label1\" content=\"Dur\u00e9e de lecture estim\u00e9e\" \/>\n\t<meta name=\"twitter:data1\" content=\"1 minute\" \/>\n<script type=\"application\/ld+json\" class=\"yoast-schema-graph\">{\"@context\":\"https:\/\/schema.org\",\"@graph\":[{\"@type\":\"WebSite\",\"@id\":\"https:\/\/le-grenier.org\/#website\",\"url\":\"https:\/\/le-grenier.org\/\",\"name\":\"Le Grenier - brocante et am\\u00e9nagement\",\"description\":\"\",\"potentialAction\":[{\"@type\":\"SearchAction\",\"target\":{\"@type\":\"EntryPoint\",\"urlTemplate\":\"https:\/\/le-grenier.org\/?s={search_term_string}\"},\"query-input\":\"required name=search_term_string\"}],\"inLanguage\":\"fr-FR\"},{\"@type\":\"ImageObject\",\"@id\":\"https:\/\/le-grenier.org\/index.php\/produit\/produit-10\/#primaryimage\",\"inLanguage\":\"fr-FR\",\"url\":\"https:\/\/le-grenier.org\/wp-content\/uploads\/2026\/01\/img_4122.jpeg\",\"contentUrl\":\"https:\/\/le-grenier.org\/wp-content\/uploads\/2026\/01\/img_4122.jpeg\",\"width\":1170,\"height\":1661,\"caption\":\"Screenshot\"},{\"@type\":\"WebPage\",\"@id\":\"https:\/\/le-grenier.org\/index.php\/produit\/produit-10\/#webpage\",\"url\":\"https:\/\/le-grenier.org\/index.php\/produit\/produit-10\/\",\"name\":\"Desserte Louis Lucien Lepoix - Le Grenier - brocante et am\\u00e9nagement\",\"isPartOf\":{\"@id\":\"https:\/\/le-grenier.org\/#website\"},\"primaryImageOfPage\":{\"@id\":\"https:\/\/le-grenier.org\/index.php\/produit\/produit-10\/#primaryimage\"},\"datePublished\":\"2026-01-26T20:33:05+00:00\",\"dateModified\":\"2026-01-26T20:38:26+00:00\",\"breadcrumb\":{\"@id\":\"https:\/\/le-grenier.org\/index.php\/produit\/produit-10\/#breadcrumb\"},\"inLanguage\":\"fr-FR\",\"potentialAction\":[{\"@type\":\"ReadAction\",\"target\":[\"https:\/\/le-grenier.org\/index.php\/produit\/produit-10\/\"]}]},{\"@type\":\"BreadcrumbList\",\"@id\":\"https:\/\/le-grenier.org\/index.php\/produit\/produit-10\/#breadcrumb\",\"itemListElement\":[{\"@type\":\"ListItem\",\"position\":1,\"name\":\"Accueil\",\"item\":\"https:\/\/le-grenier.org\/\"},{\"@type\":\"ListItem\",\"position\":2,\"name\":\"Boutique en ligne\",\"item\":\"https:\/\/le-grenier.org\/\"},{\"@type\":\"ListItem\",\"position\":3,\"name\":\"Desserte Louis Lucien Lepoix\"}]}]}<\/script>\n<!-- \/ Yoast SEO plugin. -->","yoast_head_json":{"title":"Desserte Louis Lucien Lepoix - Le Grenier - brocante et am\u00e9nagement","robots":{"index":"index","follow":"follow","max-snippet":"max-snippet:-1","max-image-preview":"max-image-preview:large","max-video-preview":"max-video-preview:-1"},"canonical":"https:\/\/le-grenier.org\/index.php\/produit\/produit-10\/","og_locale":"fr_FR","og_type":"article","og_title":"Desserte Louis Lucien Lepoix - Le Grenier - brocante et am\u00e9nagement","og_description":"\u2728 Desserte pliante vintage FRZ \u2013 Louis Lucien Lepoix \u2013 Allemagne \ud83c\udde9\ud83c\uddea \u2013 Ann\u00e9es 70\/80 \u2728 \ud83d\udcd0 Dimensions : \u2022&hellip;","og_url":"https:\/\/le-grenier.org\/index.php\/produit\/produit-10\/","og_site_name":"Le Grenier - brocante et am\u00e9nagement","article_modified_time":"2026-01-26T20:38:26+00:00","og_image":[{"width":1920,"height":2560,"url":"https:\/\/le-grenier.org\/wp-content\/uploads\/2026\/01\/img_4108-2-scaled.jpeg","type":"image\/jpeg"}],"twitter_card":"summary_large_image","twitter_misc":{"Dur\u00e9e de lecture estim\u00e9e":"1 minute"},"schema":{"@context":"https:\/\/schema.org","@graph":[{"@type":"WebSite","@id":"https:\/\/le-grenier.org\/#website","url":"https:\/\/le-grenier.org\/","name":"Le Grenier - brocante et am\u00e9nagement","description":"","potentialAction":[{"@type":"SearchAction","target":{"@type":"EntryPoint","urlTemplate":"https:\/\/le-grenier.org\/?s={search_term_string}"},"query-input":"required name=search_term_string"}],"inLanguage":"fr-FR"},{"@type":"ImageObject","@id":"https:\/\/le-grenier.org\/index.php\/produit\/produit-10\/#primaryimage","inLanguage":"fr-FR","url":"https:\/\/le-grenier.org\/wp-content\/uploads\/2026\/01\/img_4122.jpeg","contentUrl":"https:\/\/le-grenier.org\/wp-content\/uploads\/2026\/01\/img_4122.jpeg","width":1170,"height":1661,"caption":"Screenshot"},{"@type":"WebPage","@id":"https:\/\/le-grenier.org\/index.php\/produit\/produit-10\/#webpage","url":"https:\/\/le-grenier.org\/index.php\/produit\/produit-10\/","name":"Desserte Louis Lucien Lepoix - Le Grenier - brocante et am\u00e9nagement","isPartOf":{"@id":"https:\/\/le-grenier.org\/#website"},"primaryImageOfPage":{"@id":"https:\/\/le-grenier.org\/index.php\/produit\/produit-10\/#primaryimage"},"datePublished":"2026-01-26T20:33:05+00:00","dateModified":"2026-01-26T20:38:26+00:00","breadcrumb":{"@id":"https:\/\/le-grenier.org\/index.php\/produit\/produit-10\/#breadcrumb"},"inLanguage":"fr-FR","potentialAction":[{"@type":"ReadAction","target":["https:\/\/le-grenier.org\/index.php\/produit\/produit-10\/"]}]},{"@type":"BreadcrumbList","@id":"https:\/\/le-grenier.org\/index.php\/produit\/produit-10\/#breadcrumb","itemListElement":[{"@type":"ListItem","position":1,"name":"Accueil","item":"https:\/\/le-grenier.org\/"},{"@type":"ListItem","position":2,"name":"Boutique en ligne","item":"https:\/\/le-grenier.org\/"},{"@type":"ListItem","position":3,"name":"Desserte Louis Lucien Lepoix"}]}]}},"_links":{"self":[{"href":"https:\/\/le-grenier.org\/index.php\/wp-json\/wp\/v2\/product\/59365"}],"collection":[{"href":"https:\/\/le-grenier.org\/index.php\/wp-json\/wp\/v2\/product"}],"about":[{"href":"https:\/\/le-grenier.org\/index.php\/wp-json\/wp\/v2\/types\/product"}],"wp:featuredmedia":[{"embeddable":true,"href":"https:\/\/le-grenier.org\/index.php\/wp-json\/wp\/v2\/media\/59366"}],"wp:attachment":[{"href":"https:\/\/le-grenier.org\/index.php\/wp-json\/wp\/v2\/media?parent=59365"}],"wp:term":[{"taxonomy":"product_cat","embeddable":true,"href":"https:\/\/le-grenier.org\/index.php\/wp-json\/wp\/v2\/product_cat?post=59365"},{"taxonomy":"product_tag","embeddable":true,"href":"https:\/\/le-grenier.org\/index.php\/wp-json\/wp\/v2\/product_tag?post=59365"}],"curies":[{"name":"wp","href":"https:\/\/api.w.org\/{rel}","templated":true}]}}