{"id":59372,"date":"2026-01-30T11:30:05","date_gmt":"2026-01-30T10:30:05","guid":{"rendered":"https:\/\/le-grenier.org\/index.php\/produit\/plat-creux-poisson\/"},"modified":"2026-01-30T12:24:44","modified_gmt":"2026-01-30T11:24:44","slug":"plat-creux-poisson","status":"publish","type":"product","link":"https:\/\/le-grenier.org\/index.php\/produit\/plat-creux-poisson\/","title":{"rendered":"Plat creux poisson"},"content":{"rendered":"<p>\ud83d\udc1f Plat creux en forme de poisson \u2013 C\u00e9ramique bleu profond<\/p>\n<p>Joli plat d\u00e9coratif et utilitaire en forme de poisson, au bleu intense et \u00e9l\u00e9gant. Une pi\u00e8ce pleine de charme, id\u00e9ale pour sublimer une table ou une d\u00e9coration int\u00e9rieure. Sa forme creuse vous permettra m\u00eame de l\u2019utiliser en corbeille \u00e0 fruits en centre de table !<\/p>\n<p>\ud83d\udccf Dimensions :<\/p>\n<p>\u2022\tLongueur : 46 cm<\/p>\n<p>\u2022\tLargeur : 25 cm<\/p>\n<p>\u2022\tHauteur : 7 cm<\/p>\n<p>\ud83e\udeb6 \u00c9tat : Excellent \u00e9tat, sans \u00e9clats ni fissures<\/p>\n<p>Ce plat trouvera parfaitement sa place dans une d\u00e9coration vintage, maison de campagne, bord de mer ou cabinet de curiosit\u00e9s.<\/p>\n<p>\ud83e\udde1 Parfait pour les amateurs de brocante, d\u2019objets anciens et de d\u00e9coration authentique.<\/p>\n<p>\ud83c\udf81 Belle id\u00e9e cadeau pour les passionn\u00e9s d\u2019histoire et d\u2019art de vivre.<\/p>\n<p>\ud83d\udce6 Envoi rapide et soign\u00e9<\/p>\n","protected":false},"excerpt":{"rendered":"<p>\ud83d\udc1f Plat creux en forme de poisson \u2013 C\u00e9ramique bleu profond Joli plat d\u00e9coratif et utilitaire en forme de poisson,&hellip;<\/p>\n","protected":false},"featured_media":59373,"template":"","meta":{"ngg_post_thumbnail":0},"product_cat":[61,53,46],"product_tag":[],"yoast_head":"<!-- This site is optimized with the Yoast SEO plugin v17.9 - https:\/\/yoast.com\/wordpress\/plugins\/seo\/ -->\n<title>Plat creux poisson - Le Grenier - brocante et am\u00e9nagement<\/title>\n<meta name=\"robots\" content=\"index, follow, max-snippet:-1, max-image-preview:large, max-video-preview:-1\" \/>\n<link rel=\"canonical\" href=\"https:\/\/le-grenier.org\/index.php\/produit\/plat-creux-poisson\/\" \/>\n<meta property=\"og:locale\" content=\"fr_FR\" \/>\n<meta property=\"og:type\" content=\"article\" \/>\n<meta property=\"og:title\" content=\"Plat creux poisson - Le Grenier - brocante et am\u00e9nagement\" \/>\n<meta property=\"og:description\" content=\"\ud83d\udc1f Plat creux en forme de poisson \u2013 C\u00e9ramique bleu profond Joli plat d\u00e9coratif et utilitaire en forme de poisson,&hellip;\" \/>\n<meta property=\"og:url\" content=\"https:\/\/le-grenier.org\/index.php\/produit\/plat-creux-poisson\/\" \/>\n<meta property=\"og:site_name\" content=\"Le Grenier - brocante et am\u00e9nagement\" \/>\n<meta property=\"article:modified_time\" content=\"2026-01-30T11:24:44+00:00\" \/>\n<meta name=\"twitter:card\" content=\"summary_large_image\" \/>\n<meta name=\"twitter:label1\" content=\"Dur\u00e9e de lecture estim\u00e9e\" \/>\n\t<meta name=\"twitter:data1\" content=\"1 minute\" \/>\n<script type=\"application\/ld+json\" class=\"yoast-schema-graph\">{\"@context\":\"https:\/\/schema.org\",\"@graph\":[{\"@type\":\"WebSite\",\"@id\":\"https:\/\/le-grenier.org\/#website\",\"url\":\"https:\/\/le-grenier.org\/\",\"name\":\"Le Grenier - brocante et am\\u00e9nagement\",\"description\":\"\",\"potentialAction\":[{\"@type\":\"SearchAction\",\"target\":{\"@type\":\"EntryPoint\",\"urlTemplate\":\"https:\/\/le-grenier.org\/?s={search_term_string}\"},\"query-input\":\"required name=search_term_string\"}],\"inLanguage\":\"fr-FR\"},{\"@type\":\"ImageObject\",\"@id\":\"https:\/\/le-grenier.org\/index.php\/produit\/plat-creux-poisson\/#primaryimage\",\"inLanguage\":\"fr-FR\",\"url\":\"https:\/\/le-grenier.org\/wp-content\/uploads\/2026\/01\/img_4137.jpeg\",\"contentUrl\":\"https:\/\/le-grenier.org\/wp-content\/uploads\/2026\/01\/img_4137.jpeg\",\"width\":1170,\"height\":1263,\"caption\":\"Screenshot\"},{\"@type\":\"WebPage\",\"@id\":\"https:\/\/le-grenier.org\/index.php\/produit\/plat-creux-poisson\/#webpage\",\"url\":\"https:\/\/le-grenier.org\/index.php\/produit\/plat-creux-poisson\/\",\"name\":\"Plat creux poisson - Le Grenier - brocante et am\\u00e9nagement\",\"isPartOf\":{\"@id\":\"https:\/\/le-grenier.org\/#website\"},\"primaryImageOfPage\":{\"@id\":\"https:\/\/le-grenier.org\/index.php\/produit\/plat-creux-poisson\/#primaryimage\"},\"datePublished\":\"2026-01-30T10:30:05+00:00\",\"dateModified\":\"2026-01-30T11:24:44+00:00\",\"breadcrumb\":{\"@id\":\"https:\/\/le-grenier.org\/index.php\/produit\/plat-creux-poisson\/#breadcrumb\"},\"inLanguage\":\"fr-FR\",\"potentialAction\":[{\"@type\":\"ReadAction\",\"target\":[\"https:\/\/le-grenier.org\/index.php\/produit\/plat-creux-poisson\/\"]}]},{\"@type\":\"BreadcrumbList\",\"@id\":\"https:\/\/le-grenier.org\/index.php\/produit\/plat-creux-poisson\/#breadcrumb\",\"itemListElement\":[{\"@type\":\"ListItem\",\"position\":1,\"name\":\"Accueil\",\"item\":\"https:\/\/le-grenier.org\/\"},{\"@type\":\"ListItem\",\"position\":2,\"name\":\"Boutique en ligne\",\"item\":\"https:\/\/le-grenier.org\/\"},{\"@type\":\"ListItem\",\"position\":3,\"name\":\"Plat creux poisson\"}]}]}<\/script>\n<!-- \/ Yoast SEO plugin. -->","yoast_head_json":{"title":"Plat creux poisson - Le Grenier - brocante et am\u00e9nagement","robots":{"index":"index","follow":"follow","max-snippet":"max-snippet:-1","max-image-preview":"max-image-preview:large","max-video-preview":"max-video-preview:-1"},"canonical":"https:\/\/le-grenier.org\/index.php\/produit\/plat-creux-poisson\/","og_locale":"fr_FR","og_type":"article","og_title":"Plat creux poisson - Le Grenier - brocante et am\u00e9nagement","og_description":"\ud83d\udc1f Plat creux en forme de poisson \u2013 C\u00e9ramique bleu profond Joli plat d\u00e9coratif et utilitaire en forme de poisson,&hellip;","og_url":"https:\/\/le-grenier.org\/index.php\/produit\/plat-creux-poisson\/","og_site_name":"Le Grenier - brocante et am\u00e9nagement","article_modified_time":"2026-01-30T11:24:44+00:00","twitter_card":"summary_large_image","twitter_misc":{"Dur\u00e9e de lecture estim\u00e9e":"1 minute"},"schema":{"@context":"https:\/\/schema.org","@graph":[{"@type":"WebSite","@id":"https:\/\/le-grenier.org\/#website","url":"https:\/\/le-grenier.org\/","name":"Le Grenier - brocante et am\u00e9nagement","description":"","potentialAction":[{"@type":"SearchAction","target":{"@type":"EntryPoint","urlTemplate":"https:\/\/le-grenier.org\/?s={search_term_string}"},"query-input":"required name=search_term_string"}],"inLanguage":"fr-FR"},{"@type":"ImageObject","@id":"https:\/\/le-grenier.org\/index.php\/produit\/plat-creux-poisson\/#primaryimage","inLanguage":"fr-FR","url":"https:\/\/le-grenier.org\/wp-content\/uploads\/2026\/01\/img_4137.jpeg","contentUrl":"https:\/\/le-grenier.org\/wp-content\/uploads\/2026\/01\/img_4137.jpeg","width":1170,"height":1263,"caption":"Screenshot"},{"@type":"WebPage","@id":"https:\/\/le-grenier.org\/index.php\/produit\/plat-creux-poisson\/#webpage","url":"https:\/\/le-grenier.org\/index.php\/produit\/plat-creux-poisson\/","name":"Plat creux poisson - Le Grenier - brocante et am\u00e9nagement","isPartOf":{"@id":"https:\/\/le-grenier.org\/#website"},"primaryImageOfPage":{"@id":"https:\/\/le-grenier.org\/index.php\/produit\/plat-creux-poisson\/#primaryimage"},"datePublished":"2026-01-30T10:30:05+00:00","dateModified":"2026-01-30T11:24:44+00:00","breadcrumb":{"@id":"https:\/\/le-grenier.org\/index.php\/produit\/plat-creux-poisson\/#breadcrumb"},"inLanguage":"fr-FR","potentialAction":[{"@type":"ReadAction","target":["https:\/\/le-grenier.org\/index.php\/produit\/plat-creux-poisson\/"]}]},{"@type":"BreadcrumbList","@id":"https:\/\/le-grenier.org\/index.php\/produit\/plat-creux-poisson\/#breadcrumb","itemListElement":[{"@type":"ListItem","position":1,"name":"Accueil","item":"https:\/\/le-grenier.org\/"},{"@type":"ListItem","position":2,"name":"Boutique en ligne","item":"https:\/\/le-grenier.org\/"},{"@type":"ListItem","position":3,"name":"Plat creux poisson"}]}]}},"_links":{"self":[{"href":"https:\/\/le-grenier.org\/index.php\/wp-json\/wp\/v2\/product\/59372"}],"collection":[{"href":"https:\/\/le-grenier.org\/index.php\/wp-json\/wp\/v2\/product"}],"about":[{"href":"https:\/\/le-grenier.org\/index.php\/wp-json\/wp\/v2\/types\/product"}],"wp:featuredmedia":[{"embeddable":true,"href":"https:\/\/le-grenier.org\/index.php\/wp-json\/wp\/v2\/media\/59373"}],"wp:attachment":[{"href":"https:\/\/le-grenier.org\/index.php\/wp-json\/wp\/v2\/media?parent=59372"}],"wp:term":[{"taxonomy":"product_cat","embeddable":true,"href":"https:\/\/le-grenier.org\/index.php\/wp-json\/wp\/v2\/product_cat?post=59372"},{"taxonomy":"product_tag","embeddable":true,"href":"https:\/\/le-grenier.org\/index.php\/wp-json\/wp\/v2\/product_tag?post=59372"}],"curies":[{"name":"wp","href":"https:\/\/api.w.org\/{rel}","templated":true}]}}