{"id":59396,"date":"2026-02-03T18:03:48","date_gmt":"2026-02-03T17:03:48","guid":{"rendered":"https:\/\/le-grenier.org\/index.php\/produit\/pot-jasba\/"},"modified":"2026-02-03T18:09:30","modified_gmt":"2026-02-03T17:09:30","slug":"pot-jasba","status":"publish","type":"product","link":"https:\/\/le-grenier.org\/index.php\/produit\/pot-jasba\/","title":{"rendered":"Pot Jasba"},"content":{"rendered":"<p>\u2728 Petit vase JASBA \u00ab Mexico \u00bb \u2013 C\u00e9ramique vintage allemande<\/p>\n<p>Apportez une touche authentique et chaleureuse \u00e0 votre int\u00e9rieur avec ce vase JASBA mod\u00e8le \u201cMexico\u201d, embl\u00e9matique du design ouest-allemand des ann\u00e9es 60\/70.<\/p>\n<p>Sign\u00e9 au revers<\/p>\n<p>\ud83c\udf3f Caract\u00e9ristiques :<\/p>\n<p>Marque : JASBA (Allemagne)<\/p>\n<p>Mod\u00e8le : Mexico<\/p>\n<p>Mati\u00e8re : C\u00e9ramique \u00e9maill\u00e9e<\/p>\n<p>Hauteur : env. 17 cm<\/p>\n<p>Diam\u00e8tre : env. 11 cm<\/p>\n<p>Couleurs : Brun, vert et ocre nuanc\u00e9<\/p>\n<p>\u00c9tat : Excellent \u00e9tat, sans f\u00eale ni \u00e9clat<\/p>\n<p>Ses reliefs travaill\u00e9s et son \u00e9maillage textur\u00e9 en font une pi\u00e8ce d\u00e9corative id\u00e9ale, seule ou en accumulation.<\/p>\n","protected":false},"excerpt":{"rendered":"<p>\u2728 Petit vase JASBA \u00ab Mexico \u00bb \u2013 C\u00e9ramique vintage allemande Apportez une touche authentique et chaleureuse \u00e0 votre int\u00e9rieur&hellip;<\/p>\n","protected":false},"featured_media":59398,"template":"","meta":{"ngg_post_thumbnail":0},"product_cat":[60,46],"product_tag":[],"yoast_head":"<!-- This site is optimized with the Yoast SEO plugin v17.9 - https:\/\/yoast.com\/wordpress\/plugins\/seo\/ -->\n<title>Pot Jasba - Le Grenier - brocante et am\u00e9nagement<\/title>\n<meta name=\"robots\" content=\"index, follow, max-snippet:-1, max-image-preview:large, max-video-preview:-1\" \/>\n<link rel=\"canonical\" href=\"https:\/\/le-grenier.org\/index.php\/produit\/pot-jasba\/\" \/>\n<meta property=\"og:locale\" content=\"fr_FR\" \/>\n<meta property=\"og:type\" content=\"article\" \/>\n<meta property=\"og:title\" content=\"Pot Jasba - Le Grenier - brocante et am\u00e9nagement\" \/>\n<meta property=\"og:description\" content=\"\u2728 Petit vase JASBA \u00ab Mexico \u00bb \u2013 C\u00e9ramique vintage allemande Apportez une touche authentique et chaleureuse \u00e0 votre int\u00e9rieur&hellip;\" \/>\n<meta property=\"og:url\" content=\"https:\/\/le-grenier.org\/index.php\/produit\/pot-jasba\/\" \/>\n<meta property=\"og:site_name\" content=\"Le Grenier - brocante et am\u00e9nagement\" \/>\n<meta property=\"article:modified_time\" content=\"2026-02-03T17:09:30+00:00\" \/>\n<meta name=\"twitter:card\" content=\"summary_large_image\" \/>\n<script type=\"application\/ld+json\" class=\"yoast-schema-graph\">{\"@context\":\"https:\/\/schema.org\",\"@graph\":[{\"@type\":\"WebSite\",\"@id\":\"https:\/\/le-grenier.org\/#website\",\"url\":\"https:\/\/le-grenier.org\/\",\"name\":\"Le Grenier - brocante et am\\u00e9nagement\",\"description\":\"\",\"potentialAction\":[{\"@type\":\"SearchAction\",\"target\":{\"@type\":\"EntryPoint\",\"urlTemplate\":\"https:\/\/le-grenier.org\/?s={search_term_string}\"},\"query-input\":\"required name=search_term_string\"}],\"inLanguage\":\"fr-FR\"},{\"@type\":\"ImageObject\",\"@id\":\"https:\/\/le-grenier.org\/index.php\/produit\/pot-jasba\/#primaryimage\",\"inLanguage\":\"fr-FR\",\"url\":\"https:\/\/le-grenier.org\/wp-content\/uploads\/2026\/02\/img_4180-1.jpeg\",\"contentUrl\":\"https:\/\/le-grenier.org\/wp-content\/uploads\/2026\/02\/img_4180-1.jpeg\",\"width\":1170,\"height\":1467,\"caption\":\"Screenshot\"},{\"@type\":\"WebPage\",\"@id\":\"https:\/\/le-grenier.org\/index.php\/produit\/pot-jasba\/#webpage\",\"url\":\"https:\/\/le-grenier.org\/index.php\/produit\/pot-jasba\/\",\"name\":\"Pot Jasba - Le Grenier - brocante et am\\u00e9nagement\",\"isPartOf\":{\"@id\":\"https:\/\/le-grenier.org\/#website\"},\"primaryImageOfPage\":{\"@id\":\"https:\/\/le-grenier.org\/index.php\/produit\/pot-jasba\/#primaryimage\"},\"datePublished\":\"2026-02-03T17:03:48+00:00\",\"dateModified\":\"2026-02-03T17:09:30+00:00\",\"breadcrumb\":{\"@id\":\"https:\/\/le-grenier.org\/index.php\/produit\/pot-jasba\/#breadcrumb\"},\"inLanguage\":\"fr-FR\",\"potentialAction\":[{\"@type\":\"ReadAction\",\"target\":[\"https:\/\/le-grenier.org\/index.php\/produit\/pot-jasba\/\"]}]},{\"@type\":\"BreadcrumbList\",\"@id\":\"https:\/\/le-grenier.org\/index.php\/produit\/pot-jasba\/#breadcrumb\",\"itemListElement\":[{\"@type\":\"ListItem\",\"position\":1,\"name\":\"Accueil\",\"item\":\"https:\/\/le-grenier.org\/\"},{\"@type\":\"ListItem\",\"position\":2,\"name\":\"Boutique en ligne\",\"item\":\"https:\/\/le-grenier.org\/\"},{\"@type\":\"ListItem\",\"position\":3,\"name\":\"Pot Jasba\"}]}]}<\/script>\n<!-- \/ Yoast SEO plugin. -->","yoast_head_json":{"title":"Pot Jasba - Le Grenier - brocante et am\u00e9nagement","robots":{"index":"index","follow":"follow","max-snippet":"max-snippet:-1","max-image-preview":"max-image-preview:large","max-video-preview":"max-video-preview:-1"},"canonical":"https:\/\/le-grenier.org\/index.php\/produit\/pot-jasba\/","og_locale":"fr_FR","og_type":"article","og_title":"Pot Jasba - Le Grenier - brocante et am\u00e9nagement","og_description":"\u2728 Petit vase JASBA \u00ab Mexico \u00bb \u2013 C\u00e9ramique vintage allemande Apportez une touche authentique et chaleureuse \u00e0 votre int\u00e9rieur&hellip;","og_url":"https:\/\/le-grenier.org\/index.php\/produit\/pot-jasba\/","og_site_name":"Le Grenier - brocante et am\u00e9nagement","article_modified_time":"2026-02-03T17:09:30+00:00","twitter_card":"summary_large_image","schema":{"@context":"https:\/\/schema.org","@graph":[{"@type":"WebSite","@id":"https:\/\/le-grenier.org\/#website","url":"https:\/\/le-grenier.org\/","name":"Le Grenier - brocante et am\u00e9nagement","description":"","potentialAction":[{"@type":"SearchAction","target":{"@type":"EntryPoint","urlTemplate":"https:\/\/le-grenier.org\/?s={search_term_string}"},"query-input":"required name=search_term_string"}],"inLanguage":"fr-FR"},{"@type":"ImageObject","@id":"https:\/\/le-grenier.org\/index.php\/produit\/pot-jasba\/#primaryimage","inLanguage":"fr-FR","url":"https:\/\/le-grenier.org\/wp-content\/uploads\/2026\/02\/img_4180-1.jpeg","contentUrl":"https:\/\/le-grenier.org\/wp-content\/uploads\/2026\/02\/img_4180-1.jpeg","width":1170,"height":1467,"caption":"Screenshot"},{"@type":"WebPage","@id":"https:\/\/le-grenier.org\/index.php\/produit\/pot-jasba\/#webpage","url":"https:\/\/le-grenier.org\/index.php\/produit\/pot-jasba\/","name":"Pot Jasba - Le Grenier - brocante et am\u00e9nagement","isPartOf":{"@id":"https:\/\/le-grenier.org\/#website"},"primaryImageOfPage":{"@id":"https:\/\/le-grenier.org\/index.php\/produit\/pot-jasba\/#primaryimage"},"datePublished":"2026-02-03T17:03:48+00:00","dateModified":"2026-02-03T17:09:30+00:00","breadcrumb":{"@id":"https:\/\/le-grenier.org\/index.php\/produit\/pot-jasba\/#breadcrumb"},"inLanguage":"fr-FR","potentialAction":[{"@type":"ReadAction","target":["https:\/\/le-grenier.org\/index.php\/produit\/pot-jasba\/"]}]},{"@type":"BreadcrumbList","@id":"https:\/\/le-grenier.org\/index.php\/produit\/pot-jasba\/#breadcrumb","itemListElement":[{"@type":"ListItem","position":1,"name":"Accueil","item":"https:\/\/le-grenier.org\/"},{"@type":"ListItem","position":2,"name":"Boutique en ligne","item":"https:\/\/le-grenier.org\/"},{"@type":"ListItem","position":3,"name":"Pot Jasba"}]}]}},"_links":{"self":[{"href":"https:\/\/le-grenier.org\/index.php\/wp-json\/wp\/v2\/product\/59396"}],"collection":[{"href":"https:\/\/le-grenier.org\/index.php\/wp-json\/wp\/v2\/product"}],"about":[{"href":"https:\/\/le-grenier.org\/index.php\/wp-json\/wp\/v2\/types\/product"}],"wp:featuredmedia":[{"embeddable":true,"href":"https:\/\/le-grenier.org\/index.php\/wp-json\/wp\/v2\/media\/59398"}],"wp:attachment":[{"href":"https:\/\/le-grenier.org\/index.php\/wp-json\/wp\/v2\/media?parent=59396"}],"wp:term":[{"taxonomy":"product_cat","embeddable":true,"href":"https:\/\/le-grenier.org\/index.php\/wp-json\/wp\/v2\/product_cat?post=59396"},{"taxonomy":"product_tag","embeddable":true,"href":"https:\/\/le-grenier.org\/index.php\/wp-json\/wp\/v2\/product_tag?post=59396"}],"curies":[{"name":"wp","href":"https:\/\/api.w.org\/{rel}","templated":true}]}}