{"id":59562,"date":"2026-02-16T21:20:33","date_gmt":"2026-02-16T20:20:33","guid":{"rendered":"https:\/\/le-grenier.org\/index.php\/produit\/boite-a-pain-3\/"},"modified":"2026-02-17T08:56:15","modified_gmt":"2026-02-17T07:56:15","slug":"boite-a-pain-3","status":"publish","type":"product","link":"https:\/\/le-grenier.org\/index.php\/produit\/boite-a-pain-3\/","title":{"rendered":"Bo\u00eete \u00e0 pain"},"content":{"rendered":"<p>\ud83c\udf3f Bo\u00eete \u00e0 pain vintage hollandaise \u2013 Bleu ciel<\/p>\n<p>Apportez une touche r\u00e9tro et \u00e9l\u00e9gante \u00e0 votre cuisine avec cette bo\u00eete \u00e0 pain typiquement hollandaise, au coloris bleu ciel.<\/p>\n<p>Son design \u00e9pur\u00e9 et intemporel s\u2019int\u00e8gre parfaitement dans une d\u00e9coration vintage, scandinave ou mid-century.<\/p>\n<p>\u2728 Caract\u00e9ristiques :<\/p>\n<p>\u2022\tOrigine : Pays-Bas<\/p>\n<p>\u2022\tMati\u00e8re : m\u00e9tal \u00e9maill\u00e9<\/p>\n<p>\u2022\tCouleur : bleu ciel<\/p>\n<p>\u2022\tDimensions : 48 \u00d7 24 cm<\/p>\n<p>\u2022\tHauteur : 15 cm<\/p>\n<p>\u2022\t\u00c9tat : bon \u00e9tat vintage avec traces du temps (voir photos)<\/p>\n<p>Id\u00e9ale pour conserver votre pain tout en d\u00e9corant votre int\u00e9rieur avec charme.<\/p>\n","protected":false},"excerpt":{"rendered":"<p>\ud83c\udf3f Bo\u00eete \u00e0 pain vintage hollandaise \u2013 Bleu ciel Apportez une touche r\u00e9tro et \u00e9l\u00e9gante \u00e0 votre cuisine avec cette&hellip;<\/p>\n","protected":false},"featured_media":59565,"template":"","meta":{"ngg_post_thumbnail":0},"product_cat":[40,35],"product_tag":[],"yoast_head":"<!-- This site is optimized with the Yoast SEO plugin v17.9 - https:\/\/yoast.com\/wordpress\/plugins\/seo\/ -->\n<title>Bo\u00eete \u00e0 pain - Le Grenier - brocante et am\u00e9nagement<\/title>\n<meta name=\"robots\" content=\"index, follow, max-snippet:-1, max-image-preview:large, max-video-preview:-1\" \/>\n<link rel=\"canonical\" href=\"https:\/\/le-grenier.org\/index.php\/produit\/boite-a-pain-3\/\" \/>\n<meta property=\"og:locale\" content=\"fr_FR\" \/>\n<meta property=\"og:type\" content=\"article\" \/>\n<meta property=\"og:title\" content=\"Bo\u00eete \u00e0 pain - Le Grenier - brocante et am\u00e9nagement\" \/>\n<meta property=\"og:description\" content=\"\ud83c\udf3f Bo\u00eete \u00e0 pain vintage hollandaise \u2013 Bleu ciel Apportez une touche r\u00e9tro et \u00e9l\u00e9gante \u00e0 votre cuisine avec cette&hellip;\" \/>\n<meta property=\"og:url\" content=\"https:\/\/le-grenier.org\/index.php\/produit\/boite-a-pain-3\/\" \/>\n<meta property=\"og:site_name\" content=\"Le Grenier - brocante et am\u00e9nagement\" \/>\n<meta property=\"article:modified_time\" content=\"2026-02-17T07:56:15+00:00\" \/>\n<meta name=\"twitter:card\" content=\"summary_large_image\" \/>\n<script type=\"application\/ld+json\" class=\"yoast-schema-graph\">{\"@context\":\"https:\/\/schema.org\",\"@graph\":[{\"@type\":\"WebSite\",\"@id\":\"https:\/\/le-grenier.org\/#website\",\"url\":\"https:\/\/le-grenier.org\/\",\"name\":\"Le Grenier - brocante et am\\u00e9nagement\",\"description\":\"\",\"potentialAction\":[{\"@type\":\"SearchAction\",\"target\":{\"@type\":\"EntryPoint\",\"urlTemplate\":\"https:\/\/le-grenier.org\/?s={search_term_string}\"},\"query-input\":\"required name=search_term_string\"}],\"inLanguage\":\"fr-FR\"},{\"@type\":\"ImageObject\",\"@id\":\"https:\/\/le-grenier.org\/index.php\/produit\/boite-a-pain-3\/#primaryimage\",\"inLanguage\":\"fr-FR\",\"url\":\"https:\/\/le-grenier.org\/wp-content\/uploads\/2026\/02\/img_4397.jpeg\",\"contentUrl\":\"https:\/\/le-grenier.org\/wp-content\/uploads\/2026\/02\/img_4397.jpeg\",\"width\":1169,\"height\":913,\"caption\":\"Screenshot\"},{\"@type\":\"WebPage\",\"@id\":\"https:\/\/le-grenier.org\/index.php\/produit\/boite-a-pain-3\/#webpage\",\"url\":\"https:\/\/le-grenier.org\/index.php\/produit\/boite-a-pain-3\/\",\"name\":\"Bo\\u00eete \\u00e0 pain - Le Grenier - brocante et am\\u00e9nagement\",\"isPartOf\":{\"@id\":\"https:\/\/le-grenier.org\/#website\"},\"primaryImageOfPage\":{\"@id\":\"https:\/\/le-grenier.org\/index.php\/produit\/boite-a-pain-3\/#primaryimage\"},\"datePublished\":\"2026-02-16T20:20:33+00:00\",\"dateModified\":\"2026-02-17T07:56:15+00:00\",\"breadcrumb\":{\"@id\":\"https:\/\/le-grenier.org\/index.php\/produit\/boite-a-pain-3\/#breadcrumb\"},\"inLanguage\":\"fr-FR\",\"potentialAction\":[{\"@type\":\"ReadAction\",\"target\":[\"https:\/\/le-grenier.org\/index.php\/produit\/boite-a-pain-3\/\"]}]},{\"@type\":\"BreadcrumbList\",\"@id\":\"https:\/\/le-grenier.org\/index.php\/produit\/boite-a-pain-3\/#breadcrumb\",\"itemListElement\":[{\"@type\":\"ListItem\",\"position\":1,\"name\":\"Accueil\",\"item\":\"https:\/\/le-grenier.org\/\"},{\"@type\":\"ListItem\",\"position\":2,\"name\":\"Boutique en ligne\",\"item\":\"https:\/\/le-grenier.org\/\"},{\"@type\":\"ListItem\",\"position\":3,\"name\":\"Bo\\u00eete \\u00e0 pain\"}]}]}<\/script>\n<!-- \/ Yoast SEO plugin. -->","yoast_head_json":{"title":"Bo\u00eete \u00e0 pain - Le Grenier - brocante et am\u00e9nagement","robots":{"index":"index","follow":"follow","max-snippet":"max-snippet:-1","max-image-preview":"max-image-preview:large","max-video-preview":"max-video-preview:-1"},"canonical":"https:\/\/le-grenier.org\/index.php\/produit\/boite-a-pain-3\/","og_locale":"fr_FR","og_type":"article","og_title":"Bo\u00eete \u00e0 pain - Le Grenier - brocante et am\u00e9nagement","og_description":"\ud83c\udf3f Bo\u00eete \u00e0 pain vintage hollandaise \u2013 Bleu ciel Apportez une touche r\u00e9tro et \u00e9l\u00e9gante \u00e0 votre cuisine avec cette&hellip;","og_url":"https:\/\/le-grenier.org\/index.php\/produit\/boite-a-pain-3\/","og_site_name":"Le Grenier - brocante et am\u00e9nagement","article_modified_time":"2026-02-17T07:56:15+00:00","twitter_card":"summary_large_image","schema":{"@context":"https:\/\/schema.org","@graph":[{"@type":"WebSite","@id":"https:\/\/le-grenier.org\/#website","url":"https:\/\/le-grenier.org\/","name":"Le Grenier - brocante et am\u00e9nagement","description":"","potentialAction":[{"@type":"SearchAction","target":{"@type":"EntryPoint","urlTemplate":"https:\/\/le-grenier.org\/?s={search_term_string}"},"query-input":"required name=search_term_string"}],"inLanguage":"fr-FR"},{"@type":"ImageObject","@id":"https:\/\/le-grenier.org\/index.php\/produit\/boite-a-pain-3\/#primaryimage","inLanguage":"fr-FR","url":"https:\/\/le-grenier.org\/wp-content\/uploads\/2026\/02\/img_4397.jpeg","contentUrl":"https:\/\/le-grenier.org\/wp-content\/uploads\/2026\/02\/img_4397.jpeg","width":1169,"height":913,"caption":"Screenshot"},{"@type":"WebPage","@id":"https:\/\/le-grenier.org\/index.php\/produit\/boite-a-pain-3\/#webpage","url":"https:\/\/le-grenier.org\/index.php\/produit\/boite-a-pain-3\/","name":"Bo\u00eete \u00e0 pain - Le Grenier - brocante et am\u00e9nagement","isPartOf":{"@id":"https:\/\/le-grenier.org\/#website"},"primaryImageOfPage":{"@id":"https:\/\/le-grenier.org\/index.php\/produit\/boite-a-pain-3\/#primaryimage"},"datePublished":"2026-02-16T20:20:33+00:00","dateModified":"2026-02-17T07:56:15+00:00","breadcrumb":{"@id":"https:\/\/le-grenier.org\/index.php\/produit\/boite-a-pain-3\/#breadcrumb"},"inLanguage":"fr-FR","potentialAction":[{"@type":"ReadAction","target":["https:\/\/le-grenier.org\/index.php\/produit\/boite-a-pain-3\/"]}]},{"@type":"BreadcrumbList","@id":"https:\/\/le-grenier.org\/index.php\/produit\/boite-a-pain-3\/#breadcrumb","itemListElement":[{"@type":"ListItem","position":1,"name":"Accueil","item":"https:\/\/le-grenier.org\/"},{"@type":"ListItem","position":2,"name":"Boutique en ligne","item":"https:\/\/le-grenier.org\/"},{"@type":"ListItem","position":3,"name":"Bo\u00eete \u00e0 pain"}]}]}},"_links":{"self":[{"href":"https:\/\/le-grenier.org\/index.php\/wp-json\/wp\/v2\/product\/59562"}],"collection":[{"href":"https:\/\/le-grenier.org\/index.php\/wp-json\/wp\/v2\/product"}],"about":[{"href":"https:\/\/le-grenier.org\/index.php\/wp-json\/wp\/v2\/types\/product"}],"wp:featuredmedia":[{"embeddable":true,"href":"https:\/\/le-grenier.org\/index.php\/wp-json\/wp\/v2\/media\/59565"}],"wp:attachment":[{"href":"https:\/\/le-grenier.org\/index.php\/wp-json\/wp\/v2\/media?parent=59562"}],"wp:term":[{"taxonomy":"product_cat","embeddable":true,"href":"https:\/\/le-grenier.org\/index.php\/wp-json\/wp\/v2\/product_cat?post=59562"},{"taxonomy":"product_tag","embeddable":true,"href":"https:\/\/le-grenier.org\/index.php\/wp-json\/wp\/v2\/product_tag?post=59562"}],"curies":[{"name":"wp","href":"https:\/\/api.w.org\/{rel}","templated":true}]}}