{"id":59572,"date":"2026-02-17T09:04:13","date_gmt":"2026-02-17T08:04:13","guid":{"rendered":"https:\/\/le-grenier.org\/index.php\/produit\/saladier-rose\/"},"modified":"2026-02-17T09:07:41","modified_gmt":"2026-02-17T08:07:41","slug":"saladier-rose","status":"publish","type":"product","link":"https:\/\/le-grenier.org\/index.php\/produit\/saladier-rose\/","title":{"rendered":"Saladier rose"},"content":{"rendered":"<p>\ud83c\udf38 Saladier vintage en barbotine portugaise \u2013 Motif chou rose \ud83c\udf38<\/p>\n<p>Apportez une touche d\u2019\u00e9l\u00e9gance et d\u2019authenticit\u00e9 \u00e0 votre table avec ce magnifique saladier en barbotine portugaise, d\u00e9cor\u00e9 d\u2019un d\u00e9licat motif chou rose.<\/p>\n<p>\u2728 Caract\u00e9ristiques :<\/p>\n<p>\u2022 Tr\u00e8s bon \u00e9tat<\/p>\n<p>\u2022 Hauteur : 15 cm<\/p>\n<p>\u2022 Diam\u00e8tre : 26 cm<\/p>\n<p>\u2022 Style vintage et d\u00e9coratif<\/p>\n<p>Id\u00e9al pour sublimer vos repas ou compl\u00e9ter une d\u00e9coration chic et r\u00e9tro.<\/p>\n<p>\ud83d\udce6 Envoi rapide et soign\u00e9<\/p>\n","protected":false},"excerpt":{"rendered":"<p>\ud83c\udf38 Saladier vintage en barbotine portugaise \u2013 Motif chou rose \ud83c\udf38 Apportez une touche d\u2019\u00e9l\u00e9gance et d\u2019authenticit\u00e9 \u00e0 votre table&hellip;<\/p>\n","protected":false},"featured_media":59573,"template":"","meta":{"ngg_post_thumbnail":0},"product_cat":[50,53,46],"product_tag":[],"yoast_head":"<!-- This site is optimized with the Yoast SEO plugin v17.9 - https:\/\/yoast.com\/wordpress\/plugins\/seo\/ -->\n<title>Saladier rose - Le Grenier - brocante et am\u00e9nagement<\/title>\n<meta name=\"robots\" content=\"index, follow, max-snippet:-1, max-image-preview:large, max-video-preview:-1\" \/>\n<link rel=\"canonical\" href=\"https:\/\/le-grenier.org\/index.php\/produit\/saladier-rose\/\" \/>\n<meta property=\"og:locale\" content=\"fr_FR\" \/>\n<meta property=\"og:type\" content=\"article\" \/>\n<meta property=\"og:title\" content=\"Saladier rose - Le Grenier - brocante et am\u00e9nagement\" \/>\n<meta property=\"og:description\" content=\"\ud83c\udf38 Saladier vintage en barbotine portugaise \u2013 Motif chou rose \ud83c\udf38 Apportez une touche d\u2019\u00e9l\u00e9gance et d\u2019authenticit\u00e9 \u00e0 votre table&hellip;\" \/>\n<meta property=\"og:url\" content=\"https:\/\/le-grenier.org\/index.php\/produit\/saladier-rose\/\" \/>\n<meta property=\"og:site_name\" content=\"Le Grenier - brocante et am\u00e9nagement\" \/>\n<meta property=\"article:modified_time\" content=\"2026-02-17T08:07:41+00:00\" \/>\n<meta name=\"twitter:card\" content=\"summary_large_image\" \/>\n<script type=\"application\/ld+json\" class=\"yoast-schema-graph\">{\"@context\":\"https:\/\/schema.org\",\"@graph\":[{\"@type\":\"WebSite\",\"@id\":\"https:\/\/le-grenier.org\/#website\",\"url\":\"https:\/\/le-grenier.org\/\",\"name\":\"Le Grenier - brocante et am\\u00e9nagement\",\"description\":\"\",\"potentialAction\":[{\"@type\":\"SearchAction\",\"target\":{\"@type\":\"EntryPoint\",\"urlTemplate\":\"https:\/\/le-grenier.org\/?s={search_term_string}\"},\"query-input\":\"required name=search_term_string\"}],\"inLanguage\":\"fr-FR\"},{\"@type\":\"ImageObject\",\"@id\":\"https:\/\/le-grenier.org\/index.php\/produit\/saladier-rose\/#primaryimage\",\"inLanguage\":\"fr-FR\",\"url\":\"https:\/\/le-grenier.org\/wp-content\/uploads\/2026\/02\/img_4399.jpeg\",\"contentUrl\":\"https:\/\/le-grenier.org\/wp-content\/uploads\/2026\/02\/img_4399.jpeg\",\"width\":1170,\"height\":1534,\"caption\":\"Screenshot\"},{\"@type\":\"WebPage\",\"@id\":\"https:\/\/le-grenier.org\/index.php\/produit\/saladier-rose\/#webpage\",\"url\":\"https:\/\/le-grenier.org\/index.php\/produit\/saladier-rose\/\",\"name\":\"Saladier rose - Le Grenier - brocante et am\\u00e9nagement\",\"isPartOf\":{\"@id\":\"https:\/\/le-grenier.org\/#website\"},\"primaryImageOfPage\":{\"@id\":\"https:\/\/le-grenier.org\/index.php\/produit\/saladier-rose\/#primaryimage\"},\"datePublished\":\"2026-02-17T08:04:13+00:00\",\"dateModified\":\"2026-02-17T08:07:41+00:00\",\"breadcrumb\":{\"@id\":\"https:\/\/le-grenier.org\/index.php\/produit\/saladier-rose\/#breadcrumb\"},\"inLanguage\":\"fr-FR\",\"potentialAction\":[{\"@type\":\"ReadAction\",\"target\":[\"https:\/\/le-grenier.org\/index.php\/produit\/saladier-rose\/\"]}]},{\"@type\":\"BreadcrumbList\",\"@id\":\"https:\/\/le-grenier.org\/index.php\/produit\/saladier-rose\/#breadcrumb\",\"itemListElement\":[{\"@type\":\"ListItem\",\"position\":1,\"name\":\"Accueil\",\"item\":\"https:\/\/le-grenier.org\/\"},{\"@type\":\"ListItem\",\"position\":2,\"name\":\"Boutique en ligne\",\"item\":\"https:\/\/le-grenier.org\/\"},{\"@type\":\"ListItem\",\"position\":3,\"name\":\"Saladier rose\"}]}]}<\/script>\n<!-- \/ Yoast SEO plugin. -->","yoast_head_json":{"title":"Saladier rose - Le Grenier - brocante et am\u00e9nagement","robots":{"index":"index","follow":"follow","max-snippet":"max-snippet:-1","max-image-preview":"max-image-preview:large","max-video-preview":"max-video-preview:-1"},"canonical":"https:\/\/le-grenier.org\/index.php\/produit\/saladier-rose\/","og_locale":"fr_FR","og_type":"article","og_title":"Saladier rose - Le Grenier - brocante et am\u00e9nagement","og_description":"\ud83c\udf38 Saladier vintage en barbotine portugaise \u2013 Motif chou rose \ud83c\udf38 Apportez une touche d\u2019\u00e9l\u00e9gance et d\u2019authenticit\u00e9 \u00e0 votre table&hellip;","og_url":"https:\/\/le-grenier.org\/index.php\/produit\/saladier-rose\/","og_site_name":"Le Grenier - brocante et am\u00e9nagement","article_modified_time":"2026-02-17T08:07:41+00:00","twitter_card":"summary_large_image","schema":{"@context":"https:\/\/schema.org","@graph":[{"@type":"WebSite","@id":"https:\/\/le-grenier.org\/#website","url":"https:\/\/le-grenier.org\/","name":"Le Grenier - brocante et am\u00e9nagement","description":"","potentialAction":[{"@type":"SearchAction","target":{"@type":"EntryPoint","urlTemplate":"https:\/\/le-grenier.org\/?s={search_term_string}"},"query-input":"required name=search_term_string"}],"inLanguage":"fr-FR"},{"@type":"ImageObject","@id":"https:\/\/le-grenier.org\/index.php\/produit\/saladier-rose\/#primaryimage","inLanguage":"fr-FR","url":"https:\/\/le-grenier.org\/wp-content\/uploads\/2026\/02\/img_4399.jpeg","contentUrl":"https:\/\/le-grenier.org\/wp-content\/uploads\/2026\/02\/img_4399.jpeg","width":1170,"height":1534,"caption":"Screenshot"},{"@type":"WebPage","@id":"https:\/\/le-grenier.org\/index.php\/produit\/saladier-rose\/#webpage","url":"https:\/\/le-grenier.org\/index.php\/produit\/saladier-rose\/","name":"Saladier rose - Le Grenier - brocante et am\u00e9nagement","isPartOf":{"@id":"https:\/\/le-grenier.org\/#website"},"primaryImageOfPage":{"@id":"https:\/\/le-grenier.org\/index.php\/produit\/saladier-rose\/#primaryimage"},"datePublished":"2026-02-17T08:04:13+00:00","dateModified":"2026-02-17T08:07:41+00:00","breadcrumb":{"@id":"https:\/\/le-grenier.org\/index.php\/produit\/saladier-rose\/#breadcrumb"},"inLanguage":"fr-FR","potentialAction":[{"@type":"ReadAction","target":["https:\/\/le-grenier.org\/index.php\/produit\/saladier-rose\/"]}]},{"@type":"BreadcrumbList","@id":"https:\/\/le-grenier.org\/index.php\/produit\/saladier-rose\/#breadcrumb","itemListElement":[{"@type":"ListItem","position":1,"name":"Accueil","item":"https:\/\/le-grenier.org\/"},{"@type":"ListItem","position":2,"name":"Boutique en ligne","item":"https:\/\/le-grenier.org\/"},{"@type":"ListItem","position":3,"name":"Saladier rose"}]}]}},"_links":{"self":[{"href":"https:\/\/le-grenier.org\/index.php\/wp-json\/wp\/v2\/product\/59572"}],"collection":[{"href":"https:\/\/le-grenier.org\/index.php\/wp-json\/wp\/v2\/product"}],"about":[{"href":"https:\/\/le-grenier.org\/index.php\/wp-json\/wp\/v2\/types\/product"}],"wp:featuredmedia":[{"embeddable":true,"href":"https:\/\/le-grenier.org\/index.php\/wp-json\/wp\/v2\/media\/59573"}],"wp:attachment":[{"href":"https:\/\/le-grenier.org\/index.php\/wp-json\/wp\/v2\/media?parent=59572"}],"wp:term":[{"taxonomy":"product_cat","embeddable":true,"href":"https:\/\/le-grenier.org\/index.php\/wp-json\/wp\/v2\/product_cat?post=59572"},{"taxonomy":"product_tag","embeddable":true,"href":"https:\/\/le-grenier.org\/index.php\/wp-json\/wp\/v2\/product_tag?post=59572"}],"curies":[{"name":"wp","href":"https:\/\/api.w.org\/{rel}","templated":true}]}}