{"id":59578,"date":"2026-02-17T11:27:54","date_gmt":"2026-02-17T10:27:54","guid":{"rendered":"https:\/\/le-grenier.org\/index.php\/produit\/5-bols-roses\/"},"modified":"2026-02-17T11:31:53","modified_gmt":"2026-02-17T10:31:53","slug":"5-bols-roses","status":"publish","type":"product","link":"https:\/\/le-grenier.org\/index.php\/produit\/5-bols-roses\/","title":{"rendered":"5 Bols roses"},"content":{"rendered":"<p>\u2728 Lot de 5 bols en barbotine portugaise \u2013 Chou rose \u2728<\/p>\n<p>Apportez une touche d\u2019\u00e9l\u00e9gance et d\u2019authenticit\u00e9 \u00e0 votre int\u00e9rieur avec ce superbe ensemble de bols en barbotine portugaise, \u00e0 d\u00e9cor de chou rose.<\/p>\n<p>\ud83d\udccf Dimensions :<\/p>\n<p>\u2022 Hauteur : 7 cm<\/p>\n<p>\u2022 Diam\u00e8tre : 12 cm<\/p>\n<p>\ud83d\udfe2 \u00c9tat : Tr\u00e8s bon \u00e9tat, sans d\u00e9faut notable.<\/p>\n<p>Ces pi\u00e8ces d\u00e9coratives allient charme ancien et raffinement, id\u00e9ales pour les amateurs d\u2019objets vintage, d\u2019histoire et de d\u00e9coration classique.<\/p>\n<p>\ud83d\udce6 Envoi rapide et soigneusement emball\u00e9<\/p>\n<p>\ud83c\udf81 Parfait comme id\u00e9e cadeau originale et raffin\u00e9e<\/p>\n<p>Vente  \u00e0 l&rsquo;unit\u00e9 : me contacter<\/p>\n","protected":false},"excerpt":{"rendered":"<p>\u2728 Lot de 5 bols en barbotine portugaise \u2013 Chou rose \u2728 Apportez une touche d\u2019\u00e9l\u00e9gance et d\u2019authenticit\u00e9 \u00e0 votre&hellip;<\/p>\n","protected":false},"featured_media":59579,"template":"","meta":{"ngg_post_thumbnail":0},"product_cat":[53,46,23],"product_tag":[],"yoast_head":"<!-- This site is optimized with the Yoast SEO plugin v17.9 - https:\/\/yoast.com\/wordpress\/plugins\/seo\/ -->\n<title>5 Bols roses - Le Grenier - brocante et am\u00e9nagement<\/title>\n<meta name=\"robots\" content=\"index, follow, max-snippet:-1, max-image-preview:large, max-video-preview:-1\" \/>\n<link rel=\"canonical\" href=\"https:\/\/le-grenier.org\/index.php\/produit\/5-bols-roses\/\" \/>\n<meta property=\"og:locale\" content=\"fr_FR\" \/>\n<meta property=\"og:type\" content=\"article\" \/>\n<meta property=\"og:title\" content=\"5 Bols roses - Le Grenier - brocante et am\u00e9nagement\" \/>\n<meta property=\"og:description\" content=\"\u2728 Lot de 5 bols en barbotine portugaise \u2013 Chou rose \u2728 Apportez une touche d\u2019\u00e9l\u00e9gance et d\u2019authenticit\u00e9 \u00e0 votre&hellip;\" \/>\n<meta property=\"og:url\" content=\"https:\/\/le-grenier.org\/index.php\/produit\/5-bols-roses\/\" \/>\n<meta property=\"og:site_name\" content=\"Le Grenier - brocante et am\u00e9nagement\" \/>\n<meta property=\"article:modified_time\" content=\"2026-02-17T10:31:53+00:00\" \/>\n<meta name=\"twitter:card\" content=\"summary_large_image\" \/>\n<script type=\"application\/ld+json\" class=\"yoast-schema-graph\">{\"@context\":\"https:\/\/schema.org\",\"@graph\":[{\"@type\":\"WebSite\",\"@id\":\"https:\/\/le-grenier.org\/#website\",\"url\":\"https:\/\/le-grenier.org\/\",\"name\":\"Le Grenier - brocante et am\\u00e9nagement\",\"description\":\"\",\"potentialAction\":[{\"@type\":\"SearchAction\",\"target\":{\"@type\":\"EntryPoint\",\"urlTemplate\":\"https:\/\/le-grenier.org\/?s={search_term_string}\"},\"query-input\":\"required name=search_term_string\"}],\"inLanguage\":\"fr-FR\"},{\"@type\":\"ImageObject\",\"@id\":\"https:\/\/le-grenier.org\/index.php\/produit\/5-bols-roses\/#primaryimage\",\"inLanguage\":\"fr-FR\",\"url\":\"https:\/\/le-grenier.org\/wp-content\/uploads\/2026\/02\/img_4401.jpeg\",\"contentUrl\":\"https:\/\/le-grenier.org\/wp-content\/uploads\/2026\/02\/img_4401.jpeg\",\"width\":1170,\"height\":1298,\"caption\":\"Screenshot\"},{\"@type\":\"WebPage\",\"@id\":\"https:\/\/le-grenier.org\/index.php\/produit\/5-bols-roses\/#webpage\",\"url\":\"https:\/\/le-grenier.org\/index.php\/produit\/5-bols-roses\/\",\"name\":\"5 Bols roses - Le Grenier - brocante et am\\u00e9nagement\",\"isPartOf\":{\"@id\":\"https:\/\/le-grenier.org\/#website\"},\"primaryImageOfPage\":{\"@id\":\"https:\/\/le-grenier.org\/index.php\/produit\/5-bols-roses\/#primaryimage\"},\"datePublished\":\"2026-02-17T10:27:54+00:00\",\"dateModified\":\"2026-02-17T10:31:53+00:00\",\"breadcrumb\":{\"@id\":\"https:\/\/le-grenier.org\/index.php\/produit\/5-bols-roses\/#breadcrumb\"},\"inLanguage\":\"fr-FR\",\"potentialAction\":[{\"@type\":\"ReadAction\",\"target\":[\"https:\/\/le-grenier.org\/index.php\/produit\/5-bols-roses\/\"]}]},{\"@type\":\"BreadcrumbList\",\"@id\":\"https:\/\/le-grenier.org\/index.php\/produit\/5-bols-roses\/#breadcrumb\",\"itemListElement\":[{\"@type\":\"ListItem\",\"position\":1,\"name\":\"Accueil\",\"item\":\"https:\/\/le-grenier.org\/\"},{\"@type\":\"ListItem\",\"position\":2,\"name\":\"Boutique en ligne\",\"item\":\"https:\/\/le-grenier.org\/\"},{\"@type\":\"ListItem\",\"position\":3,\"name\":\"5 Bols roses\"}]}]}<\/script>\n<!-- \/ Yoast SEO plugin. -->","yoast_head_json":{"title":"5 Bols roses - Le Grenier - brocante et am\u00e9nagement","robots":{"index":"index","follow":"follow","max-snippet":"max-snippet:-1","max-image-preview":"max-image-preview:large","max-video-preview":"max-video-preview:-1"},"canonical":"https:\/\/le-grenier.org\/index.php\/produit\/5-bols-roses\/","og_locale":"fr_FR","og_type":"article","og_title":"5 Bols roses - Le Grenier - brocante et am\u00e9nagement","og_description":"\u2728 Lot de 5 bols en barbotine portugaise \u2013 Chou rose \u2728 Apportez une touche d\u2019\u00e9l\u00e9gance et d\u2019authenticit\u00e9 \u00e0 votre&hellip;","og_url":"https:\/\/le-grenier.org\/index.php\/produit\/5-bols-roses\/","og_site_name":"Le Grenier - brocante et am\u00e9nagement","article_modified_time":"2026-02-17T10:31:53+00:00","twitter_card":"summary_large_image","schema":{"@context":"https:\/\/schema.org","@graph":[{"@type":"WebSite","@id":"https:\/\/le-grenier.org\/#website","url":"https:\/\/le-grenier.org\/","name":"Le Grenier - brocante et am\u00e9nagement","description":"","potentialAction":[{"@type":"SearchAction","target":{"@type":"EntryPoint","urlTemplate":"https:\/\/le-grenier.org\/?s={search_term_string}"},"query-input":"required name=search_term_string"}],"inLanguage":"fr-FR"},{"@type":"ImageObject","@id":"https:\/\/le-grenier.org\/index.php\/produit\/5-bols-roses\/#primaryimage","inLanguage":"fr-FR","url":"https:\/\/le-grenier.org\/wp-content\/uploads\/2026\/02\/img_4401.jpeg","contentUrl":"https:\/\/le-grenier.org\/wp-content\/uploads\/2026\/02\/img_4401.jpeg","width":1170,"height":1298,"caption":"Screenshot"},{"@type":"WebPage","@id":"https:\/\/le-grenier.org\/index.php\/produit\/5-bols-roses\/#webpage","url":"https:\/\/le-grenier.org\/index.php\/produit\/5-bols-roses\/","name":"5 Bols roses - Le Grenier - brocante et am\u00e9nagement","isPartOf":{"@id":"https:\/\/le-grenier.org\/#website"},"primaryImageOfPage":{"@id":"https:\/\/le-grenier.org\/index.php\/produit\/5-bols-roses\/#primaryimage"},"datePublished":"2026-02-17T10:27:54+00:00","dateModified":"2026-02-17T10:31:53+00:00","breadcrumb":{"@id":"https:\/\/le-grenier.org\/index.php\/produit\/5-bols-roses\/#breadcrumb"},"inLanguage":"fr-FR","potentialAction":[{"@type":"ReadAction","target":["https:\/\/le-grenier.org\/index.php\/produit\/5-bols-roses\/"]}]},{"@type":"BreadcrumbList","@id":"https:\/\/le-grenier.org\/index.php\/produit\/5-bols-roses\/#breadcrumb","itemListElement":[{"@type":"ListItem","position":1,"name":"Accueil","item":"https:\/\/le-grenier.org\/"},{"@type":"ListItem","position":2,"name":"Boutique en ligne","item":"https:\/\/le-grenier.org\/"},{"@type":"ListItem","position":3,"name":"5 Bols roses"}]}]}},"_links":{"self":[{"href":"https:\/\/le-grenier.org\/index.php\/wp-json\/wp\/v2\/product\/59578"}],"collection":[{"href":"https:\/\/le-grenier.org\/index.php\/wp-json\/wp\/v2\/product"}],"about":[{"href":"https:\/\/le-grenier.org\/index.php\/wp-json\/wp\/v2\/types\/product"}],"wp:featuredmedia":[{"embeddable":true,"href":"https:\/\/le-grenier.org\/index.php\/wp-json\/wp\/v2\/media\/59579"}],"wp:attachment":[{"href":"https:\/\/le-grenier.org\/index.php\/wp-json\/wp\/v2\/media?parent=59578"}],"wp:term":[{"taxonomy":"product_cat","embeddable":true,"href":"https:\/\/le-grenier.org\/index.php\/wp-json\/wp\/v2\/product_cat?post=59578"},{"taxonomy":"product_tag","embeddable":true,"href":"https:\/\/le-grenier.org\/index.php\/wp-json\/wp\/v2\/product_tag?post=59578"}],"curies":[{"name":"wp","href":"https:\/\/api.w.org\/{rel}","templated":true}]}}