{"id":59580,"date":"2026-02-17T13:23:12","date_gmt":"2026-02-17T12:23:12","guid":{"rendered":"https:\/\/le-grenier.org\/index.php\/produit\/bol-chou\/"},"modified":"2026-02-17T13:37:52","modified_gmt":"2026-02-17T12:37:52","slug":"bol-chou","status":"publish","type":"product","link":"https:\/\/le-grenier.org\/index.php\/produit\/bol-chou\/","title":{"rendered":"Bol chou"},"content":{"rendered":"<p>\u2728 Bol \u201cChou vert\u201d en barbotine \u2013 Vaisselle vintage \u2728<\/p>\n<p>Apportez une touche de charme naturel et d\u2019authenticit\u00e9 \u00e0 votre table avec ce superbe bol en barbotine \u00e0 d\u00e9cor de chou vert.<\/p>\n<p>\ud83d\udccf Dimensions :<\/p>\n<p>\u2022 Diam\u00e8tre : 15 cm<\/p>\n<p>\u2022 Hauteur : 7 cm<\/p>\n<p>\ud83d\udfe2 \u00c9tat : Tr\u00e8s bon \u00e9tat, sans d\u00e9faut notable.<\/p>\n<p>Id\u00e9al pour sublimer une d\u00e9coration de cuisine, composer une table raffin\u00e9e ou enrichir une collection de vaisselle ancienne.<\/p>\n<p>\ud83d\udce6 Envoi rapide et particuli\u00e8rement soign\u00e9<\/p>\n<p>\ud83c\udf81 Parfait comme id\u00e9e cadeau pour les amateurs de brocante, de d\u00e9coration naturelle et d\u2019art de la table<\/p>\n","protected":false},"excerpt":{"rendered":"<p>\u2728 Bol \u201cChou vert\u201d en barbotine \u2013 Vaisselle vintage \u2728 Apportez une touche de charme naturel et d\u2019authenticit\u00e9 \u00e0 votre&hellip;<\/p>\n","protected":false},"featured_media":59581,"template":"","meta":{"ngg_post_thumbnail":0},"product_cat":[40,46],"product_tag":[],"yoast_head":"<!-- This site is optimized with the Yoast SEO plugin v17.9 - https:\/\/yoast.com\/wordpress\/plugins\/seo\/ -->\n<title>Bol chou - Le Grenier - brocante et am\u00e9nagement<\/title>\n<meta name=\"robots\" content=\"index, follow, max-snippet:-1, max-image-preview:large, max-video-preview:-1\" \/>\n<link rel=\"canonical\" href=\"https:\/\/le-grenier.org\/index.php\/produit\/bol-chou\/\" \/>\n<meta property=\"og:locale\" content=\"fr_FR\" \/>\n<meta property=\"og:type\" content=\"article\" \/>\n<meta property=\"og:title\" content=\"Bol chou - Le Grenier - brocante et am\u00e9nagement\" \/>\n<meta property=\"og:description\" content=\"\u2728 Bol \u201cChou vert\u201d en barbotine \u2013 Vaisselle vintage \u2728 Apportez une touche de charme naturel et d\u2019authenticit\u00e9 \u00e0 votre&hellip;\" \/>\n<meta property=\"og:url\" content=\"https:\/\/le-grenier.org\/index.php\/produit\/bol-chou\/\" \/>\n<meta property=\"og:site_name\" content=\"Le Grenier - brocante et am\u00e9nagement\" \/>\n<meta property=\"article:modified_time\" content=\"2026-02-17T12:37:52+00:00\" \/>\n<meta name=\"twitter:card\" content=\"summary_large_image\" \/>\n<script type=\"application\/ld+json\" class=\"yoast-schema-graph\">{\"@context\":\"https:\/\/schema.org\",\"@graph\":[{\"@type\":\"WebSite\",\"@id\":\"https:\/\/le-grenier.org\/#website\",\"url\":\"https:\/\/le-grenier.org\/\",\"name\":\"Le Grenier - brocante et am\\u00e9nagement\",\"description\":\"\",\"potentialAction\":[{\"@type\":\"SearchAction\",\"target\":{\"@type\":\"EntryPoint\",\"urlTemplate\":\"https:\/\/le-grenier.org\/?s={search_term_string}\"},\"query-input\":\"required name=search_term_string\"}],\"inLanguage\":\"fr-FR\"},{\"@type\":\"ImageObject\",\"@id\":\"https:\/\/le-grenier.org\/index.php\/produit\/bol-chou\/#primaryimage\",\"inLanguage\":\"fr-FR\",\"url\":\"https:\/\/le-grenier.org\/wp-content\/uploads\/2026\/02\/img_4402.jpeg\",\"contentUrl\":\"https:\/\/le-grenier.org\/wp-content\/uploads\/2026\/02\/img_4402.jpeg\",\"width\":1169,\"height\":1061,\"caption\":\"Screenshot\"},{\"@type\":\"WebPage\",\"@id\":\"https:\/\/le-grenier.org\/index.php\/produit\/bol-chou\/#webpage\",\"url\":\"https:\/\/le-grenier.org\/index.php\/produit\/bol-chou\/\",\"name\":\"Bol chou - Le Grenier - brocante et am\\u00e9nagement\",\"isPartOf\":{\"@id\":\"https:\/\/le-grenier.org\/#website\"},\"primaryImageOfPage\":{\"@id\":\"https:\/\/le-grenier.org\/index.php\/produit\/bol-chou\/#primaryimage\"},\"datePublished\":\"2026-02-17T12:23:12+00:00\",\"dateModified\":\"2026-02-17T12:37:52+00:00\",\"breadcrumb\":{\"@id\":\"https:\/\/le-grenier.org\/index.php\/produit\/bol-chou\/#breadcrumb\"},\"inLanguage\":\"fr-FR\",\"potentialAction\":[{\"@type\":\"ReadAction\",\"target\":[\"https:\/\/le-grenier.org\/index.php\/produit\/bol-chou\/\"]}]},{\"@type\":\"BreadcrumbList\",\"@id\":\"https:\/\/le-grenier.org\/index.php\/produit\/bol-chou\/#breadcrumb\",\"itemListElement\":[{\"@type\":\"ListItem\",\"position\":1,\"name\":\"Accueil\",\"item\":\"https:\/\/le-grenier.org\/\"},{\"@type\":\"ListItem\",\"position\":2,\"name\":\"Boutique en ligne\",\"item\":\"https:\/\/le-grenier.org\/\"},{\"@type\":\"ListItem\",\"position\":3,\"name\":\"Bol chou\"}]}]}<\/script>\n<!-- \/ Yoast SEO plugin. -->","yoast_head_json":{"title":"Bol chou - Le Grenier - brocante et am\u00e9nagement","robots":{"index":"index","follow":"follow","max-snippet":"max-snippet:-1","max-image-preview":"max-image-preview:large","max-video-preview":"max-video-preview:-1"},"canonical":"https:\/\/le-grenier.org\/index.php\/produit\/bol-chou\/","og_locale":"fr_FR","og_type":"article","og_title":"Bol chou - Le Grenier - brocante et am\u00e9nagement","og_description":"\u2728 Bol \u201cChou vert\u201d en barbotine \u2013 Vaisselle vintage \u2728 Apportez une touche de charme naturel et d\u2019authenticit\u00e9 \u00e0 votre&hellip;","og_url":"https:\/\/le-grenier.org\/index.php\/produit\/bol-chou\/","og_site_name":"Le Grenier - brocante et am\u00e9nagement","article_modified_time":"2026-02-17T12:37:52+00:00","twitter_card":"summary_large_image","schema":{"@context":"https:\/\/schema.org","@graph":[{"@type":"WebSite","@id":"https:\/\/le-grenier.org\/#website","url":"https:\/\/le-grenier.org\/","name":"Le Grenier - brocante et am\u00e9nagement","description":"","potentialAction":[{"@type":"SearchAction","target":{"@type":"EntryPoint","urlTemplate":"https:\/\/le-grenier.org\/?s={search_term_string}"},"query-input":"required name=search_term_string"}],"inLanguage":"fr-FR"},{"@type":"ImageObject","@id":"https:\/\/le-grenier.org\/index.php\/produit\/bol-chou\/#primaryimage","inLanguage":"fr-FR","url":"https:\/\/le-grenier.org\/wp-content\/uploads\/2026\/02\/img_4402.jpeg","contentUrl":"https:\/\/le-grenier.org\/wp-content\/uploads\/2026\/02\/img_4402.jpeg","width":1169,"height":1061,"caption":"Screenshot"},{"@type":"WebPage","@id":"https:\/\/le-grenier.org\/index.php\/produit\/bol-chou\/#webpage","url":"https:\/\/le-grenier.org\/index.php\/produit\/bol-chou\/","name":"Bol chou - Le Grenier - brocante et am\u00e9nagement","isPartOf":{"@id":"https:\/\/le-grenier.org\/#website"},"primaryImageOfPage":{"@id":"https:\/\/le-grenier.org\/index.php\/produit\/bol-chou\/#primaryimage"},"datePublished":"2026-02-17T12:23:12+00:00","dateModified":"2026-02-17T12:37:52+00:00","breadcrumb":{"@id":"https:\/\/le-grenier.org\/index.php\/produit\/bol-chou\/#breadcrumb"},"inLanguage":"fr-FR","potentialAction":[{"@type":"ReadAction","target":["https:\/\/le-grenier.org\/index.php\/produit\/bol-chou\/"]}]},{"@type":"BreadcrumbList","@id":"https:\/\/le-grenier.org\/index.php\/produit\/bol-chou\/#breadcrumb","itemListElement":[{"@type":"ListItem","position":1,"name":"Accueil","item":"https:\/\/le-grenier.org\/"},{"@type":"ListItem","position":2,"name":"Boutique en ligne","item":"https:\/\/le-grenier.org\/"},{"@type":"ListItem","position":3,"name":"Bol chou"}]}]}},"_links":{"self":[{"href":"https:\/\/le-grenier.org\/index.php\/wp-json\/wp\/v2\/product\/59580"}],"collection":[{"href":"https:\/\/le-grenier.org\/index.php\/wp-json\/wp\/v2\/product"}],"about":[{"href":"https:\/\/le-grenier.org\/index.php\/wp-json\/wp\/v2\/types\/product"}],"wp:featuredmedia":[{"embeddable":true,"href":"https:\/\/le-grenier.org\/index.php\/wp-json\/wp\/v2\/media\/59581"}],"wp:attachment":[{"href":"https:\/\/le-grenier.org\/index.php\/wp-json\/wp\/v2\/media?parent=59580"}],"wp:term":[{"taxonomy":"product_cat","embeddable":true,"href":"https:\/\/le-grenier.org\/index.php\/wp-json\/wp\/v2\/product_cat?post=59580"},{"taxonomy":"product_tag","embeddable":true,"href":"https:\/\/le-grenier.org\/index.php\/wp-json\/wp\/v2\/product_tag?post=59580"}],"curies":[{"name":"wp","href":"https:\/\/api.w.org\/{rel}","templated":true}]}}