{"id":59591,"date":"2026-02-17T14:07:15","date_gmt":"2026-02-17T13:07:15","guid":{"rendered":"https:\/\/le-grenier.org\/index.php\/produit\/etui-vache\/"},"modified":"2026-02-18T09:31:41","modified_gmt":"2026-02-18T08:31:41","slug":"etui-vache","status":"publish","type":"product","link":"https:\/\/le-grenier.org\/index.php\/produit\/etui-vache\/","title":{"rendered":"Etui vache"},"content":{"rendered":"<p>\u2728 \u00c9tui \u00e0 lunettes vintage en cuir et peau de vache<\/p>\n<p>Authentique \u00e9tui ancien alliant cuir et v\u00e9ritable peau de vache, au charme r\u00e9tro et \u00e0 l\u2019esth\u00e9tique unique.<\/p>\n<p>\ud83d\udd38 Fermeture : m\u00e9tal \u00e0 clapet<\/p>\n<p>\ud83d\udd38 Dimensions : 18 \u00d7 9 cm<\/p>\n<p>\ud83d\udd38 \u00c9tat : bon \u00e9tat g\u00e9n\u00e9ral, belle patine du temps<\/p>\n<p>\ud83d\udd38 Style : vintage \/ brocante \/ d\u00e9coration authentique<\/p>\n<p>Chaque pi\u00e8ce est unique gr\u00e2ce aux variations naturelles de la peau.<\/p>\n<p>Id\u00e9al pour prot\u00e9ger vos lunettes ou comme objet d\u00e9co original dans un int\u00e9rieur de caract\u00e8re.<\/p>\n<p>\ud83d\udce6 Exp\u00e9dition<\/p>\n<p>Envoi rapide, soign\u00e9 et s\u00e9curis\u00e9, avec protection renforc\u00e9e.<\/p>\n","protected":false},"excerpt":{"rendered":"<p>\u2728 \u00c9tui \u00e0 lunettes vintage en cuir et peau de vache Authentique \u00e9tui ancien alliant cuir et v\u00e9ritable peau de&hellip;<\/p>\n","protected":false},"featured_media":59595,"template":"","meta":{"ngg_post_thumbnail":0},"product_cat":[58,35],"product_tag":[],"yoast_head":"<!-- This site is optimized with the Yoast SEO plugin v17.9 - https:\/\/yoast.com\/wordpress\/plugins\/seo\/ -->\n<title>Etui vache - Le Grenier - brocante et am\u00e9nagement<\/title>\n<meta name=\"robots\" content=\"index, follow, max-snippet:-1, max-image-preview:large, max-video-preview:-1\" \/>\n<link rel=\"canonical\" href=\"https:\/\/le-grenier.org\/index.php\/produit\/etui-vache\/\" \/>\n<meta property=\"og:locale\" content=\"fr_FR\" \/>\n<meta property=\"og:type\" content=\"article\" \/>\n<meta property=\"og:title\" content=\"Etui vache - Le Grenier - brocante et am\u00e9nagement\" \/>\n<meta property=\"og:description\" content=\"\u2728 \u00c9tui \u00e0 lunettes vintage en cuir et peau de vache Authentique \u00e9tui ancien alliant cuir et v\u00e9ritable peau de&hellip;\" \/>\n<meta property=\"og:url\" content=\"https:\/\/le-grenier.org\/index.php\/produit\/etui-vache\/\" \/>\n<meta property=\"og:site_name\" content=\"Le Grenier - brocante et am\u00e9nagement\" \/>\n<meta property=\"article:modified_time\" content=\"2026-02-18T08:31:41+00:00\" \/>\n<meta name=\"twitter:card\" content=\"summary_large_image\" \/>\n<script type=\"application\/ld+json\" class=\"yoast-schema-graph\">{\"@context\":\"https:\/\/schema.org\",\"@graph\":[{\"@type\":\"WebSite\",\"@id\":\"https:\/\/le-grenier.org\/#website\",\"url\":\"https:\/\/le-grenier.org\/\",\"name\":\"Le Grenier - brocante et am\\u00e9nagement\",\"description\":\"\",\"potentialAction\":[{\"@type\":\"SearchAction\",\"target\":{\"@type\":\"EntryPoint\",\"urlTemplate\":\"https:\/\/le-grenier.org\/?s={search_term_string}\"},\"query-input\":\"required name=search_term_string\"}],\"inLanguage\":\"fr-FR\"},{\"@type\":\"ImageObject\",\"@id\":\"https:\/\/le-grenier.org\/index.php\/produit\/etui-vache\/#primaryimage\",\"inLanguage\":\"fr-FR\",\"url\":\"https:\/\/le-grenier.org\/wp-content\/uploads\/2026\/02\/img_4403-5-1.jpeg\",\"contentUrl\":\"https:\/\/le-grenier.org\/wp-content\/uploads\/2026\/02\/img_4403-5-1.jpeg\",\"width\":1170,\"height\":1445,\"caption\":\"Screenshot\"},{\"@type\":\"WebPage\",\"@id\":\"https:\/\/le-grenier.org\/index.php\/produit\/etui-vache\/#webpage\",\"url\":\"https:\/\/le-grenier.org\/index.php\/produit\/etui-vache\/\",\"name\":\"Etui vache - Le Grenier - brocante et am\\u00e9nagement\",\"isPartOf\":{\"@id\":\"https:\/\/le-grenier.org\/#website\"},\"primaryImageOfPage\":{\"@id\":\"https:\/\/le-grenier.org\/index.php\/produit\/etui-vache\/#primaryimage\"},\"datePublished\":\"2026-02-17T13:07:15+00:00\",\"dateModified\":\"2026-02-18T08:31:41+00:00\",\"breadcrumb\":{\"@id\":\"https:\/\/le-grenier.org\/index.php\/produit\/etui-vache\/#breadcrumb\"},\"inLanguage\":\"fr-FR\",\"potentialAction\":[{\"@type\":\"ReadAction\",\"target\":[\"https:\/\/le-grenier.org\/index.php\/produit\/etui-vache\/\"]}]},{\"@type\":\"BreadcrumbList\",\"@id\":\"https:\/\/le-grenier.org\/index.php\/produit\/etui-vache\/#breadcrumb\",\"itemListElement\":[{\"@type\":\"ListItem\",\"position\":1,\"name\":\"Accueil\",\"item\":\"https:\/\/le-grenier.org\/\"},{\"@type\":\"ListItem\",\"position\":2,\"name\":\"Boutique en ligne\",\"item\":\"https:\/\/le-grenier.org\/\"},{\"@type\":\"ListItem\",\"position\":3,\"name\":\"Etui vache\"}]}]}<\/script>\n<!-- \/ Yoast SEO plugin. -->","yoast_head_json":{"title":"Etui vache - Le Grenier - brocante et am\u00e9nagement","robots":{"index":"index","follow":"follow","max-snippet":"max-snippet:-1","max-image-preview":"max-image-preview:large","max-video-preview":"max-video-preview:-1"},"canonical":"https:\/\/le-grenier.org\/index.php\/produit\/etui-vache\/","og_locale":"fr_FR","og_type":"article","og_title":"Etui vache - Le Grenier - brocante et am\u00e9nagement","og_description":"\u2728 \u00c9tui \u00e0 lunettes vintage en cuir et peau de vache Authentique \u00e9tui ancien alliant cuir et v\u00e9ritable peau de&hellip;","og_url":"https:\/\/le-grenier.org\/index.php\/produit\/etui-vache\/","og_site_name":"Le Grenier - brocante et am\u00e9nagement","article_modified_time":"2026-02-18T08:31:41+00:00","twitter_card":"summary_large_image","schema":{"@context":"https:\/\/schema.org","@graph":[{"@type":"WebSite","@id":"https:\/\/le-grenier.org\/#website","url":"https:\/\/le-grenier.org\/","name":"Le Grenier - brocante et am\u00e9nagement","description":"","potentialAction":[{"@type":"SearchAction","target":{"@type":"EntryPoint","urlTemplate":"https:\/\/le-grenier.org\/?s={search_term_string}"},"query-input":"required name=search_term_string"}],"inLanguage":"fr-FR"},{"@type":"ImageObject","@id":"https:\/\/le-grenier.org\/index.php\/produit\/etui-vache\/#primaryimage","inLanguage":"fr-FR","url":"https:\/\/le-grenier.org\/wp-content\/uploads\/2026\/02\/img_4403-5-1.jpeg","contentUrl":"https:\/\/le-grenier.org\/wp-content\/uploads\/2026\/02\/img_4403-5-1.jpeg","width":1170,"height":1445,"caption":"Screenshot"},{"@type":"WebPage","@id":"https:\/\/le-grenier.org\/index.php\/produit\/etui-vache\/#webpage","url":"https:\/\/le-grenier.org\/index.php\/produit\/etui-vache\/","name":"Etui vache - Le Grenier - brocante et am\u00e9nagement","isPartOf":{"@id":"https:\/\/le-grenier.org\/#website"},"primaryImageOfPage":{"@id":"https:\/\/le-grenier.org\/index.php\/produit\/etui-vache\/#primaryimage"},"datePublished":"2026-02-17T13:07:15+00:00","dateModified":"2026-02-18T08:31:41+00:00","breadcrumb":{"@id":"https:\/\/le-grenier.org\/index.php\/produit\/etui-vache\/#breadcrumb"},"inLanguage":"fr-FR","potentialAction":[{"@type":"ReadAction","target":["https:\/\/le-grenier.org\/index.php\/produit\/etui-vache\/"]}]},{"@type":"BreadcrumbList","@id":"https:\/\/le-grenier.org\/index.php\/produit\/etui-vache\/#breadcrumb","itemListElement":[{"@type":"ListItem","position":1,"name":"Accueil","item":"https:\/\/le-grenier.org\/"},{"@type":"ListItem","position":2,"name":"Boutique en ligne","item":"https:\/\/le-grenier.org\/"},{"@type":"ListItem","position":3,"name":"Etui vache"}]}]}},"_links":{"self":[{"href":"https:\/\/le-grenier.org\/index.php\/wp-json\/wp\/v2\/product\/59591"}],"collection":[{"href":"https:\/\/le-grenier.org\/index.php\/wp-json\/wp\/v2\/product"}],"about":[{"href":"https:\/\/le-grenier.org\/index.php\/wp-json\/wp\/v2\/types\/product"}],"wp:featuredmedia":[{"embeddable":true,"href":"https:\/\/le-grenier.org\/index.php\/wp-json\/wp\/v2\/media\/59595"}],"wp:attachment":[{"href":"https:\/\/le-grenier.org\/index.php\/wp-json\/wp\/v2\/media?parent=59591"}],"wp:term":[{"taxonomy":"product_cat","embeddable":true,"href":"https:\/\/le-grenier.org\/index.php\/wp-json\/wp\/v2\/product_cat?post=59591"},{"taxonomy":"product_tag","embeddable":true,"href":"https:\/\/le-grenier.org\/index.php\/wp-json\/wp\/v2\/product_tag?post=59591"}],"curies":[{"name":"wp","href":"https:\/\/api.w.org\/{rel}","templated":true}]}}