{"id":59604,"date":"2026-02-19T10:53:43","date_gmt":"2026-02-19T09:53:43","guid":{"rendered":"https:\/\/le-grenier.org\/index.php\/produit\/teckel-moyen-2\/"},"modified":"2026-02-19T10:55:04","modified_gmt":"2026-02-19T09:55:04","slug":"teckel-moyen-2","status":"publish","type":"product","link":"https:\/\/le-grenier.org\/index.php\/produit\/teckel-moyen-2\/","title":{"rendered":"Teckel moyen 2"},"content":{"rendered":"<p>\u2728 Teckel en laiton vintage \u2728<\/p>\n<p>Apportez une touche d\u2019\u00e9l\u00e9gance et de caract\u00e8re \u00e0 votre int\u00e9rieur avec ce charmant teckel en laiton. Un objet d\u00e9coratif plein de charme, id\u00e9al pour les amateurs de pi\u00e8ces authentiques et intemporelles.<\/p>\n<p>\ud83d\udccf Dimensions :<\/p>\n<p>\u2022 Hauteur : 9 cm<\/p>\n<p>\u2022 Longueur : 10 cm<\/p>\n<p>\u2022 Largeur : 5 cm<\/p>\n<p>\ud83e\ude84 Disponibilit\u00e9 :<\/p>\n<p>Un second exemplaire est \u00e9galement disponible, pr\u00e9sentant de tr\u00e8s l\u00e9g\u00e8res diff\u00e9rences, rendant chaque pi\u00e8ce unique.<\/p>\n<p>\ud83d\udce6 Exp\u00e9dition :<\/p>\n<p>Envoi rapide, soign\u00e9 et s\u00e9curis\u00e9, avec une protection renforc\u00e9e pour les objets fragiles.<\/p>\n","protected":false},"excerpt":{"rendered":"<p>\u2728 Teckel en laiton vintage \u2728 Apportez une touche d\u2019\u00e9l\u00e9gance et de caract\u00e8re \u00e0 votre int\u00e9rieur avec ce charmant teckel&hellip;<\/p>\n","protected":false},"featured_media":59605,"template":"","meta":{"ngg_post_thumbnail":0},"product_cat":[61,54],"product_tag":[],"yoast_head":"<!-- This site is optimized with the Yoast SEO plugin v17.9 - https:\/\/yoast.com\/wordpress\/plugins\/seo\/ -->\n<title>Teckel moyen 2 - Le Grenier - brocante et am\u00e9nagement<\/title>\n<meta name=\"robots\" content=\"index, follow, max-snippet:-1, max-image-preview:large, max-video-preview:-1\" \/>\n<link rel=\"canonical\" href=\"https:\/\/le-grenier.org\/index.php\/produit\/teckel-moyen-2\/\" \/>\n<meta property=\"og:locale\" content=\"fr_FR\" \/>\n<meta property=\"og:type\" content=\"article\" \/>\n<meta property=\"og:title\" content=\"Teckel moyen 2 - Le Grenier - brocante et am\u00e9nagement\" \/>\n<meta property=\"og:description\" content=\"\u2728 Teckel en laiton vintage \u2728 Apportez une touche d\u2019\u00e9l\u00e9gance et de caract\u00e8re \u00e0 votre int\u00e9rieur avec ce charmant teckel&hellip;\" \/>\n<meta property=\"og:url\" content=\"https:\/\/le-grenier.org\/index.php\/produit\/teckel-moyen-2\/\" \/>\n<meta property=\"og:site_name\" content=\"Le Grenier - brocante et am\u00e9nagement\" \/>\n<meta property=\"article:modified_time\" content=\"2026-02-19T09:55:04+00:00\" \/>\n<meta name=\"twitter:card\" content=\"summary_large_image\" \/>\n<script type=\"application\/ld+json\" class=\"yoast-schema-graph\">{\"@context\":\"https:\/\/schema.org\",\"@graph\":[{\"@type\":\"WebSite\",\"@id\":\"https:\/\/le-grenier.org\/#website\",\"url\":\"https:\/\/le-grenier.org\/\",\"name\":\"Le Grenier - brocante et am\\u00e9nagement\",\"description\":\"\",\"potentialAction\":[{\"@type\":\"SearchAction\",\"target\":{\"@type\":\"EntryPoint\",\"urlTemplate\":\"https:\/\/le-grenier.org\/?s={search_term_string}\"},\"query-input\":\"required name=search_term_string\"}],\"inLanguage\":\"fr-FR\"},{\"@type\":\"ImageObject\",\"@id\":\"https:\/\/le-grenier.org\/index.php\/produit\/teckel-moyen-2\/#primaryimage\",\"inLanguage\":\"fr-FR\",\"url\":\"https:\/\/le-grenier.org\/wp-content\/uploads\/2026\/02\/img_4406-1.jpeg\",\"contentUrl\":\"https:\/\/le-grenier.org\/wp-content\/uploads\/2026\/02\/img_4406-1.jpeg\",\"width\":1160,\"height\":1536,\"caption\":\"Screenshot\"},{\"@type\":\"WebPage\",\"@id\":\"https:\/\/le-grenier.org\/index.php\/produit\/teckel-moyen-2\/#webpage\",\"url\":\"https:\/\/le-grenier.org\/index.php\/produit\/teckel-moyen-2\/\",\"name\":\"Teckel moyen 2 - Le Grenier - brocante et am\\u00e9nagement\",\"isPartOf\":{\"@id\":\"https:\/\/le-grenier.org\/#website\"},\"primaryImageOfPage\":{\"@id\":\"https:\/\/le-grenier.org\/index.php\/produit\/teckel-moyen-2\/#primaryimage\"},\"datePublished\":\"2026-02-19T09:53:43+00:00\",\"dateModified\":\"2026-02-19T09:55:04+00:00\",\"breadcrumb\":{\"@id\":\"https:\/\/le-grenier.org\/index.php\/produit\/teckel-moyen-2\/#breadcrumb\"},\"inLanguage\":\"fr-FR\",\"potentialAction\":[{\"@type\":\"ReadAction\",\"target\":[\"https:\/\/le-grenier.org\/index.php\/produit\/teckel-moyen-2\/\"]}]},{\"@type\":\"BreadcrumbList\",\"@id\":\"https:\/\/le-grenier.org\/index.php\/produit\/teckel-moyen-2\/#breadcrumb\",\"itemListElement\":[{\"@type\":\"ListItem\",\"position\":1,\"name\":\"Accueil\",\"item\":\"https:\/\/le-grenier.org\/\"},{\"@type\":\"ListItem\",\"position\":2,\"name\":\"Boutique en ligne\",\"item\":\"https:\/\/le-grenier.org\/\"},{\"@type\":\"ListItem\",\"position\":3,\"name\":\"Teckel moyen 2\"}]}]}<\/script>\n<!-- \/ Yoast SEO plugin. -->","yoast_head_json":{"title":"Teckel moyen 2 - Le Grenier - brocante et am\u00e9nagement","robots":{"index":"index","follow":"follow","max-snippet":"max-snippet:-1","max-image-preview":"max-image-preview:large","max-video-preview":"max-video-preview:-1"},"canonical":"https:\/\/le-grenier.org\/index.php\/produit\/teckel-moyen-2\/","og_locale":"fr_FR","og_type":"article","og_title":"Teckel moyen 2 - Le Grenier - brocante et am\u00e9nagement","og_description":"\u2728 Teckel en laiton vintage \u2728 Apportez une touche d\u2019\u00e9l\u00e9gance et de caract\u00e8re \u00e0 votre int\u00e9rieur avec ce charmant teckel&hellip;","og_url":"https:\/\/le-grenier.org\/index.php\/produit\/teckel-moyen-2\/","og_site_name":"Le Grenier - brocante et am\u00e9nagement","article_modified_time":"2026-02-19T09:55:04+00:00","twitter_card":"summary_large_image","schema":{"@context":"https:\/\/schema.org","@graph":[{"@type":"WebSite","@id":"https:\/\/le-grenier.org\/#website","url":"https:\/\/le-grenier.org\/","name":"Le Grenier - brocante et am\u00e9nagement","description":"","potentialAction":[{"@type":"SearchAction","target":{"@type":"EntryPoint","urlTemplate":"https:\/\/le-grenier.org\/?s={search_term_string}"},"query-input":"required name=search_term_string"}],"inLanguage":"fr-FR"},{"@type":"ImageObject","@id":"https:\/\/le-grenier.org\/index.php\/produit\/teckel-moyen-2\/#primaryimage","inLanguage":"fr-FR","url":"https:\/\/le-grenier.org\/wp-content\/uploads\/2026\/02\/img_4406-1.jpeg","contentUrl":"https:\/\/le-grenier.org\/wp-content\/uploads\/2026\/02\/img_4406-1.jpeg","width":1160,"height":1536,"caption":"Screenshot"},{"@type":"WebPage","@id":"https:\/\/le-grenier.org\/index.php\/produit\/teckel-moyen-2\/#webpage","url":"https:\/\/le-grenier.org\/index.php\/produit\/teckel-moyen-2\/","name":"Teckel moyen 2 - Le Grenier - brocante et am\u00e9nagement","isPartOf":{"@id":"https:\/\/le-grenier.org\/#website"},"primaryImageOfPage":{"@id":"https:\/\/le-grenier.org\/index.php\/produit\/teckel-moyen-2\/#primaryimage"},"datePublished":"2026-02-19T09:53:43+00:00","dateModified":"2026-02-19T09:55:04+00:00","breadcrumb":{"@id":"https:\/\/le-grenier.org\/index.php\/produit\/teckel-moyen-2\/#breadcrumb"},"inLanguage":"fr-FR","potentialAction":[{"@type":"ReadAction","target":["https:\/\/le-grenier.org\/index.php\/produit\/teckel-moyen-2\/"]}]},{"@type":"BreadcrumbList","@id":"https:\/\/le-grenier.org\/index.php\/produit\/teckel-moyen-2\/#breadcrumb","itemListElement":[{"@type":"ListItem","position":1,"name":"Accueil","item":"https:\/\/le-grenier.org\/"},{"@type":"ListItem","position":2,"name":"Boutique en ligne","item":"https:\/\/le-grenier.org\/"},{"@type":"ListItem","position":3,"name":"Teckel moyen 2"}]}]}},"_links":{"self":[{"href":"https:\/\/le-grenier.org\/index.php\/wp-json\/wp\/v2\/product\/59604"}],"collection":[{"href":"https:\/\/le-grenier.org\/index.php\/wp-json\/wp\/v2\/product"}],"about":[{"href":"https:\/\/le-grenier.org\/index.php\/wp-json\/wp\/v2\/types\/product"}],"wp:featuredmedia":[{"embeddable":true,"href":"https:\/\/le-grenier.org\/index.php\/wp-json\/wp\/v2\/media\/59605"}],"wp:attachment":[{"href":"https:\/\/le-grenier.org\/index.php\/wp-json\/wp\/v2\/media?parent=59604"}],"wp:term":[{"taxonomy":"product_cat","embeddable":true,"href":"https:\/\/le-grenier.org\/index.php\/wp-json\/wp\/v2\/product_cat?post=59604"},{"taxonomy":"product_tag","embeddable":true,"href":"https:\/\/le-grenier.org\/index.php\/wp-json\/wp\/v2\/product_tag?post=59604"}],"curies":[{"name":"wp","href":"https:\/\/api.w.org\/{rel}","templated":true}]}}