{"id":59648,"date":"2026-03-05T18:28:38","date_gmt":"2026-03-05T17:28:38","guid":{"rendered":"https:\/\/le-grenier.org\/index.php\/produit\/mortier-et-pilon-4\/"},"modified":"2026-03-05T18:33:07","modified_gmt":"2026-03-05T17:33:07","slug":"mortier-et-pilon-4","status":"publish","type":"product","link":"https:\/\/le-grenier.org\/index.php\/produit\/mortier-et-pilon-4\/","title":{"rendered":"Mortier et pilon"},"content":{"rendered":"<p>Mortier et pilon ancien en bois tourn\u00e9 \u2013 belle patine<\/p>\n<p>Authentique mortier et son pilon en bois, au charme rustique et \u00e0 la patine naturelle du temps.<\/p>\n<p>Un bel objet ancien, id\u00e9al pour une cuisine authentique, une d\u00e9coration campagne chic ou pour les amateurs de brocante.<\/p>\n<p>Il peut servir en cuisine pour \u00e9craser \u00e9pices et herbes, ou simplement comme objet d\u00e9coratif plein de caract\u00e8re.<\/p>\n<p>Dimensions :<\/p>\n<p>\u2022 Hauteur du mortier : 12 cm<\/p>\n<p>\u2022 Diam\u00e8tre : 13 cm<\/p>\n<p>\u2022 Longueur du pilon : 22 cm<\/p>\n<p>Objet ancien en bon \u00e9tat avec traces du temps qui font tout son charme.<\/p>\n<p>\ud83d\udce6 Envoi rapide et particuli\u00e8rement soign\u00e9<\/p>\n<p>\ud83c\udf81 Parfait comme id\u00e9e cadeau pour les amateurs de brocante, de d\u00e9coration naturelle et d\u2019objets authentiques<\/p>\n","protected":false},"excerpt":{"rendered":"<p>Mortier et pilon ancien en bois tourn\u00e9 \u2013 belle patine Authentique mortier et son pilon en bois, au charme rustique&hellip;<\/p>\n","protected":false},"featured_media":59649,"template":"","meta":{"ngg_post_thumbnail":0},"product_cat":[40,46,27],"product_tag":[],"yoast_head":"<!-- This site is optimized with the Yoast SEO plugin v17.9 - https:\/\/yoast.com\/wordpress\/plugins\/seo\/ -->\n<title>Mortier et pilon - Le Grenier - brocante et am\u00e9nagement<\/title>\n<meta name=\"robots\" content=\"index, follow, max-snippet:-1, max-image-preview:large, max-video-preview:-1\" \/>\n<link rel=\"canonical\" href=\"https:\/\/le-grenier.org\/index.php\/produit\/mortier-et-pilon-4\/\" \/>\n<meta property=\"og:locale\" content=\"fr_FR\" \/>\n<meta property=\"og:type\" content=\"article\" \/>\n<meta property=\"og:title\" content=\"Mortier et pilon - Le Grenier - brocante et am\u00e9nagement\" \/>\n<meta property=\"og:description\" content=\"Mortier et pilon ancien en bois tourn\u00e9 \u2013 belle patine Authentique mortier et son pilon en bois, au charme rustique&hellip;\" \/>\n<meta property=\"og:url\" content=\"https:\/\/le-grenier.org\/index.php\/produit\/mortier-et-pilon-4\/\" \/>\n<meta property=\"og:site_name\" content=\"Le Grenier - brocante et am\u00e9nagement\" \/>\n<meta property=\"article:modified_time\" content=\"2026-03-05T17:33:07+00:00\" \/>\n<meta name=\"twitter:card\" content=\"summary_large_image\" \/>\n<meta name=\"twitter:label1\" content=\"Dur\u00e9e de lecture estim\u00e9e\" \/>\n\t<meta name=\"twitter:data1\" content=\"1 minute\" \/>\n<script type=\"application\/ld+json\" class=\"yoast-schema-graph\">{\"@context\":\"https:\/\/schema.org\",\"@graph\":[{\"@type\":\"WebSite\",\"@id\":\"https:\/\/le-grenier.org\/#website\",\"url\":\"https:\/\/le-grenier.org\/\",\"name\":\"Le Grenier - brocante et am\\u00e9nagement\",\"description\":\"\",\"potentialAction\":[{\"@type\":\"SearchAction\",\"target\":{\"@type\":\"EntryPoint\",\"urlTemplate\":\"https:\/\/le-grenier.org\/?s={search_term_string}\"},\"query-input\":\"required name=search_term_string\"}],\"inLanguage\":\"fr-FR\"},{\"@type\":\"ImageObject\",\"@id\":\"https:\/\/le-grenier.org\/index.php\/produit\/mortier-et-pilon-4\/#primaryimage\",\"inLanguage\":\"fr-FR\",\"url\":\"https:\/\/le-grenier.org\/wp-content\/uploads\/2026\/03\/img_4578.jpeg\",\"contentUrl\":\"https:\/\/le-grenier.org\/wp-content\/uploads\/2026\/03\/img_4578.jpeg\",\"width\":1170,\"height\":1529,\"caption\":\"Screenshot\"},{\"@type\":\"WebPage\",\"@id\":\"https:\/\/le-grenier.org\/index.php\/produit\/mortier-et-pilon-4\/#webpage\",\"url\":\"https:\/\/le-grenier.org\/index.php\/produit\/mortier-et-pilon-4\/\",\"name\":\"Mortier et pilon - Le Grenier - brocante et am\\u00e9nagement\",\"isPartOf\":{\"@id\":\"https:\/\/le-grenier.org\/#website\"},\"primaryImageOfPage\":{\"@id\":\"https:\/\/le-grenier.org\/index.php\/produit\/mortier-et-pilon-4\/#primaryimage\"},\"datePublished\":\"2026-03-05T17:28:38+00:00\",\"dateModified\":\"2026-03-05T17:33:07+00:00\",\"breadcrumb\":{\"@id\":\"https:\/\/le-grenier.org\/index.php\/produit\/mortier-et-pilon-4\/#breadcrumb\"},\"inLanguage\":\"fr-FR\",\"potentialAction\":[{\"@type\":\"ReadAction\",\"target\":[\"https:\/\/le-grenier.org\/index.php\/produit\/mortier-et-pilon-4\/\"]}]},{\"@type\":\"BreadcrumbList\",\"@id\":\"https:\/\/le-grenier.org\/index.php\/produit\/mortier-et-pilon-4\/#breadcrumb\",\"itemListElement\":[{\"@type\":\"ListItem\",\"position\":1,\"name\":\"Accueil\",\"item\":\"https:\/\/le-grenier.org\/\"},{\"@type\":\"ListItem\",\"position\":2,\"name\":\"Boutique en ligne\",\"item\":\"https:\/\/le-grenier.org\/\"},{\"@type\":\"ListItem\",\"position\":3,\"name\":\"Mortier et pilon\"}]}]}<\/script>\n<!-- \/ Yoast SEO plugin. -->","yoast_head_json":{"title":"Mortier et pilon - Le Grenier - brocante et am\u00e9nagement","robots":{"index":"index","follow":"follow","max-snippet":"max-snippet:-1","max-image-preview":"max-image-preview:large","max-video-preview":"max-video-preview:-1"},"canonical":"https:\/\/le-grenier.org\/index.php\/produit\/mortier-et-pilon-4\/","og_locale":"fr_FR","og_type":"article","og_title":"Mortier et pilon - Le Grenier - brocante et am\u00e9nagement","og_description":"Mortier et pilon ancien en bois tourn\u00e9 \u2013 belle patine Authentique mortier et son pilon en bois, au charme rustique&hellip;","og_url":"https:\/\/le-grenier.org\/index.php\/produit\/mortier-et-pilon-4\/","og_site_name":"Le Grenier - brocante et am\u00e9nagement","article_modified_time":"2026-03-05T17:33:07+00:00","twitter_card":"summary_large_image","twitter_misc":{"Dur\u00e9e de lecture estim\u00e9e":"1 minute"},"schema":{"@context":"https:\/\/schema.org","@graph":[{"@type":"WebSite","@id":"https:\/\/le-grenier.org\/#website","url":"https:\/\/le-grenier.org\/","name":"Le Grenier - brocante et am\u00e9nagement","description":"","potentialAction":[{"@type":"SearchAction","target":{"@type":"EntryPoint","urlTemplate":"https:\/\/le-grenier.org\/?s={search_term_string}"},"query-input":"required name=search_term_string"}],"inLanguage":"fr-FR"},{"@type":"ImageObject","@id":"https:\/\/le-grenier.org\/index.php\/produit\/mortier-et-pilon-4\/#primaryimage","inLanguage":"fr-FR","url":"https:\/\/le-grenier.org\/wp-content\/uploads\/2026\/03\/img_4578.jpeg","contentUrl":"https:\/\/le-grenier.org\/wp-content\/uploads\/2026\/03\/img_4578.jpeg","width":1170,"height":1529,"caption":"Screenshot"},{"@type":"WebPage","@id":"https:\/\/le-grenier.org\/index.php\/produit\/mortier-et-pilon-4\/#webpage","url":"https:\/\/le-grenier.org\/index.php\/produit\/mortier-et-pilon-4\/","name":"Mortier et pilon - Le Grenier - brocante et am\u00e9nagement","isPartOf":{"@id":"https:\/\/le-grenier.org\/#website"},"primaryImageOfPage":{"@id":"https:\/\/le-grenier.org\/index.php\/produit\/mortier-et-pilon-4\/#primaryimage"},"datePublished":"2026-03-05T17:28:38+00:00","dateModified":"2026-03-05T17:33:07+00:00","breadcrumb":{"@id":"https:\/\/le-grenier.org\/index.php\/produit\/mortier-et-pilon-4\/#breadcrumb"},"inLanguage":"fr-FR","potentialAction":[{"@type":"ReadAction","target":["https:\/\/le-grenier.org\/index.php\/produit\/mortier-et-pilon-4\/"]}]},{"@type":"BreadcrumbList","@id":"https:\/\/le-grenier.org\/index.php\/produit\/mortier-et-pilon-4\/#breadcrumb","itemListElement":[{"@type":"ListItem","position":1,"name":"Accueil","item":"https:\/\/le-grenier.org\/"},{"@type":"ListItem","position":2,"name":"Boutique en ligne","item":"https:\/\/le-grenier.org\/"},{"@type":"ListItem","position":3,"name":"Mortier et pilon"}]}]}},"_links":{"self":[{"href":"https:\/\/le-grenier.org\/index.php\/wp-json\/wp\/v2\/product\/59648"}],"collection":[{"href":"https:\/\/le-grenier.org\/index.php\/wp-json\/wp\/v2\/product"}],"about":[{"href":"https:\/\/le-grenier.org\/index.php\/wp-json\/wp\/v2\/types\/product"}],"wp:featuredmedia":[{"embeddable":true,"href":"https:\/\/le-grenier.org\/index.php\/wp-json\/wp\/v2\/media\/59649"}],"wp:attachment":[{"href":"https:\/\/le-grenier.org\/index.php\/wp-json\/wp\/v2\/media?parent=59648"}],"wp:term":[{"taxonomy":"product_cat","embeddable":true,"href":"https:\/\/le-grenier.org\/index.php\/wp-json\/wp\/v2\/product_cat?post=59648"},{"taxonomy":"product_tag","embeddable":true,"href":"https:\/\/le-grenier.org\/index.php\/wp-json\/wp\/v2\/product_tag?post=59648"}],"curies":[{"name":"wp","href":"https:\/\/api.w.org\/{rel}","templated":true}]}}