{"id":59665,"date":"2026-03-06T21:21:47","date_gmt":"2026-03-06T20:21:47","guid":{"rendered":"https:\/\/le-grenier.org\/index.php\/produit\/broc-longchamp\/"},"modified":"2026-03-06T21:24:46","modified_gmt":"2026-03-06T20:24:46","slug":"broc-longchamp","status":"publish","type":"product","link":"https:\/\/le-grenier.org\/index.php\/produit\/broc-longchamp\/","title":{"rendered":"Broc Longchamp"},"content":{"rendered":"<p>\ud83c\udffa Broc ancien en c\u00e9ramique<\/p>\n<p>Longchamp<\/p>\n<p>\u2013 d\u00e9cor floral<\/p>\n<p>Charmant broc ancien en c\u00e9ramique de la manufacture <u><a href=\"\/\/generic-entity?number=0\">Fa\u00efencerie de Longchamp<\/a><\/u>, reconnaissable \u00e0 son \u00e9l\u00e9gant d\u00e9cor floral peint \u00e0 la main dans des tons rouges et verts. Sign\u00e9 au revers, voir photo.<\/p>\n<p>Sa forme g\u00e9n\u00e9reuse et son style authentique en font une tr\u00e8s belle pi\u00e8ce de d\u00e9coration pour une cuisine, une table rustique ou une collection de fa\u00efences anciennes.<\/p>\n<p>Caract\u00e9ristiques :<\/p>\n<p>Manufacture : Longchamp<\/p>\n<p>Mati\u00e8re : c\u00e9ramique \/ fa\u00efence<\/p>\n<p>D\u00e9cor : fleurs rouges et feuillage vert<\/p>\n<p>Hauteur : 26 cm<\/p>\n<p>Diam\u00e8tre : 17 cm<\/p>\n<p>\u00c9tat :<\/p>\n<p>Tr\u00e8s bon \u00e9tat g\u00e9n\u00e9ral, belle patine du temps. Id\u00e9al en objet d\u00e9co ou pour collectionneur.<\/p>\n<p>\ud83d\udce6 Exp\u00e9dition<\/p>\n<p>Envoi rapide, soign\u00e9 et s\u00e9curis\u00e9 avec protection renforc\u00e9e.<\/p>\n","protected":false},"excerpt":{"rendered":"<p>\ud83c\udffa Broc ancien en c\u00e9ramique Longchamp \u2013 d\u00e9cor floral Charmant broc ancien en c\u00e9ramique de la manufacture Fa\u00efencerie de Longchamp,&hellip;<\/p>\n","protected":false},"featured_media":59666,"template":"","meta":{"ngg_post_thumbnail":0},"product_cat":[40,46,48],"product_tag":[],"yoast_head":"<!-- This site is optimized with the Yoast SEO plugin v17.9 - https:\/\/yoast.com\/wordpress\/plugins\/seo\/ -->\n<title>Broc Longchamp - Le Grenier - brocante et am\u00e9nagement<\/title>\n<meta name=\"robots\" content=\"index, follow, max-snippet:-1, max-image-preview:large, max-video-preview:-1\" \/>\n<link rel=\"canonical\" href=\"https:\/\/le-grenier.org\/index.php\/produit\/broc-longchamp\/\" \/>\n<meta property=\"og:locale\" content=\"fr_FR\" \/>\n<meta property=\"og:type\" content=\"article\" \/>\n<meta property=\"og:title\" content=\"Broc Longchamp - Le Grenier - brocante et am\u00e9nagement\" \/>\n<meta property=\"og:description\" content=\"\ud83c\udffa Broc ancien en c\u00e9ramique Longchamp \u2013 d\u00e9cor floral Charmant broc ancien en c\u00e9ramique de la manufacture Fa\u00efencerie de Longchamp,&hellip;\" \/>\n<meta property=\"og:url\" content=\"https:\/\/le-grenier.org\/index.php\/produit\/broc-longchamp\/\" \/>\n<meta property=\"og:site_name\" content=\"Le Grenier - brocante et am\u00e9nagement\" \/>\n<meta property=\"article:modified_time\" content=\"2026-03-06T20:24:46+00:00\" \/>\n<meta property=\"og:image\" content=\"https:\/\/le-grenier.org\/wp-content\/uploads\/2026\/03\/img_4587-scaled.jpeg\" \/>\n\t<meta property=\"og:image:width\" content=\"1920\" \/>\n\t<meta property=\"og:image:height\" content=\"2560\" \/>\n\t<meta property=\"og:image:type\" content=\"image\/jpeg\" \/>\n<meta name=\"twitter:card\" content=\"summary_large_image\" \/>\n<meta name=\"twitter:label1\" content=\"Dur\u00e9e de lecture estim\u00e9e\" \/>\n\t<meta name=\"twitter:data1\" content=\"1 minute\" \/>\n<script type=\"application\/ld+json\" class=\"yoast-schema-graph\">{\"@context\":\"https:\/\/schema.org\",\"@graph\":[{\"@type\":\"WebSite\",\"@id\":\"https:\/\/le-grenier.org\/#website\",\"url\":\"https:\/\/le-grenier.org\/\",\"name\":\"Le Grenier - brocante et am\\u00e9nagement\",\"description\":\"\",\"potentialAction\":[{\"@type\":\"SearchAction\",\"target\":{\"@type\":\"EntryPoint\",\"urlTemplate\":\"https:\/\/le-grenier.org\/?s={search_term_string}\"},\"query-input\":\"required name=search_term_string\"}],\"inLanguage\":\"fr-FR\"},{\"@type\":\"ImageObject\",\"@id\":\"https:\/\/le-grenier.org\/index.php\/produit\/broc-longchamp\/#primaryimage\",\"inLanguage\":\"fr-FR\",\"url\":\"https:\/\/le-grenier.org\/wp-content\/uploads\/2026\/03\/img_4593.jpeg\",\"contentUrl\":\"https:\/\/le-grenier.org\/wp-content\/uploads\/2026\/03\/img_4593.jpeg\",\"width\":1170,\"height\":1583,\"caption\":\"Screenshot\"},{\"@type\":\"WebPage\",\"@id\":\"https:\/\/le-grenier.org\/index.php\/produit\/broc-longchamp\/#webpage\",\"url\":\"https:\/\/le-grenier.org\/index.php\/produit\/broc-longchamp\/\",\"name\":\"Broc Longchamp - Le Grenier - brocante et am\\u00e9nagement\",\"isPartOf\":{\"@id\":\"https:\/\/le-grenier.org\/#website\"},\"primaryImageOfPage\":{\"@id\":\"https:\/\/le-grenier.org\/index.php\/produit\/broc-longchamp\/#primaryimage\"},\"datePublished\":\"2026-03-06T20:21:47+00:00\",\"dateModified\":\"2026-03-06T20:24:46+00:00\",\"breadcrumb\":{\"@id\":\"https:\/\/le-grenier.org\/index.php\/produit\/broc-longchamp\/#breadcrumb\"},\"inLanguage\":\"fr-FR\",\"potentialAction\":[{\"@type\":\"ReadAction\",\"target\":[\"https:\/\/le-grenier.org\/index.php\/produit\/broc-longchamp\/\"]}]},{\"@type\":\"BreadcrumbList\",\"@id\":\"https:\/\/le-grenier.org\/index.php\/produit\/broc-longchamp\/#breadcrumb\",\"itemListElement\":[{\"@type\":\"ListItem\",\"position\":1,\"name\":\"Accueil\",\"item\":\"https:\/\/le-grenier.org\/\"},{\"@type\":\"ListItem\",\"position\":2,\"name\":\"Boutique en ligne\",\"item\":\"https:\/\/le-grenier.org\/\"},{\"@type\":\"ListItem\",\"position\":3,\"name\":\"Broc Longchamp\"}]}]}<\/script>\n<!-- \/ Yoast SEO plugin. -->","yoast_head_json":{"title":"Broc Longchamp - Le Grenier - brocante et am\u00e9nagement","robots":{"index":"index","follow":"follow","max-snippet":"max-snippet:-1","max-image-preview":"max-image-preview:large","max-video-preview":"max-video-preview:-1"},"canonical":"https:\/\/le-grenier.org\/index.php\/produit\/broc-longchamp\/","og_locale":"fr_FR","og_type":"article","og_title":"Broc Longchamp - Le Grenier - brocante et am\u00e9nagement","og_description":"\ud83c\udffa Broc ancien en c\u00e9ramique Longchamp \u2013 d\u00e9cor floral Charmant broc ancien en c\u00e9ramique de la manufacture Fa\u00efencerie de Longchamp,&hellip;","og_url":"https:\/\/le-grenier.org\/index.php\/produit\/broc-longchamp\/","og_site_name":"Le Grenier - brocante et am\u00e9nagement","article_modified_time":"2026-03-06T20:24:46+00:00","og_image":[{"width":1920,"height":2560,"url":"https:\/\/le-grenier.org\/wp-content\/uploads\/2026\/03\/img_4587-scaled.jpeg","type":"image\/jpeg"}],"twitter_card":"summary_large_image","twitter_misc":{"Dur\u00e9e de lecture estim\u00e9e":"1 minute"},"schema":{"@context":"https:\/\/schema.org","@graph":[{"@type":"WebSite","@id":"https:\/\/le-grenier.org\/#website","url":"https:\/\/le-grenier.org\/","name":"Le Grenier - brocante et am\u00e9nagement","description":"","potentialAction":[{"@type":"SearchAction","target":{"@type":"EntryPoint","urlTemplate":"https:\/\/le-grenier.org\/?s={search_term_string}"},"query-input":"required name=search_term_string"}],"inLanguage":"fr-FR"},{"@type":"ImageObject","@id":"https:\/\/le-grenier.org\/index.php\/produit\/broc-longchamp\/#primaryimage","inLanguage":"fr-FR","url":"https:\/\/le-grenier.org\/wp-content\/uploads\/2026\/03\/img_4593.jpeg","contentUrl":"https:\/\/le-grenier.org\/wp-content\/uploads\/2026\/03\/img_4593.jpeg","width":1170,"height":1583,"caption":"Screenshot"},{"@type":"WebPage","@id":"https:\/\/le-grenier.org\/index.php\/produit\/broc-longchamp\/#webpage","url":"https:\/\/le-grenier.org\/index.php\/produit\/broc-longchamp\/","name":"Broc Longchamp - Le Grenier - brocante et am\u00e9nagement","isPartOf":{"@id":"https:\/\/le-grenier.org\/#website"},"primaryImageOfPage":{"@id":"https:\/\/le-grenier.org\/index.php\/produit\/broc-longchamp\/#primaryimage"},"datePublished":"2026-03-06T20:21:47+00:00","dateModified":"2026-03-06T20:24:46+00:00","breadcrumb":{"@id":"https:\/\/le-grenier.org\/index.php\/produit\/broc-longchamp\/#breadcrumb"},"inLanguage":"fr-FR","potentialAction":[{"@type":"ReadAction","target":["https:\/\/le-grenier.org\/index.php\/produit\/broc-longchamp\/"]}]},{"@type":"BreadcrumbList","@id":"https:\/\/le-grenier.org\/index.php\/produit\/broc-longchamp\/#breadcrumb","itemListElement":[{"@type":"ListItem","position":1,"name":"Accueil","item":"https:\/\/le-grenier.org\/"},{"@type":"ListItem","position":2,"name":"Boutique en ligne","item":"https:\/\/le-grenier.org\/"},{"@type":"ListItem","position":3,"name":"Broc Longchamp"}]}]}},"_links":{"self":[{"href":"https:\/\/le-grenier.org\/index.php\/wp-json\/wp\/v2\/product\/59665"}],"collection":[{"href":"https:\/\/le-grenier.org\/index.php\/wp-json\/wp\/v2\/product"}],"about":[{"href":"https:\/\/le-grenier.org\/index.php\/wp-json\/wp\/v2\/types\/product"}],"wp:featuredmedia":[{"embeddable":true,"href":"https:\/\/le-grenier.org\/index.php\/wp-json\/wp\/v2\/media\/59666"}],"wp:attachment":[{"href":"https:\/\/le-grenier.org\/index.php\/wp-json\/wp\/v2\/media?parent=59665"}],"wp:term":[{"taxonomy":"product_cat","embeddable":true,"href":"https:\/\/le-grenier.org\/index.php\/wp-json\/wp\/v2\/product_cat?post=59665"},{"taxonomy":"product_tag","embeddable":true,"href":"https:\/\/le-grenier.org\/index.php\/wp-json\/wp\/v2\/product_tag?post=59665"}],"curies":[{"name":"wp","href":"https:\/\/api.w.org\/{rel}","templated":true}]}}