{"id":59676,"date":"2026-03-08T17:47:24","date_gmt":"2026-03-08T16:47:24","guid":{"rendered":"https:\/\/le-grenier.org\/index.php\/produit\/secretaire-louis-philippe\/"},"modified":"2026-05-04T18:56:59","modified_gmt":"2026-05-04T16:56:59","slug":"secretaire-louis-philippe","status":"publish","type":"product","link":"https:\/\/le-grenier.org\/index.php\/produit\/secretaire-louis-philippe\/","title":{"rendered":"Secr\u00e9taire Louis Philippe"},"content":{"rendered":"<p>\u2728 Secr\u00e9taire ancien en bois \u00e0 colonnes tourn\u00e9es  \u2013 charme authentique<\/p>\n<p>Joli secr\u00e9taire de style Louis Philippe, \u00e9poque fin 19e, avec abattant et tiroirs, parfait pour apporter une touche chaleureuse et authentique \u00e0 une d\u00e9coration int\u00e9rieure. Ses colonnes tourn\u00e9es et sa belle patine lui donnent beaucoup de caract\u00e8re.<\/p>\n<p>Il dispose de plusieurs tiroirs de rangement ainsi qu\u2019un espace \u00e9critoire une fois l\u2019abattant ouvert. Id\u00e9al en petit bureau d\u2019appoint, meuble d\u2019entr\u00e9e ou meuble d\u00e9co.<\/p>\n<p>Dimensions :<\/p>\n<p>\u2022 Largeur : 94cm<\/p>\n<p>\u2022 Profondeur : 40cm<\/p>\n<p>\u2022 Hauteur : 132 cm<\/p>\n<p>A noter :<\/p>\n<p>La clef en haut n\u2019est pas d\u2019origine, la serrure n\u2019est donc pas fonctionnelle (contrairement \u00e0 celle du tiroir \u00e0 l\u2019int\u00e9rieur, clef et  serrure fonctionnelles)<\/p>\n<p>3 tiroirs en fa\u00e7ade + 1 tiroir secret en haut<\/p>\n<p>Diverses \u00e9tag\u00e8res et tiroirs \u00e0 l\u2019int\u00e9rieur<\/p>\n<p>Cha\u00eenettes modernes<\/p>\n<p>Syst\u00e8me aimant\u00e9 rajout\u00e9<\/p>\n<p>Nombreux trous de vrillettes qui ont \u00e9t\u00e9 trait\u00e9s<\/p>\n","protected":false},"excerpt":{"rendered":"<p>\u2728 Secr\u00e9taire ancien en bois \u00e0 colonnes tourn\u00e9es \u2013 charme authentique Joli secr\u00e9taire de style Louis Philippe, \u00e9poque fin 19e,&hellip;<\/p>\n","protected":false},"featured_media":59688,"template":"","meta":{"ngg_post_thumbnail":0},"product_cat":[40,22],"product_tag":[],"yoast_head":"<!-- This site is optimized with the Yoast SEO plugin v17.9 - https:\/\/yoast.com\/wordpress\/plugins\/seo\/ -->\n<title>Secr\u00e9taire Louis Philippe - Le Grenier - brocante et am\u00e9nagement<\/title>\n<meta name=\"robots\" content=\"index, follow, max-snippet:-1, max-image-preview:large, max-video-preview:-1\" \/>\n<link rel=\"canonical\" href=\"https:\/\/le-grenier.org\/index.php\/produit\/secretaire-louis-philippe\/\" \/>\n<meta property=\"og:locale\" content=\"fr_FR\" \/>\n<meta property=\"og:type\" content=\"article\" \/>\n<meta property=\"og:title\" content=\"Secr\u00e9taire Louis Philippe - Le Grenier - brocante et am\u00e9nagement\" \/>\n<meta property=\"og:description\" content=\"\u2728 Secr\u00e9taire ancien en bois \u00e0 colonnes tourn\u00e9es \u2013 charme authentique Joli secr\u00e9taire de style Louis Philippe, \u00e9poque fin 19e,&hellip;\" \/>\n<meta property=\"og:url\" content=\"https:\/\/le-grenier.org\/index.php\/produit\/secretaire-louis-philippe\/\" \/>\n<meta property=\"og:site_name\" content=\"Le Grenier - brocante et am\u00e9nagement\" \/>\n<meta property=\"article:modified_time\" content=\"2026-05-04T16:56:59+00:00\" \/>\n<meta name=\"twitter:card\" content=\"summary_large_image\" \/>\n<meta name=\"twitter:label1\" content=\"Dur\u00e9e de lecture estim\u00e9e\" \/>\n\t<meta name=\"twitter:data1\" content=\"1 minute\" \/>\n<script type=\"application\/ld+json\" class=\"yoast-schema-graph\">{\"@context\":\"https:\/\/schema.org\",\"@graph\":[{\"@type\":\"WebSite\",\"@id\":\"https:\/\/le-grenier.org\/#website\",\"url\":\"https:\/\/le-grenier.org\/\",\"name\":\"Le Grenier - brocante et am\\u00e9nagement\",\"description\":\"\",\"potentialAction\":[{\"@type\":\"SearchAction\",\"target\":{\"@type\":\"EntryPoint\",\"urlTemplate\":\"https:\/\/le-grenier.org\/?s={search_term_string}\"},\"query-input\":\"required name=search_term_string\"}],\"inLanguage\":\"fr-FR\"},{\"@type\":\"ImageObject\",\"@id\":\"https:\/\/le-grenier.org\/index.php\/produit\/secretaire-louis-philippe\/#primaryimage\",\"inLanguage\":\"fr-FR\",\"url\":\"https:\/\/le-grenier.org\/wp-content\/uploads\/2026\/03\/img_4652.jpeg\",\"contentUrl\":\"https:\/\/le-grenier.org\/wp-content\/uploads\/2026\/03\/img_4652.jpeg\",\"width\":1169,\"height\":1331,\"caption\":\"Screenshot\"},{\"@type\":\"WebPage\",\"@id\":\"https:\/\/le-grenier.org\/index.php\/produit\/secretaire-louis-philippe\/#webpage\",\"url\":\"https:\/\/le-grenier.org\/index.php\/produit\/secretaire-louis-philippe\/\",\"name\":\"Secr\\u00e9taire Louis Philippe - Le Grenier - brocante et am\\u00e9nagement\",\"isPartOf\":{\"@id\":\"https:\/\/le-grenier.org\/#website\"},\"primaryImageOfPage\":{\"@id\":\"https:\/\/le-grenier.org\/index.php\/produit\/secretaire-louis-philippe\/#primaryimage\"},\"datePublished\":\"2026-03-08T16:47:24+00:00\",\"dateModified\":\"2026-05-04T16:56:59+00:00\",\"breadcrumb\":{\"@id\":\"https:\/\/le-grenier.org\/index.php\/produit\/secretaire-louis-philippe\/#breadcrumb\"},\"inLanguage\":\"fr-FR\",\"potentialAction\":[{\"@type\":\"ReadAction\",\"target\":[\"https:\/\/le-grenier.org\/index.php\/produit\/secretaire-louis-philippe\/\"]}]},{\"@type\":\"BreadcrumbList\",\"@id\":\"https:\/\/le-grenier.org\/index.php\/produit\/secretaire-louis-philippe\/#breadcrumb\",\"itemListElement\":[{\"@type\":\"ListItem\",\"position\":1,\"name\":\"Accueil\",\"item\":\"https:\/\/le-grenier.org\/\"},{\"@type\":\"ListItem\",\"position\":2,\"name\":\"Boutique en ligne\",\"item\":\"https:\/\/le-grenier.org\/\"},{\"@type\":\"ListItem\",\"position\":3,\"name\":\"Secr\\u00e9taire Louis Philippe\"}]}]}<\/script>\n<!-- \/ Yoast SEO plugin. -->","yoast_head_json":{"title":"Secr\u00e9taire Louis Philippe - Le Grenier - brocante et am\u00e9nagement","robots":{"index":"index","follow":"follow","max-snippet":"max-snippet:-1","max-image-preview":"max-image-preview:large","max-video-preview":"max-video-preview:-1"},"canonical":"https:\/\/le-grenier.org\/index.php\/produit\/secretaire-louis-philippe\/","og_locale":"fr_FR","og_type":"article","og_title":"Secr\u00e9taire Louis Philippe - Le Grenier - brocante et am\u00e9nagement","og_description":"\u2728 Secr\u00e9taire ancien en bois \u00e0 colonnes tourn\u00e9es \u2013 charme authentique Joli secr\u00e9taire de style Louis Philippe, \u00e9poque fin 19e,&hellip;","og_url":"https:\/\/le-grenier.org\/index.php\/produit\/secretaire-louis-philippe\/","og_site_name":"Le Grenier - brocante et am\u00e9nagement","article_modified_time":"2026-05-04T16:56:59+00:00","twitter_card":"summary_large_image","twitter_misc":{"Dur\u00e9e de lecture estim\u00e9e":"1 minute"},"schema":{"@context":"https:\/\/schema.org","@graph":[{"@type":"WebSite","@id":"https:\/\/le-grenier.org\/#website","url":"https:\/\/le-grenier.org\/","name":"Le Grenier - brocante et am\u00e9nagement","description":"","potentialAction":[{"@type":"SearchAction","target":{"@type":"EntryPoint","urlTemplate":"https:\/\/le-grenier.org\/?s={search_term_string}"},"query-input":"required name=search_term_string"}],"inLanguage":"fr-FR"},{"@type":"ImageObject","@id":"https:\/\/le-grenier.org\/index.php\/produit\/secretaire-louis-philippe\/#primaryimage","inLanguage":"fr-FR","url":"https:\/\/le-grenier.org\/wp-content\/uploads\/2026\/03\/img_4652.jpeg","contentUrl":"https:\/\/le-grenier.org\/wp-content\/uploads\/2026\/03\/img_4652.jpeg","width":1169,"height":1331,"caption":"Screenshot"},{"@type":"WebPage","@id":"https:\/\/le-grenier.org\/index.php\/produit\/secretaire-louis-philippe\/#webpage","url":"https:\/\/le-grenier.org\/index.php\/produit\/secretaire-louis-philippe\/","name":"Secr\u00e9taire Louis Philippe - Le Grenier - brocante et am\u00e9nagement","isPartOf":{"@id":"https:\/\/le-grenier.org\/#website"},"primaryImageOfPage":{"@id":"https:\/\/le-grenier.org\/index.php\/produit\/secretaire-louis-philippe\/#primaryimage"},"datePublished":"2026-03-08T16:47:24+00:00","dateModified":"2026-05-04T16:56:59+00:00","breadcrumb":{"@id":"https:\/\/le-grenier.org\/index.php\/produit\/secretaire-louis-philippe\/#breadcrumb"},"inLanguage":"fr-FR","potentialAction":[{"@type":"ReadAction","target":["https:\/\/le-grenier.org\/index.php\/produit\/secretaire-louis-philippe\/"]}]},{"@type":"BreadcrumbList","@id":"https:\/\/le-grenier.org\/index.php\/produit\/secretaire-louis-philippe\/#breadcrumb","itemListElement":[{"@type":"ListItem","position":1,"name":"Accueil","item":"https:\/\/le-grenier.org\/"},{"@type":"ListItem","position":2,"name":"Boutique en ligne","item":"https:\/\/le-grenier.org\/"},{"@type":"ListItem","position":3,"name":"Secr\u00e9taire Louis Philippe"}]}]}},"_links":{"self":[{"href":"https:\/\/le-grenier.org\/index.php\/wp-json\/wp\/v2\/product\/59676"}],"collection":[{"href":"https:\/\/le-grenier.org\/index.php\/wp-json\/wp\/v2\/product"}],"about":[{"href":"https:\/\/le-grenier.org\/index.php\/wp-json\/wp\/v2\/types\/product"}],"wp:featuredmedia":[{"embeddable":true,"href":"https:\/\/le-grenier.org\/index.php\/wp-json\/wp\/v2\/media\/59688"}],"wp:attachment":[{"href":"https:\/\/le-grenier.org\/index.php\/wp-json\/wp\/v2\/media?parent=59676"}],"wp:term":[{"taxonomy":"product_cat","embeddable":true,"href":"https:\/\/le-grenier.org\/index.php\/wp-json\/wp\/v2\/product_cat?post=59676"},{"taxonomy":"product_tag","embeddable":true,"href":"https:\/\/le-grenier.org\/index.php\/wp-json\/wp\/v2\/product_tag?post=59676"}],"curies":[{"name":"wp","href":"https:\/\/api.w.org\/{rel}","templated":true}]}}