{"id":59686,"date":"2026-03-11T10:46:09","date_gmt":"2026-03-11T09:46:09","guid":{"rendered":"https:\/\/le-grenier.org\/index.php\/produit\/cintre-chocolat\/"},"modified":"2026-03-11T10:51:23","modified_gmt":"2026-03-11T09:51:23","slug":"cintre-chocolat","status":"publish","type":"product","link":"https:\/\/le-grenier.org\/index.php\/produit\/cintre-chocolat\/","title":{"rendered":"Cintre chocolat"},"content":{"rendered":"<p>Cintre vintage design par Ingo Maurer \u2013 ann\u00e9es 70 \u2013 couleur chocolat<\/p>\n<p>Rare cintre design cr\u00e9\u00e9 par Ingo Maurer et \u00e9dit\u00e9 par Flair dans les ann\u00e9es 1970.<\/p>\n<p>Une pi\u00e8ce embl\u00e9matique de la p\u00e9riode du design accessible inspir\u00e9e de l\u2019esprit Prisunic \/ Marc Held, o\u00f9 le design moderne entre dans le quotidien.<\/p>\n<p>Avec sa forme graphique et minimaliste, ce cintre peut \u00eatre utilis\u00e9 pour suspendre un v\u00eatement, mais aussi comme objet d\u00e9coratif vintage ou pop dans une entr\u00e9e, un dressing ou une boutique.<\/p>\n<p>\ud83d\udfe4 Couleur : chocolat<\/p>\n<p>\ud83e\uddf1 Mati\u00e8re : plastique rigide avec belle brillance<\/p>\n<p>\ud83d\udccf Dimensions :<\/p>\n<p>\u2022 Hauteur : 29 cm<\/p>\n<p>\u2022 Largeur : 43,5 cm<\/p>\n<p>\u2705 \u00c9tat : bel \u00e9tat g\u00e9n\u00e9ral, avec quelques l\u00e9g\u00e8res traces d\u2019usage li\u00e9es au temps (voir photo).<\/p>\n<p>Une pi\u00e8ce originale pour les amateurs de design italien des ann\u00e9es 70 et d\u2019objets vintage atypiques.<\/p>\n<p>\u2e3b<\/p>\n<p>\ud83d\udccd Remise en main propre<\/p>\n<p>Amiens ou Th\u00e9zy-Glimont<\/p>\n<p>\ud83d\udce6 Exp\u00e9dition possible<\/p>\n<p>Envoi rapide et soign\u00e9 avec protection renforc\u00e9e.<\/p>\n","protected":false},"excerpt":{"rendered":"<p>Cintre vintage design par Ingo Maurer \u2013 ann\u00e9es 70 \u2013 couleur chocolat Rare cintre design cr\u00e9\u00e9 par Ingo Maurer et&hellip;<\/p>\n","protected":false},"featured_media":59687,"template":"","meta":{"ngg_post_thumbnail":0},"product_cat":[60,53,26],"product_tag":[],"yoast_head":"<!-- This site is optimized with the Yoast SEO plugin v17.9 - https:\/\/yoast.com\/wordpress\/plugins\/seo\/ -->\n<title>Cintre chocolat - Le Grenier - brocante et am\u00e9nagement<\/title>\n<meta name=\"robots\" content=\"index, follow, max-snippet:-1, max-image-preview:large, max-video-preview:-1\" \/>\n<link rel=\"canonical\" href=\"https:\/\/le-grenier.org\/index.php\/produit\/cintre-chocolat\/\" \/>\n<meta property=\"og:locale\" content=\"fr_FR\" \/>\n<meta property=\"og:type\" content=\"article\" \/>\n<meta property=\"og:title\" content=\"Cintre chocolat - Le Grenier - brocante et am\u00e9nagement\" \/>\n<meta property=\"og:description\" content=\"Cintre vintage design par Ingo Maurer \u2013 ann\u00e9es 70 \u2013 couleur chocolat Rare cintre design cr\u00e9\u00e9 par Ingo Maurer et&hellip;\" \/>\n<meta property=\"og:url\" content=\"https:\/\/le-grenier.org\/index.php\/produit\/cintre-chocolat\/\" \/>\n<meta property=\"og:site_name\" content=\"Le Grenier - brocante et am\u00e9nagement\" \/>\n<meta property=\"article:modified_time\" content=\"2026-03-11T09:51:23+00:00\" \/>\n<meta name=\"twitter:card\" content=\"summary_large_image\" \/>\n<meta name=\"twitter:label1\" content=\"Dur\u00e9e de lecture estim\u00e9e\" \/>\n\t<meta name=\"twitter:data1\" content=\"1 minute\" \/>\n<script type=\"application\/ld+json\" class=\"yoast-schema-graph\">{\"@context\":\"https:\/\/schema.org\",\"@graph\":[{\"@type\":\"WebSite\",\"@id\":\"https:\/\/le-grenier.org\/#website\",\"url\":\"https:\/\/le-grenier.org\/\",\"name\":\"Le Grenier - brocante et am\\u00e9nagement\",\"description\":\"\",\"potentialAction\":[{\"@type\":\"SearchAction\",\"target\":{\"@type\":\"EntryPoint\",\"urlTemplate\":\"https:\/\/le-grenier.org\/?s={search_term_string}\"},\"query-input\":\"required name=search_term_string\"}],\"inLanguage\":\"fr-FR\"},{\"@type\":\"ImageObject\",\"@id\":\"https:\/\/le-grenier.org\/index.php\/produit\/cintre-chocolat\/#primaryimage\",\"inLanguage\":\"fr-FR\",\"url\":\"https:\/\/le-grenier.org\/wp-content\/uploads\/2026\/03\/img_4653.jpeg\",\"contentUrl\":\"https:\/\/le-grenier.org\/wp-content\/uploads\/2026\/03\/img_4653.jpeg\",\"width\":1170,\"height\":1246,\"caption\":\"Screenshot\"},{\"@type\":\"WebPage\",\"@id\":\"https:\/\/le-grenier.org\/index.php\/produit\/cintre-chocolat\/#webpage\",\"url\":\"https:\/\/le-grenier.org\/index.php\/produit\/cintre-chocolat\/\",\"name\":\"Cintre chocolat - Le Grenier - brocante et am\\u00e9nagement\",\"isPartOf\":{\"@id\":\"https:\/\/le-grenier.org\/#website\"},\"primaryImageOfPage\":{\"@id\":\"https:\/\/le-grenier.org\/index.php\/produit\/cintre-chocolat\/#primaryimage\"},\"datePublished\":\"2026-03-11T09:46:09+00:00\",\"dateModified\":\"2026-03-11T09:51:23+00:00\",\"breadcrumb\":{\"@id\":\"https:\/\/le-grenier.org\/index.php\/produit\/cintre-chocolat\/#breadcrumb\"},\"inLanguage\":\"fr-FR\",\"potentialAction\":[{\"@type\":\"ReadAction\",\"target\":[\"https:\/\/le-grenier.org\/index.php\/produit\/cintre-chocolat\/\"]}]},{\"@type\":\"BreadcrumbList\",\"@id\":\"https:\/\/le-grenier.org\/index.php\/produit\/cintre-chocolat\/#breadcrumb\",\"itemListElement\":[{\"@type\":\"ListItem\",\"position\":1,\"name\":\"Accueil\",\"item\":\"https:\/\/le-grenier.org\/\"},{\"@type\":\"ListItem\",\"position\":2,\"name\":\"Boutique en ligne\",\"item\":\"https:\/\/le-grenier.org\/\"},{\"@type\":\"ListItem\",\"position\":3,\"name\":\"Cintre chocolat\"}]}]}<\/script>\n<!-- \/ Yoast SEO plugin. -->","yoast_head_json":{"title":"Cintre chocolat - Le Grenier - brocante et am\u00e9nagement","robots":{"index":"index","follow":"follow","max-snippet":"max-snippet:-1","max-image-preview":"max-image-preview:large","max-video-preview":"max-video-preview:-1"},"canonical":"https:\/\/le-grenier.org\/index.php\/produit\/cintre-chocolat\/","og_locale":"fr_FR","og_type":"article","og_title":"Cintre chocolat - Le Grenier - brocante et am\u00e9nagement","og_description":"Cintre vintage design par Ingo Maurer \u2013 ann\u00e9es 70 \u2013 couleur chocolat Rare cintre design cr\u00e9\u00e9 par Ingo Maurer et&hellip;","og_url":"https:\/\/le-grenier.org\/index.php\/produit\/cintre-chocolat\/","og_site_name":"Le Grenier - brocante et am\u00e9nagement","article_modified_time":"2026-03-11T09:51:23+00:00","twitter_card":"summary_large_image","twitter_misc":{"Dur\u00e9e de lecture estim\u00e9e":"1 minute"},"schema":{"@context":"https:\/\/schema.org","@graph":[{"@type":"WebSite","@id":"https:\/\/le-grenier.org\/#website","url":"https:\/\/le-grenier.org\/","name":"Le Grenier - brocante et am\u00e9nagement","description":"","potentialAction":[{"@type":"SearchAction","target":{"@type":"EntryPoint","urlTemplate":"https:\/\/le-grenier.org\/?s={search_term_string}"},"query-input":"required name=search_term_string"}],"inLanguage":"fr-FR"},{"@type":"ImageObject","@id":"https:\/\/le-grenier.org\/index.php\/produit\/cintre-chocolat\/#primaryimage","inLanguage":"fr-FR","url":"https:\/\/le-grenier.org\/wp-content\/uploads\/2026\/03\/img_4653.jpeg","contentUrl":"https:\/\/le-grenier.org\/wp-content\/uploads\/2026\/03\/img_4653.jpeg","width":1170,"height":1246,"caption":"Screenshot"},{"@type":"WebPage","@id":"https:\/\/le-grenier.org\/index.php\/produit\/cintre-chocolat\/#webpage","url":"https:\/\/le-grenier.org\/index.php\/produit\/cintre-chocolat\/","name":"Cintre chocolat - Le Grenier - brocante et am\u00e9nagement","isPartOf":{"@id":"https:\/\/le-grenier.org\/#website"},"primaryImageOfPage":{"@id":"https:\/\/le-grenier.org\/index.php\/produit\/cintre-chocolat\/#primaryimage"},"datePublished":"2026-03-11T09:46:09+00:00","dateModified":"2026-03-11T09:51:23+00:00","breadcrumb":{"@id":"https:\/\/le-grenier.org\/index.php\/produit\/cintre-chocolat\/#breadcrumb"},"inLanguage":"fr-FR","potentialAction":[{"@type":"ReadAction","target":["https:\/\/le-grenier.org\/index.php\/produit\/cintre-chocolat\/"]}]},{"@type":"BreadcrumbList","@id":"https:\/\/le-grenier.org\/index.php\/produit\/cintre-chocolat\/#breadcrumb","itemListElement":[{"@type":"ListItem","position":1,"name":"Accueil","item":"https:\/\/le-grenier.org\/"},{"@type":"ListItem","position":2,"name":"Boutique en ligne","item":"https:\/\/le-grenier.org\/"},{"@type":"ListItem","position":3,"name":"Cintre chocolat"}]}]}},"_links":{"self":[{"href":"https:\/\/le-grenier.org\/index.php\/wp-json\/wp\/v2\/product\/59686"}],"collection":[{"href":"https:\/\/le-grenier.org\/index.php\/wp-json\/wp\/v2\/product"}],"about":[{"href":"https:\/\/le-grenier.org\/index.php\/wp-json\/wp\/v2\/types\/product"}],"wp:featuredmedia":[{"embeddable":true,"href":"https:\/\/le-grenier.org\/index.php\/wp-json\/wp\/v2\/media\/59687"}],"wp:attachment":[{"href":"https:\/\/le-grenier.org\/index.php\/wp-json\/wp\/v2\/media?parent=59686"}],"wp:term":[{"taxonomy":"product_cat","embeddable":true,"href":"https:\/\/le-grenier.org\/index.php\/wp-json\/wp\/v2\/product_cat?post=59686"},{"taxonomy":"product_tag","embeddable":true,"href":"https:\/\/le-grenier.org\/index.php\/wp-json\/wp\/v2\/product_tag?post=59686"}],"curies":[{"name":"wp","href":"https:\/\/api.w.org\/{rel}","templated":true}]}}