{"id":59702,"date":"2026-03-14T18:38:20","date_gmt":"2026-03-14T17:38:20","guid":{"rendered":"https:\/\/le-grenier.org\/index.php\/produit\/coiffeuse-art-deco-3\/"},"modified":"2026-03-14T18:40:58","modified_gmt":"2026-03-14T17:40:58","slug":"coiffeuse-art-deco-3","status":"publish","type":"product","link":"https:\/\/le-grenier.org\/index.php\/produit\/coiffeuse-art-deco-3\/","title":{"rendered":"Coiffeuse Art D\u00e9co"},"content":{"rendered":"<p data-pm-slice=\"1 1 []\" style=\"font-style: normal;font-weight: 400;letter-spacing: normal;text-align: start;text-indent: 0px;text-transform: none;text-decoration: none\"><span>\u2728<\/span><span> Coiffeuse ancienne en ch\u00eane \u2013 Style Art D\u00e9co <\/span><span>\u2728<\/span><\/p>\n<p style=\"font-style: normal;font-weight: 400;letter-spacing: normal;text-align: start;text-indent: 0px;text-transform: none;text-decoration: none\"><span>Charmante coiffeuse ancienne en ch\u00eane, au design \u00e9l\u00e9gant typique du style Art D\u00e9co.<\/span><br \/>\n<span>Elle se distingue par ses<\/span><span><span class=\"Apple-converted-space\">&nbsp;<\/span><\/span><span><strong>jolis d\u00e9tails floraux sculpt\u00e9s<\/strong><\/span><span><span class=\"Apple-converted-space\">&nbsp;<\/span><\/span><span>et son<\/span><span><span class=\"Apple-converted-space\">&nbsp;<\/span><\/span><span><strong>miroir biseaut\u00e9 au mercure<\/strong><\/span><span>, qui lui donnent beaucoup de caract\u00e8re.<\/span><\/p>\n<p style=\"font-style: normal;font-weight: 400;letter-spacing: normal;text-align: start;text-indent: 0px;text-transform: none;text-decoration: none\"><span>Le<\/span><span><span class=\"Apple-converted-space\">&nbsp;<\/span><\/span><span><strong>plateau en marbre<\/strong><\/span><span><span class=\"Apple-converted-space\">&nbsp;<\/span><\/span><span>apporte une touche raffin\u00e9e et pratique au quotidien.<\/span><\/p>\n<p style=\"font-style: normal;font-weight: 400;letter-spacing: normal;text-align: start;text-indent: 0px;text-transform: none;text-decoration: none\"><span>Caract\u00e9ristiques :<\/span><br \/>\n<span>\u2022 1 tiroir de rangement<\/span><br \/>\n<span>\u2022 1 \u00e9tag\u00e8re inf\u00e9rieure<\/span><br \/>\n<span>\u2022 Poign\u00e9es et vis en laiton<\/span><br \/>\n<span>\u2022 Plateau en marbre<\/span><br \/>\n<span>\u2022 Miroir biseaut\u00e9 au mercure<\/span><\/p>\n<p style=\"font-style: normal;font-weight: 400;letter-spacing: normal;text-align: start;text-indent: 0px;text-transform: none;text-decoration: none\"><span>\ud83d\udccf<\/span><span> Dimensions :<\/span><br \/>\n<span>75 \u00d7 46 cm<\/span><br \/>\n<span>Hauteur totale : 130 cm<\/span><\/p>\n<p style=\"font-style: normal;font-weight: 400;letter-spacing: normal;text-align: start;text-indent: 0px;text-transform: none;text-decoration: none\"><span>\ud83e\udeb5<\/span><span><span class=\"Apple-converted-space\">&nbsp;<\/span><\/span><span><strong>Bon \u00e9tat g\u00e9n\u00e9ral<\/strong><\/span><span>, avec de l\u00e9g\u00e8res traces du temps qui participent au charme de ce meuble ancien. <\/span><\/p>\n<p style=\"font-style: normal;font-weight: 400;letter-spacing: normal;text-align: start;text-indent: 0px;text-transform: none;text-decoration: none\">\u00c0 noter<span> : marbre <\/span>fissur\u00e9<span> sur le pan vertical gauche, cheveu presque invisible et <\/span>aucunement<span> <\/span>g\u00eanant<span> niveau <\/span>esth\u00e9tique<span> <\/span><\/p>\n","protected":false},"excerpt":{"rendered":"<p>\u2728 Coiffeuse ancienne en ch\u00eane \u2013 Style Art D\u00e9co \u2728 Charmante coiffeuse ancienne en ch\u00eane, au design \u00e9l\u00e9gant typique du&hellip;<\/p>\n","protected":false},"featured_media":59703,"template":"","meta":{"ngg_post_thumbnail":0},"product_cat":[56,22],"product_tag":[],"yoast_head":"<!-- This site is optimized with the Yoast SEO plugin v17.9 - https:\/\/yoast.com\/wordpress\/plugins\/seo\/ -->\n<title>Coiffeuse Art D\u00e9co - Le Grenier - brocante et am\u00e9nagement<\/title>\n<meta name=\"robots\" content=\"index, follow, max-snippet:-1, max-image-preview:large, max-video-preview:-1\" \/>\n<link rel=\"canonical\" href=\"https:\/\/le-grenier.org\/index.php\/produit\/coiffeuse-art-deco-3\/\" \/>\n<meta property=\"og:locale\" content=\"fr_FR\" \/>\n<meta property=\"og:type\" content=\"article\" \/>\n<meta property=\"og:title\" content=\"Coiffeuse Art D\u00e9co - Le Grenier - brocante et am\u00e9nagement\" \/>\n<meta property=\"og:description\" content=\"\u2728 Coiffeuse ancienne en ch\u00eane \u2013 Style Art D\u00e9co \u2728 Charmante coiffeuse ancienne en ch\u00eane, au design \u00e9l\u00e9gant typique du&hellip;\" \/>\n<meta property=\"og:url\" content=\"https:\/\/le-grenier.org\/index.php\/produit\/coiffeuse-art-deco-3\/\" \/>\n<meta property=\"og:site_name\" content=\"Le Grenier - brocante et am\u00e9nagement\" \/>\n<meta property=\"article:modified_time\" content=\"2026-03-14T17:40:58+00:00\" \/>\n<meta property=\"og:image\" content=\"https:\/\/le-grenier.org\/wp-content\/uploads\/2026\/03\/img_4723-scaled.jpeg\" \/>\n\t<meta property=\"og:image:width\" content=\"1920\" \/>\n\t<meta property=\"og:image:height\" content=\"2560\" \/>\n\t<meta property=\"og:image:type\" content=\"image\/jpeg\" \/>\n<meta name=\"twitter:card\" content=\"summary_large_image\" \/>\n<meta name=\"twitter:label1\" content=\"Dur\u00e9e de lecture estim\u00e9e\" \/>\n\t<meta name=\"twitter:data1\" content=\"1 minute\" \/>\n<script type=\"application\/ld+json\" class=\"yoast-schema-graph\">{\"@context\":\"https:\/\/schema.org\",\"@graph\":[{\"@type\":\"WebSite\",\"@id\":\"https:\/\/le-grenier.org\/#website\",\"url\":\"https:\/\/le-grenier.org\/\",\"name\":\"Le Grenier - brocante et am\\u00e9nagement\",\"description\":\"\",\"potentialAction\":[{\"@type\":\"SearchAction\",\"target\":{\"@type\":\"EntryPoint\",\"urlTemplate\":\"https:\/\/le-grenier.org\/?s={search_term_string}\"},\"query-input\":\"required name=search_term_string\"}],\"inLanguage\":\"fr-FR\"},{\"@type\":\"ImageObject\",\"@id\":\"https:\/\/le-grenier.org\/index.php\/produit\/coiffeuse-art-deco-3\/#primaryimage\",\"inLanguage\":\"fr-FR\",\"url\":\"https:\/\/le-grenier.org\/wp-content\/uploads\/2026\/03\/img_4731.jpeg\",\"contentUrl\":\"https:\/\/le-grenier.org\/wp-content\/uploads\/2026\/03\/img_4731.jpeg\",\"width\":1170,\"height\":1626,\"caption\":\"Screenshot\"},{\"@type\":\"WebPage\",\"@id\":\"https:\/\/le-grenier.org\/index.php\/produit\/coiffeuse-art-deco-3\/#webpage\",\"url\":\"https:\/\/le-grenier.org\/index.php\/produit\/coiffeuse-art-deco-3\/\",\"name\":\"Coiffeuse Art D\\u00e9co - Le Grenier - brocante et am\\u00e9nagement\",\"isPartOf\":{\"@id\":\"https:\/\/le-grenier.org\/#website\"},\"primaryImageOfPage\":{\"@id\":\"https:\/\/le-grenier.org\/index.php\/produit\/coiffeuse-art-deco-3\/#primaryimage\"},\"datePublished\":\"2026-03-14T17:38:20+00:00\",\"dateModified\":\"2026-03-14T17:40:58+00:00\",\"breadcrumb\":{\"@id\":\"https:\/\/le-grenier.org\/index.php\/produit\/coiffeuse-art-deco-3\/#breadcrumb\"},\"inLanguage\":\"fr-FR\",\"potentialAction\":[{\"@type\":\"ReadAction\",\"target\":[\"https:\/\/le-grenier.org\/index.php\/produit\/coiffeuse-art-deco-3\/\"]}]},{\"@type\":\"BreadcrumbList\",\"@id\":\"https:\/\/le-grenier.org\/index.php\/produit\/coiffeuse-art-deco-3\/#breadcrumb\",\"itemListElement\":[{\"@type\":\"ListItem\",\"position\":1,\"name\":\"Accueil\",\"item\":\"https:\/\/le-grenier.org\/\"},{\"@type\":\"ListItem\",\"position\":2,\"name\":\"Boutique en ligne\",\"item\":\"https:\/\/le-grenier.org\/\"},{\"@type\":\"ListItem\",\"position\":3,\"name\":\"Coiffeuse Art D\\u00e9co\"}]}]}<\/script>\n<!-- \/ Yoast SEO plugin. -->","yoast_head_json":{"title":"Coiffeuse Art D\u00e9co - Le Grenier - brocante et am\u00e9nagement","robots":{"index":"index","follow":"follow","max-snippet":"max-snippet:-1","max-image-preview":"max-image-preview:large","max-video-preview":"max-video-preview:-1"},"canonical":"https:\/\/le-grenier.org\/index.php\/produit\/coiffeuse-art-deco-3\/","og_locale":"fr_FR","og_type":"article","og_title":"Coiffeuse Art D\u00e9co - Le Grenier - brocante et am\u00e9nagement","og_description":"\u2728 Coiffeuse ancienne en ch\u00eane \u2013 Style Art D\u00e9co \u2728 Charmante coiffeuse ancienne en ch\u00eane, au design \u00e9l\u00e9gant typique du&hellip;","og_url":"https:\/\/le-grenier.org\/index.php\/produit\/coiffeuse-art-deco-3\/","og_site_name":"Le Grenier - brocante et am\u00e9nagement","article_modified_time":"2026-03-14T17:40:58+00:00","og_image":[{"width":1920,"height":2560,"url":"https:\/\/le-grenier.org\/wp-content\/uploads\/2026\/03\/img_4723-scaled.jpeg","type":"image\/jpeg"}],"twitter_card":"summary_large_image","twitter_misc":{"Dur\u00e9e de lecture estim\u00e9e":"1 minute"},"schema":{"@context":"https:\/\/schema.org","@graph":[{"@type":"WebSite","@id":"https:\/\/le-grenier.org\/#website","url":"https:\/\/le-grenier.org\/","name":"Le Grenier - brocante et am\u00e9nagement","description":"","potentialAction":[{"@type":"SearchAction","target":{"@type":"EntryPoint","urlTemplate":"https:\/\/le-grenier.org\/?s={search_term_string}"},"query-input":"required name=search_term_string"}],"inLanguage":"fr-FR"},{"@type":"ImageObject","@id":"https:\/\/le-grenier.org\/index.php\/produit\/coiffeuse-art-deco-3\/#primaryimage","inLanguage":"fr-FR","url":"https:\/\/le-grenier.org\/wp-content\/uploads\/2026\/03\/img_4731.jpeg","contentUrl":"https:\/\/le-grenier.org\/wp-content\/uploads\/2026\/03\/img_4731.jpeg","width":1170,"height":1626,"caption":"Screenshot"},{"@type":"WebPage","@id":"https:\/\/le-grenier.org\/index.php\/produit\/coiffeuse-art-deco-3\/#webpage","url":"https:\/\/le-grenier.org\/index.php\/produit\/coiffeuse-art-deco-3\/","name":"Coiffeuse Art D\u00e9co - Le Grenier - brocante et am\u00e9nagement","isPartOf":{"@id":"https:\/\/le-grenier.org\/#website"},"primaryImageOfPage":{"@id":"https:\/\/le-grenier.org\/index.php\/produit\/coiffeuse-art-deco-3\/#primaryimage"},"datePublished":"2026-03-14T17:38:20+00:00","dateModified":"2026-03-14T17:40:58+00:00","breadcrumb":{"@id":"https:\/\/le-grenier.org\/index.php\/produit\/coiffeuse-art-deco-3\/#breadcrumb"},"inLanguage":"fr-FR","potentialAction":[{"@type":"ReadAction","target":["https:\/\/le-grenier.org\/index.php\/produit\/coiffeuse-art-deco-3\/"]}]},{"@type":"BreadcrumbList","@id":"https:\/\/le-grenier.org\/index.php\/produit\/coiffeuse-art-deco-3\/#breadcrumb","itemListElement":[{"@type":"ListItem","position":1,"name":"Accueil","item":"https:\/\/le-grenier.org\/"},{"@type":"ListItem","position":2,"name":"Boutique en ligne","item":"https:\/\/le-grenier.org\/"},{"@type":"ListItem","position":3,"name":"Coiffeuse Art D\u00e9co"}]}]}},"_links":{"self":[{"href":"https:\/\/le-grenier.org\/index.php\/wp-json\/wp\/v2\/product\/59702"}],"collection":[{"href":"https:\/\/le-grenier.org\/index.php\/wp-json\/wp\/v2\/product"}],"about":[{"href":"https:\/\/le-grenier.org\/index.php\/wp-json\/wp\/v2\/types\/product"}],"wp:featuredmedia":[{"embeddable":true,"href":"https:\/\/le-grenier.org\/index.php\/wp-json\/wp\/v2\/media\/59703"}],"wp:attachment":[{"href":"https:\/\/le-grenier.org\/index.php\/wp-json\/wp\/v2\/media?parent=59702"}],"wp:term":[{"taxonomy":"product_cat","embeddable":true,"href":"https:\/\/le-grenier.org\/index.php\/wp-json\/wp\/v2\/product_cat?post=59702"},{"taxonomy":"product_tag","embeddable":true,"href":"https:\/\/le-grenier.org\/index.php\/wp-json\/wp\/v2\/product_tag?post=59702"}],"curies":[{"name":"wp","href":"https:\/\/api.w.org\/{rel}","templated":true}]}}